{"id":872,"date":"2023-09-21T16:27:50","date_gmt":"2023-09-21T14:27:50","guid":{"rendered":"https:\/\/www.ltv-sachsen.de\/wanderundpilgerakademie\/?page_id=872"},"modified":"2025-09-01T10:59:49","modified_gmt":"2025-09-01T08:59:49","slug":"projektuebersicht","status":"publish","type":"page","link":"https:\/\/www.ltv-sachsen.de\/wanderundpilgerakademie\/unterstuetzung\/projektuebersicht\/","title":{"rendered":"Projekt\u00fcbersicht"},"content":{"rendered":"<div class=\"wpb-content-wrapper\"><p>[vc_row][vc_column]<div class=\"stage-slider\"><div class=\"swiper-container\" data-swiper-id=\"69e11a933cf35\"><div class=\"swiper-wrapper\"><div class=\"swiper-slide\"><div class=\"stage-slider__overlay\"><\/div><div class=\"stage-slider__image\"><img loading=\"lazy\" decoding=\"async\" width=\"1920\" height=\"875\" src=\"https:\/\/www.ltv-sachsen.de\/wp-content\/uploads\/sites\/2\/2025\/07\/zur-interaktive-Karte.jpg\" class=\"attachment-ltv-sachsen-max size-ltv-sachsen-max\" alt=\"zur interaktiven Karte der gef\u00f6rderten Kleinstinfrastrukturprojekte\" srcset=\"https:\/\/www.ltv-sachsen.de\/wp-content\/uploads\/sites\/2\/2025\/07\/zur-interaktive-Karte.jpg 1920w, https:\/\/www.ltv-sachsen.de\/wp-content\/uploads\/sites\/2\/2025\/07\/zur-interaktive-Karte-300x137.jpg 300w, https:\/\/www.ltv-sachsen.de\/wp-content\/uploads\/sites\/2\/2025\/07\/zur-interaktive-Karte-1024x467.jpg 1024w, https:\/\/www.ltv-sachsen.de\/wp-content\/uploads\/sites\/2\/2025\/07\/zur-interaktive-Karte-768x350.jpg 768w, https:\/\/www.ltv-sachsen.de\/wp-content\/uploads\/sites\/2\/2025\/07\/zur-interaktive-Karte-1200x547.jpg 1200w, https:\/\/www.ltv-sachsen.de\/wp-content\/uploads\/sites\/2\/2025\/07\/zur-interaktive-Karte-992x452.jpg 992w, https:\/\/www.ltv-sachsen.de\/wp-content\/uploads\/sites\/2\/2025\/07\/zur-interaktive-Karte-480x219.jpg 480w\" sizes=\"auto, (max-width: 1920px) 100vw, 1920px\" \/><\/div><div class=\"stage-slider__description\"><div class=\"stage-slider__description__inner\"><span class=\"stage-slider__description__headline\">Projekt\u00fcbersicht<\/span><span class=\"stage-slider__description__subline show-for-sm\">\u00fcber die Kleinstinfrastruktur-Projekte <\/span><\/div><\/div><\/div><\/div><\/div><div class=\"stage-slider__shape\"><img decoding=\"async\" src=\"https:\/\/www.ltv-sachsen.de\/wp-content\/themes\/ltv-sachsen\/build\/img\/shape4.svg\" alt=\"Shape\"><\/div><div class=\"swiper-pagination swiper-pagination-stage-slider swiper-pagination-69e11a933cf35\"><\/div><\/div>[\/vc_column][\/vc_row][vc_row ppi_row_padding=&#8220;ppi_remove_padding_top,ppi_remove_padding_bottom&#8220;][vc_column][vc_column_text css=&#8220;&#8220;]<span class=\"ui-provider a b c d e f g h i j k l m n o p q r s t u v w x y z ab ac ae af ag ah ai aj ak\" dir=\"ltr\">Die interaktive Karte auf dieser Seite gibt Ihnen einen \u00dcberblick zu Projekten, die seit dem Jahr 2021 \u00fcber den Kleinprojektefond gef\u00f6rdert werden konnten. Das Besondere dabei ist, dass die Filterung der angezeigten Ma\u00dfnahmen je nach s\u00e4chsischer Reiseregion und Jahr erfolgen kann. Die Karte wird laufend fortgeschrieben, sodass auch in den kommenden Jahren weitere zahlreiche neue Projekte dazu kommen k\u00f6nnen.\u00a0<\/span>[\/vc_column_text][\/vc_column][\/vc_row][vc_row][vc_column][vc_column_text]<div id=\"wpgmza_map_1\" class=\"wpgmza_map wpgmza-auto-center\" style=\"display:block;width:100%;height:700px;overflow:hidden;position:relative;\" data-map-id=\"1\" data-maps-engine=\"open-layers\" data-build-engine=\"atlas-novus\" data-shortcode-attributes=\"{&quot;id&quot;:&quot;1&quot;,&quot;zoom&quot;:false,&quot;width&quot;:false,&quot;height&quot;:false,&quot;marker&quot;:false,&quot;classname&quot;:false,&quot;mashup&quot;:false,&quot;mashup_ids&quot;:false,&quot;cat&quot;:false,&quot;type&quot;:&quot;default&quot;,&quot;parent_id&quot;:false,&quot;lat&quot;:false,&quot;lng&quot;:false,&quot;mark_center&quot;:false,&quot;enable_category&quot;:false,&quot;directions_from&quot;:false,&quot;directions_to&quot;:false,&quot;directions_waypoints&quot;:false,&quot;directions_auto&quot;:false,&quot;disable_vgm_form&quot;:false,&quot;redirect_to&quot;:false}\" data-settings=\"{&quot;map_title&quot;:&quot;Karte&quot;,&quot;map_width&quot;:&quot;100&quot;,&quot;map_height&quot;:&quot;700&quot;,&quot;map_start_lat&quot;:&quot;50.76746951614672&quot;,&quot;map_start_lng&quot;:&quot;13.028209099999996&quot;,&quot;map_start_location&quot;:&quot;45.950464398418106,-109.81550500000003&quot;,&quot;map_start_zoom&quot;:&quot;9&quot;,&quot;default_marker&quot;:&quot;\\\/\\\/www.ltv-sachsen.de\\\/wp-content\\\/uploads\\\/sites\\\/2\\\/2023\\\/09\\\/pin-green.png&quot;,&quot;type&quot;:&quot;0&quot;,&quot;alignment&quot;:&quot;4&quot;,&quot;directions_enabled&quot;:&quot;0&quot;,&quot;styling_enabled&quot;:&quot;0&quot;,&quot;styling_json&quot;:&quot;&quot;,&quot;active&quot;:&quot;0&quot;,&quot;kml&quot;:&quot;&quot;,&quot;bicycle&quot;:&quot;0&quot;,&quot;traffic&quot;:&quot;0&quot;,&quot;dbox&quot;:&quot;1&quot;,&quot;dbox_width&quot;:&quot;&quot;,&quot;listmarkers&quot;:&quot;0&quot;,&quot;listmarkers_advanced&quot;:&quot;0&quot;,&quot;filterbycat&quot;:&quot;1&quot;,&quot;ugm_enabled&quot;:&quot;0&quot;,&quot;ugm_category_enabled&quot;:&quot;0&quot;,&quot;fusion&quot;:&quot;&quot;,&quot;map_width_type&quot;:&quot;%&quot;,&quot;map_height_type&quot;:&quot;px&quot;,&quot;mass_marker_support&quot;:&quot;0&quot;,&quot;ugm_access&quot;:&quot;0&quot;,&quot;order_markers_by&quot;:&quot;2&quot;,&quot;order_markers_choice&quot;:&quot;1&quot;,&quot;show_user_location&quot;:&quot;0&quot;,&quot;default_to&quot;:&quot;&quot;,&quot;map_type&quot;:1,&quot;sl_stroke_color&quot;:&quot;#ff0000&quot;,&quot;sl_fill_color&quot;:&quot;#ff0000&quot;,&quot;sl_stroke_opacity&quot;:&quot;1&quot;,&quot;sl_fill_opacity&quot;:&quot;0.5&quot;,&quot;transport_layer&quot;:false,&quot;action&quot;:&quot;wpgmza_save_map&quot;,&quot;redirect_to&quot;:&quot;\\\/wanderundpilgerakademie\\\/wp-admin\\\/admin-post.php&quot;,&quot;map_id&quot;:&quot;1&quot;,&quot;http_referer&quot;:&quot;\\\/wanderundpilgerakademie\\\/wp-admin\\\/admin.php?page=wp-google-maps-menu&amp;amp;action=edit&amp;amp;map_id=1&quot;,&quot;wpgmza_id&quot;:&quot;1&quot;,&quot;wpgmza_start_location&quot;:&quot;50.76746951614672,13.028209099999996&quot;,&quot;wpgmza_start_zoom&quot;:&quot;9&quot;,&quot;wpgmza_dbox_width_type&quot;:&quot;%&quot;,&quot;default_from&quot;:&quot;&quot;,&quot;directions_behaviour&quot;:&quot;default&quot;,&quot;force_google_directions_app&quot;:false,&quot;directions_route_origin_icon&quot;:&quot;\\\/\\\/www.ltv-sachsen.de\\\/wp-content\\\/uploads\\\/sites\\\/2\\\/2023\\\/09\\\/pin-green.png&quot;,&quot;directions_origin_retina&quot;:false,&quot;directions_route_destination_icon&quot;:&quot;\\\/\\\/www.ltv-sachsen.de\\\/wp-content\\\/uploads\\\/sites\\\/2\\\/2023\\\/09\\\/pin-green.png&quot;,&quot;directions_destination_retina&quot;:false,&quot;directions_route_stroke_color&quot;:&quot;#4d8df5&quot;,&quot;directions_route_stroke_weight&quot;:&quot;4&quot;,&quot;directions_route_stroke_opacity&quot;:&quot;0.8&quot;,&quot;directions_fit_bounds_to_route&quot;:false,&quot;store_locator_enabled&quot;:false,&quot;store_locator_search_area&quot;:&quot;radial&quot;,&quot;wpgmza_store_locator_radius_style&quot;:&quot;legacy&quot;,&quot;wpgmza_store_locator_default_radius&quot;:&quot;10&quot;,&quot;store_locator_auto_area_max_zoom&quot;:&quot;&quot;,&quot;wpgmza_store_locator_restrict&quot;:&quot;&quot;,&quot;store_locator_distance&quot;:false,&quot;wpgmza_store_locator_position&quot;:false,&quot;store_locator_show_distance&quot;:false,&quot;store_locator_category&quot;:false,&quot;wpgmza_store_locator_use_their_location&quot;:false,&quot;wpgmza_store_locator_bounce&quot;:false,&quot;upload_default_sl_marker&quot;:&quot;&quot;,&quot;upload_default_sl_marker_retina&quot;:false,&quot;wpgmza_sl_animation&quot;:&quot;0&quot;,&quot;wpgmza_store_locator_hide_before_search&quot;:false,&quot;store_locator_query_string&quot;:&quot;&quot;,&quot;store_locator_location_placeholder&quot;:&quot;&quot;,&quot;store_locator_default_address&quot;:&quot;&quot;,&quot;store_locator_name_search&quot;:false,&quot;store_locator_name_string&quot;:&quot;&quot;,&quot;store_locator_not_found_message&quot;:&quot;&quot;,&quot;retina&quot;:false,&quot;wpgmza_map_align&quot;:&quot;2&quot;,&quot;upload_default_ul_marker&quot;:&quot;&quot;,&quot;upload_default_ul_marker_retina&quot;:false,&quot;jump_to_nearest_marker_on_initialization&quot;:false,&quot;automatically_pan_to_users_location&quot;:false,&quot;override_users_location_zoom_level&quot;:false,&quot;override_users_location_zoom_levels&quot;:&quot;&quot;,&quot;show_distance_from_location&quot;:false,&quot;map_max_zoom&quot;:&quot;21&quot;,&quot;map_min_zoom&quot;:&quot;0&quot;,&quot;click_open_link&quot;:false,&quot;fit_maps_bounds_to_markers&quot;:false,&quot;fit_maps_bounds_to_markers_after_filtering&quot;:false,&quot;hide_point_of_interest&quot;:false,&quot;wpgmza_zoom_on_marker_click&quot;:false,&quot;wpgmza_zoom_on_marker_click_slider&quot;:&quot;&quot;,&quot;close_infowindow_on_map_click&quot;:false,&quot;disable_lightbox_images&quot;:false,&quot;use_Raw_Jpeg_Coordinates&quot;:false,&quot;disable_polygon_info_windows&quot;:false,&quot;enable_advanced_custom_fields_integration&quot;:false,&quot;enable_advanced_custom_fields_integration_type&quot;:&quot;&quot;,&quot;enable_toolset_woocommerce_integration&quot;:false,&quot;enable_woo_product_integration&quot;:false,&quot;only_load_markers_within_viewport&quot;:false,&quot;iw_primary_color&quot;:&quot;#000000&quot;,&quot;iw_accent_color&quot;:&quot;#000000&quot;,&quot;iw_text_color&quot;:&quot;#000000&quot;,&quot;wpgmza_listmarkers_by&quot;:&quot;0&quot;,&quot;wpgmza_marker_listing_position&quot;:false,&quot;zoom_level_on_marker_listing_override&quot;:false,&quot;zoom_level_on_marker_listing_click&quot;:&quot;&quot;,&quot;marker_listing_disable_zoom&quot;:false,&quot;datatable_no_result_message&quot;:&quot;&quot;,&quot;remove_search_box_datables&quot;:false,&quot;dataTable_pagination_style&quot;:&quot;prev-and-next-buttons-plus-page-numbers&quot;,&quot;datatable_search_string&quot;:&quot;&quot;,&quot;datatable_result_start&quot;:&quot;&quot;,&quot;datatable_result_of&quot;:&quot;&quot;,&quot;datatable_result_to&quot;:&quot;&quot;,&quot;datatable_result_total&quot;:&quot;&quot;,&quot;datatable_result_show&quot;:&quot;&quot;,&quot;datatable_result_entries&quot;:&quot;&quot;,&quot;wpgmza_savemap&quot;:&quot;Karte speichern&quot;,&quot;shortcodeAttributes&quot;:{&quot;id&quot;:&quot;1&quot;},&quot;wpgmza_iw_type&quot;:&quot;0&quot;,&quot;store_locator_component_anchor&quot;:&quot;9&quot;,&quot;store_locator_button_style&quot;:&quot;&quot;,&quot;store_locator_nearby_searches&quot;:false,&quot;directions_box_component_anchor&quot;:&quot;1&quot;,&quot;wpgmza_ol_tile_filter&quot;:&quot;none&quot;,&quot;wpgmza_theme_data&quot;:&quot;&quot;,&quot;custom_tile_enabled&quot;:false,&quot;custom_tile_image&quot;:&quot;&quot;,&quot;custom_tile_image_width&quot;:&quot;&quot;,&quot;custom_tile_image_height&quot;:&quot;&quot;,&quot;custom_tile_image_attribution&quot;:&quot;&quot;,&quot;iw_anchor_panel_card&quot;:&quot;7&quot;,&quot;marker_share_links&quot;:true,&quot;marker_listing_component_anchor&quot;:&quot;1&quot;,&quot;marker_listing_component_auto_open&quot;:false,&quot;marker_listing_nudge_marker_center&quot;:false,&quot;marker_listing_nudge_x&quot;:&quot;&quot;,&quot;marker_listing_nudge_y&quot;:&quot;&quot;,&quot;category_filter_component_anchor&quot;:&quot;0&quot;,&quot;category_filter_label_string&quot;:&quot;&quot;,&quot;category_legends_enabled&quot;:false,&quot;category_legends_component_anchor&quot;:&quot;8&quot;,&quot;category_legends_style&quot;:&quot;&quot;,&quot;category_legends_label_string&quot;:&quot;&quot;,&quot;enable_marker_labels&quot;:false,&quot;polygon_labels&quot;:false,&quot;shape_filtering&quot;:false,&quot;restrict_map_bounds&quot;:false,&quot;restrict_boundary_corner_a&quot;:&quot;&quot;,&quot;restrict_boundary_corner_b&quot;:&quot;&quot;,&quot;enable_user_location_control&quot;:false,&quot;map_starts_in_streetview&quot;:false,&quot;map_starts_in_streetview_location&quot;:&quot;&quot;,&quot;map_starts_in_streetview_heading&quot;:&quot;&quot;,&quot;map_starts_in_streetview_pitch&quot;:&quot;&quot;,&quot;enable_map_reset_control&quot;:false,&quot;zoom_level_mobile_override_enabled&quot;:false,&quot;zoom_level_mobile_override&quot;:&quot;&quot;,&quot;map_dimensions_mobile_override_enabled&quot;:false,&quot;map_mobile_width&quot;:&quot;100&quot;,&quot;map_mobile_width_type&quot;:&quot;%&quot;,&quot;map_mobile_height&quot;:&quot;200&quot;,&quot;map_mobile_height_type&quot;:&quot;px&quot;,&quot;lazyload_info_window_content&quot;:false,&quot;id&quot;:1}\" >\n<div class='wpgmza-inner-stack top'><div class='wpgmza-marker-listing-category-filter wpgmza-list' data-map-id='1' id='wpgmza_filter_1'><label>Filter nach Kategorie<\/label><div class=\"wpgmza_cat_checkbox_holder wpgmza_cat_checkbox_1\"><ul class=\"wpgmza_cat_ul wpgmza_cat_checkbox_item_holder\"><li class=\"wpgmza_cat_checkbox_item_holder wpgmza_cat_checkbox_item_holder_1\"><input type=\"checkbox\" value=\"1\" class=\"wpgmza_checkbox\" id=\"wpgmza_cat_checkbox_1\" name=\"wpgmza_cat_checkbox\" mid=\"1\"><label for=\"wpgmza_cat_checkbox_1\">Jahr<\/label><ul class=\"wpgmza_cat_ul wpgmza_cat_checkbox_item_holder wpgmza_cat_ul_child\"><li class=\"wpgmza_cat_checkbox_item_holder wpgmza_cat_checkbox_item_holder_2\"><input type=\"checkbox\" value=\"2\" class=\"wpgmza_checkbox\" id=\"wpgmza_cat_checkbox_2\" name=\"wpgmza_cat_checkbox\" mid=\"1\"><label for=\"wpgmza_cat_checkbox_2\">2021<\/label><\/li><li class=\"wpgmza_cat_checkbox_item_holder wpgmza_cat_checkbox_item_holder_3\"><input type=\"checkbox\" value=\"3\" class=\"wpgmza_checkbox\" id=\"wpgmza_cat_checkbox_3\" name=\"wpgmza_cat_checkbox\" mid=\"1\"><label for=\"wpgmza_cat_checkbox_3\">2022<\/label><\/li><li class=\"wpgmza_cat_checkbox_item_holder wpgmza_cat_checkbox_item_holder_4\"><input type=\"checkbox\" value=\"4\" class=\"wpgmza_checkbox\" id=\"wpgmza_cat_checkbox_4\" name=\"wpgmza_cat_checkbox\" mid=\"1\"><label for=\"wpgmza_cat_checkbox_4\">2023<\/label><\/li><li class=\"wpgmza_cat_checkbox_item_holder wpgmza_cat_checkbox_item_holder_32\"><input type=\"checkbox\" value=\"32\" class=\"wpgmza_checkbox\" id=\"wpgmza_cat_checkbox_32\" name=\"wpgmza_cat_checkbox\" mid=\"1\"><label for=\"wpgmza_cat_checkbox_32\">2024<\/label><\/li><li class=\"wpgmza_cat_checkbox_item_holder wpgmza_cat_checkbox_item_holder_33\"><input type=\"checkbox\" value=\"33\" class=\"wpgmza_checkbox\" id=\"wpgmza_cat_checkbox_33\" name=\"wpgmza_cat_checkbox\" mid=\"1\"><label for=\"wpgmza_cat_checkbox_33\">2025<\/label><\/li><\/ul><\/li><li class=\"wpgmza_cat_checkbox_item_holder wpgmza_cat_checkbox_item_holder_24\"><input type=\"checkbox\" value=\"24\" class=\"wpgmza_checkbox\" id=\"wpgmza_cat_checkbox_24\" name=\"wpgmza_cat_checkbox\" mid=\"1\"><label for=\"wpgmza_cat_checkbox_24\">Region<\/label><ul class=\"wpgmza_cat_ul wpgmza_cat_checkbox_item_holder wpgmza_cat_ul_child\"><li class=\"wpgmza_cat_checkbox_item_holder wpgmza_cat_checkbox_item_holder_29\"><input type=\"checkbox\" value=\"29\" class=\"wpgmza_checkbox\" id=\"wpgmza_cat_checkbox_29\" name=\"wpgmza_cat_checkbox\" mid=\"1\"><label for=\"wpgmza_cat_checkbox_29\">Chemnitz \/ Zwickau<\/label><\/li><li class=\"wpgmza_cat_checkbox_item_holder wpgmza_cat_checkbox_item_holder_27\"><input type=\"checkbox\" value=\"27\" class=\"wpgmza_checkbox\" id=\"wpgmza_cat_checkbox_27\" name=\"wpgmza_cat_checkbox\" mid=\"1\"><label for=\"wpgmza_cat_checkbox_27\">Dresden \/ Elbland<\/label><\/li><li class=\"wpgmza_cat_checkbox_item_holder wpgmza_cat_checkbox_item_holder_25\"><input type=\"checkbox\" value=\"25\" class=\"wpgmza_checkbox\" id=\"wpgmza_cat_checkbox_25\" name=\"wpgmza_cat_checkbox\" mid=\"1\"><label for=\"wpgmza_cat_checkbox_25\">Erzgebirge<\/label><\/li><li class=\"wpgmza_cat_checkbox_item_holder wpgmza_cat_checkbox_item_holder_28\"><input type=\"checkbox\" value=\"28\" class=\"wpgmza_checkbox\" id=\"wpgmza_cat_checkbox_28\" name=\"wpgmza_cat_checkbox\" mid=\"1\"><label for=\"wpgmza_cat_checkbox_28\">Leipzig Region<\/label><\/li><li class=\"wpgmza_cat_checkbox_item_holder wpgmza_cat_checkbox_item_holder_31\"><input type=\"checkbox\" value=\"31\" class=\"wpgmza_checkbox\" id=\"wpgmza_cat_checkbox_31\" name=\"wpgmza_cat_checkbox\" mid=\"1\"><label for=\"wpgmza_cat_checkbox_31\">Oberlausitz<\/label><\/li><li class=\"wpgmza_cat_checkbox_item_holder wpgmza_cat_checkbox_item_holder_26\"><input type=\"checkbox\" value=\"26\" class=\"wpgmza_checkbox\" id=\"wpgmza_cat_checkbox_26\" name=\"wpgmza_cat_checkbox\" mid=\"1\"><label for=\"wpgmza_cat_checkbox_26\">S\u00e4chsische Schweiz<\/label><\/li><li class=\"wpgmza_cat_checkbox_item_holder wpgmza_cat_checkbox_item_holder_30\"><input type=\"checkbox\" value=\"30\" class=\"wpgmza_checkbox\" id=\"wpgmza_cat_checkbox_30\" name=\"wpgmza_cat_checkbox\" mid=\"1\"><label for=\"wpgmza_cat_checkbox_30\">Vogtland<\/label><\/li><\/ul><\/li><\/ul><\/div><\/div><\/div><\/div>[\/vc_column_text][vc_column_text css=&#8220;&#8220;]<em>F\u00fcr die Vollst\u00e4ndigkeit und Richtigkeit der Inhalte wird keine Gew\u00e4hr \u00fcbernommen.<\/em><\/p>\n<p>&nbsp;<\/p>\n<p>Die Dokumentation zu den einzelnen Projekten finden Sie <a href=\"https:\/\/www.ltv-sachsen.de\/wanderundpilgerakademie\/unterstuetzung\/rueckblick-kip\/\">hier<\/a>.[\/vc_column_text][\/vc_column][\/vc_row]<\/p>\n<\/div>","protected":false},"excerpt":{"rendered":"<p>[vc_row][vc_column][\/vc_column][\/vc_row][vc_row ppi_row_padding=&#8220;ppi_remove_padding_top,ppi_remove_padding_bottom&#8220;][vc_column][vc_column_text css=&#8220;&#8220;]Die interaktive Karte auf dieser Seite gibt Ihnen einen \u00dcberblick zu Projekten, die seit dem Jahr 2021 \u00fcber den Kleinprojektefond gef\u00f6rdert werden konnten. Das Besondere dabei ist, dass die Filterung der angezeigten Ma\u00dfnahmen je nach s\u00e4chsischer Reiseregion und Jahr erfolgen kann. Die Karte wird laufend fortgeschrieben, sodass auch in den kommenden Jahren weitere [&hellip;]<\/p>\n","protected":false},"author":146,"featured_media":0,"parent":16,"menu_order":0,"comment_status":"closed","ping_status":"closed","template":"","meta":{"_acf_changed":false,"inline_featured_image":false,"footnotes":""},"class_list":["post-872","page","type-page","status-publish","hentry"],"acf":[],"yoast_head":"<!-- This site is optimized with the Yoast SEO plugin v26.4 - https:\/\/yoast.com\/wordpress\/plugins\/seo\/ -->\n<title>Projekt\u00fcbersicht - Wander- und Pilgerakademie<\/title>\n<meta name=\"robots\" content=\"index, follow, max-snippet:-1, max-image-preview:large, max-video-preview:-1\" \/>\n<link rel=\"canonical\" href=\"https:\/\/www.ltv-sachsen.de\/wanderundpilgerakademie\/unterstuetzung\/projektuebersicht\/\" \/>\n<meta property=\"og:locale\" content=\"de_DE\" \/>\n<meta property=\"og:type\" content=\"article\" \/>\n<meta property=\"og:title\" content=\"Projekt\u00fcbersicht - Wander- und Pilgerakademie\" \/>\n<meta property=\"og:description\" content=\"[vc_row][vc_column][\/vc_column][\/vc_row][vc_row ppi_row_padding=&#8220;ppi_remove_padding_top,ppi_remove_padding_bottom&#8220;][vc_column][vc_column_text css=&#8220;&#8220;]Die interaktive Karte auf dieser Seite gibt Ihnen einen \u00dcberblick zu Projekten, die seit dem Jahr 2021 \u00fcber den Kleinprojektefond gef\u00f6rdert werden konnten. Das Besondere dabei ist, dass die Filterung der angezeigten Ma\u00dfnahmen je nach s\u00e4chsischer Reiseregion und Jahr erfolgen kann. Die Karte wird laufend fortgeschrieben, sodass auch in den kommenden Jahren weitere [&hellip;]\" \/>\n<meta property=\"og:url\" content=\"https:\/\/www.ltv-sachsen.de\/wanderundpilgerakademie\/unterstuetzung\/projektuebersicht\/\" \/>\n<meta property=\"og:site_name\" content=\"Wander- und Pilgerakademie\" \/>\n<meta property=\"article:modified_time\" content=\"2025-09-01T08:59:49+00:00\" \/>\n<meta name=\"twitter:card\" content=\"summary_large_image\" \/>\n<meta name=\"twitter:label1\" content=\"Gesch\u00e4tzte Lesezeit\" \/>\n\t<meta name=\"twitter:data1\" content=\"1\u00a0Minute\" \/>\n<script type=\"application\/ld+json\" class=\"yoast-schema-graph\">{\"@context\":\"https:\/\/schema.org\",\"@graph\":[{\"@type\":\"WebPage\",\"@id\":\"https:\/\/www.ltv-sachsen.de\/wanderundpilgerakademie\/unterstuetzung\/projektuebersicht\/\",\"url\":\"https:\/\/www.ltv-sachsen.de\/wanderundpilgerakademie\/unterstuetzung\/projektuebersicht\/\",\"name\":\"Projekt\u00fcbersicht - Wander- und Pilgerakademie\",\"isPartOf\":{\"@id\":\"https:\/\/www.ltv-sachsen.de\/wanderundpilgerakademie\/#website\"},\"datePublished\":\"2023-09-21T14:27:50+00:00\",\"dateModified\":\"2025-09-01T08:59:49+00:00\",\"breadcrumb\":{\"@id\":\"https:\/\/www.ltv-sachsen.de\/wanderundpilgerakademie\/unterstuetzung\/projektuebersicht\/#breadcrumb\"},\"inLanguage\":\"de\",\"potentialAction\":[{\"@type\":\"ReadAction\",\"target\":[\"https:\/\/www.ltv-sachsen.de\/wanderundpilgerakademie\/unterstuetzung\/projektuebersicht\/\"]}]},{\"@type\":\"BreadcrumbList\",\"@id\":\"https:\/\/www.ltv-sachsen.de\/wanderundpilgerakademie\/unterstuetzung\/projektuebersicht\/#breadcrumb\",\"itemListElement\":[{\"@type\":\"ListItem\",\"position\":1,\"name\":\"Home\",\"item\":\"https:\/\/www.ltv-sachsen.de\/wanderundpilgerakademie\/\"},{\"@type\":\"ListItem\",\"position\":2,\"name\":\"Unterst\u00fctzung\",\"item\":\"https:\/\/www.ltv-sachsen.de\/wanderundpilgerakademie\/unterstuetzung\/\"},{\"@type\":\"ListItem\",\"position\":3,\"name\":\"Projekt\u00fcbersicht\"}]},{\"@type\":\"WebSite\",\"@id\":\"https:\/\/www.ltv-sachsen.de\/wanderundpilgerakademie\/#website\",\"url\":\"https:\/\/www.ltv-sachsen.de\/wanderundpilgerakademie\/\",\"name\":\"Wander- und Pilgerakademie\",\"description\":\"Allgemeine Infos zur Wander- und Pilgerakademie\",\"potentialAction\":[{\"@type\":\"SearchAction\",\"target\":{\"@type\":\"EntryPoint\",\"urlTemplate\":\"https:\/\/www.ltv-sachsen.de\/wanderundpilgerakademie\/?s={search_term_string}\"},\"query-input\":{\"@type\":\"PropertyValueSpecification\",\"valueRequired\":true,\"valueName\":\"search_term_string\"}}],\"inLanguage\":\"de\"}]}<\/script>\n<!-- \/ Yoast SEO plugin. -->","yoast_head_json":{"title":"Projekt\u00fcbersicht - Wander- und Pilgerakademie","robots":{"index":"index","follow":"follow","max-snippet":"max-snippet:-1","max-image-preview":"max-image-preview:large","max-video-preview":"max-video-preview:-1"},"canonical":"https:\/\/www.ltv-sachsen.de\/wanderundpilgerakademie\/unterstuetzung\/projektuebersicht\/","og_locale":"de_DE","og_type":"article","og_title":"Projekt\u00fcbersicht - Wander- und Pilgerakademie","og_description":"[vc_row][vc_column][\/vc_column][\/vc_row][vc_row ppi_row_padding=&#8220;ppi_remove_padding_top,ppi_remove_padding_bottom&#8220;][vc_column][vc_column_text css=&#8220;&#8220;]Die interaktive Karte auf dieser Seite gibt Ihnen einen \u00dcberblick zu Projekten, die seit dem Jahr 2021 \u00fcber den Kleinprojektefond gef\u00f6rdert werden konnten. Das Besondere dabei ist, dass die Filterung der angezeigten Ma\u00dfnahmen je nach s\u00e4chsischer Reiseregion und Jahr erfolgen kann. Die Karte wird laufend fortgeschrieben, sodass auch in den kommenden Jahren weitere [&hellip;]","og_url":"https:\/\/www.ltv-sachsen.de\/wanderundpilgerakademie\/unterstuetzung\/projektuebersicht\/","og_site_name":"Wander- und Pilgerakademie","article_modified_time":"2025-09-01T08:59:49+00:00","twitter_card":"summary_large_image","twitter_misc":{"Gesch\u00e4tzte Lesezeit":"1\u00a0Minute"},"schema":{"@context":"https:\/\/schema.org","@graph":[{"@type":"WebPage","@id":"https:\/\/www.ltv-sachsen.de\/wanderundpilgerakademie\/unterstuetzung\/projektuebersicht\/","url":"https:\/\/www.ltv-sachsen.de\/wanderundpilgerakademie\/unterstuetzung\/projektuebersicht\/","name":"Projekt\u00fcbersicht - Wander- und Pilgerakademie","isPartOf":{"@id":"https:\/\/www.ltv-sachsen.de\/wanderundpilgerakademie\/#website"},"datePublished":"2023-09-21T14:27:50+00:00","dateModified":"2025-09-01T08:59:49+00:00","breadcrumb":{"@id":"https:\/\/www.ltv-sachsen.de\/wanderundpilgerakademie\/unterstuetzung\/projektuebersicht\/#breadcrumb"},"inLanguage":"de","potentialAction":[{"@type":"ReadAction","target":["https:\/\/www.ltv-sachsen.de\/wanderundpilgerakademie\/unterstuetzung\/projektuebersicht\/"]}]},{"@type":"BreadcrumbList","@id":"https:\/\/www.ltv-sachsen.de\/wanderundpilgerakademie\/unterstuetzung\/projektuebersicht\/#breadcrumb","itemListElement":[{"@type":"ListItem","position":1,"name":"Home","item":"https:\/\/www.ltv-sachsen.de\/wanderundpilgerakademie\/"},{"@type":"ListItem","position":2,"name":"Unterst\u00fctzung","item":"https:\/\/www.ltv-sachsen.de\/wanderundpilgerakademie\/unterstuetzung\/"},{"@type":"ListItem","position":3,"name":"Projekt\u00fcbersicht"}]},{"@type":"WebSite","@id":"https:\/\/www.ltv-sachsen.de\/wanderundpilgerakademie\/#website","url":"https:\/\/www.ltv-sachsen.de\/wanderundpilgerakademie\/","name":"Wander- und Pilgerakademie","description":"Allgemeine Infos zur Wander- und Pilgerakademie","potentialAction":[{"@type":"SearchAction","target":{"@type":"EntryPoint","urlTemplate":"https:\/\/www.ltv-sachsen.de\/wanderundpilgerakademie\/?s={search_term_string}"},"query-input":{"@type":"PropertyValueSpecification","valueRequired":true,"valueName":"search_term_string"}}],"inLanguage":"de"}]}},"_links":{"self":[{"href":"https:\/\/www.ltv-sachsen.de\/wanderundpilgerakademie\/wp-json\/wp\/v2\/pages\/872","targetHints":{"allow":["GET"]}}],"collection":[{"href":"https:\/\/www.ltv-sachsen.de\/wanderundpilgerakademie\/wp-json\/wp\/v2\/pages"}],"about":[{"href":"https:\/\/www.ltv-sachsen.de\/wanderundpilgerakademie\/wp-json\/wp\/v2\/types\/page"}],"author":[{"embeddable":true,"href":"https:\/\/www.ltv-sachsen.de\/wanderundpilgerakademie\/wp-json\/wp\/v2\/users\/146"}],"replies":[{"embeddable":true,"href":"https:\/\/www.ltv-sachsen.de\/wanderundpilgerakademie\/wp-json\/wp\/v2\/comments?post=872"}],"version-history":[{"count":12,"href":"https:\/\/www.ltv-sachsen.de\/wanderundpilgerakademie\/wp-json\/wp\/v2\/pages\/872\/revisions"}],"predecessor-version":[{"id":2919,"href":"https:\/\/www.ltv-sachsen.de\/wanderundpilgerakademie\/wp-json\/wp\/v2\/pages\/872\/revisions\/2919"}],"up":[{"embeddable":true,"href":"https:\/\/www.ltv-sachsen.de\/wanderundpilgerakademie\/wp-json\/wp\/v2\/pages\/16"}],"wp:attachment":[{"href":"https:\/\/www.ltv-sachsen.de\/wanderundpilgerakademie\/wp-json\/wp\/v2\/media?parent=872"}],"curies":[{"name":"wp","href":"https:\/\/api.w.org\/{rel}","templated":true}]}}