{"id":42,"date":"2022-03-04T16:03:37","date_gmt":"2022-03-04T15:03:37","guid":{"rendered":"https:\/\/ltv-sachsen.test\/wanderundpilgerakademie\/?page_id=42"},"modified":"2026-01-20T10:51:43","modified_gmt":"2026-01-20T09:51:43","slug":"impressum","status":"publish","type":"page","link":"https:\/\/www.ltv-sachsen.de\/wanderundpilgerakademie\/impressum\/","title":{"rendered":"Impressum"},"content":{"rendered":"<div class=\"wpb-content-wrapper\"><p>[vc_row][vc_column][vc_column_text css=&#8220;&#8220;]<\/p>\n<h1>Impressum<\/h1>\n<p><strong>Landestourismusverband Sachsen e.V. (LTV SACHSEN)<\/strong><\/p>\n<p>Messering 8 &#8211; Haus F<br \/>\n01067 Dresden<br \/>\nTel.: +49 351 49191-0<br \/>\nFax: +49 351 49191-29<br \/>\ninfo@ltv-sachsen.de<br \/>\nVerbandsdirektorin: Andrea Kis<br \/>\nRegistergericht: Amtsgericht Dresden<br \/>\nRegisternummer: VR 1158<\/p>\n<h2>Allgemeines<\/h2>\n<p>Der Landestourismusverband Sachsen e.V. (LTV SACHSEN) ist bem\u00fcht, f\u00fcr die Richtigkeit und Aktualit\u00e4t aller auf der Website enthaltenen Informationen und Daten zu sorgen. F\u00fcr die Aktualit\u00e4t, Richtigkeit und Vollst\u00e4ndigkeit aller oder einzelner Informationen und Daten wird jedoch keine Gew\u00e4hr \u00fcbernommen.<\/p>\n<p>Der LTV SACHSEN beh\u00e4lt sich vor, ohne Ank\u00fcndigung, \u00c4nderungen oder Erg\u00e4nzungen der bereitgestellten Informationen oder Daten vorzunehmen. Das Layout, die Texte und Grafiken auf allen Seiten von Reiseland Sachsen unterliegen &#8211; soweit nicht ausdr\u00fccklich andere Urheber angegeben sind &#8211; dem Copyright des Landestourismusverbandes Sachsen e.V. Die Vervielf\u00e4ltigung von Informationen oder Daten, insbesondere die Verwendung von Texten, Textteilen oder Bildmaterial bedarf der vorherigen schriftlichen Zustimmung des Herausgebers.<\/p>\n<p>Hinweis: Aus Gr\u00fcnden der besseren Lesbarkeit wird auf die gleichzeitige Verwendung der Sprachformen m\u00e4nnlich, weiblich und divers (m\/w\/d) verzichtet. S\u00e4mtliche Personenbezeichnungen gelten gleicherma\u00dfen f\u00fcr alle Geschlechter.<\/p>\n<h2>Bildmaterial<\/h2>\n<p>Die Bildrechte liegen beim LTV SACHSEN, bei seinen Mitgliedern, bei Fotodatenbanken (fotolia.de) und im Einzelfall beauftragten Fotografen (u. a. H. R\u00f6hner, W. Schmidt, C. Schneider-Br\u00f6cker, K. Repert).<\/p>\n<h2>Verweise und Links<\/h2>\n<p>Mit Urteil vom 12. Mai 1998 hat das Landgericht Hamburg entschieden, dass mit Ausbringung eines Links die Inhalte der gelinkten Seite ggf. mit zu verantworten sind. Dies kann &#8211; so das LG &#8211; nur dadurch verhindert werden, dass man sich von diesen Inhalten ausdr\u00fccklich distanziert. Wir haben Links zu anderen Seiten im Internet gelegt.<\/p>\n<p>F\u00fcr alle diese Links gilt: Wir m\u00f6chten betonen, dass wir keinerlei Einfluss auf die Inhalte oder die Gestaltung der gelinkten Seiten haben. Deshalb distanzieren wir uns hiermit ausdr\u00fccklich von allen Inhalten aller Seiten, die von unseren Seiten verlinkt sind. Die Inhalte dieser Seiten machen wir uns nicht zu Eigen. Diese Erkl\u00e4rung gilt f\u00fcr alle auf unseren Seiten angebrachten Links und f\u00fcr die Inhalte aller Seiten, zu denen die angebrachten Links f\u00fchren.<\/p>\n<h2>Haftung<\/h2>\n<p>Trotz sorgf\u00e4ltiger inhaltlicher Kontrolle \u00fcbernehmen wir keine Haftung f\u00fcr die Inhalte externer Links. F\u00fcr den Inhalt der verlinkten Seiten sind ausschlie\u00dflich deren Betreiber verantwortlich. Der LTV SACHSEN ist bem\u00fcht, sein Webangebot stets aktuell und inhaltlich richtig sowie vollst\u00e4ndig anzubieten. Dennoch ist das Auftreten von Fehlern nicht v\u00f6llig auszuschlie\u00dfen.<\/p>\n<p>Der LTV SACHSEN \u00fcbernimmt keine Haftung f\u00fcr die Aktualit\u00e4t, die inhaltliche Richtigkeit sowie f\u00fcr die Vollst\u00e4ndigkeit der in ihrem Webangebot eingestellten Informationen, es sei denn die Fehler wurden vors\u00e4tzlich oder grob fahrl\u00e4ssig aufgenommen. Dies bezieht sich auf eventuelle Sch\u00e4den materieller oder ideeller Art Dritter, die durch die Nutzung dieses Webangebotes verursacht wurden.<\/p>\n<h2>Haftungsausschluss<\/h2>\n<h3>Inhalt des Onlineangebotes<\/h3>\n<p>Der LTV SACHSEN (im Folgenden als Autor bezeichnet) \u00fcbernimmt keinerlei Gew\u00e4hr f\u00fcr die Aktualit\u00e4t, Korrektheit, Vollst\u00e4ndigkeit oder Qualit\u00e4t der bereitgestellten Informationen. Haftungsanspr\u00fcche gegen den Autor, welche sich auf Sch\u00e4den materieller oder ideeller Art beziehen, die durch die Nutzung oder Nichtnutzung der dargebotenen Informationen bzw. durch die Nutzung fehlerhafter und unvollst\u00e4ndiger Informationen verursacht wurden, sind grunds\u00e4tzlich ausgeschlossen, sofern seitens des Autors kein nachweislich vors\u00e4tzliches oder grob fahrl\u00e4ssiges Verschulden vorliegt.<\/p>\n<p>Alle Angebote sind freibleibend und unverbindlich. Der Autor beh\u00e4lt es sich ausdr\u00fccklich vor, Teile der Seiten oder das gesamte Angebot ohne gesonderte Ank\u00fcndigung zu ver\u00e4ndern, zu erg\u00e4nzen, zu l\u00f6schen oder die Ver\u00f6ffentlichung zeitweise oder endg\u00fcltig einzustellen.<\/p>\n<h3>Verweise und Links<\/h3>\n<p>Bei direkten oder indirekten Verweisen auf fremde Webseiten (&#8222;Hyperlinks&#8220;), die au\u00dferhalb des Verantwortungsbereiches des Autors liegen, w\u00fcrde eine Haftungsverpflichtung ausschlie\u00dflich in dem Fall in Kraft treten, in dem der Autor von den Inhalten Kenntnis hat und es ihm technisch m\u00f6glich und zumutbar w\u00e4re, die Nutzung im Falle rechtswidriger Inhalte zu verhindern.<\/p>\n<p>Der Autor erkl\u00e4rt hiermit ausdr\u00fccklich, dass zum Zeitpunkt der Linksetzung keine illegalen Inhalte auf den zu verlinkenden Seiten erkennbar waren. Auf die aktuelle und zuk\u00fcnftige Gestaltung, die Inhalte oder die Urheberschaft der verlinkten\/verkn\u00fcpften Seiten hat der Autor keinerlei Einfluss. Deshalb distanziert er sich hiermit ausdr\u00fccklich von allen Inhalten aller verlinkten \/verkn\u00fcpften Seiten, die nach der Linksetzung ver\u00e4ndert wurden. Diese Feststellung gilt f\u00fcr alle innerhalb des eigenen Internetangebotes gesetzten Links und Verweise sowie f\u00fcr Fremdeintr\u00e4ge in vom Autor eingerichteten G\u00e4steb\u00fcchern, Diskussionsforen, Linkverzeichnissen, Mailinglisten und in allen anderen Formen von Datenbanken, auf deren Inhalt externe Schreibzugriffe m\u00f6glich sind.<\/p>\n<p>F\u00fcr illegale, fehlerhafte oder unvollst\u00e4ndige Inhalte und insbesondere f\u00fcr Sch\u00e4den, die aus der Nutzung oder Nichtnutzung solcherart dargebotener Informationen entstehen, haftet allein der Anbieter der Seite, auf welche verwiesen wurde, nicht derjenige, der \u00fcber Links auf die jeweilige Ver\u00f6ffentlichung lediglich verweist.<\/p>\n<h3>Urheber- und Kennzeichenrecht<\/h3>\n<p>Der Autor ist bestrebt, in allen Publikationen die Urheberrechte der verwendeten Bilder, Grafiken, Tondokumente, Videosequenzen und Texte zu beachten, von ihm selbst erstellte Bilder, Grafiken, Tondokumente, Videosequenzen und Texte zu nutzen oder auf lizenzfreie Grafiken, Tondokumente, Videosequenzen und Texte zur\u00fcckzugreifen.<\/p>\n<p>Alle innerhalb des Internetangebotes genannten und ggf. durch Dritte gesch\u00fctzten Marken- und Warenzeichen unterliegen uneingeschr\u00e4nkt den Bestimmungen des jeweils g\u00fcltigen Kennzeichenrechts und den Besitzrechten der jeweiligen eingetragenen Eigent\u00fcmer. Allein aufgrund der blo\u00dfen Nennung ist nicht der Schluss zu ziehen, dass Markenzeichen nicht durch Rechte Dritter gesch\u00fctzt sind!<\/p>\n<p>Das Copyright f\u00fcr ver\u00f6ffentlichte, vom Autor selbst erstellte Objekte bleibt allein beim Autor der Seiten. Eine Vervielf\u00e4ltigung oder Verwendung solcher Grafiken, Tondokumente, Videosequenzen und Texte in anderen elektronischen oder gedruckten Publikationen ist ohne ausdr\u00fcckliche Zustimmung des Autors nicht gestattet.<\/p>\n<h3>Datenschutz<\/h3>\n<p>Sofern innerhalb des Internetangebotes die M\u00f6glichkeit zur Eingabe pers\u00f6nlicher oder gesch\u00e4ftlicher Daten (Emailadressen, Namen, Anschriften) besteht, so erfolgt die Preisgabe dieser Daten seitens des Nutzers auf ausdr\u00fccklich freiwilliger Basis. Die Inanspruchnahme und Bezahlung aller angebotenen Dienste ist &#8211; soweit technisch m\u00f6glich und zumutbar &#8211; auch ohne Angabe solcher Daten bzw. unter Angabe anonymisierter Daten oder eines Pseudonyms gestattet. Die Nutzung der im Rahmen des Impressums oder vergleichbarer Angaben ver\u00f6ffentlichten Kontaktdaten wie Postanschriften, Telefon- und Faxnummern sowie Email-Adressen durch Dritte zur \u00dcbersendung von nicht ausdr\u00fccklich angeforderten Informationen ist nicht gestattet. Rechtliche Schritte gegen die Versender von sogenannten Spam-Mails bei Verst\u00f6\u00dfen gegen dieses Verbot sind ausdr\u00fccklich vorbehalten.<\/p>\n<h3>Rechtswirksamkeit dieses Haftungsausschlusses<\/h3>\n<p>Dieser Haftungsausschluss ist als Teil des Internetangebotes zu betrachten, von dem aus auf diese Seite verwiesen wurde. Sofern Teile oder einzelne Formulierungen dieses Textes der geltenden Rechtslage nicht, nicht mehr oder nicht vollst\u00e4ndig entsprechen sollten, bleiben die \u00fcbrigen Teile des Dokumentes in ihrem Inhalt und ihrer G\u00fcltigkeit davon unber\u00fchrt.[\/vc_column_text][\/vc_column][\/vc_row]<\/p>\n<\/div>","protected":false},"excerpt":{"rendered":"<p>[vc_row][vc_column][vc_column_text css=&#8220;&#8220;] Impressum Landestourismusverband Sachsen e.V. (LTV SACHSEN) Messering 8 &#8211; Haus F 01067 Dresden Tel.: +49 351 49191-0 Fax: +49 351 49191-29 info@ltv-sachsen.de Verbandsdirektorin: Andrea Kis Registergericht: Amtsgericht Dresden Registernummer: VR 1158 Allgemeines Der Landestourismusverband Sachsen e.V. (LTV SACHSEN) ist bem\u00fcht, f\u00fcr die Richtigkeit und Aktualit\u00e4t aller auf der Website enthaltenen Informationen und Daten [&hellip;]<\/p>\n","protected":false},"author":6,"featured_media":0,"parent":0,"menu_order":0,"comment_status":"closed","ping_status":"closed","template":"","meta":{"_acf_changed":false,"inline_featured_image":false,"footnotes":""},"class_list":["post-42","page","type-page","status-publish","hentry"],"acf":[],"yoast_head":"<!-- This site is optimized with the Yoast SEO plugin v26.4 - https:\/\/yoast.com\/wordpress\/plugins\/seo\/ -->\n<title>Impressum - Wander- und Pilgerakademie<\/title>\n<meta name=\"robots\" content=\"index, follow, max-snippet:-1, max-image-preview:large, max-video-preview:-1\" \/>\n<link rel=\"canonical\" href=\"https:\/\/www.ltv-sachsen.de\/wanderundpilgerakademie\/impressum\/\" \/>\n<meta property=\"og:locale\" content=\"de_DE\" \/>\n<meta property=\"og:type\" content=\"article\" \/>\n<meta property=\"og:title\" content=\"Impressum - Wander- und Pilgerakademie\" \/>\n<meta property=\"og:description\" content=\"[vc_row][vc_column][vc_column_text css=&#8220;&#8220;] Impressum Landestourismusverband Sachsen e.V. (LTV SACHSEN) Messering 8 &#8211; Haus F 01067 Dresden Tel.: +49 351 49191-0 Fax: +49 351 49191-29 info@ltv-sachsen.de Verbandsdirektorin: Andrea Kis Registergericht: Amtsgericht Dresden Registernummer: VR 1158 Allgemeines Der Landestourismusverband Sachsen e.V. (LTV SACHSEN) ist bem\u00fcht, f\u00fcr die Richtigkeit und Aktualit\u00e4t aller auf der Website enthaltenen Informationen und Daten [&hellip;]\" \/>\n<meta property=\"og:url\" content=\"https:\/\/www.ltv-sachsen.de\/wanderundpilgerakademie\/impressum\/\" \/>\n<meta property=\"og:site_name\" content=\"Wander- und Pilgerakademie\" \/>\n<meta property=\"article:modified_time\" content=\"2026-01-20T09:51:43+00:00\" \/>\n<meta name=\"twitter:card\" content=\"summary_large_image\" \/>\n<meta name=\"twitter:label1\" content=\"Gesch\u00e4tzte Lesezeit\" \/>\n\t<meta name=\"twitter:data1\" content=\"6\u00a0Minuten\" \/>\n<script type=\"application\/ld+json\" class=\"yoast-schema-graph\">{\"@context\":\"https:\/\/schema.org\",\"@graph\":[{\"@type\":\"WebPage\",\"@id\":\"https:\/\/www.ltv-sachsen.de\/wanderundpilgerakademie\/impressum\/\",\"url\":\"https:\/\/www.ltv-sachsen.de\/wanderundpilgerakademie\/impressum\/\",\"name\":\"Impressum - Wander- und Pilgerakademie\",\"isPartOf\":{\"@id\":\"https:\/\/www.ltv-sachsen.de\/wanderundpilgerakademie\/#website\"},\"datePublished\":\"2022-03-04T15:03:37+00:00\",\"dateModified\":\"2026-01-20T09:51:43+00:00\",\"breadcrumb\":{\"@id\":\"https:\/\/www.ltv-sachsen.de\/wanderundpilgerakademie\/impressum\/#breadcrumb\"},\"inLanguage\":\"de\",\"potentialAction\":[{\"@type\":\"ReadAction\",\"target\":[\"https:\/\/www.ltv-sachsen.de\/wanderundpilgerakademie\/impressum\/\"]}]},{\"@type\":\"BreadcrumbList\",\"@id\":\"https:\/\/www.ltv-sachsen.de\/wanderundpilgerakademie\/impressum\/#breadcrumb\",\"itemListElement\":[{\"@type\":\"ListItem\",\"position\":1,\"name\":\"Home\",\"item\":\"https:\/\/www.ltv-sachsen.de\/wanderundpilgerakademie\/\"},{\"@type\":\"ListItem\",\"position\":2,\"name\":\"Impressum\"}]},{\"@type\":\"WebSite\",\"@id\":\"https:\/\/www.ltv-sachsen.de\/wanderundpilgerakademie\/#website\",\"url\":\"https:\/\/www.ltv-sachsen.de\/wanderundpilgerakademie\/\",\"name\":\"Wander- und Pilgerakademie\",\"description\":\"Allgemeine Infos zur Wander- und Pilgerakademie\",\"potentialAction\":[{\"@type\":\"SearchAction\",\"target\":{\"@type\":\"EntryPoint\",\"urlTemplate\":\"https:\/\/www.ltv-sachsen.de\/wanderundpilgerakademie\/?s={search_term_string}\"},\"query-input\":{\"@type\":\"PropertyValueSpecification\",\"valueRequired\":true,\"valueName\":\"search_term_string\"}}],\"inLanguage\":\"de\"}]}<\/script>\n<!-- \/ Yoast SEO plugin. -->","yoast_head_json":{"title":"Impressum - Wander- und Pilgerakademie","robots":{"index":"index","follow":"follow","max-snippet":"max-snippet:-1","max-image-preview":"max-image-preview:large","max-video-preview":"max-video-preview:-1"},"canonical":"https:\/\/www.ltv-sachsen.de\/wanderundpilgerakademie\/impressum\/","og_locale":"de_DE","og_type":"article","og_title":"Impressum - Wander- und Pilgerakademie","og_description":"[vc_row][vc_column][vc_column_text css=&#8220;&#8220;] Impressum Landestourismusverband Sachsen e.V. (LTV SACHSEN) Messering 8 &#8211; Haus F 01067 Dresden Tel.: +49 351 49191-0 Fax: +49 351 49191-29 info@ltv-sachsen.de Verbandsdirektorin: Andrea Kis Registergericht: Amtsgericht Dresden Registernummer: VR 1158 Allgemeines Der Landestourismusverband Sachsen e.V. (LTV SACHSEN) ist bem\u00fcht, f\u00fcr die Richtigkeit und Aktualit\u00e4t aller auf der Website enthaltenen Informationen und Daten [&hellip;]","og_url":"https:\/\/www.ltv-sachsen.de\/wanderundpilgerakademie\/impressum\/","og_site_name":"Wander- und Pilgerakademie","article_modified_time":"2026-01-20T09:51:43+00:00","twitter_card":"summary_large_image","twitter_misc":{"Gesch\u00e4tzte Lesezeit":"6\u00a0Minuten"},"schema":{"@context":"https:\/\/schema.org","@graph":[{"@type":"WebPage","@id":"https:\/\/www.ltv-sachsen.de\/wanderundpilgerakademie\/impressum\/","url":"https:\/\/www.ltv-sachsen.de\/wanderundpilgerakademie\/impressum\/","name":"Impressum - Wander- und Pilgerakademie","isPartOf":{"@id":"https:\/\/www.ltv-sachsen.de\/wanderundpilgerakademie\/#website"},"datePublished":"2022-03-04T15:03:37+00:00","dateModified":"2026-01-20T09:51:43+00:00","breadcrumb":{"@id":"https:\/\/www.ltv-sachsen.de\/wanderundpilgerakademie\/impressum\/#breadcrumb"},"inLanguage":"de","potentialAction":[{"@type":"ReadAction","target":["https:\/\/www.ltv-sachsen.de\/wanderundpilgerakademie\/impressum\/"]}]},{"@type":"BreadcrumbList","@id":"https:\/\/www.ltv-sachsen.de\/wanderundpilgerakademie\/impressum\/#breadcrumb","itemListElement":[{"@type":"ListItem","position":1,"name":"Home","item":"https:\/\/www.ltv-sachsen.de\/wanderundpilgerakademie\/"},{"@type":"ListItem","position":2,"name":"Impressum"}]},{"@type":"WebSite","@id":"https:\/\/www.ltv-sachsen.de\/wanderundpilgerakademie\/#website","url":"https:\/\/www.ltv-sachsen.de\/wanderundpilgerakademie\/","name":"Wander- und Pilgerakademie","description":"Allgemeine Infos zur Wander- und Pilgerakademie","potentialAction":[{"@type":"SearchAction","target":{"@type":"EntryPoint","urlTemplate":"https:\/\/www.ltv-sachsen.de\/wanderundpilgerakademie\/?s={search_term_string}"},"query-input":{"@type":"PropertyValueSpecification","valueRequired":true,"valueName":"search_term_string"}}],"inLanguage":"de"}]}},"_links":{"self":[{"href":"https:\/\/www.ltv-sachsen.de\/wanderundpilgerakademie\/wp-json\/wp\/v2\/pages\/42","targetHints":{"allow":["GET"]}}],"collection":[{"href":"https:\/\/www.ltv-sachsen.de\/wanderundpilgerakademie\/wp-json\/wp\/v2\/pages"}],"about":[{"href":"https:\/\/www.ltv-sachsen.de\/wanderundpilgerakademie\/wp-json\/wp\/v2\/types\/page"}],"author":[{"embeddable":true,"href":"https:\/\/www.ltv-sachsen.de\/wanderundpilgerakademie\/wp-json\/wp\/v2\/users\/6"}],"replies":[{"embeddable":true,"href":"https:\/\/www.ltv-sachsen.de\/wanderundpilgerakademie\/wp-json\/wp\/v2\/comments?post=42"}],"version-history":[{"count":6,"href":"https:\/\/www.ltv-sachsen.de\/wanderundpilgerakademie\/wp-json\/wp\/v2\/pages\/42\/revisions"}],"predecessor-version":[{"id":3123,"href":"https:\/\/www.ltv-sachsen.de\/wanderundpilgerakademie\/wp-json\/wp\/v2\/pages\/42\/revisions\/3123"}],"wp:attachment":[{"href":"https:\/\/www.ltv-sachsen.de\/wanderundpilgerakademie\/wp-json\/wp\/v2\/media?parent=42"}],"curies":[{"name":"wp","href":"https:\/\/api.w.org\/{rel}","templated":true}]}}