{"id":391,"date":"2022-07-14T16:18:34","date_gmt":"2022-07-14T14:18:34","guid":{"rendered":"https:\/\/www.ltv-sachsen.de\/wanderundpilgerakademie\/?page_id=391"},"modified":"2026-03-26T12:05:49","modified_gmt":"2026-03-26T11:05:49","slug":"saechsische-pilgerbegleiter-ausbildung","status":"publish","type":"page","link":"https:\/\/www.ltv-sachsen.de\/wanderundpilgerakademie\/bildung\/saechsische-pilgerbegleiter-ausbildung\/","title":{"rendered":"Christliche Pilgerbegleiter-Ausbildung in Sachsen"},"content":{"rendered":"<div class=\"wpb-content-wrapper\"><p>[vc_row ppi_row_padding=&#8220;ppi_remove_padding_top,ppi_remove_padding_bottom&#8220;][vc_column]<div class=\"small-teasers\"><div class=\"ppi_row ppi_row-flex\"><div class=\"ppi_col-xs-12 ppi_col-sm-6 ppi_col-md-4 ppi_col-lg-3\"><a class=\"small-teasers__item\" href=\"https:\/\/www.ltv-sachsen.de\/wanderundpilgerakademie\/bildung\/saechsische-pilgerbegleiter-ausbildung\/christliche-pilgerbegleiterinnen-ausbildung-in-sachsen\/\" target=\"\" title=\"Christliche Pilgerbegleiter*innen-Ausbildung in Sachsen Termine\"><div class=\"small-teasers__item__image\"><img loading=\"lazy\" decoding=\"async\" width=\"480\" height=\"336\" src=\"https:\/\/www.ltv-sachsen.de\/wp-content\/uploads\/sites\/2\/2025\/06\/Pilgerbegleiterusbildung-Termine-480x336.gif\" class=\"attachment-ltv-sachsen-xs size-ltv-sachsen-xs\" alt=\"Blick aufs Handi f\u00fcr die Termine der Pilgerbegleitung\" srcset=\"https:\/\/www.ltv-sachsen.de\/wp-content\/uploads\/sites\/2\/2025\/06\/Pilgerbegleiterusbildung-Termine-480x336.gif 480w, https:\/\/www.ltv-sachsen.de\/wp-content\/uploads\/sites\/2\/2025\/06\/Pilgerbegleiterusbildung-Termine-300x210.gif 300w, https:\/\/www.ltv-sachsen.de\/wp-content\/uploads\/sites\/2\/2025\/06\/Pilgerbegleiterusbildung-Termine-768x538.gif 768w\" sizes=\"auto, (max-width: 480px) 100vw, 480px\" \/><\/div><div class=\"small-teasers__item__title\"><h5>Termine<\/h5><\/div><\/a><\/div><div class=\"ppi_col-xs-12 ppi_col-sm-6 ppi_col-md-4 ppi_col-lg-3\"><a class=\"small-teasers__item\" href=\"https:\/\/www.ltv-sachsen.de\/wanderundpilgerakademie\/bildung\/saechsische-pilgerbegleiter-ausbildung\/christliche-pilgerbegleiterinnen-ausbildung-in-sachsen-voraussetzungen\/\" target=\"\" title=\"Christliche Pilgerbegleiter*innen-Ausbildung in Sachsen Termine\"><div class=\"small-teasers__item__image\"><img loading=\"lazy\" decoding=\"async\" width=\"480\" height=\"336\" src=\"https:\/\/www.ltv-sachsen.de\/wp-content\/uploads\/sites\/2\/2025\/06\/Wegewartausbildung-Vorausaetzungen-480x336.gif\" class=\"attachment-ltv-sachsen-xs size-ltv-sachsen-xs\" alt=\"Wandergruppe\" srcset=\"https:\/\/www.ltv-sachsen.de\/wp-content\/uploads\/sites\/2\/2025\/06\/Wegewartausbildung-Vorausaetzungen-480x336.gif 480w, https:\/\/www.ltv-sachsen.de\/wp-content\/uploads\/sites\/2\/2025\/06\/Wegewartausbildung-Vorausaetzungen-300x210.gif 300w, https:\/\/www.ltv-sachsen.de\/wp-content\/uploads\/sites\/2\/2025\/06\/Wegewartausbildung-Vorausaetzungen-768x538.gif 768w\" sizes=\"auto, (max-width: 480px) 100vw, 480px\" \/><\/div><div class=\"small-teasers__item__title\"><h5>Voraussetzungen<\/h5><\/div><\/a><\/div><div class=\"ppi_col-xs-12 ppi_col-sm-6 ppi_col-md-4 ppi_col-lg-3\"><a class=\"small-teasers__item\" href=\"https:\/\/www.ltv-sachsen.de\/wanderundpilgerakademie\/bildung\/saechsische-pilgerbegleiter-ausbildung\/christliche-pilgerbegleiterinnen-ausbildung-in-sachsen-rueckblick\/\" target=\"\" title=\"Christliche Pilgerbegleiter*innen-Ausbildung in Sachsen Termine\"><div class=\"small-teasers__item__image\"><img loading=\"lazy\" decoding=\"async\" width=\"480\" height=\"336\" src=\"https:\/\/www.ltv-sachsen.de\/wp-content\/uploads\/sites\/2\/2025\/07\/Abschluss-Pilgerbegleiterausbildung-480x336.jpg\" class=\"attachment-ltv-sachsen-xs size-ltv-sachsen-xs\" alt=\"Zertifikate Pilgerbegleiterausbildung\" srcset=\"https:\/\/www.ltv-sachsen.de\/wp-content\/uploads\/sites\/2\/2025\/07\/Abschluss-Pilgerbegleiterausbildung-480x336.jpg 480w, https:\/\/www.ltv-sachsen.de\/wp-content\/uploads\/sites\/2\/2025\/07\/Abschluss-Pilgerbegleiterausbildung-300x210.jpg 300w, https:\/\/www.ltv-sachsen.de\/wp-content\/uploads\/sites\/2\/2025\/07\/Abschluss-Pilgerbegleiterausbildung-768x538.jpg 768w, https:\/\/www.ltv-sachsen.de\/wp-content\/uploads\/sites\/2\/2025\/07\/Abschluss-Pilgerbegleiterausbildung.jpg 785w\" sizes=\"auto, (max-width: 480px) 100vw, 480px\" \/><\/div><div class=\"small-teasers__item__title\"><h5>R\u00fcckblick <\/h5><\/div><\/a><\/div><\/div><\/div>[\/vc_column][\/vc_row][vc_row ppi_row_padding=&#8220;ppi_remove_padding_top&#8220;][vc_column][vc_column_text css=&#8220;&#8220;]<\/p>\n<h2>Ausbildung zum Christlichen Pilgerbegleiter<\/h2>\n<p>Alte Wege formten sich urspr\u00fcnglich nach den Gegebenheiten der Landschaft. Menschen sind die Wege \u00fcber Jahrhunderte gegangen und haben sie damit gefestigt. Diese \u201eWege der Vorzeit\u201c, die Ruhe f\u00fcr die Seele versprechen, scheinen heute notwendiger denn je. Pilgerwege stehen allen Menschen offen, aber gern schlie\u00dfen sich Menschen auch Pilgergruppen an. Durch Pilgerbegleiter sollen Pilgergruppen spirituell und verantwortungsbewusst begleitet werden. Mit unserem Qualifizierungskurs werden Pilger und weitere Interessierte bef\u00e4higt und ermutigt, ein- oder mehrt\u00e4gige Pilgerreisen f\u00fcr Gruppen zu planen, vorzubereiten, anzubieten und durchzuf\u00fchren.[\/vc_column_text][\/vc_column][\/vc_row]<\/p>\n<\/div>","protected":false},"excerpt":{"rendered":"<p>[vc_row ppi_row_padding=&#8220;ppi_remove_padding_top,ppi_remove_padding_bottom&#8220;][vc_column][\/vc_column][\/vc_row][vc_row ppi_row_padding=&#8220;ppi_remove_padding_top&#8220;][vc_column][vc_column_text css=&#8220;&#8220;] Ausbildung zum Christlichen Pilgerbegleiter Alte Wege formten sich urspr\u00fcnglich nach den Gegebenheiten der Landschaft. Menschen sind die Wege \u00fcber Jahrhunderte gegangen und haben sie damit gefestigt. Diese \u201eWege der Vorzeit\u201c, die Ruhe f\u00fcr die Seele versprechen, scheinen heute notwendiger denn je. Pilgerwege stehen allen Menschen offen, aber gern schlie\u00dfen sich Menschen [&hellip;]<\/p>\n","protected":false},"author":3,"featured_media":0,"parent":12,"menu_order":0,"comment_status":"closed","ping_status":"closed","template":"","meta":{"_acf_changed":false,"inline_featured_image":false,"footnotes":""},"class_list":["post-391","page","type-page","status-publish","hentry"],"acf":[],"yoast_head":"<!-- This site is optimized with the Yoast SEO plugin v26.4 - https:\/\/yoast.com\/wordpress\/plugins\/seo\/ -->\n<title>Christliche Pilgerbegleiter-Ausbildung in Sachsen - Wander- und Pilgerakademie<\/title>\n<meta name=\"robots\" content=\"index, follow, max-snippet:-1, max-image-preview:large, max-video-preview:-1\" \/>\n<link rel=\"canonical\" href=\"https:\/\/www.ltv-sachsen.de\/wanderundpilgerakademie\/bildung\/saechsische-pilgerbegleiter-ausbildung\/\" \/>\n<meta property=\"og:locale\" content=\"de_DE\" \/>\n<meta property=\"og:type\" content=\"article\" \/>\n<meta property=\"og:title\" content=\"Christliche Pilgerbegleiter-Ausbildung in Sachsen - Wander- und Pilgerakademie\" \/>\n<meta property=\"og:description\" content=\"[vc_row ppi_row_padding=&#8220;ppi_remove_padding_top,ppi_remove_padding_bottom&#8220;][vc_column][\/vc_column][\/vc_row][vc_row ppi_row_padding=&#8220;ppi_remove_padding_top&#8220;][vc_column][vc_column_text css=&#8220;&#8220;] Ausbildung zum Christlichen Pilgerbegleiter Alte Wege formten sich urspr\u00fcnglich nach den Gegebenheiten der Landschaft. Menschen sind die Wege \u00fcber Jahrhunderte gegangen und haben sie damit gefestigt. Diese \u201eWege der Vorzeit\u201c, die Ruhe f\u00fcr die Seele versprechen, scheinen heute notwendiger denn je. Pilgerwege stehen allen Menschen offen, aber gern schlie\u00dfen sich Menschen [&hellip;]\" \/>\n<meta property=\"og:url\" content=\"https:\/\/www.ltv-sachsen.de\/wanderundpilgerakademie\/bildung\/saechsische-pilgerbegleiter-ausbildung\/\" \/>\n<meta property=\"og:site_name\" content=\"Wander- und Pilgerakademie\" \/>\n<meta property=\"article:modified_time\" content=\"2026-03-26T11:05:49+00:00\" \/>\n<meta name=\"twitter:card\" content=\"summary_large_image\" \/>\n<meta name=\"twitter:label1\" content=\"Gesch\u00e4tzte Lesezeit\" \/>\n\t<meta name=\"twitter:data1\" content=\"1\u00a0Minute\" \/>\n<script type=\"application\/ld+json\" class=\"yoast-schema-graph\">{\"@context\":\"https:\/\/schema.org\",\"@graph\":[{\"@type\":\"WebPage\",\"@id\":\"https:\/\/www.ltv-sachsen.de\/wanderundpilgerakademie\/bildung\/saechsische-pilgerbegleiter-ausbildung\/\",\"url\":\"https:\/\/www.ltv-sachsen.de\/wanderundpilgerakademie\/bildung\/saechsische-pilgerbegleiter-ausbildung\/\",\"name\":\"Christliche Pilgerbegleiter-Ausbildung in Sachsen - Wander- und Pilgerakademie\",\"isPartOf\":{\"@id\":\"https:\/\/www.ltv-sachsen.de\/wanderundpilgerakademie\/#website\"},\"datePublished\":\"2022-07-14T14:18:34+00:00\",\"dateModified\":\"2026-03-26T11:05:49+00:00\",\"breadcrumb\":{\"@id\":\"https:\/\/www.ltv-sachsen.de\/wanderundpilgerakademie\/bildung\/saechsische-pilgerbegleiter-ausbildung\/#breadcrumb\"},\"inLanguage\":\"de\",\"potentialAction\":[{\"@type\":\"ReadAction\",\"target\":[\"https:\/\/www.ltv-sachsen.de\/wanderundpilgerakademie\/bildung\/saechsische-pilgerbegleiter-ausbildung\/\"]}]},{\"@type\":\"BreadcrumbList\",\"@id\":\"https:\/\/www.ltv-sachsen.de\/wanderundpilgerakademie\/bildung\/saechsische-pilgerbegleiter-ausbildung\/#breadcrumb\",\"itemListElement\":[{\"@type\":\"ListItem\",\"position\":1,\"name\":\"Home\",\"item\":\"https:\/\/www.ltv-sachsen.de\/wanderundpilgerakademie\/\"},{\"@type\":\"ListItem\",\"position\":2,\"name\":\"Bildung\",\"item\":\"https:\/\/www.ltv-sachsen.de\/wanderundpilgerakademie\/bildung\/\"},{\"@type\":\"ListItem\",\"position\":3,\"name\":\"Christliche Pilgerbegleiter-Ausbildung in Sachsen\"}]},{\"@type\":\"WebSite\",\"@id\":\"https:\/\/www.ltv-sachsen.de\/wanderundpilgerakademie\/#website\",\"url\":\"https:\/\/www.ltv-sachsen.de\/wanderundpilgerakademie\/\",\"name\":\"Wander- und Pilgerakademie\",\"description\":\"Allgemeine Infos zur Wander- und Pilgerakademie\",\"potentialAction\":[{\"@type\":\"SearchAction\",\"target\":{\"@type\":\"EntryPoint\",\"urlTemplate\":\"https:\/\/www.ltv-sachsen.de\/wanderundpilgerakademie\/?s={search_term_string}\"},\"query-input\":{\"@type\":\"PropertyValueSpecification\",\"valueRequired\":true,\"valueName\":\"search_term_string\"}}],\"inLanguage\":\"de\"}]}<\/script>\n<!-- \/ Yoast SEO plugin. -->","yoast_head_json":{"title":"Christliche Pilgerbegleiter-Ausbildung in Sachsen - Wander- und Pilgerakademie","robots":{"index":"index","follow":"follow","max-snippet":"max-snippet:-1","max-image-preview":"max-image-preview:large","max-video-preview":"max-video-preview:-1"},"canonical":"https:\/\/www.ltv-sachsen.de\/wanderundpilgerakademie\/bildung\/saechsische-pilgerbegleiter-ausbildung\/","og_locale":"de_DE","og_type":"article","og_title":"Christliche Pilgerbegleiter-Ausbildung in Sachsen - Wander- und Pilgerakademie","og_description":"[vc_row ppi_row_padding=&#8220;ppi_remove_padding_top,ppi_remove_padding_bottom&#8220;][vc_column][\/vc_column][\/vc_row][vc_row ppi_row_padding=&#8220;ppi_remove_padding_top&#8220;][vc_column][vc_column_text css=&#8220;&#8220;] Ausbildung zum Christlichen Pilgerbegleiter Alte Wege formten sich urspr\u00fcnglich nach den Gegebenheiten der Landschaft. Menschen sind die Wege \u00fcber Jahrhunderte gegangen und haben sie damit gefestigt. Diese \u201eWege der Vorzeit\u201c, die Ruhe f\u00fcr die Seele versprechen, scheinen heute notwendiger denn je. Pilgerwege stehen allen Menschen offen, aber gern schlie\u00dfen sich Menschen [&hellip;]","og_url":"https:\/\/www.ltv-sachsen.de\/wanderundpilgerakademie\/bildung\/saechsische-pilgerbegleiter-ausbildung\/","og_site_name":"Wander- und Pilgerakademie","article_modified_time":"2026-03-26T11:05:49+00:00","twitter_card":"summary_large_image","twitter_misc":{"Gesch\u00e4tzte Lesezeit":"1\u00a0Minute"},"schema":{"@context":"https:\/\/schema.org","@graph":[{"@type":"WebPage","@id":"https:\/\/www.ltv-sachsen.de\/wanderundpilgerakademie\/bildung\/saechsische-pilgerbegleiter-ausbildung\/","url":"https:\/\/www.ltv-sachsen.de\/wanderundpilgerakademie\/bildung\/saechsische-pilgerbegleiter-ausbildung\/","name":"Christliche Pilgerbegleiter-Ausbildung in Sachsen - Wander- und Pilgerakademie","isPartOf":{"@id":"https:\/\/www.ltv-sachsen.de\/wanderundpilgerakademie\/#website"},"datePublished":"2022-07-14T14:18:34+00:00","dateModified":"2026-03-26T11:05:49+00:00","breadcrumb":{"@id":"https:\/\/www.ltv-sachsen.de\/wanderundpilgerakademie\/bildung\/saechsische-pilgerbegleiter-ausbildung\/#breadcrumb"},"inLanguage":"de","potentialAction":[{"@type":"ReadAction","target":["https:\/\/www.ltv-sachsen.de\/wanderundpilgerakademie\/bildung\/saechsische-pilgerbegleiter-ausbildung\/"]}]},{"@type":"BreadcrumbList","@id":"https:\/\/www.ltv-sachsen.de\/wanderundpilgerakademie\/bildung\/saechsische-pilgerbegleiter-ausbildung\/#breadcrumb","itemListElement":[{"@type":"ListItem","position":1,"name":"Home","item":"https:\/\/www.ltv-sachsen.de\/wanderundpilgerakademie\/"},{"@type":"ListItem","position":2,"name":"Bildung","item":"https:\/\/www.ltv-sachsen.de\/wanderundpilgerakademie\/bildung\/"},{"@type":"ListItem","position":3,"name":"Christliche Pilgerbegleiter-Ausbildung in Sachsen"}]},{"@type":"WebSite","@id":"https:\/\/www.ltv-sachsen.de\/wanderundpilgerakademie\/#website","url":"https:\/\/www.ltv-sachsen.de\/wanderundpilgerakademie\/","name":"Wander- und Pilgerakademie","description":"Allgemeine Infos zur Wander- und Pilgerakademie","potentialAction":[{"@type":"SearchAction","target":{"@type":"EntryPoint","urlTemplate":"https:\/\/www.ltv-sachsen.de\/wanderundpilgerakademie\/?s={search_term_string}"},"query-input":{"@type":"PropertyValueSpecification","valueRequired":true,"valueName":"search_term_string"}}],"inLanguage":"de"}]}},"_links":{"self":[{"href":"https:\/\/www.ltv-sachsen.de\/wanderundpilgerakademie\/wp-json\/wp\/v2\/pages\/391","targetHints":{"allow":["GET"]}}],"collection":[{"href":"https:\/\/www.ltv-sachsen.de\/wanderundpilgerakademie\/wp-json\/wp\/v2\/pages"}],"about":[{"href":"https:\/\/www.ltv-sachsen.de\/wanderundpilgerakademie\/wp-json\/wp\/v2\/types\/page"}],"author":[{"embeddable":true,"href":"https:\/\/www.ltv-sachsen.de\/wanderundpilgerakademie\/wp-json\/wp\/v2\/users\/3"}],"replies":[{"embeddable":true,"href":"https:\/\/www.ltv-sachsen.de\/wanderundpilgerakademie\/wp-json\/wp\/v2\/comments?post=391"}],"version-history":[{"count":65,"href":"https:\/\/www.ltv-sachsen.de\/wanderundpilgerakademie\/wp-json\/wp\/v2\/pages\/391\/revisions"}],"predecessor-version":[{"id":3252,"href":"https:\/\/www.ltv-sachsen.de\/wanderundpilgerakademie\/wp-json\/wp\/v2\/pages\/391\/revisions\/3252"}],"up":[{"embeddable":true,"href":"https:\/\/www.ltv-sachsen.de\/wanderundpilgerakademie\/wp-json\/wp\/v2\/pages\/12"}],"wp:attachment":[{"href":"https:\/\/www.ltv-sachsen.de\/wanderundpilgerakademie\/wp-json\/wp\/v2\/media?parent=391"}],"curies":[{"name":"wp","href":"https:\/\/api.w.org\/{rel}","templated":true}]}}