{"id":380,"date":"2022-07-14T16:12:04","date_gmt":"2022-07-14T14:12:04","guid":{"rendered":"https:\/\/www.ltv-sachsen.de\/wanderundpilgerakademie\/?page_id=380"},"modified":"2026-04-02T15:19:08","modified_gmt":"2026-04-02T13:19:08","slug":"wegewart-ausbildung-in-sachsen-voraussetzungen","status":"publish","type":"page","link":"https:\/\/www.ltv-sachsen.de\/wanderundpilgerakademie\/bildung\/wegewartinnen-ausbildung-in-sachsen\/wegewart-ausbildung-in-sachsen-voraussetzungen\/","title":{"rendered":"Ausbildung zum Wegewart in Sachsen Voraussetzungen"},"content":{"rendered":"<div class=\"wpb-content-wrapper\"><p>[vc_row ppi_row_padding=&#8220;ppi_remove_padding_top,ppi_remove_padding_bottom&#8220;][vc_column][vc_tta_accordion][vc_tta_section title=&#8220;Wo findet die Ausbildung statt?&#8220; tab_id=&#8220;1730988332487-d3b680ec-cb4b&#8220;][vc_column_text]<\/p>\n<p style=\"font-weight: 400\">In jedem Jahr werden zwei Destinationen ausgew\u00e4hlt, in denen die Ausbildung stattfindet. Unsere Wegewart-Ausbildung findet in der Regel in Freizeit- und Bildungsh\u00e4usern, in Familienferienst\u00e4tten und Jugendherbergen statt. Diese Tagungsh\u00e4user befinden sich innerhalb von Sachsen und haben in der Regel eine gute Anbindung an das Wanderwegenetz der jeweiligen Region.<\/p>\n<p>[\/vc_column_text][\/vc_tta_section][vc_tta_section title=&#8220;Wie ist die Ausbildung aufgebaut?&#8220; tab_id=&#8220;1738161125337-21daddb5-44eb&#8220;][vc_column_text]<\/p>\n<p style=\"font-weight: 400\">Unsere Wegewart-Ausbildung wird an einem Wochenende &#8211; von Freitagvormittag bis Sonntagmittag &#8211; durchgef\u00fchrt. Somit umfasst die Ausbildung 3 Tage. Abgeschlossen wird die Ausbildung mit der \u00dcberreichung der Zertifikate\/ Teilnehmerbescheinigungen.<\/p>\n<p>[\/vc_column_text][\/vc_tta_section][vc_tta_section title=&#8220;Welche Themen werden bearbeitet?&#8220; tab_id=&#8220;1738161165673-23136fa9-900d&#8220;][vc_column_text]<\/p>\n<ul>\n<li>Historische Entwicklung des Wanderns und der Wanderwege<\/li>\n<li>Der Staatswald in Sachsen &#8211; Welche Rolle spielt der Sachsenforst, \u201eMarkierungshandbuch Sachsen\u201c &#8211; ILO-Leitfaden, Vertragsgestaltung zwischen Sachsenforst und Kommune<\/li>\n<li>Gesetzliche Grundlagen beim Unterhalten und Neugestalten von Wegen sowie Rechtsgrundlagen, Rechtsfolgen, Verkehrssicherungspflicht<\/li>\n<li>das Aufgabenprofil und die Verantwortung von Wegewarten<\/li>\n<li>die Entwicklung der Europawanderwege und deren Ausschilderung<\/li>\n<li>die Einf\u00fchrung in den DWV-Markierungsleitfaden<\/li>\n<li>Kennzeichnungsformen \u2013 Fragen zu den Wegemarken, Wegweisern, Standortschildern, Wegebezeichnungen, \u00dcbersichtstafeln, Lehrtafeln<\/li>\n<li>Grundlagen der Material- und Werkstoffkunde, Materialarten und deren Einsatz<\/li>\n<li>Beurteilung der Markierungsqualit\u00e4t, Materialzustand, richtige Standortwahl\u2026 im Rahmen einer Exkursion\/Lehrwanderung<\/li>\n<li>Bedeutung der Qualit\u00e4t der Wanderwege f\u00fcr den Tourismus &#8211; Beispiel f\u00fcr einen Qualit\u00e4tsweg in Sachsen sowie Qualit\u00e4tswege als kurze Themenwege<\/li>\n<li>Digitales Wegemanagement, Zeitgem\u00e4\u00dfe Erfassung, Pflege und Dokumentation von Wegedaten<\/li>\n<li>die Bedeutung der Kontakte zu den Kommunen und zu den regionalen Tourismus-verb\u00e4nden f\u00fcr die Arbeit der Wegewart*innen<\/li>\n<li>Einf\u00fchrung in das Netzwerk der WPA in Sachsen sowie Kontakte zu den bereits ausgebildeten Wegewart*innen<\/li>\n<\/ul>\n<p>[\/vc_column_text][\/vc_tta_section][vc_tta_section title=&#8220;Welche Ziele sollen erreicht werden?&#8220; tab_id=&#8220;1738161209960-fce932eb-580a&#8220;][vc_column_text]<\/p>\n<p style=\"font-weight: 400\"><strong>\u00a0<\/strong><\/p>\n<ul>\n<li>Mit dem Angebot der Wegewart-Ausbildung werden Menschen mit Interesse an der Natur sowie an den regionalen Wander- und Pilgerwegen erreicht.<\/li>\n<li>Die Wegewarte erwerben Kompetenzen, um die Qualit\u00e4t der Wander- und Pilgerwege im Blick zu behalten sowie um bestehende Wanderwege zu warten und zu markieren bzw. bestehende Schadensmeldungen an entsprechende Stellen weiterzugeben.<\/li>\n<li>Die Wegewarte erhalten Grundkenntnisse zu Fragen der Geschichte des Wanderns sowie \u00fcber die rechtlichen Grundlagen ihrer Arbeit und zu den Fragen der Digitalisierung im Bereich der Wander- und Pilgerwege.<\/li>\n<li>Die Wegewarte bekommen Hinweise zur Kommunikation mit ihren Partnern in der Region.<\/li>\n<li>Die Wegewarte werden in die Lage versetzt, ihre Erfahrungen mit den Wander- und Pilgerwegen zu reflektieren. Damit k\u00f6nnen sie sich in ihrem Bereich immer besser auf aktuelle Situationen einstellen.<\/li>\n<li>Die Wegewarte werden in die Lage versetzt, sich aktiv mit anderen Wegewarten ihrer Region und in Sachsen zu vernetzen und die Angebote der WPA zu den Fragen der Wander- und Pilgerwege zu nutzen.<\/li>\n<li>Die Wegewarte werden motiviert, das Netzwerk im Bereich \u201eWandern, Pilgern, Kirche und Tourismus in Sachsen mitzugestalten und zu erweitern.<\/li>\n<li>Im Ergebnis der Wegewart-Ausbildung wird es in Sachsen noch besser m\u00f6glich sein, die Qualit\u00e4t der Wander- und Pilgerwege zu erhalten bzw. weiter zu erh\u00f6hen.<\/li>\n<\/ul>\n<p>[\/vc_column_text][\/vc_tta_section][vc_tta_section title=&#8220;Welche Menschen sollen besonders angesprochen werden?&#8220; tab_id=&#8220;1738161255026-681fc962-8f8d&#8220;][vc_column_text]<\/p>\n<p style=\"font-weight: 400\">Eingeladen sind vor allem Menschen, die sich im regionalen Umfeld gern ehrenamtlich bet\u00e4tigen wollen und die dabei Interesse am Wandern sowie an der Wartung der Wander- und Pilgerwege haben.<\/p>\n<p>[\/vc_column_text][\/vc_tta_section][vc_tta_section title=&#8220;Was sollen Interessierte mitbringen?&#8220; tab_id=&#8220;1738161289649-6331fc1f-b637&#8243;][vc_column_text]<\/p>\n<ul>\n<li>Interesse f\u00fcr das Wandern und f\u00fcr die Bewegung in der Natur<\/li>\n<li>selbst\u00e4ndiges Arbeiten sollte m\u00f6glich sein<\/li>\n<li>es sollte auch das Interesse an der Zusammenarbeit mit Gleichgesinnten bestehen<\/li>\n<li>Interesse an kleinen handwerklichen Dingen ist von Vorteil<\/li>\n<li>Erfahrungen im Umgang mit dem Computer<\/li>\n<li>Geduld und Durchsetzungskraft<\/li>\n<li>die Bereitschaft nach der Ausbildung als Wegewart*in t\u00e4tig zu werden<\/li>\n<\/ul>\n<p>[\/vc_column_text][\/vc_tta_section][vc_tta_section title=&#8220;Wer geh\u00f6rt zum Team der Ausbildung?&#8220; tab_id=&#8220;1738161320107-5c08de4e-6252&#8243;][vc_column_text]<\/p>\n<p style=\"font-weight: 400\">Holger Richter, Wander- und Pilgerakademie Sachsen<\/p>\n<p style=\"font-weight: 400\">Referentinnen und Referenten f\u00fcr die Themenfelder<\/p>\n<p>[\/vc_column_text][\/vc_tta_section][vc_tta_section title=&#8220;Welcher Abschluss kann erworben werden?&#8220; tab_id=&#8220;1738161390709-c878c61f-5340&#8243;][vc_column_text]<\/p>\n<p style=\"font-weight: 400\">Ein Zertifikat der Wander- und Pilgerakademie Sachsen und eine Teilnahmebescheinigung mit den Themeneinheiten werden nach erfolgreichem Abschluss der Ausbildung erreicht.<\/p>\n<p style=\"font-weight: 400\">Voraussetzung f\u00fcr die Erteilung des Zertifikates ist die Anwesenheit an mindestens 85% der Ausbildungszeit.<\/p>\n<p>[\/vc_column_text][\/vc_tta_section][vc_tta_section title=&#8220;Wo gibt es Informationen zu den Kosten und wie melde ich mich an?&#8220; tab_id=&#8220;1738161528134-daed06f8-93f5&#8243;][vc_column_text css=&#8220;&#8220;]<a href=\"https:\/\/www.eeb-sachsen.de\/wegewartausbildung27.html\" target=\"_blank\" rel=\"noopener\">Hier finden Sie die aktuellen Preise und k\u00f6nnen sich anmelden <\/a>oder uns eine <a href=\"https:\/\/eeb-sachsen.de\/wegewartausbildung-in-sachsen.html?fart=2\">I<\/a><a href=\"https:\/\/www.eeb-sachsen.de\/wegewartausbildung27.html?fart=2\" target=\"_blank\" rel=\"noopener\">nteressensbekundung<\/a> zusenden.<\/p>\n<p style=\"font-weight: 400\">R\u00fcckfragen nimmt Holger Richter entgegen: Projektmanager f\u00fcr \u201eWandern, Pilgern, Kirche und Tourismus\u201c<\/p>\n<p>Mobil: 0049 \u2013 15165076693 | Mail: <a href=\"mailto:holger.richter@evlks.de\">holger.richter@evlks.de<\/a>[\/vc_column_text][\/vc_tta_section][vc_tta_section title=&#8220;Wann ist der Anmeldeschluss?&#8220; tab_id=&#8220;1738161683459-be9fe5ca-b039&#8243;][vc_column_text]<\/p>\n<p style=\"font-weight: 400\">Eine Anmeldung f\u00fcr die Ausbildung ist fortlaufend m\u00f6glich. Entsprechend der vorhandenen Ausbildungspl\u00e4tze ist eine Teilnahme an der n\u00e4chstfolgenden Ausbildung m\u00f6glich.<\/p>\n<p>[\/vc_column_text][\/vc_tta_section][\/vc_tta_accordion][\/vc_column][\/vc_row][vc_row ppi_row_padding=&#8220;ppi_remove_padding_top,ppi_remove_padding_bottom&#8220;][vc_column][\/vc_column][\/vc_row][vc_row ppi_row_padding=&#8220;ppi_remove_padding_bottom&#8220;][vc_column][\/vc_column][\/vc_row][vc_row ppi_row_padding=&#8220;ppi_remove_padding_bottom&#8220;][vc_column][\/vc_column][\/vc_row][vc_row][vc_column][\/vc_column][\/vc_row][vc_row][vc_column][\/vc_column][\/vc_row][vc_row][vc_column][\/vc_column][\/vc_row]<\/p>\n<\/div>","protected":false},"excerpt":{"rendered":"<p>[vc_row ppi_row_padding=&#8220;ppi_remove_padding_top,ppi_remove_padding_bottom&#8220;][vc_column][vc_tta_accordion][vc_tta_section title=&#8220;Wo findet die Ausbildung statt?&#8220; tab_id=&#8220;1730988332487-d3b680ec-cb4b&#8220;][vc_column_text] In jedem Jahr werden zwei Destinationen ausgew\u00e4hlt, in denen die Ausbildung stattfindet. Unsere Wegewart-Ausbildung findet in der Regel in Freizeit- und Bildungsh\u00e4usern, in Familienferienst\u00e4tten und Jugendherbergen statt. Diese Tagungsh\u00e4user befinden sich innerhalb von Sachsen und haben in der Regel eine gute Anbindung an das Wanderwegenetz der jeweiligen [&hellip;]<\/p>\n","protected":false},"author":3,"featured_media":0,"parent":2701,"menu_order":0,"comment_status":"closed","ping_status":"closed","template":"","meta":{"_acf_changed":false,"inline_featured_image":false,"footnotes":""},"class_list":["post-380","page","type-page","status-publish","hentry"],"acf":[],"yoast_head":"<!-- This site is optimized with the Yoast SEO plugin v26.4 - https:\/\/yoast.com\/wordpress\/plugins\/seo\/ -->\n<title>Ausbildung zum Wegewart in Sachsen Voraussetzungen - Wander- und Pilgerakademie<\/title>\n<meta name=\"robots\" content=\"index, follow, max-snippet:-1, max-image-preview:large, max-video-preview:-1\" \/>\n<link rel=\"canonical\" href=\"https:\/\/www.ltv-sachsen.de\/wanderundpilgerakademie\/bildung\/wegewartinnen-ausbildung-in-sachsen\/wegewart-ausbildung-in-sachsen-voraussetzungen\/\" \/>\n<meta property=\"og:locale\" content=\"de_DE\" \/>\n<meta property=\"og:type\" content=\"article\" \/>\n<meta property=\"og:title\" content=\"Ausbildung zum Wegewart in Sachsen Voraussetzungen - Wander- und Pilgerakademie\" \/>\n<meta property=\"og:description\" content=\"[vc_row ppi_row_padding=&#8220;ppi_remove_padding_top,ppi_remove_padding_bottom&#8220;][vc_column][vc_tta_accordion][vc_tta_section title=&#8220;Wo findet die Ausbildung statt?&#8220; tab_id=&#8220;1730988332487-d3b680ec-cb4b&#8220;][vc_column_text] In jedem Jahr werden zwei Destinationen ausgew\u00e4hlt, in denen die Ausbildung stattfindet. Unsere Wegewart-Ausbildung findet in der Regel in Freizeit- und Bildungsh\u00e4usern, in Familienferienst\u00e4tten und Jugendherbergen statt. Diese Tagungsh\u00e4user befinden sich innerhalb von Sachsen und haben in der Regel eine gute Anbindung an das Wanderwegenetz der jeweiligen [&hellip;]\" \/>\n<meta property=\"og:url\" content=\"https:\/\/www.ltv-sachsen.de\/wanderundpilgerakademie\/bildung\/wegewartinnen-ausbildung-in-sachsen\/wegewart-ausbildung-in-sachsen-voraussetzungen\/\" \/>\n<meta property=\"og:site_name\" content=\"Wander- und Pilgerakademie\" \/>\n<meta property=\"article:modified_time\" content=\"2026-04-02T13:19:08+00:00\" \/>\n<meta name=\"twitter:card\" content=\"summary_large_image\" \/>\n<meta name=\"twitter:label1\" content=\"Gesch\u00e4tzte Lesezeit\" \/>\n\t<meta name=\"twitter:data1\" content=\"4\u00a0Minuten\" \/>\n<script type=\"application\/ld+json\" class=\"yoast-schema-graph\">{\"@context\":\"https:\/\/schema.org\",\"@graph\":[{\"@type\":\"WebPage\",\"@id\":\"https:\/\/www.ltv-sachsen.de\/wanderundpilgerakademie\/bildung\/wegewartinnen-ausbildung-in-sachsen\/wegewart-ausbildung-in-sachsen-voraussetzungen\/\",\"url\":\"https:\/\/www.ltv-sachsen.de\/wanderundpilgerakademie\/bildung\/wegewartinnen-ausbildung-in-sachsen\/wegewart-ausbildung-in-sachsen-voraussetzungen\/\",\"name\":\"Ausbildung zum Wegewart in Sachsen Voraussetzungen - Wander- und Pilgerakademie\",\"isPartOf\":{\"@id\":\"https:\/\/www.ltv-sachsen.de\/wanderundpilgerakademie\/#website\"},\"datePublished\":\"2022-07-14T14:12:04+00:00\",\"dateModified\":\"2026-04-02T13:19:08+00:00\",\"breadcrumb\":{\"@id\":\"https:\/\/www.ltv-sachsen.de\/wanderundpilgerakademie\/bildung\/wegewartinnen-ausbildung-in-sachsen\/wegewart-ausbildung-in-sachsen-voraussetzungen\/#breadcrumb\"},\"inLanguage\":\"de\",\"potentialAction\":[{\"@type\":\"ReadAction\",\"target\":[\"https:\/\/www.ltv-sachsen.de\/wanderundpilgerakademie\/bildung\/wegewartinnen-ausbildung-in-sachsen\/wegewart-ausbildung-in-sachsen-voraussetzungen\/\"]}]},{\"@type\":\"BreadcrumbList\",\"@id\":\"https:\/\/www.ltv-sachsen.de\/wanderundpilgerakademie\/bildung\/wegewartinnen-ausbildung-in-sachsen\/wegewart-ausbildung-in-sachsen-voraussetzungen\/#breadcrumb\",\"itemListElement\":[{\"@type\":\"ListItem\",\"position\":1,\"name\":\"Home\",\"item\":\"https:\/\/www.ltv-sachsen.de\/wanderundpilgerakademie\/\"},{\"@type\":\"ListItem\",\"position\":2,\"name\":\"Bildung\",\"item\":\"https:\/\/www.ltv-sachsen.de\/wanderundpilgerakademie\/bildung\/\"},{\"@type\":\"ListItem\",\"position\":3,\"name\":\"Ausbildung zum Wegewart in Sachsen\",\"item\":\"https:\/\/www.ltv-sachsen.de\/wanderundpilgerakademie\/bildung\/wegewartinnen-ausbildung-in-sachsen\/\"},{\"@type\":\"ListItem\",\"position\":4,\"name\":\"Ausbildung zum Wegewart in Sachsen Voraussetzungen\"}]},{\"@type\":\"WebSite\",\"@id\":\"https:\/\/www.ltv-sachsen.de\/wanderundpilgerakademie\/#website\",\"url\":\"https:\/\/www.ltv-sachsen.de\/wanderundpilgerakademie\/\",\"name\":\"Wander- und Pilgerakademie\",\"description\":\"Allgemeine Infos zur Wander- und Pilgerakademie\",\"potentialAction\":[{\"@type\":\"SearchAction\",\"target\":{\"@type\":\"EntryPoint\",\"urlTemplate\":\"https:\/\/www.ltv-sachsen.de\/wanderundpilgerakademie\/?s={search_term_string}\"},\"query-input\":{\"@type\":\"PropertyValueSpecification\",\"valueRequired\":true,\"valueName\":\"search_term_string\"}}],\"inLanguage\":\"de\"}]}<\/script>\n<!-- \/ Yoast SEO plugin. -->","yoast_head_json":{"title":"Ausbildung zum Wegewart in Sachsen Voraussetzungen - Wander- und Pilgerakademie","robots":{"index":"index","follow":"follow","max-snippet":"max-snippet:-1","max-image-preview":"max-image-preview:large","max-video-preview":"max-video-preview:-1"},"canonical":"https:\/\/www.ltv-sachsen.de\/wanderundpilgerakademie\/bildung\/wegewartinnen-ausbildung-in-sachsen\/wegewart-ausbildung-in-sachsen-voraussetzungen\/","og_locale":"de_DE","og_type":"article","og_title":"Ausbildung zum Wegewart in Sachsen Voraussetzungen - Wander- und Pilgerakademie","og_description":"[vc_row ppi_row_padding=&#8220;ppi_remove_padding_top,ppi_remove_padding_bottom&#8220;][vc_column][vc_tta_accordion][vc_tta_section title=&#8220;Wo findet die Ausbildung statt?&#8220; tab_id=&#8220;1730988332487-d3b680ec-cb4b&#8220;][vc_column_text] In jedem Jahr werden zwei Destinationen ausgew\u00e4hlt, in denen die Ausbildung stattfindet. Unsere Wegewart-Ausbildung findet in der Regel in Freizeit- und Bildungsh\u00e4usern, in Familienferienst\u00e4tten und Jugendherbergen statt. Diese Tagungsh\u00e4user befinden sich innerhalb von Sachsen und haben in der Regel eine gute Anbindung an das Wanderwegenetz der jeweiligen [&hellip;]","og_url":"https:\/\/www.ltv-sachsen.de\/wanderundpilgerakademie\/bildung\/wegewartinnen-ausbildung-in-sachsen\/wegewart-ausbildung-in-sachsen-voraussetzungen\/","og_site_name":"Wander- und Pilgerakademie","article_modified_time":"2026-04-02T13:19:08+00:00","twitter_card":"summary_large_image","twitter_misc":{"Gesch\u00e4tzte Lesezeit":"4\u00a0Minuten"},"schema":{"@context":"https:\/\/schema.org","@graph":[{"@type":"WebPage","@id":"https:\/\/www.ltv-sachsen.de\/wanderundpilgerakademie\/bildung\/wegewartinnen-ausbildung-in-sachsen\/wegewart-ausbildung-in-sachsen-voraussetzungen\/","url":"https:\/\/www.ltv-sachsen.de\/wanderundpilgerakademie\/bildung\/wegewartinnen-ausbildung-in-sachsen\/wegewart-ausbildung-in-sachsen-voraussetzungen\/","name":"Ausbildung zum Wegewart in Sachsen Voraussetzungen - Wander- und Pilgerakademie","isPartOf":{"@id":"https:\/\/www.ltv-sachsen.de\/wanderundpilgerakademie\/#website"},"datePublished":"2022-07-14T14:12:04+00:00","dateModified":"2026-04-02T13:19:08+00:00","breadcrumb":{"@id":"https:\/\/www.ltv-sachsen.de\/wanderundpilgerakademie\/bildung\/wegewartinnen-ausbildung-in-sachsen\/wegewart-ausbildung-in-sachsen-voraussetzungen\/#breadcrumb"},"inLanguage":"de","potentialAction":[{"@type":"ReadAction","target":["https:\/\/www.ltv-sachsen.de\/wanderundpilgerakademie\/bildung\/wegewartinnen-ausbildung-in-sachsen\/wegewart-ausbildung-in-sachsen-voraussetzungen\/"]}]},{"@type":"BreadcrumbList","@id":"https:\/\/www.ltv-sachsen.de\/wanderundpilgerakademie\/bildung\/wegewartinnen-ausbildung-in-sachsen\/wegewart-ausbildung-in-sachsen-voraussetzungen\/#breadcrumb","itemListElement":[{"@type":"ListItem","position":1,"name":"Home","item":"https:\/\/www.ltv-sachsen.de\/wanderundpilgerakademie\/"},{"@type":"ListItem","position":2,"name":"Bildung","item":"https:\/\/www.ltv-sachsen.de\/wanderundpilgerakademie\/bildung\/"},{"@type":"ListItem","position":3,"name":"Ausbildung zum Wegewart in Sachsen","item":"https:\/\/www.ltv-sachsen.de\/wanderundpilgerakademie\/bildung\/wegewartinnen-ausbildung-in-sachsen\/"},{"@type":"ListItem","position":4,"name":"Ausbildung zum Wegewart in Sachsen Voraussetzungen"}]},{"@type":"WebSite","@id":"https:\/\/www.ltv-sachsen.de\/wanderundpilgerakademie\/#website","url":"https:\/\/www.ltv-sachsen.de\/wanderundpilgerakademie\/","name":"Wander- und Pilgerakademie","description":"Allgemeine Infos zur Wander- und Pilgerakademie","potentialAction":[{"@type":"SearchAction","target":{"@type":"EntryPoint","urlTemplate":"https:\/\/www.ltv-sachsen.de\/wanderundpilgerakademie\/?s={search_term_string}"},"query-input":{"@type":"PropertyValueSpecification","valueRequired":true,"valueName":"search_term_string"}}],"inLanguage":"de"}]}},"_links":{"self":[{"href":"https:\/\/www.ltv-sachsen.de\/wanderundpilgerakademie\/wp-json\/wp\/v2\/pages\/380","targetHints":{"allow":["GET"]}}],"collection":[{"href":"https:\/\/www.ltv-sachsen.de\/wanderundpilgerakademie\/wp-json\/wp\/v2\/pages"}],"about":[{"href":"https:\/\/www.ltv-sachsen.de\/wanderundpilgerakademie\/wp-json\/wp\/v2\/types\/page"}],"author":[{"embeddable":true,"href":"https:\/\/www.ltv-sachsen.de\/wanderundpilgerakademie\/wp-json\/wp\/v2\/users\/3"}],"replies":[{"embeddable":true,"href":"https:\/\/www.ltv-sachsen.de\/wanderundpilgerakademie\/wp-json\/wp\/v2\/comments?post=380"}],"version-history":[{"count":103,"href":"https:\/\/www.ltv-sachsen.de\/wanderundpilgerakademie\/wp-json\/wp\/v2\/pages\/380\/revisions"}],"predecessor-version":[{"id":3262,"href":"https:\/\/www.ltv-sachsen.de\/wanderundpilgerakademie\/wp-json\/wp\/v2\/pages\/380\/revisions\/3262"}],"up":[{"embeddable":true,"href":"https:\/\/www.ltv-sachsen.de\/wanderundpilgerakademie\/wp-json\/wp\/v2\/pages\/2701"}],"wp:attachment":[{"href":"https:\/\/www.ltv-sachsen.de\/wanderundpilgerakademie\/wp-json\/wp\/v2\/media?parent=380"}],"curies":[{"name":"wp","href":"https:\/\/api.w.org\/{rel}","templated":true}]}}