{"id":2723,"date":"2025-06-26T15:47:49","date_gmt":"2025-06-26T13:47:49","guid":{"rendered":"https:\/\/www.ltv-sachsen.de\/wanderundpilgerakademie\/?page_id=2723"},"modified":"2026-03-26T11:15:33","modified_gmt":"2026-03-26T10:15:33","slug":"christliche-pilgerbegleiterinnen-ausbildung-in-sachsen-voraussetzungen","status":"publish","type":"page","link":"https:\/\/www.ltv-sachsen.de\/wanderundpilgerakademie\/bildung\/saechsische-pilgerbegleiter-ausbildung\/christliche-pilgerbegleiterinnen-ausbildung-in-sachsen-voraussetzungen\/","title":{"rendered":"Christliche Pilgerbegleiter-Ausbildung in Sachsen Voraussetzungen"},"content":{"rendered":"<div class=\"wpb-content-wrapper\"><p>[vc_row ppi_row_padding=&#8220;ppi_remove_padding_top&#8220; full_width=&#8220;ppi_small_row&#8220;][vc_column][vc_tta_accordion][vc_tta_section title=&#8220;Wo findet die Ausbildung statt?&#8220; tab_id=&#8220;1738165503794-d290629c-07a5&#8243;][vc_column_text css=&#8220;&#8220;]<\/p>\n<p style=\"font-weight: 400\">Unsere Pilgerbegleiter-Ausbildung findet in der Regel in Freizeit- und Bildungsh\u00e4usern in kirchlicher Tr\u00e4gerschaft und meist in der N\u00e4he eines Pilgerweges statt. Diese H\u00e4user befinden sich innerhalb von Sachsen.<\/p>\n<p>[\/vc_column_text][\/vc_tta_section][vc_tta_section title=&#8220;Wie ist die Ausbildung aufgebaut?&#8220; tab_id=&#8220;1730987881530-7f6378e4-8d18&#8243;][vc_column_text]<\/p>\n<p style=\"font-weight: 400\">Unsere Pilgerbegleiter*innen-Ausbildung wird in drei aufeinander aufbauenden Modulen durchgef\u00fchrt. Das Modul 1 findet an vier Tagen statt, das Modul 2 an f\u00fcnf Tagen und das Modul 3 an drei Tagen. Somit umfasst die gesamte Ausbildung 12 Tage. Abgeschlossen wird die Ausbildung mit der \u00dcberreichung der Zertifikate\/ Teilnehmerbescheinigungen<\/p>\n<p>[\/vc_column_text][\/vc_tta_section][vc_tta_section title=&#8220;Welche Themen werden bearbeitet?&#8220; tab_id=&#8220;1738165552035-bcdc0885-f57e&#8220;][vc_column_text]<\/p>\n<ul>\n<li>Geschichte und Theologie des Pilgerns<\/li>\n<li>Pilgern in den Konfessionen und Religionen<\/li>\n<li>Erstellung spiritueller Impulse und entsprechende \u00dcbungen<\/li>\n<li>Praktische Fragen zur Planung und Vorbereitung einer ein- oder mehrt\u00e4gigen Pilgerwanderung<\/li>\n<li>Intensive praktische \u00dcbungen zur Vorbereitung und Durchf\u00fchrung von Pilgerwanderungen<\/li>\n<li>Anwendung des Gelernten bei der Durchf\u00fchrung einer Pilgerwanderung im Umfeld des Seminarhauses<\/li>\n<li>Theoretische Grundlagen der Ausschreibung eines Pilgerangebotes und entsprechendes Marketing<\/li>\n<li>Praktische \u00dcbung zur Ausschreibung eines Pilgerangebotes und dessen Reflexion im Rahmen der Ausbildungs-Gruppe als Abschlusskolloquium<\/li>\n<li>Einf\u00fchrung in die Kirchenraump\u00e4dagogik<\/li>\n<li>Einf\u00fchrung in die \u201eSeelsorge auf dem Weg\u201c<\/li>\n<li>Einf\u00fchrung in Fragen von Recht und Versicherung bezogen auf einen Pilgerweg<\/li>\n<li>Auffrischung der Ersten Hilfe<\/li>\n<li>Einbindung des Themas \u201ePilgern\u201c in die touristische Destination und Einf\u00fchrungen in die kirchlichen Strukturen der Region<\/li>\n<li>Kennenlernen des Netzwerkes der Jakobswege sowie sonstiger Pilgerwege und spiritueller Wege sowie der Strukturen der Jakobusgesellschaften<\/li>\n<li>Einf\u00fchrung in das Netzwerk der WPA in Sachsen sowie Kontakte zu den bereits ausgebildeten Pilgerbegleiter*innen<\/li>\n<\/ul>\n<p>[\/vc_column_text][\/vc_tta_section][vc_tta_section title=&#8220;Welche Ziele sollen erreicht werden?&#8220; tab_id=&#8220;1738165583944-22e4a6b8-0ae3&#8243;][vc_column_text]<\/p>\n<p style=\"font-weight: 400\">Mit dem Angebot der Pilgerbegleiter-Ausbildung werden Menschen mit Interesse am Pilgern mit Gruppen sowie mit Interesse an der p\u00e4dagogischen Arbeit mit Gruppen erreicht.<\/p>\n<ul>\n<li>die Pilgerbegleiter*innen erwerben Kompetenzen, um Pilgerwanderungen mit Gruppen zu planen, vorzubereiten und durchzuf\u00fchren<\/li>\n<li>die Pilgerbegleiter*innen erhalten die notwendigen Grundkenntnisse zur Geschichte und Theologie des Pilgerns sowie weitere Grundkenntnisse zu den Hintergr\u00fcnden des Pilgerns<\/li>\n<li>die Pilgerbegleiter*innen werden in die Lage versetzt, sich die pers\u00f6nlichkeitsbedingten Besonderheiten der Mitpilgernden einzustellen<\/li>\n<li>die Pilgerbegleiter*innen werden in die Lage versetzt, sich auf besondere Situationen w\u00e4hrend der Pilgertour (z. B. einen Unfall) einzustellen<\/li>\n<li>die Pilgerbegleiter*innen erhalten umfangreiche kirchenp\u00e4dagogische Grundkenntnisse<\/li>\n<li>die Pilgerbegleiter*innen werden in das Netzwerk der Pilgerwege und der Pilgerbegleiter*innen in Sachsen sowie der WPA insgesamt eingebunden<\/li>\n<li>im Ergebnis der Pilgerbegleiter-Ausbildung wird es in Sachsen ein breiteres Angebot an Pilgerwanderungen geben. Vorhandene Angebote werden qualitativ verbessert. Angebote k\u00f6nnen strukturiert z. B. als \u201eSamstagpilgern\u201c erstellt werden. Angebote k\u00f6nnen an besondere Zielgruppen (z. B. Menschen in besonderen Lebenssituationen, Menschen mit Beeintr\u00e4chtigungen usw.) gerichtet werden.<\/li>\n<li>Pilgerbegleiter*innen werden in die Lage versetzt, ihre Erfahrungen w\u00e4hrend der Pilgerwanderungen zu reflektieren und sie k\u00f6nnen sich auf konkrete Situationen einstellen<\/li>\n<li>die Pilgerbegleiter*innen werden in die Lage versetzt das Netzwerk im Bereich \u201eWandern, Pilgern, Kirche und Tourismus mitzugestalten<\/li>\n<li>die Pilgerbegleiter*innen werden in die Lage versetzt, Kontakte zu ihren Zielgruppen herzustellen und zu vertiefen<\/li>\n<\/ul>\n<p>[\/vc_column_text][\/vc_tta_section][vc_tta_section title=&#8220;Welche Pr\u00fcfungsleistungen m\u00fcssen werden absolviert?&#8220; tab_id=&#8220;1738165646815-bf19692d-893c&#8220;][vc_column_text]<\/p>\n<ul>\n<li>Praxisteil 1 \u2013 Die gelingende Vorbereitung, Durchf\u00fchrung und Reflexion einer eint\u00e4gigen Pilgerwanderung im zweiten Modul der Ausbildung<\/li>\n<li>Praxisteil 2 \u2013 Die gelingende Erstellung, Ausschreibung und Reflexion eines eigenen Pilgerangebotes<\/li>\n<\/ul>\n<p>[\/vc_column_text][\/vc_tta_section][vc_tta_section title=&#8220;Welche Menschen wollen wir mit dieser Ausbildung besonders ansprechen?&#8220; tab_id=&#8220;1738165682846-0c4d8586-c2f8&#8243;][vc_column_text]<\/p>\n<p style=\"font-weight: 400\">Eingeladen sind Menschen mit Pilgererfahrungen und christlich-theologischem sowie spirituellem Interesse sowie mit der Bereitschaft, im Anschluss an die Ausbildung, Pilgerangebote in christlicher Verantwortung f\u00fcr die Gruppe zu entwickeln.<\/p>\n<p>[\/vc_column_text][\/vc_tta_section][vc_tta_section title=&#8220;Was sollen Interessierte mitbringen?&#8220; tab_id=&#8220;1738165711638-93126654-aa4b&#8220;][vc_column_text]<\/p>\n<ul>\n<li>Pilgererfahrungen im weitesten Sinne<\/li>\n<li>Vorerfahrungen in der Arbeit mit Menschen und mit Gruppen<\/li>\n<li>christlich theologisches Interesse und spirituelle Offenheit<\/li>\n<li>grunds\u00e4tzliche Bereitschaft zur Durchf\u00fchrung von christlichen Pilgerangeboten nach Abschluss der Qualifizierung und Engagement im s\u00e4chsischen Pilgernetzwerk<\/li>\n<li>Hauptwohnsitz in Sachsen<\/li>\n<\/ul>\n<p>[\/vc_column_text][\/vc_tta_section][vc_tta_section title=&#8220;Wer geh\u00f6rt zum Team der Ausbildenden?&#8220; tab_id=&#8220;1738165741799-4626a700-e689&#8243;][vc_column_text]<\/p>\n<p style=\"font-weight: 400\">Holger Richter, Wander- und Pilgerakademie Sachsen<\/p>\n<p style=\"font-weight: 400\">Michael Kummer, Pilgerbeauftragter des Dekanats Schwabach\/Bayern und Landesbeauftragter der Deutschen-Lutherweg-Gesellschaft f\u00fcr Bayern<\/p>\n<p style=\"font-weight: 400\">Referentinnen und Referenten f\u00fcr die Themenfelder<\/p>\n<p>[\/vc_column_text][\/vc_tta_section][vc_tta_section title=&#8220;Welcher Abschluss kann erworben werden?&#8220; tab_id=&#8220;1738165819762-22e19622-b2c8&#8243;][vc_column_text]<\/p>\n<p style=\"font-weight: 400\">Ein Zertifikat der Wander- und Pilgerakademie Sachsen und eine Teilnahmebescheinigung mit den Themeneinheiten werden nach erfolgreichem Abschluss der Ausbildung \u00fcberreicht.<\/p>\n<p style=\"font-weight: 400\">Voraussetzung f\u00fcr die Erteilung des Zertifikates ist,<\/p>\n<ol>\n<li>Die Anwesenheit in allen drei Modulen und insgesamt an mindestens 85% der Ausbildungszeit.<\/li>\n<li>Der gelingende Abschluss der beiden Praxisprojekte im Modul 2 und im Modul 3 der Ausbildung.<\/li>\n<\/ol>\n<p>[\/vc_column_text][\/vc_tta_section][vc_tta_section title=&#8220;Wo gibt es Informationen zu den Kosten und wo kann ich mich anmelden?&#8220; tab_id=&#8220;1738165858769-04f87919-a6e8&#8243;][vc_column_text css=&#8220;&#8220;]<a href=\"https:\/\/eeb-sachsen.de\/christliche-pilgerbegleiter-ausbildung-in-sachsen.html\">Hier finden Sie die aktuellen Preise und k\u00f6nnen sich anmelden <\/a>oder uns eine <a href=\"https:\/\/eeb-sachsen.de\/wegewartausbildung-in-sachsen.html?fart=2\">I<\/a><a href=\"https:\/\/eeb-sachsen.de\/christliche-pilgerbegleiter-ausbildung-in-sachsen.html?fart=2\">nteressensbekundung<\/a> zusenden.<\/p>\n<p style=\"font-weight: 400\">R\u00fcckfragen nimmt Holger Richter entgegen: Projektmanager f\u00fcr \u201eWandern, Pilgern, Kirche und Tourismus\u201c<\/p>\n<p>Mobil: 0049 \u2013 15165076693 | Mail: <a href=\"mailto:holger.richter@evlks.de\">holger.richter@evlks.de<\/a><\/p>\n<p style=\"font-weight: 400\">Bei Interesse an unserer Pilgerbegleiter*innen-Ausbildung erhalten Sie eine Best\u00e4tigung sowie einen Anmelde-\/ Motivationsbogen. Diesen f\u00fcllen Sie bitte aus und senden ihn zeitnah und m\u00f6glichst digital an uns zur\u00fcck. Ab Mitte November des laufenden Jahres werden wir alle eingegangenen Anmeldungen f\u00fcr die Ausbildung sichten und Kontakt mit Ihnen aufnehmen. Pro Jahr stehen 12-14 Ausbildungspl\u00e4tze zur Verf\u00fcgung stehen. Die Anzahl der Pl\u00e4tze ist begrenzt. Die Reihenfolge der Anmeldung hat keinen Einfluss auf eine m\u00f6gliche Teilnahme.<\/p>\n<p>[\/vc_column_text][\/vc_tta_section][vc_tta_section title=&#8220;Wann ist der Anmeldeschluss?&#8220; tab_id=&#8220;1738165941228-1cdce5e8-85b9&#8243;][vc_column_text]<\/p>\n<p style=\"font-weight: 400\">Wir bitten um eine Anmeldung bis Sommer des aktuellen Jahres f\u00fcr das Folgejahr.<\/p>\n<p>[\/vc_column_text][\/vc_tta_section][\/vc_tta_accordion][\/vc_column][\/vc_row][vc_row][vc_column][vc_column_text css=&#8220;&#8220;]Erfahren Sie hier mehr: <a href=\"https:\/\/www.ltv-sachsen.de\/wanderundpilgerakademie\/bildung\/saechsische-pilgerbegleiter-ausbildung\/christliche-pilgerbegleiterinnen-ausbildung-in-sachsen-rueckblick\/\">R\u00fcckblick<\/a>[\/vc_column_text][\/vc_column][\/vc_row]<\/p>\n<\/div>","protected":false},"excerpt":{"rendered":"<p>[vc_row ppi_row_padding=&#8220;ppi_remove_padding_top&#8220; full_width=&#8220;ppi_small_row&#8220;][vc_column][vc_tta_accordion][vc_tta_section title=&#8220;Wo findet die Ausbildung statt?&#8220; tab_id=&#8220;1738165503794-d290629c-07a5&#8243;][vc_column_text css=&#8220;&#8220;] Unsere Pilgerbegleiter-Ausbildung findet in der Regel in Freizeit- und Bildungsh\u00e4usern in kirchlicher Tr\u00e4gerschaft und meist in der N\u00e4he eines Pilgerweges statt. Diese H\u00e4user befinden sich innerhalb von Sachsen. [\/vc_column_text][\/vc_tta_section][vc_tta_section title=&#8220;Wie ist die Ausbildung aufgebaut?&#8220; tab_id=&#8220;1730987881530-7f6378e4-8d18&#8243;][vc_column_text] Unsere Pilgerbegleiter*innen-Ausbildung wird in drei aufeinander aufbauenden Modulen durchgef\u00fchrt. Das [&hellip;]<\/p>\n","protected":false},"author":5,"featured_media":0,"parent":391,"menu_order":0,"comment_status":"closed","ping_status":"closed","template":"","meta":{"_acf_changed":false,"inline_featured_image":false,"footnotes":""},"class_list":["post-2723","page","type-page","status-publish","hentry"],"acf":[],"yoast_head":"<!-- This site is optimized with the Yoast SEO plugin v26.4 - https:\/\/yoast.com\/wordpress\/plugins\/seo\/ -->\n<title>Christliche Pilgerbegleiter-Ausbildung in Sachsen Voraussetzungen - Wander- und Pilgerakademie<\/title>\n<meta name=\"robots\" content=\"index, follow, max-snippet:-1, max-image-preview:large, max-video-preview:-1\" \/>\n<link rel=\"canonical\" href=\"https:\/\/www.ltv-sachsen.de\/wanderundpilgerakademie\/bildung\/saechsische-pilgerbegleiter-ausbildung\/christliche-pilgerbegleiterinnen-ausbildung-in-sachsen-voraussetzungen\/\" \/>\n<meta property=\"og:locale\" content=\"de_DE\" \/>\n<meta property=\"og:type\" content=\"article\" \/>\n<meta property=\"og:title\" content=\"Christliche Pilgerbegleiter-Ausbildung in Sachsen Voraussetzungen - Wander- und Pilgerakademie\" \/>\n<meta property=\"og:description\" content=\"[vc_row ppi_row_padding=&#8220;ppi_remove_padding_top&#8220; full_width=&#8220;ppi_small_row&#8220;][vc_column][vc_tta_accordion][vc_tta_section title=&#8220;Wo findet die Ausbildung statt?&#8220; tab_id=&#8220;1738165503794-d290629c-07a5&#8243;][vc_column_text css=&#8220;&#8220;] Unsere Pilgerbegleiter-Ausbildung findet in der Regel in Freizeit- und Bildungsh\u00e4usern in kirchlicher Tr\u00e4gerschaft und meist in der N\u00e4he eines Pilgerweges statt. Diese H\u00e4user befinden sich innerhalb von Sachsen. [\/vc_column_text][\/vc_tta_section][vc_tta_section title=&#8220;Wie ist die Ausbildung aufgebaut?&#8220; tab_id=&#8220;1730987881530-7f6378e4-8d18&#8243;][vc_column_text] Unsere Pilgerbegleiter*innen-Ausbildung wird in drei aufeinander aufbauenden Modulen durchgef\u00fchrt. Das [&hellip;]\" \/>\n<meta property=\"og:url\" content=\"https:\/\/www.ltv-sachsen.de\/wanderundpilgerakademie\/bildung\/saechsische-pilgerbegleiter-ausbildung\/christliche-pilgerbegleiterinnen-ausbildung-in-sachsen-voraussetzungen\/\" \/>\n<meta property=\"og:site_name\" content=\"Wander- und Pilgerakademie\" \/>\n<meta property=\"article:modified_time\" content=\"2026-03-26T10:15:33+00:00\" \/>\n<meta name=\"twitter:card\" content=\"summary_large_image\" \/>\n<meta name=\"twitter:label1\" content=\"Gesch\u00e4tzte Lesezeit\" \/>\n\t<meta name=\"twitter:data1\" content=\"5\u00a0Minuten\" \/>\n<script type=\"application\/ld+json\" class=\"yoast-schema-graph\">{\"@context\":\"https:\/\/schema.org\",\"@graph\":[{\"@type\":\"WebPage\",\"@id\":\"https:\/\/www.ltv-sachsen.de\/wanderundpilgerakademie\/bildung\/saechsische-pilgerbegleiter-ausbildung\/christliche-pilgerbegleiterinnen-ausbildung-in-sachsen-voraussetzungen\/\",\"url\":\"https:\/\/www.ltv-sachsen.de\/wanderundpilgerakademie\/bildung\/saechsische-pilgerbegleiter-ausbildung\/christliche-pilgerbegleiterinnen-ausbildung-in-sachsen-voraussetzungen\/\",\"name\":\"Christliche Pilgerbegleiter-Ausbildung in Sachsen Voraussetzungen - Wander- und Pilgerakademie\",\"isPartOf\":{\"@id\":\"https:\/\/www.ltv-sachsen.de\/wanderundpilgerakademie\/#website\"},\"datePublished\":\"2025-06-26T13:47:49+00:00\",\"dateModified\":\"2026-03-26T10:15:33+00:00\",\"breadcrumb\":{\"@id\":\"https:\/\/www.ltv-sachsen.de\/wanderundpilgerakademie\/bildung\/saechsische-pilgerbegleiter-ausbildung\/christliche-pilgerbegleiterinnen-ausbildung-in-sachsen-voraussetzungen\/#breadcrumb\"},\"inLanguage\":\"de\",\"potentialAction\":[{\"@type\":\"ReadAction\",\"target\":[\"https:\/\/www.ltv-sachsen.de\/wanderundpilgerakademie\/bildung\/saechsische-pilgerbegleiter-ausbildung\/christliche-pilgerbegleiterinnen-ausbildung-in-sachsen-voraussetzungen\/\"]}]},{\"@type\":\"BreadcrumbList\",\"@id\":\"https:\/\/www.ltv-sachsen.de\/wanderundpilgerakademie\/bildung\/saechsische-pilgerbegleiter-ausbildung\/christliche-pilgerbegleiterinnen-ausbildung-in-sachsen-voraussetzungen\/#breadcrumb\",\"itemListElement\":[{\"@type\":\"ListItem\",\"position\":1,\"name\":\"Home\",\"item\":\"https:\/\/www.ltv-sachsen.de\/wanderundpilgerakademie\/\"},{\"@type\":\"ListItem\",\"position\":2,\"name\":\"Bildung\",\"item\":\"https:\/\/www.ltv-sachsen.de\/wanderundpilgerakademie\/bildung\/\"},{\"@type\":\"ListItem\",\"position\":3,\"name\":\"Christliche Pilgerbegleiter-Ausbildung in Sachsen\",\"item\":\"https:\/\/www.ltv-sachsen.de\/wanderundpilgerakademie\/bildung\/saechsische-pilgerbegleiter-ausbildung\/\"},{\"@type\":\"ListItem\",\"position\":4,\"name\":\"Christliche Pilgerbegleiter-Ausbildung in Sachsen Voraussetzungen\"}]},{\"@type\":\"WebSite\",\"@id\":\"https:\/\/www.ltv-sachsen.de\/wanderundpilgerakademie\/#website\",\"url\":\"https:\/\/www.ltv-sachsen.de\/wanderundpilgerakademie\/\",\"name\":\"Wander- und Pilgerakademie\",\"description\":\"Allgemeine Infos zur Wander- und Pilgerakademie\",\"potentialAction\":[{\"@type\":\"SearchAction\",\"target\":{\"@type\":\"EntryPoint\",\"urlTemplate\":\"https:\/\/www.ltv-sachsen.de\/wanderundpilgerakademie\/?s={search_term_string}\"},\"query-input\":{\"@type\":\"PropertyValueSpecification\",\"valueRequired\":true,\"valueName\":\"search_term_string\"}}],\"inLanguage\":\"de\"}]}<\/script>\n<!-- \/ Yoast SEO plugin. -->","yoast_head_json":{"title":"Christliche Pilgerbegleiter-Ausbildung in Sachsen Voraussetzungen - Wander- und Pilgerakademie","robots":{"index":"index","follow":"follow","max-snippet":"max-snippet:-1","max-image-preview":"max-image-preview:large","max-video-preview":"max-video-preview:-1"},"canonical":"https:\/\/www.ltv-sachsen.de\/wanderundpilgerakademie\/bildung\/saechsische-pilgerbegleiter-ausbildung\/christliche-pilgerbegleiterinnen-ausbildung-in-sachsen-voraussetzungen\/","og_locale":"de_DE","og_type":"article","og_title":"Christliche Pilgerbegleiter-Ausbildung in Sachsen Voraussetzungen - Wander- und Pilgerakademie","og_description":"[vc_row ppi_row_padding=&#8220;ppi_remove_padding_top&#8220; full_width=&#8220;ppi_small_row&#8220;][vc_column][vc_tta_accordion][vc_tta_section title=&#8220;Wo findet die Ausbildung statt?&#8220; tab_id=&#8220;1738165503794-d290629c-07a5&#8243;][vc_column_text css=&#8220;&#8220;] Unsere Pilgerbegleiter-Ausbildung findet in der Regel in Freizeit- und Bildungsh\u00e4usern in kirchlicher Tr\u00e4gerschaft und meist in der N\u00e4he eines Pilgerweges statt. Diese H\u00e4user befinden sich innerhalb von Sachsen. [\/vc_column_text][\/vc_tta_section][vc_tta_section title=&#8220;Wie ist die Ausbildung aufgebaut?&#8220; tab_id=&#8220;1730987881530-7f6378e4-8d18&#8243;][vc_column_text] Unsere Pilgerbegleiter*innen-Ausbildung wird in drei aufeinander aufbauenden Modulen durchgef\u00fchrt. Das [&hellip;]","og_url":"https:\/\/www.ltv-sachsen.de\/wanderundpilgerakademie\/bildung\/saechsische-pilgerbegleiter-ausbildung\/christliche-pilgerbegleiterinnen-ausbildung-in-sachsen-voraussetzungen\/","og_site_name":"Wander- und Pilgerakademie","article_modified_time":"2026-03-26T10:15:33+00:00","twitter_card":"summary_large_image","twitter_misc":{"Gesch\u00e4tzte Lesezeit":"5\u00a0Minuten"},"schema":{"@context":"https:\/\/schema.org","@graph":[{"@type":"WebPage","@id":"https:\/\/www.ltv-sachsen.de\/wanderundpilgerakademie\/bildung\/saechsische-pilgerbegleiter-ausbildung\/christliche-pilgerbegleiterinnen-ausbildung-in-sachsen-voraussetzungen\/","url":"https:\/\/www.ltv-sachsen.de\/wanderundpilgerakademie\/bildung\/saechsische-pilgerbegleiter-ausbildung\/christliche-pilgerbegleiterinnen-ausbildung-in-sachsen-voraussetzungen\/","name":"Christliche Pilgerbegleiter-Ausbildung in Sachsen Voraussetzungen - Wander- und Pilgerakademie","isPartOf":{"@id":"https:\/\/www.ltv-sachsen.de\/wanderundpilgerakademie\/#website"},"datePublished":"2025-06-26T13:47:49+00:00","dateModified":"2026-03-26T10:15:33+00:00","breadcrumb":{"@id":"https:\/\/www.ltv-sachsen.de\/wanderundpilgerakademie\/bildung\/saechsische-pilgerbegleiter-ausbildung\/christliche-pilgerbegleiterinnen-ausbildung-in-sachsen-voraussetzungen\/#breadcrumb"},"inLanguage":"de","potentialAction":[{"@type":"ReadAction","target":["https:\/\/www.ltv-sachsen.de\/wanderundpilgerakademie\/bildung\/saechsische-pilgerbegleiter-ausbildung\/christliche-pilgerbegleiterinnen-ausbildung-in-sachsen-voraussetzungen\/"]}]},{"@type":"BreadcrumbList","@id":"https:\/\/www.ltv-sachsen.de\/wanderundpilgerakademie\/bildung\/saechsische-pilgerbegleiter-ausbildung\/christliche-pilgerbegleiterinnen-ausbildung-in-sachsen-voraussetzungen\/#breadcrumb","itemListElement":[{"@type":"ListItem","position":1,"name":"Home","item":"https:\/\/www.ltv-sachsen.de\/wanderundpilgerakademie\/"},{"@type":"ListItem","position":2,"name":"Bildung","item":"https:\/\/www.ltv-sachsen.de\/wanderundpilgerakademie\/bildung\/"},{"@type":"ListItem","position":3,"name":"Christliche Pilgerbegleiter-Ausbildung in Sachsen","item":"https:\/\/www.ltv-sachsen.de\/wanderundpilgerakademie\/bildung\/saechsische-pilgerbegleiter-ausbildung\/"},{"@type":"ListItem","position":4,"name":"Christliche Pilgerbegleiter-Ausbildung in Sachsen Voraussetzungen"}]},{"@type":"WebSite","@id":"https:\/\/www.ltv-sachsen.de\/wanderundpilgerakademie\/#website","url":"https:\/\/www.ltv-sachsen.de\/wanderundpilgerakademie\/","name":"Wander- und Pilgerakademie","description":"Allgemeine Infos zur Wander- und Pilgerakademie","potentialAction":[{"@type":"SearchAction","target":{"@type":"EntryPoint","urlTemplate":"https:\/\/www.ltv-sachsen.de\/wanderundpilgerakademie\/?s={search_term_string}"},"query-input":{"@type":"PropertyValueSpecification","valueRequired":true,"valueName":"search_term_string"}}],"inLanguage":"de"}]}},"_links":{"self":[{"href":"https:\/\/www.ltv-sachsen.de\/wanderundpilgerakademie\/wp-json\/wp\/v2\/pages\/2723","targetHints":{"allow":["GET"]}}],"collection":[{"href":"https:\/\/www.ltv-sachsen.de\/wanderundpilgerakademie\/wp-json\/wp\/v2\/pages"}],"about":[{"href":"https:\/\/www.ltv-sachsen.de\/wanderundpilgerakademie\/wp-json\/wp\/v2\/types\/page"}],"author":[{"embeddable":true,"href":"https:\/\/www.ltv-sachsen.de\/wanderundpilgerakademie\/wp-json\/wp\/v2\/users\/5"}],"replies":[{"embeddable":true,"href":"https:\/\/www.ltv-sachsen.de\/wanderundpilgerakademie\/wp-json\/wp\/v2\/comments?post=2723"}],"version-history":[{"count":21,"href":"https:\/\/www.ltv-sachsen.de\/wanderundpilgerakademie\/wp-json\/wp\/v2\/pages\/2723\/revisions"}],"predecessor-version":[{"id":3250,"href":"https:\/\/www.ltv-sachsen.de\/wanderundpilgerakademie\/wp-json\/wp\/v2\/pages\/2723\/revisions\/3250"}],"up":[{"embeddable":true,"href":"https:\/\/www.ltv-sachsen.de\/wanderundpilgerakademie\/wp-json\/wp\/v2\/pages\/391"}],"wp:attachment":[{"href":"https:\/\/www.ltv-sachsen.de\/wanderundpilgerakademie\/wp-json\/wp\/v2\/media?parent=2723"}],"curies":[{"name":"wp","href":"https:\/\/api.w.org\/{rel}","templated":true}]}}