{"id":2701,"date":"2025-06-26T14:47:30","date_gmt":"2025-06-26T12:47:30","guid":{"rendered":"https:\/\/www.ltv-sachsen.de\/wanderundpilgerakademie\/?page_id=2701"},"modified":"2026-04-02T15:25:18","modified_gmt":"2026-04-02T13:25:18","slug":"wegewartinnen-ausbildung-in-sachsen","status":"publish","type":"page","link":"https:\/\/www.ltv-sachsen.de\/wanderundpilgerakademie\/bildung\/wegewartinnen-ausbildung-in-sachsen\/","title":{"rendered":"Ausbildung zum Wegewart in Sachsen"},"content":{"rendered":"<div class=\"wpb-content-wrapper\"><p>[vc_row ppi_row_padding=&#8220;ppi_remove_padding_top,ppi_remove_padding_bottom&#8220;][vc_column]<div class=\"small-teasers\"><div class=\"ppi_row ppi_row-flex\"><div class=\"ppi_col-xs-12 ppi_col-sm-6 ppi_col-md-4 ppi_col-lg-3\"><a class=\"small-teasers__item\" href=\"https:\/\/www.ltv-sachsen.de\/wanderundpilgerakademie\/bildung\/wegewartinnen-ausbildung-in-sachsen\/wegewartinnen-ausbildung-in-sachsen-termine\/\" target=\"\" title=\"Wegewart*innen-Ausbildung in Sachsen Termine\"><div class=\"small-teasers__item__image\"><img loading=\"lazy\" decoding=\"async\" width=\"480\" height=\"336\" src=\"https:\/\/www.ltv-sachsen.de\/wp-content\/uploads\/sites\/2\/2025\/06\/Wanderfuehrerausbildung-Termine-480x336.jpg\" class=\"attachment-ltv-sachsen-xs size-ltv-sachsen-xs\" alt=\"Wegewart Termine\" srcset=\"https:\/\/www.ltv-sachsen.de\/wp-content\/uploads\/sites\/2\/2025\/06\/Wanderfuehrerausbildung-Termine-480x336.jpg 480w, https:\/\/www.ltv-sachsen.de\/wp-content\/uploads\/sites\/2\/2025\/06\/Wanderfuehrerausbildung-Termine-300x210.jpg 300w, https:\/\/www.ltv-sachsen.de\/wp-content\/uploads\/sites\/2\/2025\/06\/Wanderfuehrerausbildung-Termine-768x538.jpg 768w, https:\/\/www.ltv-sachsen.de\/wp-content\/uploads\/sites\/2\/2025\/06\/Wanderfuehrerausbildung-Termine.jpg 785w\" sizes=\"auto, (max-width: 480px) 100vw, 480px\" \/><\/div><div class=\"small-teasers__item__title\"><h5>Termine <\/h5><\/div><\/a><\/div><div class=\"ppi_col-xs-12 ppi_col-sm-6 ppi_col-md-4 ppi_col-lg-3\"><a class=\"small-teasers__item\" href=\"https:\/\/www.ltv-sachsen.de\/wanderundpilgerakademie\/bildung\/wegewartinnen-ausbildung-in-sachsen\/wegewart-ausbildung-in-sachsen-voraussetzungen\/\" target=\"\" title=\"\"><div class=\"small-teasers__item__image\"><img loading=\"lazy\" decoding=\"async\" width=\"480\" height=\"336\" src=\"https:\/\/www.ltv-sachsen.de\/wp-content\/uploads\/sites\/2\/2025\/06\/Wegewartausbildung-Vorausaetzungen-480x336.gif\" class=\"attachment-ltv-sachsen-xs size-ltv-sachsen-xs\" alt=\"Wandergruppe\" srcset=\"https:\/\/www.ltv-sachsen.de\/wp-content\/uploads\/sites\/2\/2025\/06\/Wegewartausbildung-Vorausaetzungen-480x336.gif 480w, https:\/\/www.ltv-sachsen.de\/wp-content\/uploads\/sites\/2\/2025\/06\/Wegewartausbildung-Vorausaetzungen-300x210.gif 300w, https:\/\/www.ltv-sachsen.de\/wp-content\/uploads\/sites\/2\/2025\/06\/Wegewartausbildung-Vorausaetzungen-768x538.gif 768w\" sizes=\"auto, (max-width: 480px) 100vw, 480px\" \/><\/div><div class=\"small-teasers__item__title\"><h5>Voraussetzungen <\/h5><\/div><\/a><\/div><div class=\"ppi_col-xs-12 ppi_col-sm-6 ppi_col-md-4 ppi_col-lg-3\"><a class=\"small-teasers__item\" href=\"https:\/\/www.ltv-sachsen.de\/wanderundpilgerakademie\/bildung\/wegewartinnen-ausbildung-in-sachsen\/wegewartinnen-ausbildung-in-sachsen-rueckblick\/\" target=\"\" title=\"Wegewart*innen-Ausbildung in Sachsen R\u00fcckblick\"><div class=\"small-teasers__item__image\"><img loading=\"lazy\" decoding=\"async\" width=\"480\" height=\"336\" src=\"https:\/\/www.ltv-sachsen.de\/wp-content\/uploads\/sites\/2\/2025\/07\/Wegewart-kleiner-Teaser-480x336.jpg\" class=\"attachment-ltv-sachsen-xs size-ltv-sachsen-xs\" alt=\"Wegewarte in Sachsen\" srcset=\"https:\/\/www.ltv-sachsen.de\/wp-content\/uploads\/sites\/2\/2025\/07\/Wegewart-kleiner-Teaser-480x336.jpg 480w, https:\/\/www.ltv-sachsen.de\/wp-content\/uploads\/sites\/2\/2025\/07\/Wegewart-kleiner-Teaser-300x210.jpg 300w, https:\/\/www.ltv-sachsen.de\/wp-content\/uploads\/sites\/2\/2025\/07\/Wegewart-kleiner-Teaser-768x538.jpg 768w, https:\/\/www.ltv-sachsen.de\/wp-content\/uploads\/sites\/2\/2025\/07\/Wegewart-kleiner-Teaser.jpg 785w\" sizes=\"auto, (max-width: 480px) 100vw, 480px\" \/><\/div><div class=\"small-teasers__item__title\"><h5>R\u00fcckblick<\/h5><\/div><\/a><\/div><\/div><\/div>[\/vc_column][\/vc_row][vc_row ppi_row_padding=&#8220;ppi_remove_padding_top,ppi_remove_padding_bottom&#8220;][vc_column][vc_column_text css=&#8220;&#8220;]<\/p>\n<h2>Ausbildung zum Wegewart in Sachsen<\/h2>\n<p>Pilgerwege und Wanderwege m\u00fcssen gewartet werden und sicher gekennzeichnet sein. In den jeweils 20-st\u00fcndigen Ausbildungskursen werden die Teilnehmenden mit der Gestaltung des Wander- und Pilgerwegenetzes vertraut gemacht und erfahren mehr \u00fcber die Markierung der Wander- und Pilgerwege in Sachsen, die Klassifizierung des Wegenetzes, sowie \u00fcber das Aufgabenprofil und die Verantwortung von Wegewarten. An den Abenden werden dar\u00fcber hinaus kulturelle und fachspezifische Angebote gemacht, um Vernetzung untereinander zu erm\u00f6glichen und touristische Besonderheiten im Umfeld des Tagungshauses wahrzunehmen. Die DMO, in der die WWA stattfindet, hat die M\u00f6glichkeiten, den Teilnehmenden im Rahmen der Ausbildung die Besonderheiten der Region nahe zu bringen. Die Ausbildung schlie\u00dft mit einem Abschlussgespr\u00e4ch und der \u00dcberreichung der Zertifikate\/Teilnahmebescheinigungen. Damit wird dokumentiert, dass die Teilnehmenden die Ausbildung zum Wegewart erfolgreich absolviert haben.[\/vc_column_text][\/vc_column][\/vc_row]<\/p>\n<\/div>","protected":false},"excerpt":{"rendered":"<p>[vc_row ppi_row_padding=&#8220;ppi_remove_padding_top,ppi_remove_padding_bottom&#8220;][vc_column][\/vc_column][\/vc_row][vc_row ppi_row_padding=&#8220;ppi_remove_padding_top,ppi_remove_padding_bottom&#8220;][vc_column][vc_column_text css=&#8220;&#8220;] Ausbildung zum Wegewart in Sachsen Pilgerwege und Wanderwege m\u00fcssen gewartet werden und sicher gekennzeichnet sein. In den jeweils 20-st\u00fcndigen Ausbildungskursen werden die Teilnehmenden mit der Gestaltung des Wander- und Pilgerwegenetzes vertraut gemacht und erfahren mehr \u00fcber die Markierung der Wander- und Pilgerwege in Sachsen, die Klassifizierung des Wegenetzes, sowie \u00fcber das [&hellip;]<\/p>\n","protected":false},"author":5,"featured_media":0,"parent":12,"menu_order":0,"comment_status":"closed","ping_status":"closed","template":"","meta":{"_acf_changed":false,"inline_featured_image":false,"footnotes":""},"class_list":["post-2701","page","type-page","status-publish","hentry"],"acf":[],"yoast_head":"<!-- This site is optimized with the Yoast SEO plugin v26.4 - https:\/\/yoast.com\/wordpress\/plugins\/seo\/ -->\n<title>Ausbildung zum Wegewart in Sachsen - Wander- und Pilgerakademie<\/title>\n<meta name=\"robots\" content=\"index, follow, max-snippet:-1, max-image-preview:large, max-video-preview:-1\" \/>\n<link rel=\"canonical\" href=\"https:\/\/www.ltv-sachsen.de\/wanderundpilgerakademie\/bildung\/wegewartinnen-ausbildung-in-sachsen\/\" \/>\n<meta property=\"og:locale\" content=\"de_DE\" \/>\n<meta property=\"og:type\" content=\"article\" \/>\n<meta property=\"og:title\" content=\"Ausbildung zum Wegewart in Sachsen - Wander- und Pilgerakademie\" \/>\n<meta property=\"og:description\" content=\"[vc_row ppi_row_padding=&#8220;ppi_remove_padding_top,ppi_remove_padding_bottom&#8220;][vc_column][\/vc_column][\/vc_row][vc_row ppi_row_padding=&#8220;ppi_remove_padding_top,ppi_remove_padding_bottom&#8220;][vc_column][vc_column_text css=&#8220;&#8220;] Ausbildung zum Wegewart in Sachsen Pilgerwege und Wanderwege m\u00fcssen gewartet werden und sicher gekennzeichnet sein. In den jeweils 20-st\u00fcndigen Ausbildungskursen werden die Teilnehmenden mit der Gestaltung des Wander- und Pilgerwegenetzes vertraut gemacht und erfahren mehr \u00fcber die Markierung der Wander- und Pilgerwege in Sachsen, die Klassifizierung des Wegenetzes, sowie \u00fcber das [&hellip;]\" \/>\n<meta property=\"og:url\" content=\"https:\/\/www.ltv-sachsen.de\/wanderundpilgerakademie\/bildung\/wegewartinnen-ausbildung-in-sachsen\/\" \/>\n<meta property=\"og:site_name\" content=\"Wander- und Pilgerakademie\" \/>\n<meta property=\"article:modified_time\" content=\"2026-04-02T13:25:18+00:00\" \/>\n<meta name=\"twitter:card\" content=\"summary_large_image\" \/>\n<meta name=\"twitter:label1\" content=\"Gesch\u00e4tzte Lesezeit\" \/>\n\t<meta name=\"twitter:data1\" content=\"1\u00a0Minute\" \/>\n<script type=\"application\/ld+json\" class=\"yoast-schema-graph\">{\"@context\":\"https:\/\/schema.org\",\"@graph\":[{\"@type\":\"WebPage\",\"@id\":\"https:\/\/www.ltv-sachsen.de\/wanderundpilgerakademie\/bildung\/wegewartinnen-ausbildung-in-sachsen\/\",\"url\":\"https:\/\/www.ltv-sachsen.de\/wanderundpilgerakademie\/bildung\/wegewartinnen-ausbildung-in-sachsen\/\",\"name\":\"Ausbildung zum Wegewart in Sachsen - Wander- und Pilgerakademie\",\"isPartOf\":{\"@id\":\"https:\/\/www.ltv-sachsen.de\/wanderundpilgerakademie\/#website\"},\"datePublished\":\"2025-06-26T12:47:30+00:00\",\"dateModified\":\"2026-04-02T13:25:18+00:00\",\"breadcrumb\":{\"@id\":\"https:\/\/www.ltv-sachsen.de\/wanderundpilgerakademie\/bildung\/wegewartinnen-ausbildung-in-sachsen\/#breadcrumb\"},\"inLanguage\":\"de\",\"potentialAction\":[{\"@type\":\"ReadAction\",\"target\":[\"https:\/\/www.ltv-sachsen.de\/wanderundpilgerakademie\/bildung\/wegewartinnen-ausbildung-in-sachsen\/\"]}]},{\"@type\":\"BreadcrumbList\",\"@id\":\"https:\/\/www.ltv-sachsen.de\/wanderundpilgerakademie\/bildung\/wegewartinnen-ausbildung-in-sachsen\/#breadcrumb\",\"itemListElement\":[{\"@type\":\"ListItem\",\"position\":1,\"name\":\"Home\",\"item\":\"https:\/\/www.ltv-sachsen.de\/wanderundpilgerakademie\/\"},{\"@type\":\"ListItem\",\"position\":2,\"name\":\"Bildung\",\"item\":\"https:\/\/www.ltv-sachsen.de\/wanderundpilgerakademie\/bildung\/\"},{\"@type\":\"ListItem\",\"position\":3,\"name\":\"Ausbildung zum Wegewart in Sachsen\"}]},{\"@type\":\"WebSite\",\"@id\":\"https:\/\/www.ltv-sachsen.de\/wanderundpilgerakademie\/#website\",\"url\":\"https:\/\/www.ltv-sachsen.de\/wanderundpilgerakademie\/\",\"name\":\"Wander- und Pilgerakademie\",\"description\":\"Allgemeine Infos zur Wander- und Pilgerakademie\",\"potentialAction\":[{\"@type\":\"SearchAction\",\"target\":{\"@type\":\"EntryPoint\",\"urlTemplate\":\"https:\/\/www.ltv-sachsen.de\/wanderundpilgerakademie\/?s={search_term_string}\"},\"query-input\":{\"@type\":\"PropertyValueSpecification\",\"valueRequired\":true,\"valueName\":\"search_term_string\"}}],\"inLanguage\":\"de\"}]}<\/script>\n<!-- \/ Yoast SEO plugin. -->","yoast_head_json":{"title":"Ausbildung zum Wegewart in Sachsen - Wander- und Pilgerakademie","robots":{"index":"index","follow":"follow","max-snippet":"max-snippet:-1","max-image-preview":"max-image-preview:large","max-video-preview":"max-video-preview:-1"},"canonical":"https:\/\/www.ltv-sachsen.de\/wanderundpilgerakademie\/bildung\/wegewartinnen-ausbildung-in-sachsen\/","og_locale":"de_DE","og_type":"article","og_title":"Ausbildung zum Wegewart in Sachsen - Wander- und Pilgerakademie","og_description":"[vc_row ppi_row_padding=&#8220;ppi_remove_padding_top,ppi_remove_padding_bottom&#8220;][vc_column][\/vc_column][\/vc_row][vc_row ppi_row_padding=&#8220;ppi_remove_padding_top,ppi_remove_padding_bottom&#8220;][vc_column][vc_column_text css=&#8220;&#8220;] Ausbildung zum Wegewart in Sachsen Pilgerwege und Wanderwege m\u00fcssen gewartet werden und sicher gekennzeichnet sein. In den jeweils 20-st\u00fcndigen Ausbildungskursen werden die Teilnehmenden mit der Gestaltung des Wander- und Pilgerwegenetzes vertraut gemacht und erfahren mehr \u00fcber die Markierung der Wander- und Pilgerwege in Sachsen, die Klassifizierung des Wegenetzes, sowie \u00fcber das [&hellip;]","og_url":"https:\/\/www.ltv-sachsen.de\/wanderundpilgerakademie\/bildung\/wegewartinnen-ausbildung-in-sachsen\/","og_site_name":"Wander- und Pilgerakademie","article_modified_time":"2026-04-02T13:25:18+00:00","twitter_card":"summary_large_image","twitter_misc":{"Gesch\u00e4tzte Lesezeit":"1\u00a0Minute"},"schema":{"@context":"https:\/\/schema.org","@graph":[{"@type":"WebPage","@id":"https:\/\/www.ltv-sachsen.de\/wanderundpilgerakademie\/bildung\/wegewartinnen-ausbildung-in-sachsen\/","url":"https:\/\/www.ltv-sachsen.de\/wanderundpilgerakademie\/bildung\/wegewartinnen-ausbildung-in-sachsen\/","name":"Ausbildung zum Wegewart in Sachsen - Wander- und Pilgerakademie","isPartOf":{"@id":"https:\/\/www.ltv-sachsen.de\/wanderundpilgerakademie\/#website"},"datePublished":"2025-06-26T12:47:30+00:00","dateModified":"2026-04-02T13:25:18+00:00","breadcrumb":{"@id":"https:\/\/www.ltv-sachsen.de\/wanderundpilgerakademie\/bildung\/wegewartinnen-ausbildung-in-sachsen\/#breadcrumb"},"inLanguage":"de","potentialAction":[{"@type":"ReadAction","target":["https:\/\/www.ltv-sachsen.de\/wanderundpilgerakademie\/bildung\/wegewartinnen-ausbildung-in-sachsen\/"]}]},{"@type":"BreadcrumbList","@id":"https:\/\/www.ltv-sachsen.de\/wanderundpilgerakademie\/bildung\/wegewartinnen-ausbildung-in-sachsen\/#breadcrumb","itemListElement":[{"@type":"ListItem","position":1,"name":"Home","item":"https:\/\/www.ltv-sachsen.de\/wanderundpilgerakademie\/"},{"@type":"ListItem","position":2,"name":"Bildung","item":"https:\/\/www.ltv-sachsen.de\/wanderundpilgerakademie\/bildung\/"},{"@type":"ListItem","position":3,"name":"Ausbildung zum Wegewart in Sachsen"}]},{"@type":"WebSite","@id":"https:\/\/www.ltv-sachsen.de\/wanderundpilgerakademie\/#website","url":"https:\/\/www.ltv-sachsen.de\/wanderundpilgerakademie\/","name":"Wander- und Pilgerakademie","description":"Allgemeine Infos zur Wander- und Pilgerakademie","potentialAction":[{"@type":"SearchAction","target":{"@type":"EntryPoint","urlTemplate":"https:\/\/www.ltv-sachsen.de\/wanderundpilgerakademie\/?s={search_term_string}"},"query-input":{"@type":"PropertyValueSpecification","valueRequired":true,"valueName":"search_term_string"}}],"inLanguage":"de"}]}},"_links":{"self":[{"href":"https:\/\/www.ltv-sachsen.de\/wanderundpilgerakademie\/wp-json\/wp\/v2\/pages\/2701","targetHints":{"allow":["GET"]}}],"collection":[{"href":"https:\/\/www.ltv-sachsen.de\/wanderundpilgerakademie\/wp-json\/wp\/v2\/pages"}],"about":[{"href":"https:\/\/www.ltv-sachsen.de\/wanderundpilgerakademie\/wp-json\/wp\/v2\/types\/page"}],"author":[{"embeddable":true,"href":"https:\/\/www.ltv-sachsen.de\/wanderundpilgerakademie\/wp-json\/wp\/v2\/users\/5"}],"replies":[{"embeddable":true,"href":"https:\/\/www.ltv-sachsen.de\/wanderundpilgerakademie\/wp-json\/wp\/v2\/comments?post=2701"}],"version-history":[{"count":15,"href":"https:\/\/www.ltv-sachsen.de\/wanderundpilgerakademie\/wp-json\/wp\/v2\/pages\/2701\/revisions"}],"predecessor-version":[{"id":3263,"href":"https:\/\/www.ltv-sachsen.de\/wanderundpilgerakademie\/wp-json\/wp\/v2\/pages\/2701\/revisions\/3263"}],"up":[{"embeddable":true,"href":"https:\/\/www.ltv-sachsen.de\/wanderundpilgerakademie\/wp-json\/wp\/v2\/pages\/12"}],"wp:attachment":[{"href":"https:\/\/www.ltv-sachsen.de\/wanderundpilgerakademie\/wp-json\/wp\/v2\/media?parent=2701"}],"curies":[{"name":"wp","href":"https:\/\/api.w.org\/{rel}","templated":true}]}}