{"id":2548,"date":"2025-03-27T14:08:43","date_gmt":"2025-03-27T13:08:43","guid":{"rendered":"https:\/\/www.ltv-sachsen.de\/wanderundpilgerakademie\/?page_id=2548"},"modified":"2026-01-09T09:41:36","modified_gmt":"2026-01-09T08:41:36","slug":"wanderfuehrerinnen-ausbildung-in-sachsen-kontaktdaten","status":"publish","type":"page","link":"https:\/\/www.ltv-sachsen.de\/wanderundpilgerakademie\/bildung\/qualifizierung-zu-wanderfuehrerin\/wanderfuehrerinnen-ausbildung-in-sachsen-kontaktdaten\/","title":{"rendered":"Wanderf\u00fchrer und Wanderf\u00fchrerinnen Angebote"},"content":{"rendered":"<div class=\"wpb-content-wrapper\"><p>[vc_row ppi_row_type=&#8220;ppi_light_green&#8220;][vc_column][vc_column_text css=&#8220;&#8220;]<\/p>\n<div class=\"vc_tta-panel-heading\">\n<h2 class=\"vc_tta-panel-title vc_tta-controls-icon-position-left\">Angebote unserer Wanderf\u00fchrer und Wanderf\u00fchrerinnen<\/h2>\n<\/div>\n<div class=\"vc_tta-panel-body\">\n<div class=\"wpb_text_column wpb_content_element \">\n<div class=\"wpb_wrapper\">\n<p>Dieser Bereich befindet sich noch im Aufbau.<\/p>\n<\/div>\n<\/div>\n<\/div>\n<p>[\/vc_column_text][vc_tta_accordion][vc_tta_section title=&#8220;Wanderf\u00fchrer und Wanderf\u00fchrerinnen \/ Erzgebirge&#8220; tab_id=&#8220;1738155637951-f1f4be67-ede3&#8243;][vc_column_text css=&#8220;&#8220;]Silvana Escher<a href=\"https:\/\/www.genusswandern-im-sehmatal.de\" target=\"_blank\" rel=\"noopener\"> Genusswandern im Sehmatal<\/a>\u00a0 \u00a0<a href=\"https:\/\/www.youtube.com\/watch?v=yEOAk_KHAIg&amp;t=10s\">Lust auf einen Kurzfilm?<\/a> \u201eUnterwegs im Sehmatal und im Neudorfer Suppenmuseum\u201c im Gespr\u00e4ch mit der DWV-zertifizierten Wanderf\u00fchrerin\u00ae Silvana Escher aus Neudorf[\/vc_column_text][\/vc_tta_section][vc_tta_section title=&#8220;Wanderf\u00fchrer und Wanderf\u00fchrerinnen \/ S\u00e4chsische Schweiz&#8220; tab_id=&#8220;1738155637957-aaafca4d-2999&#8243;][vc_row_inner][vc_column_inner][\/vc_column_inner][\/vc_row_inner][\/vc_tta_section][vc_tta_section title=&#8220;Wanderf\u00fchrer und Wanderf\u00fchrerinnen \/ Oberlausitz&#8220; tab_id=&#8220;1738155637962-317d5baa-198f&#8220;][\/vc_tta_section][vc_tta_section title=&#8220;Wanderf\u00fchrer und Wanderf\u00fchrerinnen \/Vogtland&#8220; tab_id=&#8220;1738155637967-4d856fa6-71a8&#8243;][vc_row_inner][vc_column_inner][vc_column_text css=&#8220;&#8220;]Sina Lorbeer-Klausnitz<a href=\"https:\/\/burgmylau.de\/de\/tourismus\/pilgern-im-vogtland\/pilgern-auf-dem-jakobsweg-der-via-imperii\"> Pilgern auf der via imperii zwischen Zwickau und Hof<\/a>[\/vc_column_text][\/vc_column_inner][\/vc_row_inner][\/vc_tta_section][vc_tta_section title=&#8220;Wanderf\u00fchrer und Wanderf\u00fchrerinnen \/ Elbland Dresden&#8220; tab_id=&#8220;1738155637971-53c3e3ab-ac1e&#8220;][vc_column_text css=&#8220;&#8220;][\/vc_column_text][\/vc_tta_section][vc_tta_section title=&#8220;Wanderf\u00fchrer und Wanderf\u00fchrerinnen \/ Chemnitz-Zwickau-Region&#8220; tab_id=&#8220;1738155637985-8712b6b8-22cc&#8220;][\/vc_tta_section][vc_tta_section title=&#8220;Wanderf\u00fchrer und Wanderf\u00fchrerinnen \/ Leipzig Region&#8220; tab_id=&#8220;1738155637990-680c25d4-5d51&#8243;][\/vc_tta_section][\/vc_tta_accordion][\/vc_column][\/vc_row][vc_row][vc_column][vc_column_text]<\/p>\n<div class=\"vc_tta-panel-heading\">\n<h2 class=\"vc_tta-panel-title vc_tta-controls-icon-position-left\">F\u00fcr unsere Wanderf\u00fchrerinnen und Wanderf\u00fchrer<\/h2>\n<\/div>\n<p>[\/vc_column_text][vc_tta_accordion active_section=&#8220;1&#8243;][vc_tta_section title=&#8220;Packliste f\u00fcr mehr Sichtbarkeit&#8220; tab_id=&#8220;1738155884170-7a5c8804-308a&#8220;][vc_column_text]PDF des Vortrages der Wanderf\u00fchrerausbildung vom 13.11.2024.<\/p>\n<p>Wie erstelle ich mir mein eigenes Design?<\/p>\n<ul>\n<li><a href=\"https:\/\/www.ltv-sachsen.de\/wp-content\/uploads\/sites\/2\/2024\/11\/Design-Packliste-.pdf\">Hier geht es zur PDF der Pr\u00e4sentation &#8222;Packliste f\u00fcr mehr \u00d6ffentlichkeit.<\/a><\/li>\n<\/ul>\n<p>[\/vc_column_text][\/vc_tta_section][vc_tta_section title=&#8220;Packliste f\u00fcr mehr Sichtbarkeit&#8220; tab_id=&#8220;1747389526880-e5da2a0b-4eb0&#8243;][vc_column_text]PDF des Vortrages der Wanderf\u00fchrerausbildung vom 13.11.2024.<\/p>\n<p>Wie erstelle ich mir mein eigenes Design?<\/p>\n<ul>\n<li><a href=\"https:\/\/www.ltv-sachsen.de\/wp-content\/uploads\/sites\/2\/2024\/11\/Design-Packliste-.pdf\">Hier geht es zur PDF der Pr\u00e4sentation &#8222;Packliste f\u00fcr mehr \u00d6ffentlichkeit.<\/a><\/li>\n<\/ul>\n<p>[\/vc_column_text][\/vc_tta_section][\/vc_tta_accordion][\/vc_column][\/vc_row]<\/p>\n<\/div>","protected":false},"excerpt":{"rendered":"<p>[vc_row ppi_row_type=&#8220;ppi_light_green&#8220;][vc_column][vc_column_text css=&#8220;&#8220;] Angebote unserer Wanderf\u00fchrer und Wanderf\u00fchrerinnen Dieser Bereich befindet sich noch im Aufbau. [\/vc_column_text][vc_tta_accordion][vc_tta_section title=&#8220;Wanderf\u00fchrer und Wanderf\u00fchrerinnen \/ Erzgebirge&#8220; tab_id=&#8220;1738155637951-f1f4be67-ede3&#8243;][vc_column_text css=&#8220;&#8220;]Silvana Escher Genusswandern im Sehmatal\u00a0 \u00a0Lust auf einen Kurzfilm? \u201eUnterwegs im Sehmatal und im Neudorfer Suppenmuseum\u201c im Gespr\u00e4ch mit der DWV-zertifizierten Wanderf\u00fchrerin\u00ae Silvana Escher aus Neudorf[\/vc_column_text][\/vc_tta_section][vc_tta_section title=&#8220;Wanderf\u00fchrer und Wanderf\u00fchrerinnen \/ S\u00e4chsische Schweiz&#8220; tab_id=&#8220;1738155637957-aaafca4d-2999&#8243;][vc_row_inner][vc_column_inner][\/vc_column_inner][\/vc_row_inner][\/vc_tta_section][vc_tta_section [&hellip;]<\/p>\n","protected":false},"author":5,"featured_media":0,"parent":395,"menu_order":0,"comment_status":"closed","ping_status":"closed","template":"","meta":{"_acf_changed":false,"inline_featured_image":false,"footnotes":""},"class_list":["post-2548","page","type-page","status-publish","hentry"],"acf":[],"yoast_head":"<!-- This site is optimized with the Yoast SEO plugin v26.4 - https:\/\/yoast.com\/wordpress\/plugins\/seo\/ -->\n<title>Wanderf\u00fchrer und Wanderf\u00fchrerinnen Angebote - Wander- und Pilgerakademie<\/title>\n<meta name=\"robots\" content=\"index, follow, max-snippet:-1, max-image-preview:large, max-video-preview:-1\" \/>\n<link rel=\"canonical\" href=\"https:\/\/www.ltv-sachsen.de\/wanderundpilgerakademie\/bildung\/qualifizierung-zu-wanderfuehrerin\/wanderfuehrerinnen-ausbildung-in-sachsen-kontaktdaten\/\" \/>\n<meta property=\"og:locale\" content=\"de_DE\" \/>\n<meta property=\"og:type\" content=\"article\" \/>\n<meta property=\"og:title\" content=\"Wanderf\u00fchrer und Wanderf\u00fchrerinnen Angebote - Wander- und Pilgerakademie\" \/>\n<meta property=\"og:description\" content=\"[vc_row ppi_row_type=&#8220;ppi_light_green&#8220;][vc_column][vc_column_text css=&#8220;&#8220;] Angebote unserer Wanderf\u00fchrer und Wanderf\u00fchrerinnen Dieser Bereich befindet sich noch im Aufbau. [\/vc_column_text][vc_tta_accordion][vc_tta_section title=&#8220;Wanderf\u00fchrer und Wanderf\u00fchrerinnen \/ Erzgebirge&#8220; tab_id=&#8220;1738155637951-f1f4be67-ede3&#8243;][vc_column_text css=&#8220;&#8220;]Silvana Escher Genusswandern im Sehmatal\u00a0 \u00a0Lust auf einen Kurzfilm? \u201eUnterwegs im Sehmatal und im Neudorfer Suppenmuseum\u201c im Gespr\u00e4ch mit der DWV-zertifizierten Wanderf\u00fchrerin\u00ae Silvana Escher aus Neudorf[\/vc_column_text][\/vc_tta_section][vc_tta_section title=&#8220;Wanderf\u00fchrer und Wanderf\u00fchrerinnen \/ S\u00e4chsische Schweiz&#8220; tab_id=&#8220;1738155637957-aaafca4d-2999&#8243;][vc_row_inner][vc_column_inner][\/vc_column_inner][\/vc_row_inner][\/vc_tta_section][vc_tta_section [&hellip;]\" \/>\n<meta property=\"og:url\" content=\"https:\/\/www.ltv-sachsen.de\/wanderundpilgerakademie\/bildung\/qualifizierung-zu-wanderfuehrerin\/wanderfuehrerinnen-ausbildung-in-sachsen-kontaktdaten\/\" \/>\n<meta property=\"og:site_name\" content=\"Wander- und Pilgerakademie\" \/>\n<meta property=\"article:modified_time\" content=\"2026-01-09T08:41:36+00:00\" \/>\n<meta name=\"twitter:card\" content=\"summary_large_image\" \/>\n<meta name=\"twitter:label1\" content=\"Gesch\u00e4tzte Lesezeit\" \/>\n\t<meta name=\"twitter:data1\" content=\"1\u00a0Minute\" \/>\n<script type=\"application\/ld+json\" class=\"yoast-schema-graph\">{\"@context\":\"https:\/\/schema.org\",\"@graph\":[{\"@type\":\"WebPage\",\"@id\":\"https:\/\/www.ltv-sachsen.de\/wanderundpilgerakademie\/bildung\/qualifizierung-zu-wanderfuehrerin\/wanderfuehrerinnen-ausbildung-in-sachsen-kontaktdaten\/\",\"url\":\"https:\/\/www.ltv-sachsen.de\/wanderundpilgerakademie\/bildung\/qualifizierung-zu-wanderfuehrerin\/wanderfuehrerinnen-ausbildung-in-sachsen-kontaktdaten\/\",\"name\":\"Wanderf\u00fchrer und Wanderf\u00fchrerinnen Angebote - Wander- und Pilgerakademie\",\"isPartOf\":{\"@id\":\"https:\/\/www.ltv-sachsen.de\/wanderundpilgerakademie\/#website\"},\"datePublished\":\"2025-03-27T13:08:43+00:00\",\"dateModified\":\"2026-01-09T08:41:36+00:00\",\"breadcrumb\":{\"@id\":\"https:\/\/www.ltv-sachsen.de\/wanderundpilgerakademie\/bildung\/qualifizierung-zu-wanderfuehrerin\/wanderfuehrerinnen-ausbildung-in-sachsen-kontaktdaten\/#breadcrumb\"},\"inLanguage\":\"de\",\"potentialAction\":[{\"@type\":\"ReadAction\",\"target\":[\"https:\/\/www.ltv-sachsen.de\/wanderundpilgerakademie\/bildung\/qualifizierung-zu-wanderfuehrerin\/wanderfuehrerinnen-ausbildung-in-sachsen-kontaktdaten\/\"]}]},{\"@type\":\"BreadcrumbList\",\"@id\":\"https:\/\/www.ltv-sachsen.de\/wanderundpilgerakademie\/bildung\/qualifizierung-zu-wanderfuehrerin\/wanderfuehrerinnen-ausbildung-in-sachsen-kontaktdaten\/#breadcrumb\",\"itemListElement\":[{\"@type\":\"ListItem\",\"position\":1,\"name\":\"Home\",\"item\":\"https:\/\/www.ltv-sachsen.de\/wanderundpilgerakademie\/\"},{\"@type\":\"ListItem\",\"position\":2,\"name\":\"Bildung\",\"item\":\"https:\/\/www.ltv-sachsen.de\/wanderundpilgerakademie\/bildung\/\"},{\"@type\":\"ListItem\",\"position\":3,\"name\":\"Wanderf\u00fchrer-Ausbildung in Sachsen\",\"item\":\"https:\/\/www.ltv-sachsen.de\/wanderundpilgerakademie\/bildung\/qualifizierung-zu-wanderfuehrerin\/\"},{\"@type\":\"ListItem\",\"position\":4,\"name\":\"Wanderf\u00fchrer und Wanderf\u00fchrerinnen Angebote\"}]},{\"@type\":\"WebSite\",\"@id\":\"https:\/\/www.ltv-sachsen.de\/wanderundpilgerakademie\/#website\",\"url\":\"https:\/\/www.ltv-sachsen.de\/wanderundpilgerakademie\/\",\"name\":\"Wander- und Pilgerakademie\",\"description\":\"Allgemeine Infos zur Wander- und Pilgerakademie\",\"potentialAction\":[{\"@type\":\"SearchAction\",\"target\":{\"@type\":\"EntryPoint\",\"urlTemplate\":\"https:\/\/www.ltv-sachsen.de\/wanderundpilgerakademie\/?s={search_term_string}\"},\"query-input\":{\"@type\":\"PropertyValueSpecification\",\"valueRequired\":true,\"valueName\":\"search_term_string\"}}],\"inLanguage\":\"de\"}]}<\/script>\n<!-- \/ Yoast SEO plugin. -->","yoast_head_json":{"title":"Wanderf\u00fchrer und Wanderf\u00fchrerinnen Angebote - Wander- und Pilgerakademie","robots":{"index":"index","follow":"follow","max-snippet":"max-snippet:-1","max-image-preview":"max-image-preview:large","max-video-preview":"max-video-preview:-1"},"canonical":"https:\/\/www.ltv-sachsen.de\/wanderundpilgerakademie\/bildung\/qualifizierung-zu-wanderfuehrerin\/wanderfuehrerinnen-ausbildung-in-sachsen-kontaktdaten\/","og_locale":"de_DE","og_type":"article","og_title":"Wanderf\u00fchrer und Wanderf\u00fchrerinnen Angebote - Wander- und Pilgerakademie","og_description":"[vc_row ppi_row_type=&#8220;ppi_light_green&#8220;][vc_column][vc_column_text css=&#8220;&#8220;] Angebote unserer Wanderf\u00fchrer und Wanderf\u00fchrerinnen Dieser Bereich befindet sich noch im Aufbau. [\/vc_column_text][vc_tta_accordion][vc_tta_section title=&#8220;Wanderf\u00fchrer und Wanderf\u00fchrerinnen \/ Erzgebirge&#8220; tab_id=&#8220;1738155637951-f1f4be67-ede3&#8243;][vc_column_text css=&#8220;&#8220;]Silvana Escher Genusswandern im Sehmatal\u00a0 \u00a0Lust auf einen Kurzfilm? \u201eUnterwegs im Sehmatal und im Neudorfer Suppenmuseum\u201c im Gespr\u00e4ch mit der DWV-zertifizierten Wanderf\u00fchrerin\u00ae Silvana Escher aus Neudorf[\/vc_column_text][\/vc_tta_section][vc_tta_section title=&#8220;Wanderf\u00fchrer und Wanderf\u00fchrerinnen \/ S\u00e4chsische Schweiz&#8220; tab_id=&#8220;1738155637957-aaafca4d-2999&#8243;][vc_row_inner][vc_column_inner][\/vc_column_inner][\/vc_row_inner][\/vc_tta_section][vc_tta_section [&hellip;]","og_url":"https:\/\/www.ltv-sachsen.de\/wanderundpilgerakademie\/bildung\/qualifizierung-zu-wanderfuehrerin\/wanderfuehrerinnen-ausbildung-in-sachsen-kontaktdaten\/","og_site_name":"Wander- und Pilgerakademie","article_modified_time":"2026-01-09T08:41:36+00:00","twitter_card":"summary_large_image","twitter_misc":{"Gesch\u00e4tzte Lesezeit":"1\u00a0Minute"},"schema":{"@context":"https:\/\/schema.org","@graph":[{"@type":"WebPage","@id":"https:\/\/www.ltv-sachsen.de\/wanderundpilgerakademie\/bildung\/qualifizierung-zu-wanderfuehrerin\/wanderfuehrerinnen-ausbildung-in-sachsen-kontaktdaten\/","url":"https:\/\/www.ltv-sachsen.de\/wanderundpilgerakademie\/bildung\/qualifizierung-zu-wanderfuehrerin\/wanderfuehrerinnen-ausbildung-in-sachsen-kontaktdaten\/","name":"Wanderf\u00fchrer und Wanderf\u00fchrerinnen Angebote - Wander- und Pilgerakademie","isPartOf":{"@id":"https:\/\/www.ltv-sachsen.de\/wanderundpilgerakademie\/#website"},"datePublished":"2025-03-27T13:08:43+00:00","dateModified":"2026-01-09T08:41:36+00:00","breadcrumb":{"@id":"https:\/\/www.ltv-sachsen.de\/wanderundpilgerakademie\/bildung\/qualifizierung-zu-wanderfuehrerin\/wanderfuehrerinnen-ausbildung-in-sachsen-kontaktdaten\/#breadcrumb"},"inLanguage":"de","potentialAction":[{"@type":"ReadAction","target":["https:\/\/www.ltv-sachsen.de\/wanderundpilgerakademie\/bildung\/qualifizierung-zu-wanderfuehrerin\/wanderfuehrerinnen-ausbildung-in-sachsen-kontaktdaten\/"]}]},{"@type":"BreadcrumbList","@id":"https:\/\/www.ltv-sachsen.de\/wanderundpilgerakademie\/bildung\/qualifizierung-zu-wanderfuehrerin\/wanderfuehrerinnen-ausbildung-in-sachsen-kontaktdaten\/#breadcrumb","itemListElement":[{"@type":"ListItem","position":1,"name":"Home","item":"https:\/\/www.ltv-sachsen.de\/wanderundpilgerakademie\/"},{"@type":"ListItem","position":2,"name":"Bildung","item":"https:\/\/www.ltv-sachsen.de\/wanderundpilgerakademie\/bildung\/"},{"@type":"ListItem","position":3,"name":"Wanderf\u00fchrer-Ausbildung in Sachsen","item":"https:\/\/www.ltv-sachsen.de\/wanderundpilgerakademie\/bildung\/qualifizierung-zu-wanderfuehrerin\/"},{"@type":"ListItem","position":4,"name":"Wanderf\u00fchrer und Wanderf\u00fchrerinnen Angebote"}]},{"@type":"WebSite","@id":"https:\/\/www.ltv-sachsen.de\/wanderundpilgerakademie\/#website","url":"https:\/\/www.ltv-sachsen.de\/wanderundpilgerakademie\/","name":"Wander- und Pilgerakademie","description":"Allgemeine Infos zur Wander- und Pilgerakademie","potentialAction":[{"@type":"SearchAction","target":{"@type":"EntryPoint","urlTemplate":"https:\/\/www.ltv-sachsen.de\/wanderundpilgerakademie\/?s={search_term_string}"},"query-input":{"@type":"PropertyValueSpecification","valueRequired":true,"valueName":"search_term_string"}}],"inLanguage":"de"}]}},"_links":{"self":[{"href":"https:\/\/www.ltv-sachsen.de\/wanderundpilgerakademie\/wp-json\/wp\/v2\/pages\/2548","targetHints":{"allow":["GET"]}}],"collection":[{"href":"https:\/\/www.ltv-sachsen.de\/wanderundpilgerakademie\/wp-json\/wp\/v2\/pages"}],"about":[{"href":"https:\/\/www.ltv-sachsen.de\/wanderundpilgerakademie\/wp-json\/wp\/v2\/types\/page"}],"author":[{"embeddable":true,"href":"https:\/\/www.ltv-sachsen.de\/wanderundpilgerakademie\/wp-json\/wp\/v2\/users\/5"}],"replies":[{"embeddable":true,"href":"https:\/\/www.ltv-sachsen.de\/wanderundpilgerakademie\/wp-json\/wp\/v2\/comments?post=2548"}],"version-history":[{"count":16,"href":"https:\/\/www.ltv-sachsen.de\/wanderundpilgerakademie\/wp-json\/wp\/v2\/pages\/2548\/revisions"}],"predecessor-version":[{"id":3091,"href":"https:\/\/www.ltv-sachsen.de\/wanderundpilgerakademie\/wp-json\/wp\/v2\/pages\/2548\/revisions\/3091"}],"up":[{"embeddable":true,"href":"https:\/\/www.ltv-sachsen.de\/wanderundpilgerakademie\/wp-json\/wp\/v2\/pages\/395"}],"wp:attachment":[{"href":"https:\/\/www.ltv-sachsen.de\/wanderundpilgerakademie\/wp-json\/wp\/v2\/media?parent=2548"}],"curies":[{"name":"wp","href":"https:\/\/api.w.org\/{rel}","templated":true}]}}