{"id":1527,"date":"2024-05-03T11:40:41","date_gmt":"2024-05-03T09:40:41","guid":{"rendered":"https:\/\/www.ltv-sachsen.de\/wanderundpilgerakademie\/?page_id=1527"},"modified":"2026-02-28T11:10:51","modified_gmt":"2026-02-28T10:10:51","slug":"info-kip","status":"publish","type":"page","link":"https:\/\/www.ltv-sachsen.de\/wanderundpilgerakademie\/unterstuetzung\/info-kip\/","title":{"rendered":"Information KIP"},"content":{"rendered":"<div class=\"wpb-content-wrapper\"><p>[vc_row ppi_row_padding=&#8220;ppi_remove_padding_top&#8220;][vc_column]<div class=\"stage-slider\"><div class=\"swiper-container\" data-swiper-id=\"69de2d960efe4\"><div class=\"swiper-wrapper\"><div class=\"swiper-slide\"><div class=\"stage-slider__overlay\"><\/div><div class=\"stage-slider__image\"><img loading=\"lazy\" decoding=\"async\" width=\"1920\" height=\"875\" src=\"https:\/\/www.ltv-sachsen.de\/wp-content\/uploads\/sites\/2\/2025\/07\/KIP-UNTERSTUeTZUNG.jpg\" class=\"attachment-ltv-sachsen-max size-ltv-sachsen-max\" alt=\"Wegweiser\" srcset=\"https:\/\/www.ltv-sachsen.de\/wp-content\/uploads\/sites\/2\/2025\/07\/KIP-UNTERSTUeTZUNG.jpg 1920w, https:\/\/www.ltv-sachsen.de\/wp-content\/uploads\/sites\/2\/2025\/07\/KIP-UNTERSTUeTZUNG-300x137.jpg 300w, https:\/\/www.ltv-sachsen.de\/wp-content\/uploads\/sites\/2\/2025\/07\/KIP-UNTERSTUeTZUNG-1024x467.jpg 1024w, https:\/\/www.ltv-sachsen.de\/wp-content\/uploads\/sites\/2\/2025\/07\/KIP-UNTERSTUeTZUNG-768x350.jpg 768w, https:\/\/www.ltv-sachsen.de\/wp-content\/uploads\/sites\/2\/2025\/07\/KIP-UNTERSTUeTZUNG-1200x547.jpg 1200w, https:\/\/www.ltv-sachsen.de\/wp-content\/uploads\/sites\/2\/2025\/07\/KIP-UNTERSTUeTZUNG-992x452.jpg 992w, https:\/\/www.ltv-sachsen.de\/wp-content\/uploads\/sites\/2\/2025\/07\/KIP-UNTERSTUeTZUNG-480x219.jpg 480w\" sizes=\"auto, (max-width: 1920px) 100vw, 1920px\" \/><\/div><div class=\"stage-slider__description\"><div class=\"stage-slider__description__inner\"><span class=\"stage-slider__description__headline\">Kleinstinfrastruktur Projekte (KIP)<\/span><span class=\"stage-slider__description__subline show-for-sm\">Unterst\u00fctzung im Wander- und Pilgerland Sachsen<\/span><\/div><\/div><\/div><\/div><\/div><div class=\"stage-slider__shape\"><img decoding=\"async\" src=\"https:\/\/www.ltv-sachsen.de\/wp-content\/themes\/ltv-sachsen\/build\/img\/shape4.svg\" alt=\"Shape\"><\/div><div class=\"swiper-pagination swiper-pagination-stage-slider swiper-pagination-69de2d960efe4\"><\/div><\/div>[vc_column_text css=&#8220;&#8220;][\/vc_column_text][\/vc_column][\/vc_row][vc_row ppi_row_padding=&#8220;ppi_remove_padding_top&#8220; disable_element=&#8220;yes&#8220;][vc_column width=&#8220;2\/3&#8243;][vc_column_text css=&#8220;&#8220;]<span data-olk-copy-source=\"MessageBody\">Wandern und Pilgern spielen eine wichtige Rolle f\u00fcr den s\u00e4chsischen Tourismus. Um die Infrastruktur in Sachsen aufrechtzuerhalten, zu erweitern und neue Angebote zu schaffen, stellt der Freistaat Sachsen je nach Haushaltssituation j\u00e4hrlich einen Finanzbetrag zur Verf\u00fcgung. In den letzten Jahren hat der daf\u00fcr eingerichtete Kleinprojektefonds der Wander- und Pilgerakademie Sachsen so bereits \u00fcber 400 Projekte finanziell unterst\u00fctzen k\u00f6nnen.<\/span><\/p>\n<p><strong>F\u00f6rderjahr 2025<\/strong><\/p>\n<p>Im F\u00f6rderzeitraum 2025 wurden insgesamt 149 Antr\u00e4ge mit einem Gesamtvolumen von \u00fcber 253.000 Euro eingereicht. Mit dem Budget von 80.000 Euro konnten in diesem Jahr 46 Vorhaben in ganz Sachsen unterst\u00fctzt werden.\u00a0 Die zugesagten Projekte zeigten gro\u00dfes ehrenamtliches Engagement und viel Kreativit\u00e4t in allen Teilen Sachsens &#8211; von der Ausstattung von Wegewarten f\u00fcr die ehrenamtliche Arbeit, \u00fcber die Einrichtung von Pilgerunterk\u00fcnften bis zu moderner Infrastruktur an Wander- und Pilgerwegen. Wir danken an dieser Stelle allen Projektverantwortlichen f\u00fcr die Umsetzung der vielseitigen Ideen. In K\u00fcrze werden alle Projekte aus 2025 wieder in einer Projektdokumentation und auf der <a href=\"https:\/\/www.ltv-sachsen.de\/wanderundpilgerakademie\/unterstuetzung\/projektuebersicht\/\" target=\"_blank\" rel=\"noopener\">interaktiven Karte<\/a> zu finden sein.[\/vc_column_text][\/vc_column][vc_column width=&#8220;1\/3&#8243;][\/vc_column][\/vc_row][vc_row ppi_row_padding=&#8220;ppi_remove_padding_top,ppi_remove_padding_bottom&#8220;][vc_column width=&#8220;2\/3&#8243;][vc_column_text css=&#8220;&#8220;]<\/p>\n<h3>Neuer F\u00f6rderaufruf f\u00fcr 2026 startet am 02.03.2026. Bis zu 2000 Euro Unterst\u00fctzung f\u00fcr Infrastrukturprojekte im Bereich Wandern und Pilgern.<\/h3>\n<p>Sachsen wird als Wander- und Pilgerland weiter ausgebaut. Deshalb werden auch f\u00fcr das Jahr 2026 daf\u00fcr Steuermittel vom S\u00e4chsischen Landtag bereitgestellt. Ziel ist es, die Qualit\u00e4t der Wander- und Pilgerwege sowie der G\u00e4stearbeit weiter zu verbessern. Die bestehende Infrastruktur soll aufgewertet und nachhaltig gep\ufb02egt werden.<br \/>\nDie Unterst\u00fctzung richtet sich unter anderem an regionale gemeinn\u00fctzige Vereine, Kirchgemeinden und ehrenamtliche Initiativen.<\/p>\n<p><strong>Ab 02.03.2026: <a href=\"https:\/\/kleinstinfrastrukturprojekte.mein-wettbewerb.de\/de\/accounts\/login\/?next=\/de\/forms\/apply\/\" target=\"_blank\" rel=\"noopener\">Zugang zum Antragsportal<\/a><\/strong><\/p>\n<p>F\u00f6rdervoraussetzungen und F\u00f6rderkriterien: <strong><a class=\"button button--primary\" href=\"https:\/\/www.ltv-sachsen.de\/wp-content\/uploads\/sites\/2\/2026\/02\/KIP-Foerderung-fuer-microSeite-2026.pdf\">Flyer zum KIP-Aufruf\u00a0<\/a><\/strong>[\/vc_column_text][\/vc_column][vc_column width=&#8220;1\/3&#8243;]<div class=\"ppi-image \"><img loading=\"lazy\" decoding=\"async\" width=\"1200\" height=\"800\" src=\"https:\/\/www.ltv-sachsen.de\/wp-content\/uploads\/sites\/2\/2026\/01\/Wanderhuette-erneuert-fuer-PM-1200x800.jpg\" class=\"attachment-ltv-sachsen-lg size-ltv-sachsen-lg\" alt=\"Wanderh\u00fctte in neuem Glanz, KIP 2025-425, Tourismusverein Borna und Kohrener Land\" srcset=\"https:\/\/www.ltv-sachsen.de\/wp-content\/uploads\/sites\/2\/2026\/01\/Wanderhuette-erneuert-fuer-PM-1200x800.jpg 1200w, https:\/\/www.ltv-sachsen.de\/wp-content\/uploads\/sites\/2\/2026\/01\/Wanderhuette-erneuert-fuer-PM-300x200.jpg 300w, https:\/\/www.ltv-sachsen.de\/wp-content\/uploads\/sites\/2\/2026\/01\/Wanderhuette-erneuert-fuer-PM-1024x683.jpg 1024w, https:\/\/www.ltv-sachsen.de\/wp-content\/uploads\/sites\/2\/2026\/01\/Wanderhuette-erneuert-fuer-PM-768x512.jpg 768w, https:\/\/www.ltv-sachsen.de\/wp-content\/uploads\/sites\/2\/2026\/01\/Wanderhuette-erneuert-fuer-PM-1920x1281.jpg 1920w, https:\/\/www.ltv-sachsen.de\/wp-content\/uploads\/sites\/2\/2026\/01\/Wanderhuette-erneuert-fuer-PM-992x662.jpg 992w, https:\/\/www.ltv-sachsen.de\/wp-content\/uploads\/sites\/2\/2026\/01\/Wanderhuette-erneuert-fuer-PM-480x320.jpg 480w\" sizes=\"auto, (max-width: 1200px) 100vw, 1200px\" \/><\/div><div class=\"ppi-image \"><img loading=\"lazy\" decoding=\"async\" width=\"552\" height=\"756\" src=\"https:\/\/www.ltv-sachsen.de\/wp-content\/uploads\/sites\/2\/2026\/01\/Infotafel-mit-Stempelstelle-am-Lutherweg.jpg\" class=\"attachment-ltv-sachsen-lg size-ltv-sachsen-lg\" alt=\"Informationstafel mit Stempelstelle am Lutherweg in Ringethal\" srcset=\"https:\/\/www.ltv-sachsen.de\/wp-content\/uploads\/sites\/2\/2026\/01\/Infotafel-mit-Stempelstelle-am-Lutherweg.jpg 552w, https:\/\/www.ltv-sachsen.de\/wp-content\/uploads\/sites\/2\/2026\/01\/Infotafel-mit-Stempelstelle-am-Lutherweg-219x300.jpg 219w, https:\/\/www.ltv-sachsen.de\/wp-content\/uploads\/sites\/2\/2026\/01\/Infotafel-mit-Stempelstelle-am-Lutherweg-480x657.jpg 480w\" sizes=\"auto, (max-width: 552px) 100vw, 552px\" \/><\/div>[\/vc_column][\/vc_row][vc_row ppi_row_padding=&#8220;ppi_remove_padding_top,ppi_remove_padding_bottom&#8220;][vc_column width=&#8220;2\/3&#8243;][\/vc_column][vc_column width=&#8220;1\/3&#8243;][\/vc_column][\/vc_row][vc_row ppi_row_padding=&#8220;ppi_remove_padding_top&#8220;][vc_column]<div class=\"quotebox\"><div class=\"swiper-container swiper-container-69de2d961076f\" data-swiper-id=\"69de2d961076f\"><div class=\"swiper-wrapper\"><div class=\"swiper-slide\"><div class=\"ppi_col-md-4\"><div class=\"quotebox__image\"><img loading=\"lazy\" decoding=\"async\" width=\"480\" height=\"538\" src=\"https:\/\/www.ltv-sachsen.de\/wp-content\/uploads\/sites\/2\/2025\/03\/DSC_6168-2-e1741072053999-480x538.jpg\" class=\"attachment-ltv-sachsen-xs size-ltv-sachsen-xs\" alt=\"Landrat Dr. Stephan Meyer, Pr\u00e4sident des Landestourismusverbandes Sachsen e.V,\" srcset=\"https:\/\/www.ltv-sachsen.de\/wp-content\/uploads\/sites\/2\/2025\/03\/DSC_6168-2-e1741072053999-480x538.jpg 480w, https:\/\/www.ltv-sachsen.de\/wp-content\/uploads\/sites\/2\/2025\/03\/DSC_6168-2-e1741072053999-268x300.jpg 268w, https:\/\/www.ltv-sachsen.de\/wp-content\/uploads\/sites\/2\/2025\/03\/DSC_6168-2-e1741072053999.jpg 594w\" sizes=\"auto, (max-width: 480px) 100vw, 480px\" \/><\/div><\/div><div class=\"ppi_col-xs-12 ppi_col-md-8\"><p class=\"quotebox__text\">Der Bedarf an unkomplizierter F\u00f6rderung f\u00fcr Vorhaben zugunsten der Kleinstinfrastruktur an Wander- und Pilgerwegen im Reiseland Sachsen ist nach wie vor sehr gro\u00df. Umso sch\u00f6ner ist es, dass auch in diesem Jahr die F\u00f6rderung erm\u00f6glicht werden kann. Da es oftmals ehrenamtlich engagierte Akteure sind, die sich in der Fl\u00e4che f\u00fcr die Projekte einsetzen, freut es uns umso mehr, dass dieses Engagement entsprechend unterst\u00fctzt werden kann. Mit der F\u00f6rderung wird ein wesentlicher Beitrag zum Erhalt sowie zur nachhaltigen Entwicklung einer intakten touristischen Infrastruktur geleistet. Die Wander- und Pilgerakademie Sachsen unterst\u00fctzt dar\u00fcber hinaus durch attraktive Bildungsangebote und intensive Netzwerkarbeit. Sie bringt die Themen Kirche und Tourismus im Freistaat zusammen und ist in dieser Form einzigartig in Deutschland. Ihr Erhalt und ihre Weiterf\u00fchrung sind wichtiges Ziel f\u00fcr die Zukunft.\u201c<\/p><div class=\"quotebox__author\"><span class=\"quotebox__author--name\">Landrat Dr. Stephan Meyer<\/span><br>Vizepr\u00e4sident des Landestourismusverbandes Sachsen e.V.<\/div><\/div><\/div><div class=\"swiper-slide\"><div class=\"ppi_col-md-4\"><div class=\"quotebox__image\"><img loading=\"lazy\" decoding=\"async\" width=\"480\" height=\"320\" src=\"https:\/\/www.ltv-sachsen.de\/wp-content\/uploads\/sites\/2\/2022\/07\/Pressefoto-quer-Staatsministerin-Barbara-Klepsch-CChristian-Hueller-480x320.jpg\" class=\"attachment-ltv-sachsen-xs size-ltv-sachsen-xs\" alt=\"\" srcset=\"https:\/\/www.ltv-sachsen.de\/wp-content\/uploads\/sites\/2\/2022\/07\/Pressefoto-quer-Staatsministerin-Barbara-Klepsch-CChristian-Hueller-480x320.jpg 480w, https:\/\/www.ltv-sachsen.de\/wp-content\/uploads\/sites\/2\/2022\/07\/Pressefoto-quer-Staatsministerin-Barbara-Klepsch-CChristian-Hueller-300x200.jpg 300w, https:\/\/www.ltv-sachsen.de\/wp-content\/uploads\/sites\/2\/2022\/07\/Pressefoto-quer-Staatsministerin-Barbara-Klepsch-CChristian-Hueller-1024x683.jpg 1024w, https:\/\/www.ltv-sachsen.de\/wp-content\/uploads\/sites\/2\/2022\/07\/Pressefoto-quer-Staatsministerin-Barbara-Klepsch-CChristian-Hueller-768x512.jpg 768w, https:\/\/www.ltv-sachsen.de\/wp-content\/uploads\/sites\/2\/2022\/07\/Pressefoto-quer-Staatsministerin-Barbara-Klepsch-CChristian-Hueller-1200x800.jpg 1200w, https:\/\/www.ltv-sachsen.de\/wp-content\/uploads\/sites\/2\/2022\/07\/Pressefoto-quer-Staatsministerin-Barbara-Klepsch-CChristian-Hueller-992x661.jpg 992w, https:\/\/www.ltv-sachsen.de\/wp-content\/uploads\/sites\/2\/2022\/07\/Pressefoto-quer-Staatsministerin-Barbara-Klepsch-CChristian-Hueller.jpg 1500w\" sizes=\"auto, (max-width: 480px) 100vw, 480px\" \/><\/div><\/div><div class=\"ppi_col-xs-12 ppi_col-md-8\"><p class=\"quotebox__text\">\u201eDie Palette an Projektideen zur Verbesserung der Wander- und Pilgerinfrastruktur ist erfreulich gro\u00df. Somit st\u00f6\u00dft auch die Kleinprojektef\u00f6rderung auf ein hohes Interesse. Wege, Schilder und Rastpl\u00e4tze k\u00f6nnen mit den Geldern des Fonds unb\u00fcrokratisch verbessert und gleichzeitig das dahinterstehende ehrenamtliche Engagement gew\u00fcrdigt werden\u201c<\/p><div class=\"quotebox__author\"><span class=\"quotebox__author--name\">Barbara Klepsch MdL<\/span><br>S\u00e4chsische Staatsministerin f\u00fcr Kultur und Tourismus<\/div><\/div><\/div><\/div><\/div><button class=\"button--primary icon--right1 swiper-button-prev swiper-button-prev-69de2d961076f\" style=\"transform: scaleX(-1);\"><\/button><button class=\"button--primary icon--right1 swiper-button-next swiper-button-next-69de2d961076f \"><\/button><\/div>[\/vc_column][\/vc_row]<\/p>\n<\/div>","protected":false},"excerpt":{"rendered":"<p>[vc_row ppi_row_padding=&#8220;ppi_remove_padding_top&#8220;][vc_column][vc_column_text css=&#8220;&#8220;][\/vc_column_text][\/vc_column][\/vc_row][vc_row ppi_row_padding=&#8220;ppi_remove_padding_top&#8220; disable_element=&#8220;yes&#8220;][vc_column width=&#8220;2\/3&#8243;][vc_column_text css=&#8220;&#8220;]Wandern und Pilgern spielen eine wichtige Rolle f\u00fcr den s\u00e4chsischen Tourismus. Um die Infrastruktur in Sachsen aufrechtzuerhalten, zu erweitern und neue Angebote zu schaffen, stellt der Freistaat Sachsen je nach Haushaltssituation j\u00e4hrlich einen Finanzbetrag zur Verf\u00fcgung. In den letzten Jahren hat der daf\u00fcr eingerichtete Kleinprojektefonds der Wander- und Pilgerakademie [&hellip;]<\/p>\n","protected":false},"author":3,"featured_media":0,"parent":16,"menu_order":0,"comment_status":"closed","ping_status":"closed","template":"","meta":{"_acf_changed":false,"inline_featured_image":false,"footnotes":""},"class_list":["post-1527","page","type-page","status-publish","hentry"],"acf":[],"yoast_head":"<!-- This site is optimized with the Yoast SEO plugin v26.4 - https:\/\/yoast.com\/wordpress\/plugins\/seo\/ -->\n<title>Information KIP - Wander- und Pilgerakademie<\/title>\n<meta name=\"description\" content=\"Je nach Haushaltsituation stellt der Freistaat Sachsen j\u00e4hrlich Mittel zur Unterst\u00fctzung von Kleinstinfrastrukturprojekten zur Verf\u00fcgung.\" \/>\n<meta name=\"robots\" content=\"index, follow, max-snippet:-1, max-image-preview:large, max-video-preview:-1\" \/>\n<link rel=\"canonical\" href=\"https:\/\/www.ltv-sachsen.de\/wanderundpilgerakademie\/unterstuetzung\/info-kip\/\" \/>\n<meta property=\"og:locale\" content=\"de_DE\" \/>\n<meta property=\"og:type\" content=\"article\" \/>\n<meta property=\"og:title\" content=\"Information KIP - Wander- und Pilgerakademie\" \/>\n<meta property=\"og:description\" content=\"Je nach Haushaltsituation stellt der Freistaat Sachsen j\u00e4hrlich Mittel zur Unterst\u00fctzung von Kleinstinfrastrukturprojekten zur Verf\u00fcgung.\" \/>\n<meta property=\"og:url\" content=\"https:\/\/www.ltv-sachsen.de\/wanderundpilgerakademie\/unterstuetzung\/info-kip\/\" \/>\n<meta property=\"og:site_name\" content=\"Wander- und Pilgerakademie\" \/>\n<meta property=\"article:modified_time\" content=\"2026-02-28T10:10:51+00:00\" \/>\n<meta name=\"twitter:card\" content=\"summary_large_image\" \/>\n<meta name=\"twitter:label1\" content=\"Gesch\u00e4tzte Lesezeit\" \/>\n\t<meta name=\"twitter:data1\" content=\"2\u00a0Minuten\" \/>\n<script type=\"application\/ld+json\" class=\"yoast-schema-graph\">{\"@context\":\"https:\/\/schema.org\",\"@graph\":[{\"@type\":\"WebPage\",\"@id\":\"https:\/\/www.ltv-sachsen.de\/wanderundpilgerakademie\/unterstuetzung\/info-kip\/\",\"url\":\"https:\/\/www.ltv-sachsen.de\/wanderundpilgerakademie\/unterstuetzung\/info-kip\/\",\"name\":\"Information KIP - Wander- und Pilgerakademie\",\"isPartOf\":{\"@id\":\"https:\/\/www.ltv-sachsen.de\/wanderundpilgerakademie\/#website\"},\"datePublished\":\"2024-05-03T09:40:41+00:00\",\"dateModified\":\"2026-02-28T10:10:51+00:00\",\"description\":\"Je nach Haushaltsituation stellt der Freistaat Sachsen j\u00e4hrlich Mittel zur Unterst\u00fctzung von Kleinstinfrastrukturprojekten zur Verf\u00fcgung.\",\"breadcrumb\":{\"@id\":\"https:\/\/www.ltv-sachsen.de\/wanderundpilgerakademie\/unterstuetzung\/info-kip\/#breadcrumb\"},\"inLanguage\":\"de\",\"potentialAction\":[{\"@type\":\"ReadAction\",\"target\":[\"https:\/\/www.ltv-sachsen.de\/wanderundpilgerakademie\/unterstuetzung\/info-kip\/\"]}]},{\"@type\":\"BreadcrumbList\",\"@id\":\"https:\/\/www.ltv-sachsen.de\/wanderundpilgerakademie\/unterstuetzung\/info-kip\/#breadcrumb\",\"itemListElement\":[{\"@type\":\"ListItem\",\"position\":1,\"name\":\"Home\",\"item\":\"https:\/\/www.ltv-sachsen.de\/wanderundpilgerakademie\/\"},{\"@type\":\"ListItem\",\"position\":2,\"name\":\"Unterst\u00fctzung\",\"item\":\"https:\/\/www.ltv-sachsen.de\/wanderundpilgerakademie\/unterstuetzung\/\"},{\"@type\":\"ListItem\",\"position\":3,\"name\":\"Information KIP\"}]},{\"@type\":\"WebSite\",\"@id\":\"https:\/\/www.ltv-sachsen.de\/wanderundpilgerakademie\/#website\",\"url\":\"https:\/\/www.ltv-sachsen.de\/wanderundpilgerakademie\/\",\"name\":\"Wander- und Pilgerakademie\",\"description\":\"Allgemeine Infos zur Wander- und Pilgerakademie\",\"potentialAction\":[{\"@type\":\"SearchAction\",\"target\":{\"@type\":\"EntryPoint\",\"urlTemplate\":\"https:\/\/www.ltv-sachsen.de\/wanderundpilgerakademie\/?s={search_term_string}\"},\"query-input\":{\"@type\":\"PropertyValueSpecification\",\"valueRequired\":true,\"valueName\":\"search_term_string\"}}],\"inLanguage\":\"de\"}]}<\/script>\n<!-- \/ Yoast SEO plugin. -->","yoast_head_json":{"title":"Information KIP - Wander- und Pilgerakademie","description":"Je nach Haushaltsituation stellt der Freistaat Sachsen j\u00e4hrlich Mittel zur Unterst\u00fctzung von Kleinstinfrastrukturprojekten zur Verf\u00fcgung.","robots":{"index":"index","follow":"follow","max-snippet":"max-snippet:-1","max-image-preview":"max-image-preview:large","max-video-preview":"max-video-preview:-1"},"canonical":"https:\/\/www.ltv-sachsen.de\/wanderundpilgerakademie\/unterstuetzung\/info-kip\/","og_locale":"de_DE","og_type":"article","og_title":"Information KIP - Wander- und Pilgerakademie","og_description":"Je nach Haushaltsituation stellt der Freistaat Sachsen j\u00e4hrlich Mittel zur Unterst\u00fctzung von Kleinstinfrastrukturprojekten zur Verf\u00fcgung.","og_url":"https:\/\/www.ltv-sachsen.de\/wanderundpilgerakademie\/unterstuetzung\/info-kip\/","og_site_name":"Wander- und Pilgerakademie","article_modified_time":"2026-02-28T10:10:51+00:00","twitter_card":"summary_large_image","twitter_misc":{"Gesch\u00e4tzte Lesezeit":"2\u00a0Minuten"},"schema":{"@context":"https:\/\/schema.org","@graph":[{"@type":"WebPage","@id":"https:\/\/www.ltv-sachsen.de\/wanderundpilgerakademie\/unterstuetzung\/info-kip\/","url":"https:\/\/www.ltv-sachsen.de\/wanderundpilgerakademie\/unterstuetzung\/info-kip\/","name":"Information KIP - Wander- und Pilgerakademie","isPartOf":{"@id":"https:\/\/www.ltv-sachsen.de\/wanderundpilgerakademie\/#website"},"datePublished":"2024-05-03T09:40:41+00:00","dateModified":"2026-02-28T10:10:51+00:00","description":"Je nach Haushaltsituation stellt der Freistaat Sachsen j\u00e4hrlich Mittel zur Unterst\u00fctzung von Kleinstinfrastrukturprojekten zur Verf\u00fcgung.","breadcrumb":{"@id":"https:\/\/www.ltv-sachsen.de\/wanderundpilgerakademie\/unterstuetzung\/info-kip\/#breadcrumb"},"inLanguage":"de","potentialAction":[{"@type":"ReadAction","target":["https:\/\/www.ltv-sachsen.de\/wanderundpilgerakademie\/unterstuetzung\/info-kip\/"]}]},{"@type":"BreadcrumbList","@id":"https:\/\/www.ltv-sachsen.de\/wanderundpilgerakademie\/unterstuetzung\/info-kip\/#breadcrumb","itemListElement":[{"@type":"ListItem","position":1,"name":"Home","item":"https:\/\/www.ltv-sachsen.de\/wanderundpilgerakademie\/"},{"@type":"ListItem","position":2,"name":"Unterst\u00fctzung","item":"https:\/\/www.ltv-sachsen.de\/wanderundpilgerakademie\/unterstuetzung\/"},{"@type":"ListItem","position":3,"name":"Information KIP"}]},{"@type":"WebSite","@id":"https:\/\/www.ltv-sachsen.de\/wanderundpilgerakademie\/#website","url":"https:\/\/www.ltv-sachsen.de\/wanderundpilgerakademie\/","name":"Wander- und Pilgerakademie","description":"Allgemeine Infos zur Wander- und Pilgerakademie","potentialAction":[{"@type":"SearchAction","target":{"@type":"EntryPoint","urlTemplate":"https:\/\/www.ltv-sachsen.de\/wanderundpilgerakademie\/?s={search_term_string}"},"query-input":{"@type":"PropertyValueSpecification","valueRequired":true,"valueName":"search_term_string"}}],"inLanguage":"de"}]}},"_links":{"self":[{"href":"https:\/\/www.ltv-sachsen.de\/wanderundpilgerakademie\/wp-json\/wp\/v2\/pages\/1527","targetHints":{"allow":["GET"]}}],"collection":[{"href":"https:\/\/www.ltv-sachsen.de\/wanderundpilgerakademie\/wp-json\/wp\/v2\/pages"}],"about":[{"href":"https:\/\/www.ltv-sachsen.de\/wanderundpilgerakademie\/wp-json\/wp\/v2\/types\/page"}],"author":[{"embeddable":true,"href":"https:\/\/www.ltv-sachsen.de\/wanderundpilgerakademie\/wp-json\/wp\/v2\/users\/3"}],"replies":[{"embeddable":true,"href":"https:\/\/www.ltv-sachsen.de\/wanderundpilgerakademie\/wp-json\/wp\/v2\/comments?post=1527"}],"version-history":[{"count":56,"href":"https:\/\/www.ltv-sachsen.de\/wanderundpilgerakademie\/wp-json\/wp\/v2\/pages\/1527\/revisions"}],"predecessor-version":[{"id":3155,"href":"https:\/\/www.ltv-sachsen.de\/wanderundpilgerakademie\/wp-json\/wp\/v2\/pages\/1527\/revisions\/3155"}],"up":[{"embeddable":true,"href":"https:\/\/www.ltv-sachsen.de\/wanderundpilgerakademie\/wp-json\/wp\/v2\/pages\/16"}],"wp:attachment":[{"href":"https:\/\/www.ltv-sachsen.de\/wanderundpilgerakademie\/wp-json\/wp\/v2\/media?parent=1527"}],"curies":[{"name":"wp","href":"https:\/\/api.w.org\/{rel}","templated":true}]}}