{"id":14,"date":"2022-03-04T15:19:14","date_gmt":"2022-03-04T14:19:14","guid":{"rendered":"https:\/\/ltv-sachsen.test\/wanderundpilgerakademie\/?page_id=14"},"modified":"2026-03-20T11:28:00","modified_gmt":"2026-03-20T10:28:00","slug":"vernetzung","status":"publish","type":"page","link":"https:\/\/www.ltv-sachsen.de\/wanderundpilgerakademie\/vernetzung\/","title":{"rendered":"Vernetzung"},"content":{"rendered":"<div class=\"wpb-content-wrapper\"><p>[vc_row ppi_row_padding=&#8220;ppi_remove_padding_top&#8220;][vc_column]<div class=\"small-teasers\"><div class=\"ppi_row ppi_row-flex\"><div class=\"ppi_col-xs-12 ppi_col-sm-6 ppi_col-md-4 ppi_col-lg-3\"><a class=\"small-teasers__item\" href=\"https:\/\/www.ltv-sachsen.de\/wanderundpilgerakademie\/vernetzung\/angebote-fuer-unsere-absolventen\/\" target=\"_blank\" title=\"Angebote f\u00fcr unsere Absolventen\"><div class=\"small-teasers__item__image\"><img loading=\"lazy\" decoding=\"async\" width=\"480\" height=\"360\" src=\"https:\/\/www.ltv-sachsen.de\/wp-content\/uploads\/sites\/2\/2026\/01\/Wanderfuehrer_2025-480x360.jpg\" class=\"attachment-ltv-sachsen-xs size-ltv-sachsen-xs\" alt=\"15 neue Wanderf\u00fchrerinnen und Wanderf\u00fchrer in Sachsen halten ihre Zertifikate und Teilnahmebescheinigungen in den H\u00e4nden\" srcset=\"https:\/\/www.ltv-sachsen.de\/wp-content\/uploads\/sites\/2\/2026\/01\/Wanderfuehrer_2025-480x360.jpg 480w, https:\/\/www.ltv-sachsen.de\/wp-content\/uploads\/sites\/2\/2026\/01\/Wanderfuehrer_2025-300x225.jpg 300w, https:\/\/www.ltv-sachsen.de\/wp-content\/uploads\/sites\/2\/2026\/01\/Wanderfuehrer_2025.jpg 640w\" sizes=\"auto, (max-width: 480px) 100vw, 480px\" \/><\/div><div class=\"small-teasers__item__title\"><h5>Angebote f\u00fcr unsere Absolventen<\/h5><\/div><\/a><\/div><div class=\"ppi_col-xs-12 ppi_col-sm-6 ppi_col-md-4 ppi_col-lg-3\"><a class=\"small-teasers__item\" href=\"https:\/\/www.ltv-sachsen.de\/wanderundpilgerakademie\/vernetzung\/rueckblick-rea-2\/\" target=\"\" title=\"\"><div class=\"small-teasers__item__image\"><img loading=\"lazy\" decoding=\"async\" width=\"480\" height=\"336\" src=\"https:\/\/www.ltv-sachsen.de\/wp-content\/uploads\/sites\/2\/2025\/07\/REA-Rueckblick-kl-480x336.jpg\" class=\"attachment-ltv-sachsen-xs size-ltv-sachsen-xs\" alt=\"Regionaler Erfahrungsaustausch\" srcset=\"https:\/\/www.ltv-sachsen.de\/wp-content\/uploads\/sites\/2\/2025\/07\/REA-Rueckblick-kl-480x336.jpg 480w, https:\/\/www.ltv-sachsen.de\/wp-content\/uploads\/sites\/2\/2025\/07\/REA-Rueckblick-kl-300x210.jpg 300w, https:\/\/www.ltv-sachsen.de\/wp-content\/uploads\/sites\/2\/2025\/07\/REA-Rueckblick-kl-768x538.jpg 768w, https:\/\/www.ltv-sachsen.de\/wp-content\/uploads\/sites\/2\/2025\/07\/REA-Rueckblick-kl.jpg 785w\" sizes=\"auto, (max-width: 480px) 100vw, 480px\" \/><\/div><div class=\"small-teasers__item__title\"><h5>R\u00fcckblick Regionaler Erfahrungsaustausch<\/h5><\/div><\/a><\/div><div class=\"ppi_col-xs-12 ppi_col-sm-6 ppi_col-md-4 ppi_col-lg-3\"><a class=\"small-teasers__item\" href=\"https:\/\/www.ltv-sachsen.de\/wanderundpilgerakademie\/vernetzung\/externe-veranstaltungen\/\" target=\"\" title=\"\"><div class=\"small-teasers__item__image\"><img loading=\"lazy\" decoding=\"async\" width=\"480\" height=\"341\" src=\"https:\/\/www.ltv-sachsen.de\/wp-content\/uploads\/sites\/2\/2024\/05\/Themen-Teaser-weitere-Veranst-JI3A9927-480x341.jpg\" class=\"attachment-ltv-sachsen-xs size-ltv-sachsen-xs\" alt=\"\" srcset=\"https:\/\/www.ltv-sachsen.de\/wp-content\/uploads\/sites\/2\/2024\/05\/Themen-Teaser-weitere-Veranst-JI3A9927-480x341.jpg 480w, https:\/\/www.ltv-sachsen.de\/wp-content\/uploads\/sites\/2\/2024\/05\/Themen-Teaser-weitere-Veranst-JI3A9927-300x213.jpg 300w, https:\/\/www.ltv-sachsen.de\/wp-content\/uploads\/sites\/2\/2024\/05\/Themen-Teaser-weitere-Veranst-JI3A9927-1024x728.jpg 1024w, https:\/\/www.ltv-sachsen.de\/wp-content\/uploads\/sites\/2\/2024\/05\/Themen-Teaser-weitere-Veranst-JI3A9927-768x546.jpg 768w, https:\/\/www.ltv-sachsen.de\/wp-content\/uploads\/sites\/2\/2024\/05\/Themen-Teaser-weitere-Veranst-JI3A9927-992x706.jpg 992w, https:\/\/www.ltv-sachsen.de\/wp-content\/uploads\/sites\/2\/2024\/05\/Themen-Teaser-weitere-Veranst-JI3A9927.jpg 1108w\" sizes=\"auto, (max-width: 480px) 100vw, 480px\" \/><\/div><div class=\"small-teasers__item__title\"><h5>weitere Veranstaltungen <\/h5><\/div><\/a><\/div><\/div><\/div>[vc_column_text css=&#8220;&#8220;]<\/p>\n<h1 class=\"pagename\">Vernetzung<\/h1>\n<p>Schwerpunkt unserer Vernetzungsarbeit im Jahr 2026 soll die Vernetzung der Absolventinnen und Absolventen unserer drei Ausbildungen sein. Dazu bieten wir verschiedene Formen von Fortbildungen an, die die Kenntnisse aus der jeweiligen Ausbildung vertiefen und erweitern. Im Rahmen von Werkstatttagen werden Themen und Fragestellungen der Wanderf\u00fchrer, Pilgerbegleiter und Wegewarte aufgenommen und k\u00f6nnen zukunftsorientiert entwickelt bzw. gel\u00f6st werden. In dieser erweiterten Vernetzungsarbeit spielen auch aktuelle touristische Angebote in Sachsen eine gro\u00dfe Rolle, z. B. der S\u00e4chsische Wandertag.[\/vc_column_text][\/vc_column][\/vc_row][vc_row ppi_row_padding=&#8220;ppi_remove_padding_top&#8220; disable_element=&#8220;yes&#8220;][vc_column]<div class=\"ltv-element ltv-events\"><div class=\"ppi_row\"><div class=\"ppi_col-md-5\"><div class=\"ltv-events__image\"><img loading=\"lazy\" decoding=\"async\" width=\"1024\" height=\"683\" src=\"https:\/\/www.ltv-sachsen.de\/wp-content\/uploads\/sites\/2\/2022\/06\/MG_6603-min.jpg\" class=\"attachment-ltv-sachsen-lg size-ltv-sachsen-lg\" alt=\"\" srcset=\"https:\/\/www.ltv-sachsen.de\/wp-content\/uploads\/sites\/2\/2022\/06\/MG_6603-min.jpg 1024w, https:\/\/www.ltv-sachsen.de\/wp-content\/uploads\/sites\/2\/2022\/06\/MG_6603-min-300x200.jpg 300w, https:\/\/www.ltv-sachsen.de\/wp-content\/uploads\/sites\/2\/2022\/06\/MG_6603-min-768x512.jpg 768w, https:\/\/www.ltv-sachsen.de\/wp-content\/uploads\/sites\/2\/2022\/06\/MG_6603-min-992x662.jpg 992w, https:\/\/www.ltv-sachsen.de\/wp-content\/uploads\/sites\/2\/2022\/06\/MG_6603-min-480x320.jpg 480w\" sizes=\"auto, (max-width: 1024px) 100vw, 1024px\" \/><\/div><a class=\"ltv-events__cta button show-for-md\" href=\"https:\/\/www.ltv-sachsen.de\/wanderundpilgerakademie\/aktuelles\/termine\/\" target=\"_self\" title=\"Alle Termine\">Alle Termine<\/a><\/div><div class=\"ppi_col-md-7\"><div class=\"ltv-events__items\"><a href=\"https:\/\/www.ltv-sachsen.de\/wanderundpilgerakademie\/aktuelles\/termine\/fortbildung-fuer-ausgebildete-wanderfuehrer\/\" class=\"ltv-events__item\"><div class=\"ltv-events__item__date\">15.08.2026<\/div><h4 class=\"ltv-events__item__title\">&#8222;Lebensr\u00e4ume Waldwiese und Heide&#8220; &#8211; Fortbildung f\u00fcr ausgebildete Wanderf\u00fchrer<\/h4><\/a><a href=\"https:\/\/www.ltv-sachsen.de\/wanderundpilgerakademie\/aktuelles\/termine\/fortbildung-fuer-ausgebildete-pilgerbegleiter\/\" class=\"ltv-events__item\"><div class=\"ltv-events__item__date\">04.09.2026<\/div><h4 class=\"ltv-events__item__title\">\u201eKeltische Spiritualit\u00e4t und ihre Relevanz f\u00fcr heute\u201c &#8211; Fortbildung f\u00fcr ausgebildete Pilgerbegleiter<\/h4><\/a><a href=\"https:\/\/www.ltv-sachsen.de\/wanderundpilgerakademie\/aktuelles\/termine\/werkstatt-tag-die-zukunft-an-den-wander-und-pilgerwegen-in-sachsen-gestalten\/\" class=\"ltv-events__item\"><div class=\"ltv-events__item__date\">19.09.2026<\/div><h4 class=\"ltv-events__item__title\">Werkstatt-Tag &#8211; Die Zukunft an den Wander- und Pilgerwegen in Sachsen gestalten<\/h4><\/a><\/div><a class=\"ltv-events__cta button hide-for-md\" href=\"https:\/\/www.ltv-sachsen.de\/wanderundpilgerakademie\/aktuelles\/termine\/\" target=\"_self\" title=\"Alle Termine\">Alle Termine<\/a><\/div><\/div><\/div>[\/vc_column][\/vc_row]<\/p>\n<\/div>","protected":false},"excerpt":{"rendered":"<p>[vc_row ppi_row_padding=&#8220;ppi_remove_padding_top&#8220;][vc_column][vc_column_text css=&#8220;&#8220;] Vernetzung Schwerpunkt unserer Vernetzungsarbeit im Jahr 2026 soll die Vernetzung der Absolventinnen und Absolventen unserer drei Ausbildungen sein. Dazu bieten wir verschiedene Formen von Fortbildungen an, die die Kenntnisse aus der jeweiligen Ausbildung vertiefen und erweitern. Im Rahmen von Werkstatttagen werden Themen und Fragestellungen der Wanderf\u00fchrer, Pilgerbegleiter und Wegewarte aufgenommen und k\u00f6nnen [&hellip;]<\/p>\n","protected":false},"author":4,"featured_media":0,"parent":0,"menu_order":0,"comment_status":"closed","ping_status":"closed","template":"","meta":{"_acf_changed":false,"inline_featured_image":false,"footnotes":""},"class_list":["post-14","page","type-page","status-publish","hentry"],"acf":[],"yoast_head":"<!-- This site is optimized with the Yoast SEO plugin v26.4 - https:\/\/yoast.com\/wordpress\/plugins\/seo\/ -->\n<title>Vernetzung - Wander- und Pilgerakademie<\/title>\n<meta name=\"robots\" content=\"index, follow, max-snippet:-1, max-image-preview:large, max-video-preview:-1\" \/>\n<link rel=\"canonical\" href=\"https:\/\/www.ltv-sachsen.de\/wanderundpilgerakademie\/vernetzung\/\" \/>\n<meta property=\"og:locale\" content=\"de_DE\" \/>\n<meta property=\"og:type\" content=\"article\" \/>\n<meta property=\"og:title\" content=\"Vernetzung - Wander- und Pilgerakademie\" \/>\n<meta property=\"og:description\" content=\"[vc_row ppi_row_padding=&#8220;ppi_remove_padding_top&#8220;][vc_column][vc_column_text css=&#8220;&#8220;] Vernetzung Schwerpunkt unserer Vernetzungsarbeit im Jahr 2026 soll die Vernetzung der Absolventinnen und Absolventen unserer drei Ausbildungen sein. Dazu bieten wir verschiedene Formen von Fortbildungen an, die die Kenntnisse aus der jeweiligen Ausbildung vertiefen und erweitern. Im Rahmen von Werkstatttagen werden Themen und Fragestellungen der Wanderf\u00fchrer, Pilgerbegleiter und Wegewarte aufgenommen und k\u00f6nnen [&hellip;]\" \/>\n<meta property=\"og:url\" content=\"https:\/\/www.ltv-sachsen.de\/wanderundpilgerakademie\/vernetzung\/\" \/>\n<meta property=\"og:site_name\" content=\"Wander- und Pilgerakademie\" \/>\n<meta property=\"article:modified_time\" content=\"2026-03-20T10:28:00+00:00\" \/>\n<meta name=\"twitter:card\" content=\"summary_large_image\" \/>\n<meta name=\"twitter:label1\" content=\"Gesch\u00e4tzte Lesezeit\" \/>\n\t<meta name=\"twitter:data1\" content=\"1\u00a0Minute\" \/>\n<script type=\"application\/ld+json\" class=\"yoast-schema-graph\">{\"@context\":\"https:\/\/schema.org\",\"@graph\":[{\"@type\":\"WebPage\",\"@id\":\"https:\/\/www.ltv-sachsen.de\/wanderundpilgerakademie\/vernetzung\/\",\"url\":\"https:\/\/www.ltv-sachsen.de\/wanderundpilgerakademie\/vernetzung\/\",\"name\":\"Vernetzung - Wander- und Pilgerakademie\",\"isPartOf\":{\"@id\":\"https:\/\/www.ltv-sachsen.de\/wanderundpilgerakademie\/#website\"},\"datePublished\":\"2022-03-04T14:19:14+00:00\",\"dateModified\":\"2026-03-20T10:28:00+00:00\",\"breadcrumb\":{\"@id\":\"https:\/\/www.ltv-sachsen.de\/wanderundpilgerakademie\/vernetzung\/#breadcrumb\"},\"inLanguage\":\"de\",\"potentialAction\":[{\"@type\":\"ReadAction\",\"target\":[\"https:\/\/www.ltv-sachsen.de\/wanderundpilgerakademie\/vernetzung\/\"]}]},{\"@type\":\"BreadcrumbList\",\"@id\":\"https:\/\/www.ltv-sachsen.de\/wanderundpilgerakademie\/vernetzung\/#breadcrumb\",\"itemListElement\":[{\"@type\":\"ListItem\",\"position\":1,\"name\":\"Home\",\"item\":\"https:\/\/www.ltv-sachsen.de\/wanderundpilgerakademie\/\"},{\"@type\":\"ListItem\",\"position\":2,\"name\":\"Vernetzung\"}]},{\"@type\":\"WebSite\",\"@id\":\"https:\/\/www.ltv-sachsen.de\/wanderundpilgerakademie\/#website\",\"url\":\"https:\/\/www.ltv-sachsen.de\/wanderundpilgerakademie\/\",\"name\":\"Wander- und Pilgerakademie\",\"description\":\"Allgemeine Infos zur Wander- und Pilgerakademie\",\"potentialAction\":[{\"@type\":\"SearchAction\",\"target\":{\"@type\":\"EntryPoint\",\"urlTemplate\":\"https:\/\/www.ltv-sachsen.de\/wanderundpilgerakademie\/?s={search_term_string}\"},\"query-input\":{\"@type\":\"PropertyValueSpecification\",\"valueRequired\":true,\"valueName\":\"search_term_string\"}}],\"inLanguage\":\"de\"}]}<\/script>\n<!-- \/ Yoast SEO plugin. -->","yoast_head_json":{"title":"Vernetzung - Wander- und Pilgerakademie","robots":{"index":"index","follow":"follow","max-snippet":"max-snippet:-1","max-image-preview":"max-image-preview:large","max-video-preview":"max-video-preview:-1"},"canonical":"https:\/\/www.ltv-sachsen.de\/wanderundpilgerakademie\/vernetzung\/","og_locale":"de_DE","og_type":"article","og_title":"Vernetzung - Wander- und Pilgerakademie","og_description":"[vc_row ppi_row_padding=&#8220;ppi_remove_padding_top&#8220;][vc_column][vc_column_text css=&#8220;&#8220;] Vernetzung Schwerpunkt unserer Vernetzungsarbeit im Jahr 2026 soll die Vernetzung der Absolventinnen und Absolventen unserer drei Ausbildungen sein. Dazu bieten wir verschiedene Formen von Fortbildungen an, die die Kenntnisse aus der jeweiligen Ausbildung vertiefen und erweitern. Im Rahmen von Werkstatttagen werden Themen und Fragestellungen der Wanderf\u00fchrer, Pilgerbegleiter und Wegewarte aufgenommen und k\u00f6nnen [&hellip;]","og_url":"https:\/\/www.ltv-sachsen.de\/wanderundpilgerakademie\/vernetzung\/","og_site_name":"Wander- und Pilgerakademie","article_modified_time":"2026-03-20T10:28:00+00:00","twitter_card":"summary_large_image","twitter_misc":{"Gesch\u00e4tzte Lesezeit":"1\u00a0Minute"},"schema":{"@context":"https:\/\/schema.org","@graph":[{"@type":"WebPage","@id":"https:\/\/www.ltv-sachsen.de\/wanderundpilgerakademie\/vernetzung\/","url":"https:\/\/www.ltv-sachsen.de\/wanderundpilgerakademie\/vernetzung\/","name":"Vernetzung - Wander- und Pilgerakademie","isPartOf":{"@id":"https:\/\/www.ltv-sachsen.de\/wanderundpilgerakademie\/#website"},"datePublished":"2022-03-04T14:19:14+00:00","dateModified":"2026-03-20T10:28:00+00:00","breadcrumb":{"@id":"https:\/\/www.ltv-sachsen.de\/wanderundpilgerakademie\/vernetzung\/#breadcrumb"},"inLanguage":"de","potentialAction":[{"@type":"ReadAction","target":["https:\/\/www.ltv-sachsen.de\/wanderundpilgerakademie\/vernetzung\/"]}]},{"@type":"BreadcrumbList","@id":"https:\/\/www.ltv-sachsen.de\/wanderundpilgerakademie\/vernetzung\/#breadcrumb","itemListElement":[{"@type":"ListItem","position":1,"name":"Home","item":"https:\/\/www.ltv-sachsen.de\/wanderundpilgerakademie\/"},{"@type":"ListItem","position":2,"name":"Vernetzung"}]},{"@type":"WebSite","@id":"https:\/\/www.ltv-sachsen.de\/wanderundpilgerakademie\/#website","url":"https:\/\/www.ltv-sachsen.de\/wanderundpilgerakademie\/","name":"Wander- und Pilgerakademie","description":"Allgemeine Infos zur Wander- und Pilgerakademie","potentialAction":[{"@type":"SearchAction","target":{"@type":"EntryPoint","urlTemplate":"https:\/\/www.ltv-sachsen.de\/wanderundpilgerakademie\/?s={search_term_string}"},"query-input":{"@type":"PropertyValueSpecification","valueRequired":true,"valueName":"search_term_string"}}],"inLanguage":"de"}]}},"_links":{"self":[{"href":"https:\/\/www.ltv-sachsen.de\/wanderundpilgerakademie\/wp-json\/wp\/v2\/pages\/14","targetHints":{"allow":["GET"]}}],"collection":[{"href":"https:\/\/www.ltv-sachsen.de\/wanderundpilgerakademie\/wp-json\/wp\/v2\/pages"}],"about":[{"href":"https:\/\/www.ltv-sachsen.de\/wanderundpilgerakademie\/wp-json\/wp\/v2\/types\/page"}],"author":[{"embeddable":true,"href":"https:\/\/www.ltv-sachsen.de\/wanderundpilgerakademie\/wp-json\/wp\/v2\/users\/4"}],"replies":[{"embeddable":true,"href":"https:\/\/www.ltv-sachsen.de\/wanderundpilgerakademie\/wp-json\/wp\/v2\/comments?post=14"}],"version-history":[{"count":68,"href":"https:\/\/www.ltv-sachsen.de\/wanderundpilgerakademie\/wp-json\/wp\/v2\/pages\/14\/revisions"}],"predecessor-version":[{"id":3214,"href":"https:\/\/www.ltv-sachsen.de\/wanderundpilgerakademie\/wp-json\/wp\/v2\/pages\/14\/revisions\/3214"}],"wp:attachment":[{"href":"https:\/\/www.ltv-sachsen.de\/wanderundpilgerakademie\/wp-json\/wp\/v2\/media?parent=14"}],"curies":[{"name":"wp","href":"https:\/\/api.w.org\/{rel}","templated":true}]}}