{"id":9,"date":"2022-03-04T16:06:45","date_gmt":"2022-03-04T15:06:45","guid":{"rendered":"https:\/\/ltv-sachsen.test\/360graddigital\/?page_id=9"},"modified":"2026-01-20T15:57:26","modified_gmt":"2026-01-20T14:57:26","slug":"initiative-tourismus-360grad-digital-digitalisierung-des-saechsischen-tourismus","status":"publish","type":"page","link":"https:\/\/www.ltv-sachsen.de\/360graddigital\/","title":{"rendered":"Tourismus 360Grad Digital \u2013 Unterst\u00fctzung &amp; Wissen f\u00fcr den s\u00e4chsischen Tourismus"},"content":{"rendered":"<div class=\"wpb-content-wrapper\"><p>[vc_row ppi_row_padding=&#8220;ppi_remove_padding_top,ppi_remove_padding_bottom&#8220; full_width=&#8220;stretch_row_content_no_spaces&#8220;][vc_column]<div class=\"stage-slider\"><div class=\"swiper-container\" data-swiper-id=\"69de20cf18c79\"><div class=\"swiper-wrapper\"><div class=\"swiper-slide\"><div class=\"stage-slider__overlay\"><\/div><div class=\"stage-slider__image\"><img loading=\"lazy\" decoding=\"async\" width=\"1920\" height=\"1080\" src=\"https:\/\/www.ltv-sachsen.de\/wp-content\/uploads\/sites\/3\/2025\/03\/Anmeldung_zur_digital-Sprechstunde2.jpg\" class=\"attachment-ltv-sachsen-max size-ltv-sachsen-max\" alt=\"Anmeldung zum kostenlosen Erstgespr\u00e4ch\" srcset=\"https:\/\/www.ltv-sachsen.de\/wp-content\/uploads\/sites\/3\/2025\/03\/Anmeldung_zur_digital-Sprechstunde2.jpg 1920w, https:\/\/www.ltv-sachsen.de\/wp-content\/uploads\/sites\/3\/2025\/03\/Anmeldung_zur_digital-Sprechstunde2-300x169.jpg 300w, https:\/\/www.ltv-sachsen.de\/wp-content\/uploads\/sites\/3\/2025\/03\/Anmeldung_zur_digital-Sprechstunde2-1024x576.jpg 1024w, https:\/\/www.ltv-sachsen.de\/wp-content\/uploads\/sites\/3\/2025\/03\/Anmeldung_zur_digital-Sprechstunde2-768x432.jpg 768w, https:\/\/www.ltv-sachsen.de\/wp-content\/uploads\/sites\/3\/2025\/03\/Anmeldung_zur_digital-Sprechstunde2-1200x675.jpg 1200w, https:\/\/www.ltv-sachsen.de\/wp-content\/uploads\/sites\/3\/2025\/03\/Anmeldung_zur_digital-Sprechstunde2-992x558.jpg 992w, https:\/\/www.ltv-sachsen.de\/wp-content\/uploads\/sites\/3\/2025\/03\/Anmeldung_zur_digital-Sprechstunde2-480x270.jpg 480w\" sizes=\"auto, (max-width: 1920px) 100vw, 1920px\" \/><\/div><div class=\"stage-slider__description\"><div class=\"stage-slider__description__inner\"><span class=\"stage-slider__description__headline\">Digitalisierung im Tourismus beginnt mit einem Gespr\u00e4ch.<\/span><a class=\"button button--primary\" href=\"https:\/\/outlook.office365.com\/owa\/calendar\/Tourismus360Graddigital@ltv-sachsen.de\/bookings\/\" target=\"1\" title=\"Hier kostenlos buchen!\">Hier kostenlos buchen!<\/a><\/div><\/div><\/div><div class=\"swiper-slide\"><div class=\"stage-slider__overlay\"><\/div><div class=\"stage-slider__image\"><img loading=\"lazy\" decoding=\"async\" width=\"1920\" height=\"1080\" src=\"https:\/\/www.ltv-sachsen.de\/wp-content\/uploads\/sites\/3\/2024\/06\/Projektuebersicht.jpg\" class=\"attachment-ltv-sachsen-max size-ltv-sachsen-max\" alt=\"Projektkarte_2024_&quot;Tourismus360Grad Digital&quot;\" srcset=\"https:\/\/www.ltv-sachsen.de\/wp-content\/uploads\/sites\/3\/2024\/06\/Projektuebersicht.jpg 1920w, https:\/\/www.ltv-sachsen.de\/wp-content\/uploads\/sites\/3\/2024\/06\/Projektuebersicht-300x169.jpg 300w, https:\/\/www.ltv-sachsen.de\/wp-content\/uploads\/sites\/3\/2024\/06\/Projektuebersicht-1024x576.jpg 1024w, https:\/\/www.ltv-sachsen.de\/wp-content\/uploads\/sites\/3\/2024\/06\/Projektuebersicht-768x432.jpg 768w, https:\/\/www.ltv-sachsen.de\/wp-content\/uploads\/sites\/3\/2024\/06\/Projektuebersicht-1200x675.jpg 1200w, https:\/\/www.ltv-sachsen.de\/wp-content\/uploads\/sites\/3\/2024\/06\/Projektuebersicht-992x558.jpg 992w, https:\/\/www.ltv-sachsen.de\/wp-content\/uploads\/sites\/3\/2024\/06\/Projektuebersicht-480x270.jpg 480w\" sizes=\"auto, (max-width: 1920px) 100vw, 1920px\" \/><\/div><div class=\"stage-slider__description\"><div class=\"stage-slider__description__inner\"><span class=\"stage-slider__description__headline\">Unsere beratenen Unternehmen<\/span><a class=\"button button--primary\" href=\"https:\/\/www.ltv-sachsen.de\/360graddigital\/das-projekt-360grad-digital\/unternehmensuebersicht\/\" target=\"1\" title=\"Mehr erfahren\">Mehr erfahren<\/a><\/div><\/div><\/div><\/div><\/div><div class=\"stage-slider__shape\"><img decoding=\"async\" src=\"https:\/\/www.ltv-sachsen.de\/wp-content\/themes\/ltv-sachsen\/build\/img\/shape4.svg\" alt=\"Shape\"><\/div><div class=\"swiper-pagination swiper-pagination-stage-slider swiper-pagination-69de20cf18c79\"><\/div><\/div>[\/vc_column][\/vc_row][vc_row ppi_row_padding=&#8220;ppi_remove_padding_top,ppi_remove_padding_bottom&#8220; full_width=&#8220;stretch_row&#8220;][vc_column][vc_column_text css=&#8220;&#8220;]<\/p>\n<h1>Tourismus 360Grad Digital &#8211; <span class=\"TextRun SCXO198148170 BCX8\" lang=\"DE-DE\" xml:lang=\"DE-DE\" data-contrast=\"none\"><span class=\"NormalTextRun SCXO198148170 BCX8\">Wer sind wir?<\/span><\/span><\/h1>\n<p><span data-contrast=\"none\">Wir sind\u00a0<\/span><b><span data-contrast=\"none\">Tourismus 360Grad Digital<\/span><\/b><span data-contrast=\"none\">\u00a0\u2013 die Initiative des Landestourismusverbandes Sachsen e.V., die den digitalen Fortschritt im s\u00e4chsischen Tourismus aktiv begleitet. Gef\u00f6rdert durch das S\u00e4chsische Staatsministerium f\u00fcr Wissenschaft, Kultur und Tourismus unterst\u00fctzen wir kleine und mittelst\u00e4ndische Tourismusunternehmen,\u00a0Touristinformationen, Kultur- und Freizeiteinrichtungen\u00a0<\/span><span data-contrast=\"none\">sowie Kommunen<\/span><span data-contrast=\"none\"> auf ihrem Weg in die digitale Zukunft.<\/span><\/p>\n<p><span data-contrast=\"none\">Unsere Mission ist klar:\u00a0<\/span><b><span data-contrast=\"none\">Digitale Transformation gemeinsam voranbringen.<\/span><\/b><br \/>\n<span data-contrast=\"none\">Wir zeigen Ihnen, wo Sie digital stehen, welche Potenziale in Ihrem Betrieb oder Ihrer Einrichtung liegen und wie Sie mit \u00fcberschaubarem Aufwand Ihre Sichtbarkeit, Effizienz und G\u00e4stezufriedenheit sp\u00fcrbar steigern k\u00f6nnen. Neben Beratungen bieten wir praxisnahe Weiterbildung, verst\u00e4ndliche Impulse, konkrete Analysen und zielgerichtete Vernetzung.<\/span><\/p>\n<p><b><span data-contrast=\"none\">Unser Ziel:<\/span><\/b><br \/>\n<span data-contrast=\"none\">Touristische Akteure in Sachsen \u2013 unabh\u00e4ngig von ihrer Gr\u00f6\u00dfe, von Vorerfahrungen oder Ressourcen \u2013 dabei zu unterst\u00fctzen, digitale Chancen zu nutzen und die eigene Zukunftsf\u00e4higkeit zu st\u00e4rken.<\/span>[\/vc_column_text][\/vc_column][\/vc_row][vc_row][vc_column width=&#8220;1\/3&#8243;][vc_column_text css=&#8220;&#8220;]<\/p>\n<h3 style=\"text-align: center\"><strong><img loading=\"lazy\" decoding=\"async\" class=\"aligncenter wp-image-1072 size-medium\" src=\"https:\/\/www.ltv-sachsen.de\/wp-content\/uploads\/sites\/3\/2023\/04\/digital-Beratung_750x590-300x236.jpg\" alt=\"Tourismus 360Grad Digital - digital-Beratung\" width=\"300\" height=\"236\" srcset=\"https:\/\/www.ltv-sachsen.de\/wp-content\/uploads\/sites\/3\/2023\/04\/digital-Beratung_750x590-300x236.jpg 300w, https:\/\/www.ltv-sachsen.de\/wp-content\/uploads\/sites\/3\/2023\/04\/digital-Beratung_750x590-480x378.jpg 480w, https:\/\/www.ltv-sachsen.de\/wp-content\/uploads\/sites\/3\/2023\/04\/digital-Beratung_750x590.jpg 750w\" sizes=\"auto, (max-width: 300px) 100vw, 300px\" \/><\/strong><strong>Digital-Beratung<\/strong><\/h3>\n<p style=\"text-align: center\"><a class=\"button button--primary\" href=\"https:\/\/www.ltv-sachsen.de\/360graddigital\/das-projekt-360grad-digital\/digital-sprechstunde\/\" target=\"_blank\" rel=\"noopener\">Mehr erfahren<\/a><\/p>\n<p>[\/vc_column_text][\/vc_column][vc_column width=&#8220;1\/3&#8243;][vc_column_text css=&#8220;&#8220;]<\/p>\n<h3 style=\"text-align: center\"><strong><img loading=\"lazy\" decoding=\"async\" class=\"aligncenter wp-image-1070 size-medium\" src=\"https:\/\/www.ltv-sachsen.de\/wp-content\/uploads\/sites\/3\/2023\/04\/digitales-Lernen_750x590-300x236.jpg\" alt=\"Tourismus 360Grad Digital - digitales Lernen\" width=\"300\" height=\"236\" srcset=\"https:\/\/www.ltv-sachsen.de\/wp-content\/uploads\/sites\/3\/2023\/04\/digitales-Lernen_750x590-300x236.jpg 300w, https:\/\/www.ltv-sachsen.de\/wp-content\/uploads\/sites\/3\/2023\/04\/digitales-Lernen_750x590-480x378.jpg 480w, https:\/\/www.ltv-sachsen.de\/wp-content\/uploads\/sites\/3\/2023\/04\/digitales-Lernen_750x590.jpg 750w\" sizes=\"auto, (max-width: 300px) 100vw, 300px\" \/>Digitalisierung lernen<\/strong><\/h3>\n<p style=\"text-align: center\"><a class=\"button button--primary\" href=\"https:\/\/www.ltv-sachsen.de\/360graddigital\/digitales-wissen\/digitalisierung-lernen\/\" target=\"_blank\" rel=\"noopener\">Mehr erfahren<\/a><\/p>\n<p>[\/vc_column_text][\/vc_column][vc_column width=&#8220;1\/3&#8243;][vc_column_text css=&#8220;&#8220;]<\/p>\n<h3 style=\"text-align: center\"><img loading=\"lazy\" decoding=\"async\" class=\"aligncenter wp-image-1064 size-medium\" src=\"https:\/\/www.ltv-sachsen.de\/wp-content\/uploads\/sites\/3\/2023\/04\/Netzwerke-foerdern_750x750-300x236.jpg\" alt=\"Tourismus 360Grad Digital - Netzwerke f\u00f6rdern\" width=\"300\" height=\"236\" srcset=\"https:\/\/www.ltv-sachsen.de\/wp-content\/uploads\/sites\/3\/2023\/04\/Netzwerke-foerdern_750x750-300x236.jpg 300w, https:\/\/www.ltv-sachsen.de\/wp-content\/uploads\/sites\/3\/2023\/04\/Netzwerke-foerdern_750x750-480x377.jpg 480w, https:\/\/www.ltv-sachsen.de\/wp-content\/uploads\/sites\/3\/2023\/04\/Netzwerke-foerdern_750x750.jpg 750w\" sizes=\"auto, (max-width: 300px) 100vw, 300px\" \/><strong>Netzwerke f\u00f6rdern<\/strong><\/h3>\n<p style=\"text-align: center\"><a class=\"button button--primary\" href=\"https:\/\/www.ltv-sachsen.de\/360graddigital\/aktuelles\/termine\/\" target=\"_blank\" rel=\"noopener\">Mehr erfahren<\/a><\/p>\n<p>[\/vc_column_text][\/vc_column][\/vc_row][vc_row ppi_row_padding=&#8220;ppi_remove_padding_bottom&#8220; ppi_row_type=&#8220;ppi_light_green&#8220; full_width=&#8220;stretch_row&#8220;][vc_column]<h2 class=\"quotebox__title\">Feedback zu unseren digitalen Beratungsangeboten<\/h2><div class=\"quotebox\"><div class=\"swiper-container swiper-container-69de20cf1a8d1\" data-swiper-id=\"69de20cf1a8d1\"><div class=\"swiper-wrapper\"><div class=\"swiper-slide\"><div class=\"hidden\"><\/div><div class=\"ppi_col-xs-12\"><p class=\"quotebox__text\">\"Die Durchf\u00fchrung der Sichtbarkeitsanalyse und Zusendung vor dem Gespr\u00e4ch, sodass man sich damit shcon besch\u00e4ftigen konnte. Au\u00dferdem fanden wir es sehr gut, dass wir R\u00fcckfragen stellen zu konnten und im Nachgang eine ausf\u00fchrliche und hilfreiche Zusammenfassung per Mail zu erhalten haben. Auch die genannten Beispiele anderer Regionen sind sehr hilfreich. Mit den Materialien l\u00e4sst sich die Umsetzung der Ma\u00dfnahmen sehr gut planen und umsetzen. Vielen Dank!\"<\/p><div class=\"quotebox__author\"><span class=\"quotebox__author--name\">Tourismusnetzwerk Greifensteinregion<\/span><br>   <\/div><\/div><\/div><div class=\"swiper-slide\"><div class=\"hidden\"><\/div><div class=\"ppi_col-xs-12\"><p class=\"quotebox__text\">\"Der Vor-Ort-Termin war unkompliziert, sehr sympathisch und niederschwellig. Frau Postel war sehr ausf\u00fchrlich vorbereitet und hat uns die Thematik sehr gut \u00fcbermittelt.\"<\/p><div class=\"quotebox__author\"><span class=\"quotebox__author--name\">Auerbachs Keller Leipzig GmbH<\/span><br>   <\/div><\/div><\/div><div class=\"swiper-slide\"><div class=\"hidden\"><\/div><div class=\"ppi_col-xs-12\"><p class=\"quotebox__text\">\"Die pr\u00e4zise Analyse ausdr\u00fccklich bezogen auf unser Unternehmen war sehr hilfreich und in der Tat sehr detailliert ausgef\u00fchrt, so dass dies f\u00fcr uns eine willkommene Unterst\u00fctzung bei der Verbesserung unserer Online-Performance ist. Die M\u00f6glichkeit eines direkten Gespr\u00e4ches vor Ort in der IHK empfinden wir als sehr positiv und bedanken uns f\u00fcr diese M\u00f6glichkeit.\"<\/p><div class=\"quotebox__author\"><span class=\"quotebox__author--name\">Hotel Marschall DuRoc<\/span><br>   <\/div><\/div><\/div><div class=\"swiper-slide\"><div class=\"hidden\"><\/div><div class=\"ppi_col-xs-12\"><p class=\"quotebox__text\">\"Auf unsere Fragen wurden praxisorientiert Handlungsempfehlungen gegeben. Dazu wurden uns verschiedene M\u00f6glichkeiten aufgezeigt und wir wurden bei der Entscheidungsfindung unterst\u00fctzt. Nach Vorgespr\u00e4chen wurde bei einem Vor-Ort-Termin pers\u00f6nlich auf Details eingegangen.\"<\/p><div class=\"quotebox__author\"><span class=\"quotebox__author--name\">Technisches Museum der Bandweberei Gro\u00dfr\u00f6hrsdorf<\/span><br>   <\/div><\/div><\/div><div class=\"swiper-slide\"><div class=\"hidden\"><\/div><div class=\"ppi_col-xs-12\"><p class=\"quotebox__text\">\"genaue Analyse mit Praxisbeispielen, sehr individuelle Ratschl\u00e4ge f\u00fcr SEO-Optimierung, neue Impulse f\u00fcr Handlungsbedarf im Digitalisierungsbereich (bereits im Vorfeld) h\u00e4tten wir ohne Initiative Tourismus 360Grad Digital nie erkannt.\"<\/p><div class=\"quotebox__author\"><span class=\"quotebox__author--name\">Wintersport Altenberg (Osterzgebirge) GmbH<\/span><br>   <\/div><\/div><\/div><div class=\"swiper-slide\"><div class=\"hidden\"><\/div><div class=\"ppi_col-xs-12\"><p class=\"quotebox__text\">\"Die grunds\u00e4tzliche Pr\u00fcfung formaler und technischer Anforderungen war sehr hilfreich. G\u00fcnstig ist, sich die Auswertung vor dem Termin schon einmal anschauen zu k\u00f6nnen, um dann ggf. direkt Fragen stellen zu k\u00f6nnen. Die Dauer der Ergebnispr\u00e4sentation war gut.\"<\/p><div class=\"quotebox__author\"><span class=\"quotebox__author--name\">Kulturstiftung Landkreis Leipzig<\/span><br>   <\/div><\/div><\/div><div class=\"swiper-slide\"><div class=\"hidden\"><\/div><div class=\"ppi_col-xs-12\"><p class=\"quotebox__text\">\u201eBei einem ausf\u00fchrlichen Gespr\u00e4ch und der Begehung unserer Anlage hat Herr Meier des LTV SACHSEN sich Zeit genommen uns kennenzulernen und konnte aufgrund dessen ein ausf\u00fchrliches Konzept mit Hilfestellungen und Anregungen erstellen. Ein digitaler Leitfaden entstand, der Themen wie die Optimierung unserer Webseite, des Google Unternehmensprofils und das Thema digitale Umsetzungen vor Ort enthielt. Dies half uns sehr, unsere Onlinepr\u00e4senz genauer zu analysieren und zu verbessern und brachte uns auf neue Ideen.\u201c<\/p><div class=\"quotebox__author\"><span class=\"quotebox__author--name\">Ferienpark Neuseenland<\/span><br>   <\/div><\/div><\/div><div class=\"swiper-slide\"><div class=\"hidden\"><\/div><div class=\"ppi_col-xs-12\"><p class=\"quotebox__text\">\"Die Beratung des LTV SACHSEN hat mir geholfen, einen \u00dcberblick \u00fcber die digitalen M\u00f6glichkeiten in einem Ferienhaus zu gewinnen und das Verst\u00e4ndnis von KI zu f\u00f6rdern. Die Unterst\u00fctzung bei der Erstellung eines Google-Unternehmens Profils und die Strukturierung der Aufgaben waren sehr wertvoll. Der Beratungsprozess wird fort gesetzt, um die Funktionsweise der Onlinebuchbarkeit und digitaler T\u00fcrschlie\u00dfsysteme zu meistern.\u201c<\/p><div class=\"quotebox__author\"><span class=\"quotebox__author--name\">Berghaus 25<\/span><br>   <\/div><\/div><\/div><\/div><\/div><button class=\"button--primary icon--right1 swiper-button-prev swiper-button-prev-69de20cf1a8d1\" style=\"transform: scaleX(-1);\"><\/button><button class=\"button--primary icon--right1 swiper-button-next swiper-button-next-69de20cf1a8d1 \"><\/button><\/div>[\/vc_column][\/vc_row]<\/p>\n<\/div>","protected":false},"excerpt":{"rendered":"<p>[vc_row ppi_row_padding=&#8220;ppi_remove_padding_top,ppi_remove_padding_bottom&#8220; full_width=&#8220;stretch_row_content_no_spaces&#8220;][vc_column][\/vc_column][\/vc_row][vc_row ppi_row_padding=&#8220;ppi_remove_padding_top,ppi_remove_padding_bottom&#8220; full_width=&#8220;stretch_row&#8220;][vc_column][vc_column_text css=&#8220;&#8220;] Tourismus 360Grad Digital &#8211; Wer sind wir? Wir sind\u00a0Tourismus 360Grad Digital\u00a0\u2013 die Initiative des Landestourismusverbandes Sachsen e.V., die den digitalen Fortschritt im s\u00e4chsischen Tourismus aktiv begleitet. Gef\u00f6rdert durch das S\u00e4chsische Staatsministerium f\u00fcr Wissenschaft, Kultur und Tourismus unterst\u00fctzen wir kleine und mittelst\u00e4ndische Tourismusunternehmen,\u00a0Touristinformationen, Kultur- und Freizeiteinrichtungen\u00a0sowie Kommunen auf ihrem Weg [&hellip;]<\/p>\n","protected":false},"author":4,"featured_media":0,"parent":0,"menu_order":0,"comment_status":"closed","ping_status":"closed","template":"page-home.php","meta":{"_acf_changed":false,"inline_featured_image":false,"footnotes":""},"class_list":["post-9","page","type-page","status-publish","hentry"],"acf":[],"yoast_head":"<!-- This site is optimized with the Yoast SEO plugin v26.4 - https:\/\/yoast.com\/wordpress\/plugins\/seo\/ -->\n<title>Tourismus 360Grad digital<\/title>\n<meta name=\"description\" content=\"Digitale Unterst\u00fctzung f\u00fcr Touristiker in Sachsen: Wir bieten Impulse, praxisnahe Angebote und Orientierung f\u00fcr Ihren digitalen Weg.\" \/>\n<meta name=\"robots\" content=\"index, follow, max-snippet:-1, max-image-preview:large, max-video-preview:-1\" \/>\n<link rel=\"canonical\" href=\"https:\/\/www.ltv-sachsen.de\/360graddigital\/\" \/>\n<meta property=\"og:locale\" content=\"de_DE\" \/>\n<meta property=\"og:type\" content=\"article\" \/>\n<meta property=\"og:title\" content=\"Tourismus 360Grad digital\" \/>\n<meta property=\"og:description\" content=\"Digitale Unterst\u00fctzung f\u00fcr Touristiker in Sachsen: Wir bieten Impulse, praxisnahe Angebote und Orientierung f\u00fcr Ihren digitalen Weg.\" \/>\n<meta property=\"og:url\" content=\"https:\/\/www.ltv-sachsen.de\/360graddigital\/\" \/>\n<meta property=\"og:site_name\" content=\"360 Grad digital\" \/>\n<meta property=\"article:modified_time\" content=\"2026-01-20T14:57:26+00:00\" \/>\n<meta property=\"og:image\" content=\"https:\/\/www.ltv-sachsen.de\/wp-content\/uploads\/sites\/3\/2023\/04\/digital-Beratung_750x590-300x236.jpg\" \/>\n<meta name=\"twitter:card\" content=\"summary_large_image\" \/>\n<meta name=\"twitter:label1\" content=\"Gesch\u00e4tzte Lesezeit\" \/>\n\t<meta name=\"twitter:data1\" content=\"2\u00a0Minuten\" \/>\n<script type=\"application\/ld+json\" class=\"yoast-schema-graph\">{\"@context\":\"https:\/\/schema.org\",\"@graph\":[{\"@type\":\"WebPage\",\"@id\":\"https:\/\/www.ltv-sachsen.de\/360graddigital\/\",\"url\":\"https:\/\/www.ltv-sachsen.de\/360graddigital\/\",\"name\":\"Tourismus 360Grad digital\",\"isPartOf\":{\"@id\":\"https:\/\/www.ltv-sachsen.de\/360graddigital\/#website\"},\"primaryImageOfPage\":{\"@id\":\"https:\/\/www.ltv-sachsen.de\/360graddigital\/#primaryimage\"},\"image\":{\"@id\":\"https:\/\/www.ltv-sachsen.de\/360graddigital\/#primaryimage\"},\"thumbnailUrl\":\"https:\/\/www.ltv-sachsen.de\/wp-content\/uploads\/sites\/3\/2023\/04\/digital-Beratung_750x590-300x236.jpg\",\"datePublished\":\"2022-03-04T15:06:45+00:00\",\"dateModified\":\"2026-01-20T14:57:26+00:00\",\"description\":\"Digitale Unterst\u00fctzung f\u00fcr Touristiker in Sachsen: Wir bieten Impulse, praxisnahe Angebote und Orientierung f\u00fcr Ihren digitalen Weg.\",\"breadcrumb\":{\"@id\":\"https:\/\/www.ltv-sachsen.de\/360graddigital\/#breadcrumb\"},\"inLanguage\":\"de\",\"potentialAction\":[{\"@type\":\"ReadAction\",\"target\":[\"https:\/\/www.ltv-sachsen.de\/360graddigital\/\"]}]},{\"@type\":\"ImageObject\",\"inLanguage\":\"de\",\"@id\":\"https:\/\/www.ltv-sachsen.de\/360graddigital\/#primaryimage\",\"url\":\"https:\/\/www.ltv-sachsen.de\/wp-content\/uploads\/sites\/3\/2023\/04\/digital-Beratung_750x590-300x236.jpg\",\"contentUrl\":\"https:\/\/www.ltv-sachsen.de\/wp-content\/uploads\/sites\/3\/2023\/04\/digital-Beratung_750x590-300x236.jpg\"},{\"@type\":\"BreadcrumbList\",\"@id\":\"https:\/\/www.ltv-sachsen.de\/360graddigital\/#breadcrumb\",\"itemListElement\":[{\"@type\":\"ListItem\",\"position\":1,\"name\":\"Home\",\"item\":\"https:\/\/www.ltv-sachsen.de\/360graddigital\/\"},{\"@type\":\"ListItem\",\"position\":2,\"name\":\"Tourismus 360Grad Digital \u2013 Unterst\u00fctzung &amp; Wissen f\u00fcr den s\u00e4chsischen Tourismus\"}]},{\"@type\":\"WebSite\",\"@id\":\"https:\/\/www.ltv-sachsen.de\/360graddigital\/#website\",\"url\":\"https:\/\/www.ltv-sachsen.de\/360graddigital\/\",\"name\":\"360 Grad digital\",\"description\":\"Eine weitere LTV Sachsen Websites Website\",\"potentialAction\":[{\"@type\":\"SearchAction\",\"target\":{\"@type\":\"EntryPoint\",\"urlTemplate\":\"https:\/\/www.ltv-sachsen.de\/360graddigital\/?s={search_term_string}\"},\"query-input\":{\"@type\":\"PropertyValueSpecification\",\"valueRequired\":true,\"valueName\":\"search_term_string\"}}],\"inLanguage\":\"de\"}]}<\/script>\n<!-- \/ Yoast SEO plugin. -->","yoast_head_json":{"title":"Tourismus 360Grad digital","description":"Digitale Unterst\u00fctzung f\u00fcr Touristiker in Sachsen: Wir bieten Impulse, praxisnahe Angebote und Orientierung f\u00fcr Ihren digitalen Weg.","robots":{"index":"index","follow":"follow","max-snippet":"max-snippet:-1","max-image-preview":"max-image-preview:large","max-video-preview":"max-video-preview:-1"},"canonical":"https:\/\/www.ltv-sachsen.de\/360graddigital\/","og_locale":"de_DE","og_type":"article","og_title":"Tourismus 360Grad digital","og_description":"Digitale Unterst\u00fctzung f\u00fcr Touristiker in Sachsen: Wir bieten Impulse, praxisnahe Angebote und Orientierung f\u00fcr Ihren digitalen Weg.","og_url":"https:\/\/www.ltv-sachsen.de\/360graddigital\/","og_site_name":"360 Grad digital","article_modified_time":"2026-01-20T14:57:26+00:00","og_image":[{"url":"https:\/\/www.ltv-sachsen.de\/wp-content\/uploads\/sites\/3\/2023\/04\/digital-Beratung_750x590-300x236.jpg","type":"","width":"","height":""}],"twitter_card":"summary_large_image","twitter_misc":{"Gesch\u00e4tzte Lesezeit":"2\u00a0Minuten"},"schema":{"@context":"https:\/\/schema.org","@graph":[{"@type":"WebPage","@id":"https:\/\/www.ltv-sachsen.de\/360graddigital\/","url":"https:\/\/www.ltv-sachsen.de\/360graddigital\/","name":"Tourismus 360Grad digital","isPartOf":{"@id":"https:\/\/www.ltv-sachsen.de\/360graddigital\/#website"},"primaryImageOfPage":{"@id":"https:\/\/www.ltv-sachsen.de\/360graddigital\/#primaryimage"},"image":{"@id":"https:\/\/www.ltv-sachsen.de\/360graddigital\/#primaryimage"},"thumbnailUrl":"https:\/\/www.ltv-sachsen.de\/wp-content\/uploads\/sites\/3\/2023\/04\/digital-Beratung_750x590-300x236.jpg","datePublished":"2022-03-04T15:06:45+00:00","dateModified":"2026-01-20T14:57:26+00:00","description":"Digitale Unterst\u00fctzung f\u00fcr Touristiker in Sachsen: Wir bieten Impulse, praxisnahe Angebote und Orientierung f\u00fcr Ihren digitalen Weg.","breadcrumb":{"@id":"https:\/\/www.ltv-sachsen.de\/360graddigital\/#breadcrumb"},"inLanguage":"de","potentialAction":[{"@type":"ReadAction","target":["https:\/\/www.ltv-sachsen.de\/360graddigital\/"]}]},{"@type":"ImageObject","inLanguage":"de","@id":"https:\/\/www.ltv-sachsen.de\/360graddigital\/#primaryimage","url":"https:\/\/www.ltv-sachsen.de\/wp-content\/uploads\/sites\/3\/2023\/04\/digital-Beratung_750x590-300x236.jpg","contentUrl":"https:\/\/www.ltv-sachsen.de\/wp-content\/uploads\/sites\/3\/2023\/04\/digital-Beratung_750x590-300x236.jpg"},{"@type":"BreadcrumbList","@id":"https:\/\/www.ltv-sachsen.de\/360graddigital\/#breadcrumb","itemListElement":[{"@type":"ListItem","position":1,"name":"Home","item":"https:\/\/www.ltv-sachsen.de\/360graddigital\/"},{"@type":"ListItem","position":2,"name":"Tourismus 360Grad Digital \u2013 Unterst\u00fctzung &amp; Wissen f\u00fcr den s\u00e4chsischen Tourismus"}]},{"@type":"WebSite","@id":"https:\/\/www.ltv-sachsen.de\/360graddigital\/#website","url":"https:\/\/www.ltv-sachsen.de\/360graddigital\/","name":"360 Grad digital","description":"Eine weitere LTV Sachsen Websites Website","potentialAction":[{"@type":"SearchAction","target":{"@type":"EntryPoint","urlTemplate":"https:\/\/www.ltv-sachsen.de\/360graddigital\/?s={search_term_string}"},"query-input":{"@type":"PropertyValueSpecification","valueRequired":true,"valueName":"search_term_string"}}],"inLanguage":"de"}]}},"_links":{"self":[{"href":"https:\/\/www.ltv-sachsen.de\/360graddigital\/wp-json\/wp\/v2\/pages\/9","targetHints":{"allow":["GET"]}}],"collection":[{"href":"https:\/\/www.ltv-sachsen.de\/360graddigital\/wp-json\/wp\/v2\/pages"}],"about":[{"href":"https:\/\/www.ltv-sachsen.de\/360graddigital\/wp-json\/wp\/v2\/types\/page"}],"author":[{"embeddable":true,"href":"https:\/\/www.ltv-sachsen.de\/360graddigital\/wp-json\/wp\/v2\/users\/4"}],"replies":[{"embeddable":true,"href":"https:\/\/www.ltv-sachsen.de\/360graddigital\/wp-json\/wp\/v2\/comments?post=9"}],"version-history":[{"count":159,"href":"https:\/\/www.ltv-sachsen.de\/360graddigital\/wp-json\/wp\/v2\/pages\/9\/revisions"}],"predecessor-version":[{"id":2672,"href":"https:\/\/www.ltv-sachsen.de\/360graddigital\/wp-json\/wp\/v2\/pages\/9\/revisions\/2672"}],"wp:attachment":[{"href":"https:\/\/www.ltv-sachsen.de\/360graddigital\/wp-json\/wp\/v2\/media?parent=9"}],"curies":[{"name":"wp","href":"https:\/\/api.w.org\/{rel}","templated":true}]}}