{"id":264,"date":"2022-06-22T08:55:21","date_gmt":"2022-06-22T06:55:21","guid":{"rendered":"https:\/\/www.ltv-sachsen.de\/360graddigital\/?page_id=264"},"modified":"2026-02-10T13:48:31","modified_gmt":"2026-02-10T12:48:31","slug":"unsere-veranstaltungen","status":"publish","type":"page","link":"https:\/\/www.ltv-sachsen.de\/360graddigital\/initiative-tourismus-360-grad-digital\/unsere-veranstaltungen\/","title":{"rendered":"Unsere Veranstaltungen"},"content":{"rendered":"<div class=\"wpb-content-wrapper\"><p>[vc_row ppi_row_padding=&#8220;ppi_remove_padding_top&#8220;][vc_column][vc_column_text css=&#8220;&#8220;]<\/p>\n<h2><strong>Unsere Veranstaltungen<\/strong><\/h2>\n<p><img loading=\"lazy\" decoding=\"async\" class=\"alignleft wp-image-1290 size-medium\" title=\"Hier sehen Sie die Vielzahl unserer verschiedenen digitalen Themen bei unseren Veranstaltungen\" src=\"https:\/\/www.ltv-sachsen.de\/wp-content\/uploads\/sites\/3\/2023\/07\/wordcloud_neu_1920-300x138.png\" alt=\"Unsere Veranstaltungen in der Wortwolke\" width=\"300\" height=\"138\" srcset=\"https:\/\/www.ltv-sachsen.de\/wp-content\/uploads\/sites\/3\/2023\/07\/wordcloud_neu_1920-300x138.png 300w, https:\/\/www.ltv-sachsen.de\/wp-content\/uploads\/sites\/3\/2023\/07\/wordcloud_neu_1920-1024x472.png 1024w, https:\/\/www.ltv-sachsen.de\/wp-content\/uploads\/sites\/3\/2023\/07\/wordcloud_neu_1920-768x354.png 768w, https:\/\/www.ltv-sachsen.de\/wp-content\/uploads\/sites\/3\/2023\/07\/wordcloud_neu_1920-1200x553.png 1200w, https:\/\/www.ltv-sachsen.de\/wp-content\/uploads\/sites\/3\/2023\/07\/wordcloud_neu_1920-992x457.png 992w, https:\/\/www.ltv-sachsen.de\/wp-content\/uploads\/sites\/3\/2023\/07\/wordcloud_neu_1920-480x221.png 480w, https:\/\/www.ltv-sachsen.de\/wp-content\/uploads\/sites\/3\/2023\/07\/wordcloud_neu_1920.png 1920w\" sizes=\"auto, (max-width: 300px) 100vw, 300px\" \/>Die Initiative bietet eine Reihe von Veranstaltungen (digital oder in Pr\u00e4senz) zu verschiedenen Themen rund um die Digitalisierung im Tourismus, wie zum Beispiel Online-Marketing, Social Media, digitale G\u00e4stekommunikation, Online-Buchbarkeit aber auch zu Sicherheit und Datenschutz. Diese sind kostenfrei und offen f\u00fcr alle Interessierten.[\/vc_column_text][\/vc_column][\/vc_row][vc_row ppi_row_padding=&#8220;ppi_remove_padding_top,ppi_remove_padding_bottom&#8220;][vc_column width=&#8220;1\/2&#8243;][vc_column_text]<\/p>\n<h3><em>digital<\/em>-Dialog<\/h3>\n<p>Unser <em>digital-Dialog<\/em> ist ein kurzer und interaktiver Fachbeitrag zu einem beliebigen digitalen Thema. Hier erarbeiten sich die Teilnehmer*innen mit dem Referenten und anhand eigener Erfahrungen das digitale Thema im gemeinsamen Austausch. Die Dauer des <em>digital-Dialogs<\/em> betr\u00e4gt ca. 1,5 \u2013 2 Stunden. Im Nachgang zur Veranstaltung erhalten die Teilnehmer*innen eine Zusammenfassung.[\/vc_column_text][vc_column_text][\/vc_column_text][\/vc_column][vc_column width=&#8220;1\/2&#8243;][vc_column_text]<\/p>\n<h3><em>digital-<\/em>Impuls<\/h3>\n<p>Unser <em>digital-<\/em>Impuls ist ein kurzer und pr\u00e4gnanter Fachvortrag zu einem beliebigen digitalen Thema. Im Nachgang k\u00f6nnen sich die Teilnehmer*innen mit dem Referenten austauschen und gemeinsam in den Dialog treten. Die Dauer betr\u00e4gt ca. 1 Stunde. Der <em>digital-<\/em>Impuls wird aufgezeichnet und kann sp\u00e4ter im Wissenspool angeschaut werden. Im Nachgang zur Veranstaltung erhalten die Teilnehmer*innen eine Zusammenfassung.[\/vc_column_text][\/vc_column][\/vc_row][vc_row ppi_row_padding=&#8220;ppi_remove_padding_bottom&#8220;][vc_column][vc_column_text]<\/p>\n<h3>Workshop-Angebote<\/h3>\n<p>Neben unseren beiden Veranstaltungsformaten <em>digital<\/em>-Impuls und <em>digital<\/em>-Dialog k\u00f6nnen wir Ihnen aber auch individuelle Workshops zu folgenden digitalen Themen anbieten:[\/vc_column_text][vc_tta_accordion active_section=&#8220;0&#8243;][vc_tta_section title=&#8220;Erfolgreiche Social Media Pr\u00e4senz f\u00fcr Touristiker&#8220; tab_id=&#8220;1723632192360-c7800eb9-b91a&#8220;][vc_column_text]In der digitalen Welt ist ein starker Social Media-Auftritt unerl\u00e4sslich \u2013 doch Pr\u00e4senz allein gen\u00fcgt nicht. Entdecken Sie mit uns die Kunst der Online-Interaktion: Von Strategieentwicklung \u00fcber Storytelling bis hin zur Profiloptimierung. Unsere Workshops sind ma\u00dfgeschneidert, um Ihr Wissen praktisch anzuwenden und Ihre Marke authentisch zu pr\u00e4sentieren. Wir fokussieren uns bei der Gestaltung der Workshops auf Ihre relevante Inhalte, die genau auf die Bed\u00fcrfnisse Ihrer Zielgruppe abgestimmt sind.<\/p>\n<p><strong>F\u00fcr DMOs: Als<\/strong> Kenner Ihrer Region setzen Sie die Akzente. Teilen Sie uns Ihre spezifischen W\u00fcnsche f\u00fcr Workshop-Inhalte mit. Wir orientieren uns an Ihren regionalen Zielen, um gemeinsam die Attraktivit\u00e4t Ihrer Destination zu steigern.<\/p>\n<p><strong>F\u00fcr touristische Unternehmen:<\/strong> M\u00f6chten Sie Ihre Social Media Pr\u00e4senz ausbauen oder verfeinern? Kontaktieren Sie uns f\u00fcr eine individuelle Beratung oder buchen Sie direkt eine kostenlose <strong><a href=\"https:\/\/outlook.office365.com\/book\/Tourismus360Graddigital@ltv-sachsen.de\/\" target=\"_blank\" rel=\"noopener\"><em>digital<\/em>-Sprechstunde<\/a><\/strong>.<\/p>\n<p><strong>Dieses Angebot ist f\u00fcr touristische Anbieter in Sachsen kostenfrei.\u00a0<\/strong>[\/vc_column_text][\/vc_tta_section][vc_tta_section title=&#8220;SEO-Self-Check f\u00fcr Touristiker \u2013 So bringen Sie Ihre Webseite auf Erfolgskurs&#8220; tab_id=&#8220;1727778416654-75240a22-ba12&#8243;][vc_column_text]M\u00f6chten Sie Ihre Webseite selbst optimieren und mehr Besucher anziehen? Kein Problem! In unserem 90-min\u00fctigen Workshop erhalten Sie praxisnahe Tipps und Tools, die Sie sofort und zuk\u00fcnftig anwenden k\u00f6nnen, um Ihre Webseite zu verbessern.<\/p>\n<p>Verzeichnis- und URL-Struktur, Meta Tags oder Seitenstruktur klingen kompliziert? Und Ladegeschwindigkeit, interne Verlinkung, Backlink-Strategie zu technisch? Wir zeigen Ihnen, warum es sich lohnt, diese Begriffe zu kennen, was sich dahinter verbirgt und wie Sie dieses Wissen praktisch f\u00fcr sich nutzen k\u00f6nnen.<\/p>\n<p>Bringen Sie Ihren Laptop mit und setzen Sie das Gelernte direkt in die Praxis um. Melden Sie sich jetzt an und sichern Sie sich Ihren Platz!<\/p>\n<p><strong>F\u00fcr touristische Unternehmen:<\/strong> Sie m\u00f6chten Ihre Webseite von unserem Team auf die Sichtbarkeit im Internet untersuchen lassen? Kontaktieren Sie uns f\u00fcr eine individuelle Beratung oder buchen Sie direkt eine kostenlose <strong><a href=\"https:\/\/outlook.office365.com\/book\/Tourismus360Graddigital@ltv-sachsen.de\/\" target=\"_blank\" rel=\"noopener\"><em>digital<\/em>-Sprechstunde<\/a><\/strong>.<\/p>\n<p><strong>Dieses Angebot ist f\u00fcr touristische Anbieter in Sachsen kostenfrei.\u00a0<\/strong>[\/vc_column_text][\/vc_tta_section][\/vc_tta_accordion][\/vc_column][\/vc_row][vc_row ppi_row_padding=&#8220;ppi_remove_padding_bottom&#8220; ppi_row_type=&#8220;ppi_light_green&#8220; full_width=&#8220;stretch_row&#8220; content_placement=&#8220;top&#8220;][vc_column]<h2 class=\"quotebox__title\">Feedback zu unseren Veranstaltungen<\/h2><div class=\"quotebox\"><div class=\"swiper-container swiper-container-6a00bc805b281\" data-swiper-id=\"6a00bc805b281\"><div class=\"swiper-wrapper\"><div class=\"swiper-slide\"><div class=\"hidden\"><\/div><div class=\"ppi_col-xs-12\"><p class=\"quotebox__text\">\"Unterhaltsame Weise des Referenten mit Inhalten, die ohne zu ausschweifend zu sein einpr\u00e4gsam dargestellt wurden. Fragen wurden direkt in den Vortrag eingebunden und Praxistipps \/ Empfehlungen ausgesprochen, die weiterhelfen k\u00f6nnen.\"<\/p><div class=\"quotebox__author\"><span class=\"quotebox__author--name\">   <\/span><br>   <\/div><\/div><\/div><div class=\"swiper-slide\"><div class=\"hidden\"><\/div><div class=\"ppi_col-xs-12\"><p class=\"quotebox__text\">\"Aktuelles Themenfeld, gute Expertise, kostenfrei. Vielen Dank!\"<\/p><div class=\"quotebox__author\"><span class=\"quotebox__author--name\">   <\/span><br>    <\/div><\/div><\/div><div class=\"swiper-slide\"><div class=\"hidden\"><\/div><div class=\"ppi_col-xs-12\"><p class=\"quotebox__text\">\"Der Workshop wurde von einem fachlich kompetenten Vortragenden durchgef\u00fchrt, der auch Praxisbeispiele und ehrliche Meinung einflie\u00dfen l\u00e4sst.\"<\/p><div class=\"quotebox__author\"><span class=\"quotebox__author--name\">   <\/span><br>   <\/div><\/div><\/div><div class=\"swiper-slide\"><div class=\"hidden\"><\/div><div class=\"ppi_col-xs-12\"><p class=\"quotebox__text\">\"Praxistaugliche Erkl\u00e4rungen, konkrete Antworten auf Fragen - klasse!\"<\/p><div class=\"quotebox__author\"><span class=\"quotebox__author--name\">   <\/span><br>   <\/div><\/div><\/div><div class=\"swiper-slide\"><div class=\"hidden\"><\/div><div class=\"ppi_col-xs-12\"><p class=\"quotebox__text\">\"Das Webinar war gut strukturiert, kurz und knackig und die Beispiele aus der Praxis von regional bekannten Unternehmen haben mir besonders gut gefallen - v.a. wenn es Beispiele sind, wo nicht ein wahnsinnig riesiges Unternehmen dahinter steht.\"<\/p><div class=\"quotebox__author\"><span class=\"quotebox__author--name\">   <\/span><br>   <\/div><\/div><\/div><div class=\"swiper-slide\"><div class=\"hidden\"><\/div><div class=\"ppi_col-xs-12\"><p class=\"quotebox__text\">\"Sehr guter Referent mit praxisnahen Tipps und schnelle Beantwortung der Fragen.\"<\/p><div class=\"quotebox__author\"><span class=\"quotebox__author--name\">   <\/span><br>   <\/div><\/div><\/div><div class=\"swiper-slide\"><div class=\"hidden\"><\/div><div class=\"ppi_col-xs-12\"><p class=\"quotebox__text\">\"Die Veranstaltung war sehr informativ und ich konnte viele Impulse f\u00fcr meine Arbeit mitnehmen. Das Praxisbeispiel \"Hotel Luise\" war so Mut machend und inspirierend. Ganz toll. Wunderbar, dass es solche Leuchtt\u00fcrme gibt. Danke auch an das Digitalteam.\"<\/p><div class=\"quotebox__author\"><span class=\"quotebox__author--name\">   <\/span><br>   <\/div><\/div><\/div><div class=\"swiper-slide\"><div class=\"hidden\"><\/div><div class=\"ppi_col-xs-12\"><p class=\"quotebox__text\">\"Viele, praktische, handfeste Infos in komprimierter Form, die gleich anwendbar sind - vielen Dank!\"<\/p><div class=\"quotebox__author\"><span class=\"quotebox__author--name\">   <\/span><br>   <\/div><\/div><\/div><div class=\"swiper-slide\"><div class=\"hidden\"><\/div><div class=\"ppi_col-xs-12\"><p class=\"quotebox__text\">\"gut strukturiert aufbereitet sehr \u00fcbersichtlich - kurz und knapp breit aufgestellt f\u00fcr die verschiedenen Anwendungsgebiete\"<\/p><div class=\"quotebox__author\"><span class=\"quotebox__author--name\">   <\/span><br>   <\/div><\/div><\/div><div class=\"swiper-slide\"><div class=\"hidden\"><\/div><div class=\"ppi_col-xs-12\"><p class=\"quotebox__text\">\"Sehr verst\u00e4ndliche, gut strukturierte Power-Point-Pr\u00e4sentation und angenehmer Referent. Vielen Dank :-)\"<\/p><div class=\"quotebox__author\"><span class=\"quotebox__author--name\">   <\/span><br>   <\/div><\/div><\/div><div class=\"swiper-slide\"><div class=\"hidden\"><\/div><div class=\"ppi_col-xs-12\"><p class=\"quotebox__text\">\"Die Mischung aus Theorie und Praxisbeispielen. Weiter so und danke f\u00fcr die Inspirationen.\"<\/p><div class=\"quotebox__author\"><span class=\"quotebox__author--name\">   <\/span><br>   <\/div><\/div><\/div><div class=\"swiper-slide\"><div class=\"hidden\"><\/div><div class=\"ppi_col-xs-12\"><p class=\"quotebox__text\">\"Sehr praxisnah und anschaulich, souver\u00e4ne Pr\u00e4sentation!\"<\/p><div class=\"quotebox__author\"><span class=\"quotebox__author--name\">   <\/span><br>   <\/div><\/div><\/div><\/div><\/div><button class=\"button--primary icon--right1 swiper-button-prev swiper-button-prev-6a00bc805b281\" style=\"transform: scaleX(-1);\"><\/button><button class=\"button--primary icon--right1 swiper-button-next swiper-button-next-6a00bc805b281 \"><\/button><\/div>[\/vc_column][\/vc_row][vc_row ppi_row_padding=&#8220;ppi_remove_padding_bottom&#8220;][vc_column]<div class=\"ltv-element ltv-events\"><div class=\"ppi_row\"><div class=\"ppi_col-md-5\"><h2 class=\"ltv-events__title hide-for-md\">Unsere kommenden Veranstaltungen:<\/h2><div class=\"ltv-events__image\"><img loading=\"lazy\" decoding=\"async\" width=\"750\" height=\"720\" src=\"https:\/\/www.ltv-sachsen.de\/wp-content\/uploads\/sites\/3\/2023\/03\/digitales-Lernen_750x700.jpg\" class=\"attachment-ltv-sachsen-lg size-ltv-sachsen-lg\" alt=\"Digitales Lernen\" srcset=\"https:\/\/www.ltv-sachsen.de\/wp-content\/uploads\/sites\/3\/2023\/03\/digitales-Lernen_750x700.jpg 750w, https:\/\/www.ltv-sachsen.de\/wp-content\/uploads\/sites\/3\/2023\/03\/digitales-Lernen_750x700-300x288.jpg 300w, https:\/\/www.ltv-sachsen.de\/wp-content\/uploads\/sites\/3\/2023\/03\/digitales-Lernen_750x700-480x461.jpg 480w\" sizes=\"auto, (max-width: 750px) 100vw, 750px\" \/><\/div><a class=\"ltv-events__cta button show-for-md\" href=\"https:\/\/www.ltv-sachsen.de\/360graddigital\/aktuelles\/termine\/\" target=\"_self\" title=\"Alle Termine\">Alle Termine<\/a><\/div><div class=\"ppi_col-md-7\"><h2 class=\"ltv-events__title show-for-md\">Unsere kommenden Veranstaltungen:<\/h2><div class=\"ltv-events__items\"><a href=\"https:\/\/www.ltv-sachsen.de\/360graddigital\/aktuelles\/termine\/ki-kompetenzschulung-rechtsanwalt-harzewski\/\" class=\"ltv-events__item\"><div class=\"ltv-events__item__date\">19.05.2026<\/div><h4 class=\"ltv-events__item__title\">KI-Kompetenz im Unternehmen @RechtsanwaltHarzewski<\/h4><\/a><a href=\"https:\/\/www.ltv-sachsen.de\/360graddigital\/aktuelles\/termine\/die-relevanz-von-onlinebewertungen-heute-digital-impuls\/\" class=\"ltv-events__item\"><div class=\"ltv-events__item__date\">27.05.2026<\/div><h4 class=\"ltv-events__item__title\">Die Relevanz von Onlinebewertungen heute (digital-Impuls)<\/h4><\/a><a href=\"https:\/\/www.ltv-sachsen.de\/360graddigital\/aktuelles\/termine\/ki-bilder-ohne-datenschutzrisiko-veranstaltungs-tipp\/\" class=\"ltv-events__item\"><div class=\"ltv-events__item__date\">28.05.2026<\/div><h4 class=\"ltv-events__item__title\">KI-Bilder ohne Datenschutzrisiko (Veranstaltungs-Tipp)<\/h4><\/a><\/div><a class=\"ltv-events__cta button hide-for-md\" href=\"https:\/\/www.ltv-sachsen.de\/360graddigital\/aktuelles\/termine\/\" target=\"_self\" title=\"Alle Termine\">Alle Termine<\/a><\/div><\/div><\/div>[\/vc_column][\/vc_row]<\/p>\n<\/div>","protected":false},"excerpt":{"rendered":"<p>[vc_row ppi_row_padding=&#8220;ppi_remove_padding_top&#8220;][vc_column][vc_column_text css=&#8220;&#8220;] Unsere Veranstaltungen Die Initiative bietet eine Reihe von Veranstaltungen (digital oder in Pr\u00e4senz) zu verschiedenen Themen rund um die Digitalisierung im Tourismus, wie zum Beispiel Online-Marketing, Social Media, digitale G\u00e4stekommunikation, Online-Buchbarkeit aber auch zu Sicherheit und Datenschutz. Diese sind kostenfrei und offen f\u00fcr alle Interessierten.[\/vc_column_text][\/vc_column][\/vc_row][vc_row ppi_row_padding=&#8220;ppi_remove_padding_top,ppi_remove_padding_bottom&#8220;][vc_column width=&#8220;1\/2&#8243;][vc_column_text] digital-Dialog Unser digital-Dialog ist ein [&hellip;]<\/p>\n","protected":false},"author":4,"featured_media":0,"parent":24,"menu_order":0,"comment_status":"closed","ping_status":"closed","template":"","meta":{"_acf_changed":false,"inline_featured_image":false,"footnotes":""},"class_list":["post-264","page","type-page","status-publish","hentry"],"acf":[],"yoast_head":"<!-- This site is optimized with the Yoast SEO plugin v26.4 - https:\/\/yoast.com\/wordpress\/plugins\/seo\/ -->\n<title>Unsere Veranstaltungen - 360 Grad digital<\/title>\n<meta name=\"description\" content=\"Hier sehen Sie eine Auswahl unserer verschiedenen Veranstaltungen und Formate. Dar\u00fcber hinaus bieten wir Ihnen auch individuelle Workshops.\" \/>\n<meta name=\"robots\" content=\"index, follow, max-snippet:-1, max-image-preview:large, max-video-preview:-1\" \/>\n<link rel=\"canonical\" href=\"https:\/\/www.ltv-sachsen.de\/360graddigital\/initiative-tourismus-360-grad-digital\/unsere-veranstaltungen\/\" \/>\n<meta property=\"og:locale\" content=\"de_DE\" \/>\n<meta property=\"og:type\" content=\"article\" \/>\n<meta property=\"og:title\" content=\"Unsere Veranstaltungen - 360 Grad digital\" \/>\n<meta property=\"og:description\" content=\"Hier sehen Sie eine Auswahl unserer verschiedenen Veranstaltungen und Formate. Dar\u00fcber hinaus bieten wir Ihnen auch individuelle Workshops.\" \/>\n<meta property=\"og:url\" content=\"https:\/\/www.ltv-sachsen.de\/360graddigital\/initiative-tourismus-360-grad-digital\/unsere-veranstaltungen\/\" \/>\n<meta property=\"og:site_name\" content=\"360 Grad digital\" \/>\n<meta property=\"article:modified_time\" content=\"2026-02-10T12:48:31+00:00\" \/>\n<meta property=\"og:image\" content=\"https:\/\/www.ltv-sachsen.de\/wp-content\/uploads\/sites\/3\/2023\/07\/wordcloud_neu_1920.png\" \/>\n\t<meta property=\"og:image:width\" content=\"1920\" \/>\n\t<meta property=\"og:image:height\" content=\"885\" \/>\n\t<meta property=\"og:image:type\" content=\"image\/png\" \/>\n<meta name=\"twitter:card\" content=\"summary_large_image\" \/>\n<meta name=\"twitter:label1\" content=\"Gesch\u00e4tzte Lesezeit\" \/>\n\t<meta name=\"twitter:data1\" content=\"4\u00a0Minuten\" \/>\n<script type=\"application\/ld+json\" class=\"yoast-schema-graph\">{\"@context\":\"https:\/\/schema.org\",\"@graph\":[{\"@type\":\"WebPage\",\"@id\":\"https:\/\/www.ltv-sachsen.de\/360graddigital\/initiative-tourismus-360-grad-digital\/unsere-veranstaltungen\/\",\"url\":\"https:\/\/www.ltv-sachsen.de\/360graddigital\/initiative-tourismus-360-grad-digital\/unsere-veranstaltungen\/\",\"name\":\"Unsere Veranstaltungen - 360 Grad digital\",\"isPartOf\":{\"@id\":\"https:\/\/www.ltv-sachsen.de\/360graddigital\/#website\"},\"primaryImageOfPage\":{\"@id\":\"https:\/\/www.ltv-sachsen.de\/360graddigital\/initiative-tourismus-360-grad-digital\/unsere-veranstaltungen\/#primaryimage\"},\"image\":{\"@id\":\"https:\/\/www.ltv-sachsen.de\/360graddigital\/initiative-tourismus-360-grad-digital\/unsere-veranstaltungen\/#primaryimage\"},\"thumbnailUrl\":\"https:\/\/www.ltv-sachsen.de\/wp-content\/uploads\/sites\/3\/2023\/07\/wordcloud_neu_1920-300x138.png\",\"datePublished\":\"2022-06-22T06:55:21+00:00\",\"dateModified\":\"2026-02-10T12:48:31+00:00\",\"description\":\"Hier sehen Sie eine Auswahl unserer verschiedenen Veranstaltungen und Formate. Dar\u00fcber hinaus bieten wir Ihnen auch individuelle Workshops.\",\"breadcrumb\":{\"@id\":\"https:\/\/www.ltv-sachsen.de\/360graddigital\/initiative-tourismus-360-grad-digital\/unsere-veranstaltungen\/#breadcrumb\"},\"inLanguage\":\"de\",\"potentialAction\":[{\"@type\":\"ReadAction\",\"target\":[\"https:\/\/www.ltv-sachsen.de\/360graddigital\/initiative-tourismus-360-grad-digital\/unsere-veranstaltungen\/\"]}]},{\"@type\":\"ImageObject\",\"inLanguage\":\"de\",\"@id\":\"https:\/\/www.ltv-sachsen.de\/360graddigital\/initiative-tourismus-360-grad-digital\/unsere-veranstaltungen\/#primaryimage\",\"url\":\"https:\/\/www.ltv-sachsen.de\/wp-content\/uploads\/sites\/3\/2023\/07\/wordcloud_neu_1920-300x138.png\",\"contentUrl\":\"https:\/\/www.ltv-sachsen.de\/wp-content\/uploads\/sites\/3\/2023\/07\/wordcloud_neu_1920-300x138.png\"},{\"@type\":\"BreadcrumbList\",\"@id\":\"https:\/\/www.ltv-sachsen.de\/360graddigital\/initiative-tourismus-360-grad-digital\/unsere-veranstaltungen\/#breadcrumb\",\"itemListElement\":[{\"@type\":\"ListItem\",\"position\":1,\"name\":\"Home\",\"item\":\"https:\/\/www.ltv-sachsen.de\/360graddigital\/\"},{\"@type\":\"ListItem\",\"position\":2,\"name\":\"Angebote \u2013 Digitale Unterst\u00fctzung f\u00fcr Touristiker\",\"item\":\"https:\/\/www.ltv-sachsen.de\/360graddigital\/initiative-tourismus-360-grad-digital\/\"},{\"@type\":\"ListItem\",\"position\":3,\"name\":\"Unsere Veranstaltungen\"}]},{\"@type\":\"WebSite\",\"@id\":\"https:\/\/www.ltv-sachsen.de\/360graddigital\/#website\",\"url\":\"https:\/\/www.ltv-sachsen.de\/360graddigital\/\",\"name\":\"360 Grad digital\",\"description\":\"Eine weitere LTV Sachsen Websites Website\",\"potentialAction\":[{\"@type\":\"SearchAction\",\"target\":{\"@type\":\"EntryPoint\",\"urlTemplate\":\"https:\/\/www.ltv-sachsen.de\/360graddigital\/?s={search_term_string}\"},\"query-input\":{\"@type\":\"PropertyValueSpecification\",\"valueRequired\":true,\"valueName\":\"search_term_string\"}}],\"inLanguage\":\"de\"}]}<\/script>\n<!-- \/ Yoast SEO plugin. -->","yoast_head_json":{"title":"Unsere Veranstaltungen - 360 Grad digital","description":"Hier sehen Sie eine Auswahl unserer verschiedenen Veranstaltungen und Formate. Dar\u00fcber hinaus bieten wir Ihnen auch individuelle Workshops.","robots":{"index":"index","follow":"follow","max-snippet":"max-snippet:-1","max-image-preview":"max-image-preview:large","max-video-preview":"max-video-preview:-1"},"canonical":"https:\/\/www.ltv-sachsen.de\/360graddigital\/initiative-tourismus-360-grad-digital\/unsere-veranstaltungen\/","og_locale":"de_DE","og_type":"article","og_title":"Unsere Veranstaltungen - 360 Grad digital","og_description":"Hier sehen Sie eine Auswahl unserer verschiedenen Veranstaltungen und Formate. Dar\u00fcber hinaus bieten wir Ihnen auch individuelle Workshops.","og_url":"https:\/\/www.ltv-sachsen.de\/360graddigital\/initiative-tourismus-360-grad-digital\/unsere-veranstaltungen\/","og_site_name":"360 Grad digital","article_modified_time":"2026-02-10T12:48:31+00:00","og_image":[{"width":1920,"height":885,"url":"https:\/\/www.ltv-sachsen.de\/wp-content\/uploads\/sites\/3\/2023\/07\/wordcloud_neu_1920.png","type":"image\/png"}],"twitter_card":"summary_large_image","twitter_misc":{"Gesch\u00e4tzte Lesezeit":"4\u00a0Minuten"},"schema":{"@context":"https:\/\/schema.org","@graph":[{"@type":"WebPage","@id":"https:\/\/www.ltv-sachsen.de\/360graddigital\/initiative-tourismus-360-grad-digital\/unsere-veranstaltungen\/","url":"https:\/\/www.ltv-sachsen.de\/360graddigital\/initiative-tourismus-360-grad-digital\/unsere-veranstaltungen\/","name":"Unsere Veranstaltungen - 360 Grad digital","isPartOf":{"@id":"https:\/\/www.ltv-sachsen.de\/360graddigital\/#website"},"primaryImageOfPage":{"@id":"https:\/\/www.ltv-sachsen.de\/360graddigital\/initiative-tourismus-360-grad-digital\/unsere-veranstaltungen\/#primaryimage"},"image":{"@id":"https:\/\/www.ltv-sachsen.de\/360graddigital\/initiative-tourismus-360-grad-digital\/unsere-veranstaltungen\/#primaryimage"},"thumbnailUrl":"https:\/\/www.ltv-sachsen.de\/wp-content\/uploads\/sites\/3\/2023\/07\/wordcloud_neu_1920-300x138.png","datePublished":"2022-06-22T06:55:21+00:00","dateModified":"2026-02-10T12:48:31+00:00","description":"Hier sehen Sie eine Auswahl unserer verschiedenen Veranstaltungen und Formate. Dar\u00fcber hinaus bieten wir Ihnen auch individuelle Workshops.","breadcrumb":{"@id":"https:\/\/www.ltv-sachsen.de\/360graddigital\/initiative-tourismus-360-grad-digital\/unsere-veranstaltungen\/#breadcrumb"},"inLanguage":"de","potentialAction":[{"@type":"ReadAction","target":["https:\/\/www.ltv-sachsen.de\/360graddigital\/initiative-tourismus-360-grad-digital\/unsere-veranstaltungen\/"]}]},{"@type":"ImageObject","inLanguage":"de","@id":"https:\/\/www.ltv-sachsen.de\/360graddigital\/initiative-tourismus-360-grad-digital\/unsere-veranstaltungen\/#primaryimage","url":"https:\/\/www.ltv-sachsen.de\/wp-content\/uploads\/sites\/3\/2023\/07\/wordcloud_neu_1920-300x138.png","contentUrl":"https:\/\/www.ltv-sachsen.de\/wp-content\/uploads\/sites\/3\/2023\/07\/wordcloud_neu_1920-300x138.png"},{"@type":"BreadcrumbList","@id":"https:\/\/www.ltv-sachsen.de\/360graddigital\/initiative-tourismus-360-grad-digital\/unsere-veranstaltungen\/#breadcrumb","itemListElement":[{"@type":"ListItem","position":1,"name":"Home","item":"https:\/\/www.ltv-sachsen.de\/360graddigital\/"},{"@type":"ListItem","position":2,"name":"Angebote \u2013 Digitale Unterst\u00fctzung f\u00fcr Touristiker","item":"https:\/\/www.ltv-sachsen.de\/360graddigital\/initiative-tourismus-360-grad-digital\/"},{"@type":"ListItem","position":3,"name":"Unsere Veranstaltungen"}]},{"@type":"WebSite","@id":"https:\/\/www.ltv-sachsen.de\/360graddigital\/#website","url":"https:\/\/www.ltv-sachsen.de\/360graddigital\/","name":"360 Grad digital","description":"Eine weitere LTV Sachsen Websites Website","potentialAction":[{"@type":"SearchAction","target":{"@type":"EntryPoint","urlTemplate":"https:\/\/www.ltv-sachsen.de\/360graddigital\/?s={search_term_string}"},"query-input":{"@type":"PropertyValueSpecification","valueRequired":true,"valueName":"search_term_string"}}],"inLanguage":"de"}]}},"_links":{"self":[{"href":"https:\/\/www.ltv-sachsen.de\/360graddigital\/wp-json\/wp\/v2\/pages\/264","targetHints":{"allow":["GET"]}}],"collection":[{"href":"https:\/\/www.ltv-sachsen.de\/360graddigital\/wp-json\/wp\/v2\/pages"}],"about":[{"href":"https:\/\/www.ltv-sachsen.de\/360graddigital\/wp-json\/wp\/v2\/types\/page"}],"author":[{"embeddable":true,"href":"https:\/\/www.ltv-sachsen.de\/360graddigital\/wp-json\/wp\/v2\/users\/4"}],"replies":[{"embeddable":true,"href":"https:\/\/www.ltv-sachsen.de\/360graddigital\/wp-json\/wp\/v2\/comments?post=264"}],"version-history":[{"count":68,"href":"https:\/\/www.ltv-sachsen.de\/360graddigital\/wp-json\/wp\/v2\/pages\/264\/revisions"}],"predecessor-version":[{"id":2728,"href":"https:\/\/www.ltv-sachsen.de\/360graddigital\/wp-json\/wp\/v2\/pages\/264\/revisions\/2728"}],"up":[{"embeddable":true,"href":"https:\/\/www.ltv-sachsen.de\/360graddigital\/wp-json\/wp\/v2\/pages\/24"}],"wp:attachment":[{"href":"https:\/\/www.ltv-sachsen.de\/360graddigital\/wp-json\/wp\/v2\/media?parent=264"}],"curies":[{"name":"wp","href":"https:\/\/api.w.org\/{rel}","templated":true}]}}