{"id":26,"date":"2022-03-04T16:16:55","date_gmt":"2022-03-04T15:16:55","guid":{"rendered":"https:\/\/ltv-sachsen.test\/360graddigital\/?page_id=26"},"modified":"2026-01-20T11:35:12","modified_gmt":"2026-01-20T10:35:12","slug":"digitales-lernen","status":"publish","type":"page","link":"https:\/\/www.ltv-sachsen.de\/360graddigital\/digitales-lernen\/","title":{"rendered":"Wissen"},"content":{"rendered":"<div class=\"wpb-content-wrapper\"><p>[vc_row ppi_row_padding=&#8220;ppi_remove_padding_top&#8220;][vc_column][vc_column_text css=&#8220;&#8220;]<\/p>\n<h1>Wissen &#8211; <span class=\"TextRun BCX8 SCXO212738225\" lang=\"DE-DE\" xml:lang=\"DE-DE\" data-contrast=\"none\"><span class=\"NormalTextRun BCX8 SCXO212738225\"> Digitale Impulse &amp; Orientierung f\u00fcr Touristiker<\/span><\/span><\/h1>\n<p><span data-contrast=\"none\">Praxisnahe Impulse, Orientierung und Wissen zur Digitalisierung im s\u00e4chsischen Tourismus. Kompakt, verst\u00e4ndlich und kostenfrei.<\/span><\/p>\n<p><span data-contrast=\"none\">Im Bereich\u00a0<\/span><span data-contrast=\"none\">Wissen<\/span><span data-contrast=\"none\">\u00a0finden Sie alles, was Ihnen hilft, digitale Themen im Tourismus besser zu verstehen und in Ihrem Arbeitsalltag umzusetzen. Unsere Inhalte sind praxisnah, verst\u00e4ndlich aufbereitet und speziell auf Touristiker in Sachsen zugeschnitten.<\/span><\/p>\n<p><span data-contrast=\"none\">Hier erhalten Sie Impulse, F\u00f6rderhinweise, Hintergrundwissen und Materialien \u2013 von grundlegenden Erl\u00e4uterungen bis zu konkreten Beispielen. Dazu geh\u00f6ren:<\/span><\/p>\n<ul>\n<li data-aria-posinset=\"1\" data-aria-level=\"2\"><b><span data-contrast=\"none\">Wissen &amp; Impulse:<\/span><\/b><span data-contrast=\"none\">\u00a0<\/span><span data-contrast=\"none\">Aktuelle digitale Trends, Best Practices und praktische Tipps<\/span><\/li>\n<li data-aria-posinset=\"2\" data-aria-level=\"2\"><b><span data-contrast=\"none\">F\u00f6rderm\u00f6glichkeiten:<\/span><\/b><span data-contrast=\"none\">\u00a0<\/span><span data-contrast=\"none\">\u00a0Relevante F\u00f6rderprogramme f\u00fcr digitale Projekte im Tourismus<\/span><\/li>\n<li data-aria-posinset=\"3\" data-aria-level=\"2\"><b><span data-contrast=\"none\">digital-Sprechstunde:<\/span><\/b><span data-contrast=\"none\">\u00a0<\/span><span data-contrast=\"none\">Ihr individueller Einstieg in digitale Themen &#8211; praxisnah und kostenlos<\/span><\/li>\n<li data-aria-posinset=\"4\" data-aria-level=\"2\"><b><span data-contrast=\"none\">Publikationen:<\/span><\/b><b><span data-contrast=\"none\">\u00a0<\/span><\/b><span data-contrast=\"none\">Leitf\u00e4den, Factsheets und hilfreiche Materialien<\/span><\/li>\n<li data-aria-posinset=\"5\" data-aria-level=\"2\"><b><span data-contrast=\"none\">Glossar:<\/span><\/b><b><span data-contrast=\"none\">\u00a0<\/span><\/b><span data-contrast=\"none\">Digitale Begriffe einfach erkl\u00e4rt &#8211; von KI bis Barrierefreiheit<\/span><\/li>\n<li data-aria-posinset=\"6\" data-aria-level=\"2\"><b><span data-contrast=\"none\">Tourismusnetzwerk Sachsen:<\/span><\/b><b><span data-contrast=\"none\">\u00a0<\/span><\/b><span data-contrast=\"auto\">Weiterf\u00fchrende Infos, Austausch und regionale Expertise<\/span><\/li>\n<\/ul>\n<p><span data-contrast=\"none\">Schauen Sie hinein, lassen Sie sich inspirieren \u2013 und entdecken Sie, wie digitale Themen Ihnen und Ihren G\u00e4sten helfen k\u00f6nnen.<\/span>[\/vc_column_text][\/vc_column][\/vc_row][vc_row ppi_row_padding=&#8220;ppi_remove_padding_top&#8220;][vc_column width=&#8220;1\/2&#8243;][vc_column_text css=&#8220;&#8220;]<\/p>\n<h3 style=\"text-align: center\">Wissen und Impulse<\/h3>\n<p><img loading=\"lazy\" decoding=\"async\" class=\"aligncenter wp-image-1070\" src=\"https:\/\/www.ltv-sachsen.de\/wp-content\/uploads\/sites\/3\/2023\/04\/digitales-Lernen_750x590-300x236.jpg\" alt=\"digitales Lernen\" width=\"292\" height=\"230\" srcset=\"https:\/\/www.ltv-sachsen.de\/wp-content\/uploads\/sites\/3\/2023\/04\/digitales-Lernen_750x590-300x236.jpg 300w, https:\/\/www.ltv-sachsen.de\/wp-content\/uploads\/sites\/3\/2023\/04\/digitales-Lernen_750x590-480x378.jpg 480w, https:\/\/www.ltv-sachsen.de\/wp-content\/uploads\/sites\/3\/2023\/04\/digitales-Lernen_750x590.jpg 750w\" sizes=\"auto, (max-width: 292px) 100vw, 292px\" \/><\/p>\n<p style=\"text-align: center\"><a class=\"button button--primary\" href=\"https:\/\/www.ltv-sachsen.de\/360graddigital\/digitales-wissen\/digitalisierung-lernen\/\" target=\"_blank\" rel=\"noopener\">mehr erfahren<\/a><\/p>\n<p>\u00a0[\/vc_column_text][vc_column_text css=&#8220;&#8220;]<\/p>\n<h3><\/h3>\n<h3 style=\"text-align: center\">digital-Sprechstunde<\/h3>\n<h3 style=\"text-align: center\"><img loading=\"lazy\" decoding=\"async\" class=\"alignnone wp-image-1073 size-medium\" src=\"https:\/\/www.ltv-sachsen.de\/wp-content\/uploads\/sites\/3\/2023\/04\/digital-Beratung_750x590-300x236.jpg\" alt=\"digital-Beratung\" width=\"300\" height=\"236\" srcset=\"https:\/\/www.ltv-sachsen.de\/wp-content\/uploads\/sites\/3\/2023\/04\/digital-Beratung_750x590-300x236.jpg 300w, https:\/\/www.ltv-sachsen.de\/wp-content\/uploads\/sites\/3\/2023\/04\/digital-Beratung_750x590-480x378.jpg 480w, https:\/\/www.ltv-sachsen.de\/wp-content\/uploads\/sites\/3\/2023\/04\/digital-Beratung_750x590.jpg 750w\" sizes=\"auto, (max-width: 300px) 100vw, 300px\" \/><\/h3>\n<p style=\"text-align: center\"><a class=\"button button--primary\" href=\"https:\/\/outlook.office365.com\/owa\/calendar\/Tourismus360Graddigital@ltv-sachsen.de\/bookings\/\" target=\"_blank\" rel=\"noopener\">Hier buchen<\/a><\/p>\n<p>\u00a0[\/vc_column_text][vc_column_text css=&#8220;&#8220;]<\/p>\n<h3 style=\"text-align: center\">Publikationen<\/h3>\n<h3 style=\"text-align: center\"><img loading=\"lazy\" decoding=\"async\" class=\"wp-image-2514 size-full aligncenter\" src=\"https:\/\/www.ltv-sachsen.de\/wp-content\/uploads\/sites\/3\/2025\/12\/Plan.jpg\" alt=\"Publikationen des LTV SACHSEN\" width=\"267\" height=\"278\" \/><\/h3>\n<p style=\"text-align: center\"><a class=\"button button--primary\" href=\"https:\/\/www.ltv-sachsen.de\/publikationen\/\" target=\"_blank\" rel=\"noopener\">Publikationen des LTV SACHSEN<\/a><\/p>\n<p>[\/vc_column_text][\/vc_column][vc_column width=&#8220;1\/2&#8243;][vc_column_text css=&#8220;&#8220;]<\/p>\n<h3 style=\"text-align: center\">F\u00f6rderm\u00f6glichkeiten<\/h3>\n<h3 style=\"text-align: center\"><img loading=\"lazy\" decoding=\"async\" class=\"aligncenter wp-image-1243\" src=\"https:\/\/www.ltv-sachsen.de\/wp-content\/uploads\/sites\/3\/2023\/06\/Foerdermittel_750X600-300x247.jpg\" alt=\"F\u00f6rderm\u00f6glichkeiten zur Digitalisierung_750X600\" width=\"287\" height=\"236\" \/><\/h3>\n<p style=\"text-align: center\"><a class=\"button button--primary\" href=\"https:\/\/www.ltv-sachsen.de\/360graddigital\/digitales-lernen\/foerdermoeglichkeiten\/\" target=\"_blank\" rel=\"noopener\">mehr erfahren<\/a><\/p>\n<p>\u00a0[\/vc_column_text][vc_column_text css=&#8220;&#8220;]<\/p>\n<h3><\/h3>\n<h3 style=\"text-align: center\">Glossar<\/h3>\n<p><img loading=\"lazy\" decoding=\"async\" class=\"wp-image-2482 size-full aligncenter\" src=\"https:\/\/www.ltv-sachsen.de\/wp-content\/uploads\/sites\/3\/2025\/12\/Struktur.jpg\" alt=\"\" width=\"293\" height=\"209\" \/><\/p>\n<p style=\"text-align: center\"><a class=\"button button--primary\" href=\"https:\/\/www.ltv-sachsen.de\/360graddigital\/digitales-lernen\/glossar\/\" target=\"_blank\" rel=\"noopener\">mehr erfahren<\/a><\/p>\n<p>\u00a0[\/vc_column_text][vc_column_text css=&#8220;&#8220;]<\/p>\n<h3 style=\"text-align: center\">Tourismusnetzwerk Sachsen<\/h3>\n<p><img loading=\"lazy\" decoding=\"async\" class=\"wp-image-1065 size-medium aligncenter\" src=\"https:\/\/www.ltv-sachsen.de\/wp-content\/uploads\/sites\/3\/2023\/04\/Netzwerke-foerdern_750x750-300x236.jpg\" alt=\"Netzwerke f\u00f6rdern\" width=\"300\" height=\"236\" srcset=\"https:\/\/www.ltv-sachsen.de\/wp-content\/uploads\/sites\/3\/2023\/04\/Netzwerke-foerdern_750x750-300x236.jpg 300w, https:\/\/www.ltv-sachsen.de\/wp-content\/uploads\/sites\/3\/2023\/04\/Netzwerke-foerdern_750x750-480x377.jpg 480w, https:\/\/www.ltv-sachsen.de\/wp-content\/uploads\/sites\/3\/2023\/04\/Netzwerke-foerdern_750x750.jpg 750w\" sizes=\"auto, (max-width: 300px) 100vw, 300px\" \/><\/p>\n<p style=\"text-align: center\"><a class=\"button button--primary\" href=\"https:\/\/www.ltv-sachsen.de\/360graddigital\/digitales-wissen\/tourismusnetzwerk-sachsen\/\" target=\"_blank\" rel=\"noopener\">mehr erfahren<\/a><\/p>\n<p>[\/vc_column_text][\/vc_column][\/vc_row]<\/p>\n<\/div>","protected":false},"excerpt":{"rendered":"<p>[vc_row ppi_row_padding=&#8220;ppi_remove_padding_top&#8220;][vc_column][vc_column_text css=&#8220;&#8220;] Wissen &#8211; Digitale Impulse &amp; Orientierung f\u00fcr Touristiker Praxisnahe Impulse, Orientierung und Wissen zur Digitalisierung im s\u00e4chsischen Tourismus. Kompakt, verst\u00e4ndlich und kostenfrei. Im Bereich\u00a0Wissen\u00a0finden Sie alles, was Ihnen hilft, digitale Themen im Tourismus besser zu verstehen und in Ihrem Arbeitsalltag umzusetzen. Unsere Inhalte sind praxisnah, verst\u00e4ndlich aufbereitet und speziell auf Touristiker in [&hellip;]<\/p>\n","protected":false},"author":4,"featured_media":0,"parent":0,"menu_order":0,"comment_status":"closed","ping_status":"closed","template":"","meta":{"_acf_changed":false,"inline_featured_image":false,"footnotes":""},"class_list":["post-26","page","type-page","status-publish","hentry"],"acf":[],"yoast_head":"<!-- This site is optimized with the Yoast SEO plugin v26.4 - https:\/\/yoast.com\/wordpress\/plugins\/seo\/ -->\n<title>Wissen - 360 Grad digital<\/title>\n<meta name=\"description\" content=\"Hier lernen Sie unser komplettes und kompaktes digitales Wissen, Informationen zum Tourismusnetzwerk Sachsen und zu F\u00f6rderm\u00f6glichkeiten.\" \/>\n<meta name=\"robots\" content=\"index, follow, max-snippet:-1, max-image-preview:large, max-video-preview:-1\" \/>\n<link rel=\"canonical\" href=\"https:\/\/www.ltv-sachsen.de\/360graddigital\/digitales-lernen\/\" \/>\n<meta property=\"og:locale\" content=\"de_DE\" \/>\n<meta property=\"og:type\" content=\"article\" \/>\n<meta property=\"og:title\" content=\"Wissen - 360 Grad digital\" \/>\n<meta property=\"og:description\" content=\"Hier lernen Sie unser komplettes und kompaktes digitales Wissen, Informationen zum Tourismusnetzwerk Sachsen und zu F\u00f6rderm\u00f6glichkeiten.\" \/>\n<meta property=\"og:url\" content=\"https:\/\/www.ltv-sachsen.de\/360graddigital\/digitales-lernen\/\" \/>\n<meta property=\"og:site_name\" content=\"360 Grad digital\" \/>\n<meta property=\"article:modified_time\" content=\"2026-01-20T10:35:12+00:00\" \/>\n<meta property=\"og:image\" content=\"https:\/\/www.ltv-sachsen.de\/wp-content\/uploads\/sites\/3\/2023\/04\/digitales-Lernen_750x590.jpg\" \/>\n\t<meta property=\"og:image:width\" content=\"750\" \/>\n\t<meta property=\"og:image:height\" content=\"590\" \/>\n\t<meta property=\"og:image:type\" content=\"image\/jpeg\" \/>\n<meta name=\"twitter:card\" content=\"summary_large_image\" \/>\n<meta name=\"twitter:label1\" content=\"Gesch\u00e4tzte Lesezeit\" \/>\n\t<meta name=\"twitter:data1\" content=\"3\u00a0Minuten\" \/>\n<script type=\"application\/ld+json\" class=\"yoast-schema-graph\">{\"@context\":\"https:\/\/schema.org\",\"@graph\":[{\"@type\":\"WebPage\",\"@id\":\"https:\/\/www.ltv-sachsen.de\/360graddigital\/digitales-lernen\/\",\"url\":\"https:\/\/www.ltv-sachsen.de\/360graddigital\/digitales-lernen\/\",\"name\":\"Wissen - 360 Grad digital\",\"isPartOf\":{\"@id\":\"https:\/\/www.ltv-sachsen.de\/360graddigital\/#website\"},\"primaryImageOfPage\":{\"@id\":\"https:\/\/www.ltv-sachsen.de\/360graddigital\/digitales-lernen\/#primaryimage\"},\"image\":{\"@id\":\"https:\/\/www.ltv-sachsen.de\/360graddigital\/digitales-lernen\/#primaryimage\"},\"thumbnailUrl\":\"https:\/\/www.ltv-sachsen.de\/wp-content\/uploads\/sites\/3\/2023\/04\/digitales-Lernen_750x590-300x236.jpg\",\"datePublished\":\"2022-03-04T15:16:55+00:00\",\"dateModified\":\"2026-01-20T10:35:12+00:00\",\"description\":\"Hier lernen Sie unser komplettes und kompaktes digitales Wissen, Informationen zum Tourismusnetzwerk Sachsen und zu F\u00f6rderm\u00f6glichkeiten.\",\"breadcrumb\":{\"@id\":\"https:\/\/www.ltv-sachsen.de\/360graddigital\/digitales-lernen\/#breadcrumb\"},\"inLanguage\":\"de\",\"potentialAction\":[{\"@type\":\"ReadAction\",\"target\":[\"https:\/\/www.ltv-sachsen.de\/360graddigital\/digitales-lernen\/\"]}]},{\"@type\":\"ImageObject\",\"inLanguage\":\"de\",\"@id\":\"https:\/\/www.ltv-sachsen.de\/360graddigital\/digitales-lernen\/#primaryimage\",\"url\":\"https:\/\/www.ltv-sachsen.de\/wp-content\/uploads\/sites\/3\/2023\/04\/digitales-Lernen_750x590-300x236.jpg\",\"contentUrl\":\"https:\/\/www.ltv-sachsen.de\/wp-content\/uploads\/sites\/3\/2023\/04\/digitales-Lernen_750x590-300x236.jpg\"},{\"@type\":\"BreadcrumbList\",\"@id\":\"https:\/\/www.ltv-sachsen.de\/360graddigital\/digitales-lernen\/#breadcrumb\",\"itemListElement\":[{\"@type\":\"ListItem\",\"position\":1,\"name\":\"Home\",\"item\":\"https:\/\/www.ltv-sachsen.de\/360graddigital\/\"},{\"@type\":\"ListItem\",\"position\":2,\"name\":\"Wissen\"}]},{\"@type\":\"WebSite\",\"@id\":\"https:\/\/www.ltv-sachsen.de\/360graddigital\/#website\",\"url\":\"https:\/\/www.ltv-sachsen.de\/360graddigital\/\",\"name\":\"360 Grad digital\",\"description\":\"Eine weitere LTV Sachsen Websites Website\",\"potentialAction\":[{\"@type\":\"SearchAction\",\"target\":{\"@type\":\"EntryPoint\",\"urlTemplate\":\"https:\/\/www.ltv-sachsen.de\/360graddigital\/?s={search_term_string}\"},\"query-input\":{\"@type\":\"PropertyValueSpecification\",\"valueRequired\":true,\"valueName\":\"search_term_string\"}}],\"inLanguage\":\"de\"}]}<\/script>\n<!-- \/ Yoast SEO plugin. -->","yoast_head_json":{"title":"Wissen - 360 Grad digital","description":"Hier lernen Sie unser komplettes und kompaktes digitales Wissen, Informationen zum Tourismusnetzwerk Sachsen und zu F\u00f6rderm\u00f6glichkeiten.","robots":{"index":"index","follow":"follow","max-snippet":"max-snippet:-1","max-image-preview":"max-image-preview:large","max-video-preview":"max-video-preview:-1"},"canonical":"https:\/\/www.ltv-sachsen.de\/360graddigital\/digitales-lernen\/","og_locale":"de_DE","og_type":"article","og_title":"Wissen - 360 Grad digital","og_description":"Hier lernen Sie unser komplettes und kompaktes digitales Wissen, Informationen zum Tourismusnetzwerk Sachsen und zu F\u00f6rderm\u00f6glichkeiten.","og_url":"https:\/\/www.ltv-sachsen.de\/360graddigital\/digitales-lernen\/","og_site_name":"360 Grad digital","article_modified_time":"2026-01-20T10:35:12+00:00","og_image":[{"width":750,"height":590,"url":"https:\/\/www.ltv-sachsen.de\/wp-content\/uploads\/sites\/3\/2023\/04\/digitales-Lernen_750x590.jpg","type":"image\/jpeg"}],"twitter_card":"summary_large_image","twitter_misc":{"Gesch\u00e4tzte Lesezeit":"3\u00a0Minuten"},"schema":{"@context":"https:\/\/schema.org","@graph":[{"@type":"WebPage","@id":"https:\/\/www.ltv-sachsen.de\/360graddigital\/digitales-lernen\/","url":"https:\/\/www.ltv-sachsen.de\/360graddigital\/digitales-lernen\/","name":"Wissen - 360 Grad digital","isPartOf":{"@id":"https:\/\/www.ltv-sachsen.de\/360graddigital\/#website"},"primaryImageOfPage":{"@id":"https:\/\/www.ltv-sachsen.de\/360graddigital\/digitales-lernen\/#primaryimage"},"image":{"@id":"https:\/\/www.ltv-sachsen.de\/360graddigital\/digitales-lernen\/#primaryimage"},"thumbnailUrl":"https:\/\/www.ltv-sachsen.de\/wp-content\/uploads\/sites\/3\/2023\/04\/digitales-Lernen_750x590-300x236.jpg","datePublished":"2022-03-04T15:16:55+00:00","dateModified":"2026-01-20T10:35:12+00:00","description":"Hier lernen Sie unser komplettes und kompaktes digitales Wissen, Informationen zum Tourismusnetzwerk Sachsen und zu F\u00f6rderm\u00f6glichkeiten.","breadcrumb":{"@id":"https:\/\/www.ltv-sachsen.de\/360graddigital\/digitales-lernen\/#breadcrumb"},"inLanguage":"de","potentialAction":[{"@type":"ReadAction","target":["https:\/\/www.ltv-sachsen.de\/360graddigital\/digitales-lernen\/"]}]},{"@type":"ImageObject","inLanguage":"de","@id":"https:\/\/www.ltv-sachsen.de\/360graddigital\/digitales-lernen\/#primaryimage","url":"https:\/\/www.ltv-sachsen.de\/wp-content\/uploads\/sites\/3\/2023\/04\/digitales-Lernen_750x590-300x236.jpg","contentUrl":"https:\/\/www.ltv-sachsen.de\/wp-content\/uploads\/sites\/3\/2023\/04\/digitales-Lernen_750x590-300x236.jpg"},{"@type":"BreadcrumbList","@id":"https:\/\/www.ltv-sachsen.de\/360graddigital\/digitales-lernen\/#breadcrumb","itemListElement":[{"@type":"ListItem","position":1,"name":"Home","item":"https:\/\/www.ltv-sachsen.de\/360graddigital\/"},{"@type":"ListItem","position":2,"name":"Wissen"}]},{"@type":"WebSite","@id":"https:\/\/www.ltv-sachsen.de\/360graddigital\/#website","url":"https:\/\/www.ltv-sachsen.de\/360graddigital\/","name":"360 Grad digital","description":"Eine weitere LTV Sachsen Websites Website","potentialAction":[{"@type":"SearchAction","target":{"@type":"EntryPoint","urlTemplate":"https:\/\/www.ltv-sachsen.de\/360graddigital\/?s={search_term_string}"},"query-input":{"@type":"PropertyValueSpecification","valueRequired":true,"valueName":"search_term_string"}}],"inLanguage":"de"}]}},"_links":{"self":[{"href":"https:\/\/www.ltv-sachsen.de\/360graddigital\/wp-json\/wp\/v2\/pages\/26","targetHints":{"allow":["GET"]}}],"collection":[{"href":"https:\/\/www.ltv-sachsen.de\/360graddigital\/wp-json\/wp\/v2\/pages"}],"about":[{"href":"https:\/\/www.ltv-sachsen.de\/360graddigital\/wp-json\/wp\/v2\/types\/page"}],"author":[{"embeddable":true,"href":"https:\/\/www.ltv-sachsen.de\/360graddigital\/wp-json\/wp\/v2\/users\/4"}],"replies":[{"embeddable":true,"href":"https:\/\/www.ltv-sachsen.de\/360graddigital\/wp-json\/wp\/v2\/comments?post=26"}],"version-history":[{"count":91,"href":"https:\/\/www.ltv-sachsen.de\/360graddigital\/wp-json\/wp\/v2\/pages\/26\/revisions"}],"predecessor-version":[{"id":2630,"href":"https:\/\/www.ltv-sachsen.de\/360graddigital\/wp-json\/wp\/v2\/pages\/26\/revisions\/2630"}],"wp:attachment":[{"href":"https:\/\/www.ltv-sachsen.de\/360graddigital\/wp-json\/wp\/v2\/media?parent=26"}],"curies":[{"name":"wp","href":"https:\/\/api.w.org\/{rel}","templated":true}]}}