{"id":1990,"date":"2024-11-25T09:33:34","date_gmt":"2024-11-25T08:33:34","guid":{"rendered":"https:\/\/www.ltv-sachsen.de\/360graddigital\/?page_id=1990"},"modified":"2026-01-20T10:49:20","modified_gmt":"2026-01-20T09:49:20","slug":"erklaerung-zur-barrierefreiheit","status":"publish","type":"page","link":"https:\/\/www.ltv-sachsen.de\/360graddigital\/erklaerung-zur-barrierefreiheit\/","title":{"rendered":"Erkl\u00e4rung zur Barrierefreiheit"},"content":{"rendered":"<div class=\"wpb-content-wrapper\"><p>[vc_row][vc_column][vc_column_text css=&#8220;&#8220;]<\/p>\n<h1>Erkl\u00e4rung zur Barrierefreiheit des LTV SACHSEN<\/h1>\n<p>Der Landestourismusverband Sachsen e.V. (LTV SACHSEN) ist bem\u00fcht, seine Webseite in \u00dcbereinstimmung mit <strong><a href=\"https:\/\/www.revosax.sachsen.de\/vorschrift\/18283-Saechsisches-Inklusionsgesetz\" target=\"_blank\" rel=\"noopener\">S\u00e4chsischen Inklusionsgesetz<\/a> <\/strong>(S\u00e4chsInklusG) und <strong><a href=\"https:\/\/www.revosax.sachsen.de\/vorschrift\/18133-Barrierefreie-Websites-Gesetz\" target=\"_blank\" rel=\"noopener\">Barrierefreie-Websites-Gesetz<\/a><\/strong> (BfWebG) in Verbindung mit der Barrierefreie-Informationstechnik-Verordnung (BITV 2.0) barrierefrei zug\u00e4nglich zu machen. Das BfWebG wird erg\u00e4nzt durch die Barrierefreie-Websites-Verordnung (BfWebVO). Diese Gesetze sind im Einklang mit der Richtlinie (EU) 2016\/2102 verfasst.<\/p>\n<h2>Website<\/h2>\n<p>Diese Erkl\u00e4rung zur Barrierefreiheit gilt f\u00fcr <strong><a href=\"https:\/\/www.ltv-sachsen.de\/\" target=\"_blank\" rel=\"noopener\">https:\/\/www.ltv-sachsen.de<\/a>.<\/strong><\/p>\n<h2>Stand der Barrierefreiheit<\/h2>\n<p>Grundlage der Barrierefreiheit sind die international g\u00fcltigen Web Content Accessibility Guidelines (WCAG 2.1) auf Konformit\u00e4tsstufe AA und die europ\u00e4ische Norm EN 301 549, Version 3.2.1. F\u00fcr PDF-Dokumente wird zus\u00e4tzlich der internationale Standard PDF\/UA-1 beachtet.<\/p>\n<p>Diese Webseite ist nach den oben genannten Richtlinien nur teilweise barrierefrei.<\/p>\n<h2>Nicht barrierefreie Inhalte<\/h2>\n<p>Nachfolgende Inhalte sind nur eingeschr\u00e4nkt zug\u00e4nglich:<\/p>\n<p><strong>Alternativtexte:<\/strong>\u00a0F\u00fcr einige Objekte sind noch keine Alternativtexte hinterlegt.<br \/>\n<strong>\u00dcberschriftenreihenfolge:<\/strong>\u00a0Die logische Reihenfolge der \u00dcberschriften wird aktuell noch nicht vollumf\u00e4nglich eingehalten, was die Navigation mit Assistenzprogrammen erschwert.<br \/>\n<strong>Kontrastverh\u00e4ltnis:<\/strong>\u00a0In bestimmten Bereichen k\u00f6nnte das Kontrastverh\u00e4ltnis verbessert werden, um die Lesbarkeit zu erh\u00f6hen.<br \/>\n<strong>Audio- und Videoalternativen:<\/strong>\u00a0Nicht f\u00fcr alle Multimedia-Elemente sind derzeit Alternativen wie Untertitel oder Beschreibungen vorhanden.<br \/>\n<strong>Formulare:<\/strong>\u00a0Einige Formularfelder haben keine zugeh\u00f6rigen Labels, was die Bedienung erschwert.<\/p>\n<p>Der LTV SACHSEN ist bem\u00fcht, diese M\u00e4ngel schnell zu beseitigen, um ein hohes Ma\u00df an Barrierefreiheit zu erreichen. Inhalte werden sukzessive angepasst oder durch barrierefreie Alternativen bis 2027 ersetzt.<\/p>\n<h2>Erstellung der Erkl\u00e4rung<\/h2>\n<p>Diese Erkl\u00e4rung wurde am 30.Oktober 2024 erstellt. Diese Erkl\u00e4rung wurde zuletzt am 30.06.2025 aktualisiert.<\/p>\n<p>Den Stand der Barrierefreiheit ermitteln wir kontinuierlich durch eigene Pr\u00fcfung.<\/p>\n<h2>Feedback und Kontaktangaben<\/h2>\n<p>Wenn Ihnen M\u00e4ngel zur Barrierefreiheit an unserer Website auffallen oder wenn Sie Informationen zu nicht barrierefreien Inhalten ben\u00f6tigen, k\u00f6nnen Sie sich an uns wenden:<\/p>\n<p><strong>Landestourismusverband Sachsen e.V.<\/strong><br \/>\nMessering 8f, 01067 Dresden<br \/>\n<strong><a href=\"mailto:info@ltv-sachsen.de\" target=\"_blank\" rel=\"noopener\">info@ltv-sachsen.de<\/a><\/strong><br \/>\n0351-49 19 10<\/p>\n<p>Wir werden versuchen, die mitgeteilten M\u00e4ngel zu beseitigen bzw. Ihnen nicht zug\u00e4ngliche Informationen in barrierefreier Form zur Verf\u00fcgung zu stellen.<\/p>\n<h2>Durchsetzungsverfahren<\/h2>\n<p>Sie haben unter oben genanntem Kontakt eine Anfrage zur Barrierefreiheit unserer Website <strong><a href=\"http:\/\/www.ltv-sachsen.de\" target=\"_blank\" rel=\"noopener\">www.ltv-sachsen.de<\/a> <\/strong>gestellt. Falls dabei innerhalb einer angemessenen Frist (in der Regel vier Wochen) keine zufriedenstellende L\u00f6sung gefunden wird, k\u00f6nnen Sie sich an die f\u00fcr das Durchsetzungsverfahren zust\u00e4ndige Gesch\u00e4ftsstelle des Landesbeauftragten f\u00fcr Inklusion der Menschen mit Behinderungen (Durchsetzungsstelle) bei der S\u00e4chsischen Staatskanzlei wenden. Die Durchsetzungsstelle unterst\u00fctzt eine au\u00dfergerichtliche Streitbeilegung, wenn Konflikte zwischen \u00f6ffentlichen Stellen in Sachsen und Nutzenden der Webseiten bzw. mobilen Anwendungen auftreten. Dieses Schlichtungsverfahren ist kostenlos. Die Einschaltung eines Rechtsbeistands ist nicht erforderlich.<\/p>\n<h3>Kontakt Durchsetzungsstelle<\/h3>\n<p><strong>Gesch\u00e4ftsstelle des Landesbeauftragten f\u00fcr Inklusion der Menschen mit Behinderungen bei der S\u00e4chsischen Staatskanzlei<\/strong><\/p>\n<p><strong>Postanschrift:<\/strong><\/p>\n<p>Archivstra\u00dfe 1<br \/>\n01097 Dresden<\/p>\n<p>Telefon: +49 351 564-10717<br \/>\nTelefax: +49 351 564-10999<br \/>\nE-Mail:\u00a0<strong><a href=\"mailto:durchsetzungsstelle@sk.sachsen.de\" target=\"_blank\" rel=\"noopener\">durchsetzungsstelle@sk.sachsen.de<\/a><\/strong><br \/>\nWebsite:<strong>\u00a0<a href=\"https:\/\/www.durchsetzungsstelle.sachsen.de\/\" target=\"_blank\" rel=\"noopener\">https:\/\/www.durchsetzungsstelle.sachsen.de<\/a><\/strong>[\/vc_column_text][\/vc_column][\/vc_row]<\/p>\n<\/div>","protected":false},"excerpt":{"rendered":"<p>[vc_row][vc_column][vc_column_text css=&#8220;&#8220;] Erkl\u00e4rung zur Barrierefreiheit des LTV SACHSEN Der Landestourismusverband Sachsen e.V. (LTV SACHSEN) ist bem\u00fcht, seine Webseite in \u00dcbereinstimmung mit S\u00e4chsischen Inklusionsgesetz (S\u00e4chsInklusG) und Barrierefreie-Websites-Gesetz (BfWebG) in Verbindung mit der Barrierefreie-Informationstechnik-Verordnung (BITV 2.0) barrierefrei zug\u00e4nglich zu machen. Das BfWebG wird erg\u00e4nzt durch die Barrierefreie-Websites-Verordnung (BfWebVO). Diese Gesetze sind im Einklang mit der Richtlinie (EU) [&hellip;]<\/p>\n","protected":false},"author":148,"featured_media":0,"parent":0,"menu_order":0,"comment_status":"closed","ping_status":"closed","template":"","meta":{"_acf_changed":false,"inline_featured_image":false,"footnotes":""},"class_list":["post-1990","page","type-page","status-publish","hentry"],"acf":[],"yoast_head":"<!-- This site is optimized with the Yoast SEO plugin v26.4 - https:\/\/yoast.com\/wordpress\/plugins\/seo\/ -->\n<title>Erkl\u00e4rung zur Barrierefreiheit - 360 Grad digital<\/title>\n<meta name=\"robots\" content=\"index, follow, max-snippet:-1, max-image-preview:large, max-video-preview:-1\" \/>\n<link rel=\"canonical\" href=\"https:\/\/www.ltv-sachsen.de\/360graddigital\/erklaerung-zur-barrierefreiheit\/\" \/>\n<meta property=\"og:locale\" content=\"de_DE\" \/>\n<meta property=\"og:type\" content=\"article\" \/>\n<meta property=\"og:title\" content=\"Erkl\u00e4rung zur Barrierefreiheit - 360 Grad digital\" \/>\n<meta property=\"og:description\" content=\"[vc_row][vc_column][vc_column_text css=&#8220;&#8220;] Erkl\u00e4rung zur Barrierefreiheit des LTV SACHSEN Der Landestourismusverband Sachsen e.V. (LTV SACHSEN) ist bem\u00fcht, seine Webseite in \u00dcbereinstimmung mit S\u00e4chsischen Inklusionsgesetz (S\u00e4chsInklusG) und Barrierefreie-Websites-Gesetz (BfWebG) in Verbindung mit der Barrierefreie-Informationstechnik-Verordnung (BITV 2.0) barrierefrei zug\u00e4nglich zu machen. Das BfWebG wird erg\u00e4nzt durch die Barrierefreie-Websites-Verordnung (BfWebVO). Diese Gesetze sind im Einklang mit der Richtlinie (EU) [&hellip;]\" \/>\n<meta property=\"og:url\" content=\"https:\/\/www.ltv-sachsen.de\/360graddigital\/erklaerung-zur-barrierefreiheit\/\" \/>\n<meta property=\"og:site_name\" content=\"360 Grad digital\" \/>\n<meta property=\"article:modified_time\" content=\"2026-01-20T09:49:20+00:00\" \/>\n<meta name=\"twitter:card\" content=\"summary_large_image\" \/>\n<meta name=\"twitter:label1\" content=\"Gesch\u00e4tzte Lesezeit\" \/>\n\t<meta name=\"twitter:data1\" content=\"3\u00a0Minuten\" \/>\n<script type=\"application\/ld+json\" class=\"yoast-schema-graph\">{\"@context\":\"https:\/\/schema.org\",\"@graph\":[{\"@type\":\"WebPage\",\"@id\":\"https:\/\/www.ltv-sachsen.de\/360graddigital\/erklaerung-zur-barrierefreiheit\/\",\"url\":\"https:\/\/www.ltv-sachsen.de\/360graddigital\/erklaerung-zur-barrierefreiheit\/\",\"name\":\"Erkl\u00e4rung zur Barrierefreiheit - 360 Grad digital\",\"isPartOf\":{\"@id\":\"https:\/\/www.ltv-sachsen.de\/360graddigital\/#website\"},\"datePublished\":\"2024-11-25T08:33:34+00:00\",\"dateModified\":\"2026-01-20T09:49:20+00:00\",\"breadcrumb\":{\"@id\":\"https:\/\/www.ltv-sachsen.de\/360graddigital\/erklaerung-zur-barrierefreiheit\/#breadcrumb\"},\"inLanguage\":\"de\",\"potentialAction\":[{\"@type\":\"ReadAction\",\"target\":[\"https:\/\/www.ltv-sachsen.de\/360graddigital\/erklaerung-zur-barrierefreiheit\/\"]}]},{\"@type\":\"BreadcrumbList\",\"@id\":\"https:\/\/www.ltv-sachsen.de\/360graddigital\/erklaerung-zur-barrierefreiheit\/#breadcrumb\",\"itemListElement\":[{\"@type\":\"ListItem\",\"position\":1,\"name\":\"Home\",\"item\":\"https:\/\/www.ltv-sachsen.de\/360graddigital\/\"},{\"@type\":\"ListItem\",\"position\":2,\"name\":\"Erkl\u00e4rung zur Barrierefreiheit\"}]},{\"@type\":\"WebSite\",\"@id\":\"https:\/\/www.ltv-sachsen.de\/360graddigital\/#website\",\"url\":\"https:\/\/www.ltv-sachsen.de\/360graddigital\/\",\"name\":\"360 Grad digital\",\"description\":\"Eine weitere LTV Sachsen Websites Website\",\"potentialAction\":[{\"@type\":\"SearchAction\",\"target\":{\"@type\":\"EntryPoint\",\"urlTemplate\":\"https:\/\/www.ltv-sachsen.de\/360graddigital\/?s={search_term_string}\"},\"query-input\":{\"@type\":\"PropertyValueSpecification\",\"valueRequired\":true,\"valueName\":\"search_term_string\"}}],\"inLanguage\":\"de\"}]}<\/script>\n<!-- \/ Yoast SEO plugin. -->","yoast_head_json":{"title":"Erkl\u00e4rung zur Barrierefreiheit - 360 Grad digital","robots":{"index":"index","follow":"follow","max-snippet":"max-snippet:-1","max-image-preview":"max-image-preview:large","max-video-preview":"max-video-preview:-1"},"canonical":"https:\/\/www.ltv-sachsen.de\/360graddigital\/erklaerung-zur-barrierefreiheit\/","og_locale":"de_DE","og_type":"article","og_title":"Erkl\u00e4rung zur Barrierefreiheit - 360 Grad digital","og_description":"[vc_row][vc_column][vc_column_text css=&#8220;&#8220;] Erkl\u00e4rung zur Barrierefreiheit des LTV SACHSEN Der Landestourismusverband Sachsen e.V. (LTV SACHSEN) ist bem\u00fcht, seine Webseite in \u00dcbereinstimmung mit S\u00e4chsischen Inklusionsgesetz (S\u00e4chsInklusG) und Barrierefreie-Websites-Gesetz (BfWebG) in Verbindung mit der Barrierefreie-Informationstechnik-Verordnung (BITV 2.0) barrierefrei zug\u00e4nglich zu machen. Das BfWebG wird erg\u00e4nzt durch die Barrierefreie-Websites-Verordnung (BfWebVO). Diese Gesetze sind im Einklang mit der Richtlinie (EU) [&hellip;]","og_url":"https:\/\/www.ltv-sachsen.de\/360graddigital\/erklaerung-zur-barrierefreiheit\/","og_site_name":"360 Grad digital","article_modified_time":"2026-01-20T09:49:20+00:00","twitter_card":"summary_large_image","twitter_misc":{"Gesch\u00e4tzte Lesezeit":"3\u00a0Minuten"},"schema":{"@context":"https:\/\/schema.org","@graph":[{"@type":"WebPage","@id":"https:\/\/www.ltv-sachsen.de\/360graddigital\/erklaerung-zur-barrierefreiheit\/","url":"https:\/\/www.ltv-sachsen.de\/360graddigital\/erklaerung-zur-barrierefreiheit\/","name":"Erkl\u00e4rung zur Barrierefreiheit - 360 Grad digital","isPartOf":{"@id":"https:\/\/www.ltv-sachsen.de\/360graddigital\/#website"},"datePublished":"2024-11-25T08:33:34+00:00","dateModified":"2026-01-20T09:49:20+00:00","breadcrumb":{"@id":"https:\/\/www.ltv-sachsen.de\/360graddigital\/erklaerung-zur-barrierefreiheit\/#breadcrumb"},"inLanguage":"de","potentialAction":[{"@type":"ReadAction","target":["https:\/\/www.ltv-sachsen.de\/360graddigital\/erklaerung-zur-barrierefreiheit\/"]}]},{"@type":"BreadcrumbList","@id":"https:\/\/www.ltv-sachsen.de\/360graddigital\/erklaerung-zur-barrierefreiheit\/#breadcrumb","itemListElement":[{"@type":"ListItem","position":1,"name":"Home","item":"https:\/\/www.ltv-sachsen.de\/360graddigital\/"},{"@type":"ListItem","position":2,"name":"Erkl\u00e4rung zur Barrierefreiheit"}]},{"@type":"WebSite","@id":"https:\/\/www.ltv-sachsen.de\/360graddigital\/#website","url":"https:\/\/www.ltv-sachsen.de\/360graddigital\/","name":"360 Grad digital","description":"Eine weitere LTV Sachsen Websites Website","potentialAction":[{"@type":"SearchAction","target":{"@type":"EntryPoint","urlTemplate":"https:\/\/www.ltv-sachsen.de\/360graddigital\/?s={search_term_string}"},"query-input":{"@type":"PropertyValueSpecification","valueRequired":true,"valueName":"search_term_string"}}],"inLanguage":"de"}]}},"_links":{"self":[{"href":"https:\/\/www.ltv-sachsen.de\/360graddigital\/wp-json\/wp\/v2\/pages\/1990","targetHints":{"allow":["GET"]}}],"collection":[{"href":"https:\/\/www.ltv-sachsen.de\/360graddigital\/wp-json\/wp\/v2\/pages"}],"about":[{"href":"https:\/\/www.ltv-sachsen.de\/360graddigital\/wp-json\/wp\/v2\/types\/page"}],"author":[{"embeddable":true,"href":"https:\/\/www.ltv-sachsen.de\/360graddigital\/wp-json\/wp\/v2\/users\/148"}],"replies":[{"embeddable":true,"href":"https:\/\/www.ltv-sachsen.de\/360graddigital\/wp-json\/wp\/v2\/comments?post=1990"}],"version-history":[{"count":3,"href":"https:\/\/www.ltv-sachsen.de\/360graddigital\/wp-json\/wp\/v2\/pages\/1990\/revisions"}],"predecessor-version":[{"id":2671,"href":"https:\/\/www.ltv-sachsen.de\/360graddigital\/wp-json\/wp\/v2\/pages\/1990\/revisions\/2671"}],"wp:attachment":[{"href":"https:\/\/www.ltv-sachsen.de\/360graddigital\/wp-json\/wp\/v2\/media?parent=1990"}],"curies":[{"name":"wp","href":"https:\/\/api.w.org\/{rel}","templated":true}]}}