{"id":199,"date":"2022-06-21T11:02:50","date_gmt":"2022-06-21T09:02:50","guid":{"rendered":"https:\/\/www.ltv-sachsen.de\/360graddigital\/?page_id=199"},"modified":"2026-04-23T09:17:39","modified_gmt":"2026-04-23T07:17:39","slug":"digital-sprechstunde","status":"publish","type":"page","link":"https:\/\/www.ltv-sachsen.de\/360graddigital\/initiative-tourismus-360-grad-digital\/digital-sprechstunde\/","title":{"rendered":"digital-Sprechstunde"},"content":{"rendered":"<div class=\"wpb-content-wrapper\"><p>[vc_row ppi_row_padding=&#8220;ppi_remove_padding_top,ppi_remove_padding_bottom&#8220;][vc_column][vc_column_text]<\/p>\n<h2><em>digital<\/em>-Sprechstunde<\/h2>\n<p>[\/vc_column_text][vc_column_text css=&#8220;&#8220;]<img loading=\"lazy\" decoding=\"async\" class=\"alignleft wp-image-1368 size-medium\" title=\"So k\u00f6nnte auch Ihre digital-Sprechstunde beim LTV SACHSEN aussehen, ein Berater zeigt Ihnen Ihre Sichtbarkeitsanalyse\" src=\"https:\/\/www.ltv-sachsen.de\/wp-content\/uploads\/sites\/3\/2023\/08\/AdobeStock_226799900_1920x900-e1752492760804-300x175.jpg\" alt=\"digital-Sprechstunde des LTV Sachsen\" width=\"300\" height=\"175\" srcset=\"https:\/\/www.ltv-sachsen.de\/wp-content\/uploads\/sites\/3\/2023\/08\/AdobeStock_226799900_1920x900-e1752492760804-300x175.jpg 300w, https:\/\/www.ltv-sachsen.de\/wp-content\/uploads\/sites\/3\/2023\/08\/AdobeStock_226799900_1920x900-e1752492760804-1024x598.jpg 1024w, https:\/\/www.ltv-sachsen.de\/wp-content\/uploads\/sites\/3\/2023\/08\/AdobeStock_226799900_1920x900-e1752492760804-768x448.jpg 768w, https:\/\/www.ltv-sachsen.de\/wp-content\/uploads\/sites\/3\/2023\/08\/AdobeStock_226799900_1920x900-e1752492760804-1200x701.jpg 1200w, https:\/\/www.ltv-sachsen.de\/wp-content\/uploads\/sites\/3\/2023\/08\/AdobeStock_226799900_1920x900-e1752492760804-992x579.jpg 992w, https:\/\/www.ltv-sachsen.de\/wp-content\/uploads\/sites\/3\/2023\/08\/AdobeStock_226799900_1920x900-e1752492760804-480x280.jpg 480w, https:\/\/www.ltv-sachsen.de\/wp-content\/uploads\/sites\/3\/2023\/08\/AdobeStock_226799900_1920x900-e1752492760804.jpg 1622w\" sizes=\"auto, (max-width: 300px) 100vw, 300px\" \/>Unser Projektteam unterst\u00fctzt seit Anfang 2022 gezielt kleine und mittelst\u00e4ndige Unternehmen bei ihren digitalen Herausforderungen. Hauptaufgabe des Teams und Herzst\u00fcck der Initiative \u201eTourismus 360Grad Digital\u201c ist die <em>digital<\/em>-Sprechstunde.<\/p>\n<p>Nach Ihrer Anmeldung zur <em>digital<\/em>-Sprechstunde auf unserem Online-Buchungsportal melden wir uns zeitnah zur\u00fcck, um Ihre digitale Herausforderung zu besprechen. In diesem sogenannten Erstgespr\u00e4ch vereinbaren wir auch einen m\u00f6glichen Vor-Ort-Termin. Bis zu diesem Termin erstellen wir f\u00fcr Sie eine professionelle Sichtbarkeitsanalyse Ihres Unternehmen. Dabei wird neben der Webseite auch Ihr Google Unternehmensprofil unter die Lupe genommen. Im Vor-Ort-Termin werden die Ergebnisse der dieser Sichtbarkeits-Analyse gemeinsam ausgewertet und alle aktuellen digitalen Herausforderungen besprochen, analysiert und priorisiert.<\/p>\n<p>F\u00fcr eine konkrete digitale Herausforderung bereiten wir f\u00fcr Sie im Anschluss individuelle Handlungsempfehlungen schriftlich in Form unseres <em>digital<\/em>-Wegweisers auf.<\/p>\n<p>Hier sehen Sie den Prozess unserer <em>digital<\/em>-Sprechstunde nochmal grafisch aufgearbeitet:[\/vc_column_text][\/vc_column][\/vc_row][vc_row ppi_row_padding=&#8220;ppi_remove_padding_top,ppi_remove_padding_bottom&#8220;][vc_column][vc_column_text css=&#8220;&#8220;]<strong><img loading=\"lazy\" decoding=\"async\" class=\"aligncenter wp-image-1773 size-full\" title=\"Digitalprozess_LTV_grafische_Darstellung\" src=\"https:\/\/www.ltv-sachsen.de\/wp-content\/uploads\/sites\/3\/2024\/04\/Digitalprozess_LTV_grafische_Darstellung_2.jpg\" alt=\"digital-Sprechstunde LTV SACHSEN grafische Darstellung\" width=\"1920\" height=\"968\" srcset=\"https:\/\/www.ltv-sachsen.de\/wp-content\/uploads\/sites\/3\/2024\/04\/Digitalprozess_LTV_grafische_Darstellung_2.jpg 1920w, https:\/\/www.ltv-sachsen.de\/wp-content\/uploads\/sites\/3\/2024\/04\/Digitalprozess_LTV_grafische_Darstellung_2-300x151.jpg 300w, https:\/\/www.ltv-sachsen.de\/wp-content\/uploads\/sites\/3\/2024\/04\/Digitalprozess_LTV_grafische_Darstellung_2-1024x516.jpg 1024w, https:\/\/www.ltv-sachsen.de\/wp-content\/uploads\/sites\/3\/2024\/04\/Digitalprozess_LTV_grafische_Darstellung_2-768x387.jpg 768w, https:\/\/www.ltv-sachsen.de\/wp-content\/uploads\/sites\/3\/2024\/04\/Digitalprozess_LTV_grafische_Darstellung_2-1200x605.jpg 1200w, https:\/\/www.ltv-sachsen.de\/wp-content\/uploads\/sites\/3\/2024\/04\/Digitalprozess_LTV_grafische_Darstellung_2-992x500.jpg 992w, https:\/\/www.ltv-sachsen.de\/wp-content\/uploads\/sites\/3\/2024\/04\/Digitalprozess_LTV_grafische_Darstellung_2-480x242.jpg 480w\" sizes=\"auto, (max-width: 1920px) 100vw, 1920px\" \/><\/strong>[\/vc_column_text][\/vc_column][\/vc_row][vc_row ppi_row_padding=&#8220;ppi_remove_padding_top&#8220; css_animation=&#8220;bounceIn&#8220;][vc_column width=&#8220;1\/2&#8243;][vc_column_text css=&#8220;&#8220;]<\/p>\n<h2><strong><img loading=\"lazy\" decoding=\"async\" class=\"size-medium wp-image-1338 alignright\" src=\"https:\/\/www.ltv-sachsen.de\/wp-content\/uploads\/sites\/3\/2023\/08\/Kalender_750x500-300x210.jpg\" alt=\"Kalender_750x500\" width=\"300\" height=\"210\" srcset=\"https:\/\/www.ltv-sachsen.de\/wp-content\/uploads\/sites\/3\/2023\/08\/Kalender_750x500-300x210.jpg 300w, https:\/\/www.ltv-sachsen.de\/wp-content\/uploads\/sites\/3\/2023\/08\/Kalender_750x500-480x337.jpg 480w, https:\/\/www.ltv-sachsen.de\/wp-content\/uploads\/sites\/3\/2023\/08\/Kalender_750x500.jpg 750w\" sizes=\"auto, (max-width: 300px) 100vw, 300px\" \/> <\/strong><\/h2>\n<p>[\/vc_column_text][\/vc_column][vc_column width=&#8220;1\/2&#8243;][vc_column_text css=&#8220;&#8220;]<\/p>\n<h3><strong>\u00a0 \u00a0<\/strong><\/h3>\n<h3><strong>Buchen Sie hier Ihre<\/strong><\/h3>\n<p><a class=\"button button--primary\" href=\"https:\/\/outlook.office365.com\/owa\/calendar\/Tourismus360Graddigital@ltv-sachsen.de\/bookings\/\" target=\"_blank\" rel=\"noopener\">kostenlose digital-Sprechstunde<\/a>[\/vc_column_text][\/vc_column][\/vc_row][vc_row ppi_row_padding=&#8220;ppi_remove_padding_bottom&#8220; ppi_row_type=&#8220;ppi_light_green&#8220; full_width=&#8220;stretch_row&#8220;][vc_column]<h2 class=\"quotebox__title\">Feedback zu unseren digital-Sprechstunden<\/h2><div class=\"quotebox\"><div class=\"swiper-container swiper-container-69f46b2657694\" data-swiper-id=\"69f46b2657694\"><div class=\"swiper-wrapper\"><div class=\"swiper-slide\"><div class=\"hidden\"><\/div><div class=\"ppi_col-xs-12\"><p class=\"quotebox__text\">\"Auf unsere Fragen wurden praxisorientiert Handlungsempfehlungen gegeben. Dazu wurden uns verschiedene M\u00f6glichkeiten aufgezeigt und wir wurden bei der Entscheidungsfindung unterst\u00fctzt. Nach Vorgespr\u00e4chen wurde bei einem Vor-Ort-Termin pers\u00f6nlich auf Details eingegangen.\"<\/p><div class=\"quotebox__author\"><span class=\"quotebox__author--name\">Technisches Museum der Bandweberei Gro\u00dfr\u00f6hrsdorf<\/span><br>   <\/div><\/div><\/div><div class=\"swiper-slide\"><div class=\"hidden\"><\/div><div class=\"ppi_col-xs-12\"><p class=\"quotebox__text\">\"genaue Analyse mit Praxisbeispielen, sehr individuelle Ratschl\u00e4ge f\u00fcr SEO-Optimierung, neue Impulse f\u00fcr Handlungsbedarf im Digitalisierungsbereich (bereits im Vorfeld) h\u00e4tten wir ohne Initiative Tourismus 360Grad Digital nie erkannt.\"<\/p><div class=\"quotebox__author\"><span class=\"quotebox__author--name\">Wintersport Altenberg (Osterzgebirge) GmbH<\/span><br>   <\/div><\/div><\/div><div class=\"swiper-slide\"><div class=\"hidden\"><\/div><div class=\"ppi_col-xs-12\"><p class=\"quotebox__text\">\"sehr ausf\u00fchrliche Aufbereitung und B\u00fcndelung erforderlicher Grundkenntnisse f\u00fcr einen Beitritt bei Pinterest, viele n\u00fctzliche Informationen zum Social Media Marketing allgemein, der Umfang der Beratung hat meine Erwartungen \u00fcbertroffen\"<\/p><div class=\"quotebox__author\"><span class=\"quotebox__author--name\">Kultour Z. GmbH<\/span><br>   <\/div><\/div><\/div><div class=\"swiper-slide\"><div class=\"hidden\"><\/div><div class=\"ppi_col-xs-12\"><p class=\"quotebox__text\">\"'Zun\u00e4chst ist es nat\u00fcrlich klasse, dass solch ein Angebot kostenfrei ist. Au\u00dferdem wurden wir sehr umfangreich, freundlich und vor allem auch verst\u00e4ndlich beraten. Besonders die Sichtbarkeitsanalyse und der digital-Wegweiser helfen uns als Handwerkszeug bei der Umsetzung unserer Ma\u00dfnahmen.\"<\/p><div class=\"quotebox__author\"><span class=\"quotebox__author--name\">Schloss Rochsburg<\/span><br>   <\/div><\/div><\/div><div class=\"swiper-slide\"><div class=\"hidden\"><\/div><div class=\"ppi_col-xs-12\"><p class=\"quotebox__text\">\u201eBei einem ausf\u00fchrlichen Gespr\u00e4ch und der Begehung unserer Anlage hat Herr Meier des LTV SACHSEN sich Zeit genommen uns kennenzulernen und konnte aufgrund dessen ein ausf\u00fchrliches Konzept mit Hilfestellungen und Anregungen erstellen. Ein digitaler Leitfaden entstand, der Themen wie die Optimierung unserer Webseite, des Google Unternehmensprofils und das Thema digitale Umsetzungen vor Ort enthielt. Dies half uns sehr, unsere Onlinepr\u00e4senz genauer zu analysieren und zu verbessern und brachte uns auf neue Ideen.\u201c<\/p><div class=\"quotebox__author\"><span class=\"quotebox__author--name\">Ferienpark Neuseenland<\/span><br>   <\/div><\/div><\/div><div class=\"swiper-slide\"><div class=\"hidden\"><\/div><div class=\"ppi_col-xs-12\"><p class=\"quotebox__text\">\"Die Beratung des LTV SACHSEN hat mir geholfen, einen \u00dcberblick \u00fcber die digitalen M\u00f6glichkeiten in einem Ferienhaus zu gewinnen und das Verst\u00e4ndnis von KI zu f\u00f6rdern. Die Unterst\u00fctzung bei der Erstellung eines Google-Unternehmens Profils und die Strukturierung der Aufgaben waren sehr wertvoll. Der Beratungsprozess wird fort gesetzt, um die Funktionsweise der Onlinebuchbarkeit und digitaler T\u00fcrschlie\u00dfsysteme zu meistern.\u201c<\/p><div class=\"quotebox__author\"><span class=\"quotebox__author--name\">Berghaus 25<\/span><br>   <\/div><\/div><\/div><\/div><\/div><button class=\"button--primary icon--right1 swiper-button-prev swiper-button-prev-69f46b2657694\" style=\"transform: scaleX(-1);\"><\/button><button class=\"button--primary icon--right1 swiper-button-next swiper-button-next-69f46b2657694 \"><\/button><\/div>[\/vc_column][\/vc_row][vc_row ppi_row_padding=&#8220;ppi_remove_padding_bottom&#8220;][vc_column][vc_column_text]<\/p>\n<h2>Wir sind f\u00fcr Sie in Sachsen unterwegs<\/h2>\n<p>Im Rahmen unserer <em>digital<\/em>-Sprechstunde sind wir in ganz Sachsen unterwegs, um touristische Unternehmen bei der Digitalisierung zu unterst\u00fctzen. Vom Vogtland \u00fcber die Leipziger Region und das Dresdner Elbtal bis in die S\u00e4chsische Schweiz haben wir Unternehmen bei Ihren digitalen Herausforderungen, wie die Erstellung einer neuen Webseite, digitale Schlie\u00dfanlagen, Einf\u00fchrung einer Digitalen G\u00e4stemappe oder Unterst\u00fctzung bei der Online-Bewertung begleitet. Hier finden Sie den aktuellen Zahlen unseres Digitalisierungsmobils &#8218;Tourismus 360Grad Digital&#8216;:[\/vc_column_text][\/vc_column][\/vc_row][vc_row ppi_row_padding=&#8220;ppi_remove_padding_top,ppi_remove_padding_bottom&#8220;][vc_column width=&#8220;1\/2&#8243;]<div class=\"economic-factor\"><div class=\"economic-factor__diagram\"><div class=\"economic-factor__diagram__bar\"><div class=\"economic-factor__diagram__bar__inner\"><div class=\"economic-factor__diagram__bar__inner__bg\"><div id=\"bar-69f46b265770a\" class=\"economic-factor__diagram__bar__inner__value\" data-value=\"100\" data-animated=\"false\"><\/div><\/div><\/div><\/div><div class=\"economic-factor__diagram__container\"><div class=\"economic-factor__diagram__value\">249<\/div><div class=\"economic-factor__diagram__unit\">bisher begleitete Unternehmen<\/div><div class=\"economic-factor__diagram__description\"><\/div><\/div><\/div><\/div>[\/vc_column][vc_column width=&#8220;1\/2&#8243;]<div class=\"economic-factor\"><div class=\"economic-factor__diagram\"><div class=\"economic-factor__diagram__bar\"><div class=\"economic-factor__diagram__bar__inner\"><div class=\"economic-factor__diagram__bar__inner__bg\"><div id=\"bar-69f46b2657748\" class=\"economic-factor__diagram__bar__inner__value\" data-value=\"100\" data-animated=\"false\"><\/div><\/div><\/div><\/div><div class=\"economic-factor__diagram__container\"><div class=\"economic-factor__diagram__value\">15.582,60<\/div><div class=\"economic-factor__diagram__unit\">km<\/div><div class=\"economic-factor__diagram__description\">derzeitiger km-Stand unserer Beratungen seit Start der Initiative<\/div><\/div><\/div><\/div>[\/vc_column][\/vc_row][vc_row ppi_row_padding=&#8220;ppi_remove_padding_top,ppi_remove_padding_bottom&#8220;][vc_column][vc_column_text]<strong>Unsere bisher beratenen Unternehmen:<\/strong>[\/vc_column_text][\/vc_column][\/vc_row][vc_row ppi_row_padding=&#8220;ppi_remove_padding_top&#8220;][vc_column][vc_column_text css=&#8220;&#8220;]<\/p>\n<div id=\"attachment_1715\" style=\"width: 1231px\" class=\"wp-caption alignnone\"><a href=\"https:\/\/www.ltv-sachsen.de\/360graddigital\/das-projekt-360grad-digital\/unternehmensuebersicht\/\" target=\"_blank\" rel=\"noopener\"><img loading=\"lazy\" decoding=\"async\" aria-describedby=\"caption-attachment-1715\" class=\"wp-image-1715 size-full\" src=\"https:\/\/www.ltv-sachsen.de\/wp-content\/uploads\/sites\/3\/2024\/02\/Tourismus_360Grad_digital-interaktive_Karte-2.jpg\" alt=\"Tourismus_360Grad_digital-interaktive_Karte\" width=\"1221\" height=\"655\" \/><\/a><p id=\"caption-attachment-1715\" class=\"wp-caption-text\">(c) OpenStreetMap contributors<\/p><\/div>\n<p>[\/vc_column_text][\/vc_column][\/vc_row][vc_row ppi_row_padding=&#8220;ppi_remove_padding_top,ppi_remove_padding_bottom&#8220;][vc_column][vc_column_text css=&#8220;&#8220;]<strong>Sie haben noch Fragen zu unserer <em>digital<\/em>-Sprechstunde???<\/strong><\/p>\n<p>Dann kontaktieren Sie uns gern![\/vc_column_text][\/vc_column][\/vc_row]<\/p>\n<\/div>","protected":false},"excerpt":{"rendered":"<p>[vc_row ppi_row_padding=&#8220;ppi_remove_padding_top,ppi_remove_padding_bottom&#8220;][vc_column][vc_column_text] digital-Sprechstunde [\/vc_column_text][vc_column_text css=&#8220;&#8220;]Unser Projektteam unterst\u00fctzt seit Anfang 2022 gezielt kleine und mittelst\u00e4ndige Unternehmen bei ihren digitalen Herausforderungen. Hauptaufgabe des Teams und Herzst\u00fcck der Initiative \u201eTourismus 360Grad Digital\u201c ist die digital-Sprechstunde. Nach Ihrer Anmeldung zur digital-Sprechstunde auf unserem Online-Buchungsportal melden wir uns zeitnah zur\u00fcck, um Ihre digitale Herausforderung zu besprechen. In diesem sogenannten Erstgespr\u00e4ch [&hellip;]<\/p>\n","protected":false},"author":8,"featured_media":0,"parent":24,"menu_order":0,"comment_status":"closed","ping_status":"closed","template":"","meta":{"_acf_changed":false,"inline_featured_image":false,"footnotes":""},"class_list":["post-199","page","type-page","status-publish","hentry"],"acf":[],"yoast_head":"<!-- This site is optimized with the Yoast SEO plugin v26.4 - https:\/\/yoast.com\/wordpress\/plugins\/seo\/ -->\n<title>digital-Sprechstunde - 360 Grad digital<\/title>\n<meta name=\"description\" content=\"Hauptaufgabe der Initiative \u201eTourismus 360Grad Digital\u201c ist die digital-Sprechstunde, bei der wir Ihre digitale Herausforderung besprechen.\" \/>\n<meta name=\"robots\" content=\"index, follow, max-snippet:-1, max-image-preview:large, max-video-preview:-1\" \/>\n<link rel=\"canonical\" href=\"https:\/\/www.ltv-sachsen.de\/360graddigital\/initiative-tourismus-360-grad-digital\/digital-sprechstunde\/\" \/>\n<meta property=\"og:locale\" content=\"de_DE\" \/>\n<meta property=\"og:type\" content=\"article\" \/>\n<meta property=\"og:title\" content=\"digital-Sprechstunde - 360 Grad digital\" \/>\n<meta property=\"og:description\" content=\"Hauptaufgabe der Initiative \u201eTourismus 360Grad Digital\u201c ist die digital-Sprechstunde, bei der wir Ihre digitale Herausforderung besprechen.\" \/>\n<meta property=\"og:url\" content=\"https:\/\/www.ltv-sachsen.de\/360graddigital\/initiative-tourismus-360-grad-digital\/digital-sprechstunde\/\" \/>\n<meta property=\"og:site_name\" content=\"360 Grad digital\" \/>\n<meta property=\"article:modified_time\" content=\"2026-04-23T07:17:39+00:00\" \/>\n<meta property=\"og:image\" content=\"https:\/\/www.ltv-sachsen.de\/wp-content\/uploads\/sites\/3\/2023\/08\/AdobeStock_226799900_1920x900-e1752492760804.jpg\" \/>\n\t<meta property=\"og:image:width\" content=\"1622\" \/>\n\t<meta property=\"og:image:height\" content=\"947\" \/>\n\t<meta property=\"og:image:type\" content=\"image\/jpeg\" \/>\n<meta name=\"twitter:card\" content=\"summary_large_image\" \/>\n<meta name=\"twitter:label1\" content=\"Gesch\u00e4tzte Lesezeit\" \/>\n\t<meta name=\"twitter:data1\" content=\"3\u00a0Minuten\" \/>\n<script type=\"application\/ld+json\" class=\"yoast-schema-graph\">{\"@context\":\"https:\/\/schema.org\",\"@graph\":[{\"@type\":\"WebPage\",\"@id\":\"https:\/\/www.ltv-sachsen.de\/360graddigital\/initiative-tourismus-360-grad-digital\/digital-sprechstunde\/\",\"url\":\"https:\/\/www.ltv-sachsen.de\/360graddigital\/initiative-tourismus-360-grad-digital\/digital-sprechstunde\/\",\"name\":\"digital-Sprechstunde - 360 Grad digital\",\"isPartOf\":{\"@id\":\"https:\/\/www.ltv-sachsen.de\/360graddigital\/#website\"},\"primaryImageOfPage\":{\"@id\":\"https:\/\/www.ltv-sachsen.de\/360graddigital\/initiative-tourismus-360-grad-digital\/digital-sprechstunde\/#primaryimage\"},\"image\":{\"@id\":\"https:\/\/www.ltv-sachsen.de\/360graddigital\/initiative-tourismus-360-grad-digital\/digital-sprechstunde\/#primaryimage\"},\"thumbnailUrl\":\"https:\/\/www.ltv-sachsen.de\/wp-content\/uploads\/sites\/3\/2023\/08\/AdobeStock_226799900_1920x900-e1752492760804-300x175.jpg\",\"datePublished\":\"2022-06-21T09:02:50+00:00\",\"dateModified\":\"2026-04-23T07:17:39+00:00\",\"description\":\"Hauptaufgabe der Initiative \u201eTourismus 360Grad Digital\u201c ist die digital-Sprechstunde, bei der wir Ihre digitale Herausforderung besprechen.\",\"breadcrumb\":{\"@id\":\"https:\/\/www.ltv-sachsen.de\/360graddigital\/initiative-tourismus-360-grad-digital\/digital-sprechstunde\/#breadcrumb\"},\"inLanguage\":\"de\",\"potentialAction\":[{\"@type\":\"ReadAction\",\"target\":[\"https:\/\/www.ltv-sachsen.de\/360graddigital\/initiative-tourismus-360-grad-digital\/digital-sprechstunde\/\"]}]},{\"@type\":\"ImageObject\",\"inLanguage\":\"de\",\"@id\":\"https:\/\/www.ltv-sachsen.de\/360graddigital\/initiative-tourismus-360-grad-digital\/digital-sprechstunde\/#primaryimage\",\"url\":\"https:\/\/www.ltv-sachsen.de\/wp-content\/uploads\/sites\/3\/2023\/08\/AdobeStock_226799900_1920x900-e1752492760804-300x175.jpg\",\"contentUrl\":\"https:\/\/www.ltv-sachsen.de\/wp-content\/uploads\/sites\/3\/2023\/08\/AdobeStock_226799900_1920x900-e1752492760804-300x175.jpg\"},{\"@type\":\"BreadcrumbList\",\"@id\":\"https:\/\/www.ltv-sachsen.de\/360graddigital\/initiative-tourismus-360-grad-digital\/digital-sprechstunde\/#breadcrumb\",\"itemListElement\":[{\"@type\":\"ListItem\",\"position\":1,\"name\":\"Home\",\"item\":\"https:\/\/www.ltv-sachsen.de\/360graddigital\/\"},{\"@type\":\"ListItem\",\"position\":2,\"name\":\"Angebote \u2013 Digitale Unterst\u00fctzung f\u00fcr Touristiker\",\"item\":\"https:\/\/www.ltv-sachsen.de\/360graddigital\/initiative-tourismus-360-grad-digital\/\"},{\"@type\":\"ListItem\",\"position\":3,\"name\":\"digital-Sprechstunde\"}]},{\"@type\":\"WebSite\",\"@id\":\"https:\/\/www.ltv-sachsen.de\/360graddigital\/#website\",\"url\":\"https:\/\/www.ltv-sachsen.de\/360graddigital\/\",\"name\":\"360 Grad digital\",\"description\":\"Eine weitere LTV Sachsen Websites Website\",\"potentialAction\":[{\"@type\":\"SearchAction\",\"target\":{\"@type\":\"EntryPoint\",\"urlTemplate\":\"https:\/\/www.ltv-sachsen.de\/360graddigital\/?s={search_term_string}\"},\"query-input\":{\"@type\":\"PropertyValueSpecification\",\"valueRequired\":true,\"valueName\":\"search_term_string\"}}],\"inLanguage\":\"de\"}]}<\/script>\n<!-- \/ Yoast SEO plugin. -->","yoast_head_json":{"title":"digital-Sprechstunde - 360 Grad digital","description":"Hauptaufgabe der Initiative \u201eTourismus 360Grad Digital\u201c ist die digital-Sprechstunde, bei der wir Ihre digitale Herausforderung besprechen.","robots":{"index":"index","follow":"follow","max-snippet":"max-snippet:-1","max-image-preview":"max-image-preview:large","max-video-preview":"max-video-preview:-1"},"canonical":"https:\/\/www.ltv-sachsen.de\/360graddigital\/initiative-tourismus-360-grad-digital\/digital-sprechstunde\/","og_locale":"de_DE","og_type":"article","og_title":"digital-Sprechstunde - 360 Grad digital","og_description":"Hauptaufgabe der Initiative \u201eTourismus 360Grad Digital\u201c ist die digital-Sprechstunde, bei der wir Ihre digitale Herausforderung besprechen.","og_url":"https:\/\/www.ltv-sachsen.de\/360graddigital\/initiative-tourismus-360-grad-digital\/digital-sprechstunde\/","og_site_name":"360 Grad digital","article_modified_time":"2026-04-23T07:17:39+00:00","og_image":[{"width":1622,"height":947,"url":"https:\/\/www.ltv-sachsen.de\/wp-content\/uploads\/sites\/3\/2023\/08\/AdobeStock_226799900_1920x900-e1752492760804.jpg","type":"image\/jpeg"}],"twitter_card":"summary_large_image","twitter_misc":{"Gesch\u00e4tzte Lesezeit":"3\u00a0Minuten"},"schema":{"@context":"https:\/\/schema.org","@graph":[{"@type":"WebPage","@id":"https:\/\/www.ltv-sachsen.de\/360graddigital\/initiative-tourismus-360-grad-digital\/digital-sprechstunde\/","url":"https:\/\/www.ltv-sachsen.de\/360graddigital\/initiative-tourismus-360-grad-digital\/digital-sprechstunde\/","name":"digital-Sprechstunde - 360 Grad digital","isPartOf":{"@id":"https:\/\/www.ltv-sachsen.de\/360graddigital\/#website"},"primaryImageOfPage":{"@id":"https:\/\/www.ltv-sachsen.de\/360graddigital\/initiative-tourismus-360-grad-digital\/digital-sprechstunde\/#primaryimage"},"image":{"@id":"https:\/\/www.ltv-sachsen.de\/360graddigital\/initiative-tourismus-360-grad-digital\/digital-sprechstunde\/#primaryimage"},"thumbnailUrl":"https:\/\/www.ltv-sachsen.de\/wp-content\/uploads\/sites\/3\/2023\/08\/AdobeStock_226799900_1920x900-e1752492760804-300x175.jpg","datePublished":"2022-06-21T09:02:50+00:00","dateModified":"2026-04-23T07:17:39+00:00","description":"Hauptaufgabe der Initiative \u201eTourismus 360Grad Digital\u201c ist die digital-Sprechstunde, bei der wir Ihre digitale Herausforderung besprechen.","breadcrumb":{"@id":"https:\/\/www.ltv-sachsen.de\/360graddigital\/initiative-tourismus-360-grad-digital\/digital-sprechstunde\/#breadcrumb"},"inLanguage":"de","potentialAction":[{"@type":"ReadAction","target":["https:\/\/www.ltv-sachsen.de\/360graddigital\/initiative-tourismus-360-grad-digital\/digital-sprechstunde\/"]}]},{"@type":"ImageObject","inLanguage":"de","@id":"https:\/\/www.ltv-sachsen.de\/360graddigital\/initiative-tourismus-360-grad-digital\/digital-sprechstunde\/#primaryimage","url":"https:\/\/www.ltv-sachsen.de\/wp-content\/uploads\/sites\/3\/2023\/08\/AdobeStock_226799900_1920x900-e1752492760804-300x175.jpg","contentUrl":"https:\/\/www.ltv-sachsen.de\/wp-content\/uploads\/sites\/3\/2023\/08\/AdobeStock_226799900_1920x900-e1752492760804-300x175.jpg"},{"@type":"BreadcrumbList","@id":"https:\/\/www.ltv-sachsen.de\/360graddigital\/initiative-tourismus-360-grad-digital\/digital-sprechstunde\/#breadcrumb","itemListElement":[{"@type":"ListItem","position":1,"name":"Home","item":"https:\/\/www.ltv-sachsen.de\/360graddigital\/"},{"@type":"ListItem","position":2,"name":"Angebote \u2013 Digitale Unterst\u00fctzung f\u00fcr Touristiker","item":"https:\/\/www.ltv-sachsen.de\/360graddigital\/initiative-tourismus-360-grad-digital\/"},{"@type":"ListItem","position":3,"name":"digital-Sprechstunde"}]},{"@type":"WebSite","@id":"https:\/\/www.ltv-sachsen.de\/360graddigital\/#website","url":"https:\/\/www.ltv-sachsen.de\/360graddigital\/","name":"360 Grad digital","description":"Eine weitere LTV Sachsen Websites Website","potentialAction":[{"@type":"SearchAction","target":{"@type":"EntryPoint","urlTemplate":"https:\/\/www.ltv-sachsen.de\/360graddigital\/?s={search_term_string}"},"query-input":{"@type":"PropertyValueSpecification","valueRequired":true,"valueName":"search_term_string"}}],"inLanguage":"de"}]}},"_links":{"self":[{"href":"https:\/\/www.ltv-sachsen.de\/360graddigital\/wp-json\/wp\/v2\/pages\/199","targetHints":{"allow":["GET"]}}],"collection":[{"href":"https:\/\/www.ltv-sachsen.de\/360graddigital\/wp-json\/wp\/v2\/pages"}],"about":[{"href":"https:\/\/www.ltv-sachsen.de\/360graddigital\/wp-json\/wp\/v2\/types\/page"}],"author":[{"embeddable":true,"href":"https:\/\/www.ltv-sachsen.de\/360graddigital\/wp-json\/wp\/v2\/users\/8"}],"replies":[{"embeddable":true,"href":"https:\/\/www.ltv-sachsen.de\/360graddigital\/wp-json\/wp\/v2\/comments?post=199"}],"version-history":[{"count":130,"href":"https:\/\/www.ltv-sachsen.de\/360graddigital\/wp-json\/wp\/v2\/pages\/199\/revisions"}],"predecessor-version":[{"id":2783,"href":"https:\/\/www.ltv-sachsen.de\/360graddigital\/wp-json\/wp\/v2\/pages\/199\/revisions\/2783"}],"up":[{"embeddable":true,"href":"https:\/\/www.ltv-sachsen.de\/360graddigital\/wp-json\/wp\/v2\/pages\/24"}],"wp:attachment":[{"href":"https:\/\/www.ltv-sachsen.de\/360graddigital\/wp-json\/wp\/v2\/media?parent=199"}],"curies":[{"name":"wp","href":"https:\/\/api.w.org\/{rel}","templated":true}]}}