{"id":180,"date":"2022-06-21T10:08:27","date_gmt":"2022-06-21T08:08:27","guid":{"rendered":"https:\/\/www.ltv-sachsen.de\/360graddigital\/?page_id=180"},"modified":"2025-12-17T10:44:37","modified_gmt":"2025-12-17T09:44:37","slug":"ansprechpartner","status":"publish","type":"page","link":"https:\/\/www.ltv-sachsen.de\/360graddigital\/initiative-tourismus-360-grad-digital\/ansprechpartner\/","title":{"rendered":"Kontakt &amp; Buchung"},"content":{"rendered":"<div class=\"wpb-content-wrapper\"><p>[vc_row ppi_row_padding=&#8220;ppi_remove_padding_top&#8220;][vc_column][vc_column_text css=&#8220;&#8220;]<\/p>\n<h2><span class=\"TextRun SCXO211712671 BCX8\" lang=\"DE-DE\" xml:lang=\"DE-DE\" data-contrast=\"none\"><span class=\"NormalTextRun SCXO211712671 BCX8\">Kontakt &amp; Buchung \u2013 Team Tourismus 360Grad digital<\/span><\/span><span class=\"EOP SCXO211712671 BCX8\">\u00a0<\/span><\/h2>\n<p><span data-contrast=\"none\">Ihre Ansprechpartner f\u00fcr digitale Themen im s\u00e4chsischen Tourismus: pers\u00f6nlich, erreichbar und auf Augenh\u00f6he.<\/span><\/p>\n<p><span data-contrast=\"none\">Unser Team von\u00a0<\/span><b><span data-contrast=\"none\">Tourismus 360Grad digital<\/span><\/b><span data-contrast=\"none\">\u00a0ist f\u00fcr Sie da: pers\u00f6nlich, unkompliziert und mit einem offenen Ohr f\u00fcr Ihre digitalen Fragen. Wir begleiten touristische Akteure in ganz Sachsen und unterst\u00fctzen sie dabei, digitale Chancen zu erkennen und praxisnah umzusetzen.<\/span><\/p>\n<p><span data-contrast=\"none\">Hier finden Sie die richtigen Ansprechpartner f\u00fcr Ihre Anliegen: von der Digital-Sprechstunde \u00fcber Veranstaltungen bis hin zu Wissen, Impulsen und Vernetzung.<\/span><\/p>\n<p><span data-contrast=\"none\">Sprechen Sie uns gern an \u2013 wir freuen uns auf den Austausch mit Ihnen.<\/span>[\/vc_column_text][\/vc_column][\/vc_row][vc_row ppi_row_padding=&#8220;ppi_remove_padding_top,ppi_remove_padding_bottom&#8220;][vc_column]<div class=\"ltv-team\"><div class=\"ltv-team__entry\"><div class=\"ltv-team__entry__inner\"><div class=\"ltv-team__entry__front\" style=\"background-image: url(https:\/\/www.ltv-sachsen.de\/wp-content\/uploads\/sites\/3\/2022\/06\/DSC1890-1-HG-web-350x550-1.jpg)\"><div class=\"ltv-team__entry__front__layer\"><\/div><div class=\"ltv-team__entry__info\"><h4>Susann Postel<\/h4><span>Teamleitung<\/span><a class=\"ltv-team__entry__phone\" href=\"tel:+493514919125\"><i class=\"icon--phone\"><\/i>+49 351 49191-25<\/a><a class=\"ltv-team__entry__email\" href=\"mailto:postel@ltv-sachsen.de\"><i class=\"icon--mail\"><\/i>postel@ltv-sachsen.de<\/a><a class=\"ltv-team__entry__profile\" href=\"#\"><i class=\"icon--right1\"><\/i>Profil ansehen<\/a><\/div><\/div><a href=\"#\" class=\"ltv-team__entry__close\"><i class=\"icon--cross\"><\/i><\/a><div class=\"ltv-team__entry__back\"><div class=\"ltv-team__entry__back__info\"><h4>Profil<\/h4><span>Susann Postel<\/span><ul class=\"ltv-team__entry__profile\"><li>Projektmanagement &amp; Projektentwicklung<\/li><li>Netzwerk \u201eTourismus 360Grad digital\u201c<\/li><li>\u00d6ffentlichkeitsarbeit<\/li><\/ul><a class=\"ltv-team__entry__social ltv-team__entry__social__xing\" target=\"_blank\" href=\"https:\/\/www.xing.com\/profile\/Susann_Postel\"><i class=\"icon--xing-circle\"><\/i><\/a><a class=\"ltv-team__entry__social ltv-team__entry__social__linkedin\" target=\"_blank\" href=\"https:\/\/de.linkedin.com\/in\/susann-postel-4bb57b167\"><i class=\"icon--linkedin-circle\"><\/i><\/a><\/div><\/div><\/div><\/div><div class=\"ltv-team__entry\"><div class=\"ltv-team__entry__inner\"><div class=\"ltv-team__entry__front\" style=\"background-image: url(https:\/\/www.ltv-sachsen.de\/wp-content\/uploads\/sites\/3\/2023\/07\/N6Z_3504-1-360x550px.jpg)\"><div class=\"ltv-team__entry__front__layer\"><\/div><div class=\"ltv-team__entry__info\"><h4>Nele Loeper<\/h4><span>Teamassistenz<\/span><a class=\"ltv-team__entry__phone\" href=\"tel:+493514919128\"><i class=\"icon--phone\"><\/i>+49 351 49191-28<\/a><a class=\"ltv-team__entry__email\" href=\"mailto:loeper@ltv-sachsen.de\"><i class=\"icon--mail\"><\/i>loeper@ltv-sachsen.de<\/a><a class=\"ltv-team__entry__profile\" href=\"#\"><i class=\"icon--right1\"><\/i>Profil ansehen<\/a><\/div><\/div><a href=\"#\" class=\"ltv-team__entry__close\"><i class=\"icon--cross\"><\/i><\/a><div class=\"ltv-team__entry__back\"><div class=\"ltv-team__entry__back__info\"><h4>Profil<\/h4><span>Nele Loeper<\/span><ul class=\"ltv-team__entry__profile\"><li>Teamassistenz<\/li><li>Veranstaltungsorganisation<\/li><li>\u00d6ffentlichkeitsarbeit<\/li><\/ul><\/div><\/div><\/div><\/div><div class=\"ltv-team__entry\"><div class=\"ltv-team__entry__inner\"><div class=\"ltv-team__entry__front\" style=\"background-image: url(https:\/\/www.ltv-sachsen.de\/wp-content\/uploads\/sites\/3\/2022\/08\/Torsten-Meier-360x555-1.jpg)\"><div class=\"ltv-team__entry__front__layer\"><\/div><div class=\"ltv-team__entry__info\"><h4>Torsten Meier<\/h4><span>digital-Berater<\/span><a class=\"ltv-team__entry__phone\" href=\"tel:+493514919126\"><i class=\"icon--phone\"><\/i>+49 351 49191-26<\/a><a class=\"ltv-team__entry__email\" href=\"mailto:meier@ltv-sachsen.de\"><i class=\"icon--mail\"><\/i>meier@ltv-sachsen.de<\/a><a class=\"ltv-team__entry__profile\" href=\"#\"><i class=\"icon--right1\"><\/i>Profil ansehen<\/a><\/div><\/div><a href=\"#\" class=\"ltv-team__entry__close\"><i class=\"icon--cross\"><\/i><\/a><div class=\"ltv-team__entry__back\"><div class=\"ltv-team__entry__back__info\"><h4>Profil<\/h4><span>Torsten Meier<\/span><ul class=\"ltv-team__entry__profile\"><li>Unternehmensbegleitung<\/li><li>\u00d6ffentlichkeitsarbeit<\/li><li>Digitales Wissen<\/li><\/ul><a class=\"ltv-team__entry__social ltv-team__entry__social__xing\" target=\"_blank\" href=\"https:\/\/www.xing.com\/profile\/Torsten_Meier76\"><i class=\"icon--xing-circle\"><\/i><\/a><\/div><\/div><\/div><\/div><\/div>[\/vc_column][\/vc_row][vc_row ppi_row_padding=&#8220;ppi_remove_padding_top,ppi_remove_padding_bottom&#8220;][vc_column][vc_column_text css=&#8220;&#8220;]<\/p>\n<h3>Unsere Beratungsangebot<\/h3>\n<p>Digitale Herausforderungen und ein Blick hinter die Kulissen eines Unternehmens sind nicht selbstverst\u00e4ndlich und ebenso eine unternehmensinterne Angelegenheit. Umso mehr freuen wir uns, dass Sie die M\u00f6glichkeit unserer digitalen Beratungsangebote wahrnehmen m\u00f6chten.[\/vc_column_text][\/vc_column][\/vc_row][vc_row ppi_row_padding=&#8220;ppi_remove_padding_top,ppi_remove_padding_bottom&#8220; css_animation=&#8220;bounceIn&#8220;][vc_column width=&#8220;1\/2&#8243;][vc_column_text css=&#8220;&#8220;]<\/p>\n<h2><strong><img loading=\"lazy\" decoding=\"async\" class=\"size-medium wp-image-1338 alignright\" src=\"https:\/\/www.ltv-sachsen.de\/wp-content\/uploads\/sites\/3\/2023\/08\/Kalender_750x500-300x210.jpg\" alt=\"Kalender_750x500\" width=\"300\" height=\"210\" srcset=\"https:\/\/www.ltv-sachsen.de\/wp-content\/uploads\/sites\/3\/2023\/08\/Kalender_750x500-300x210.jpg 300w, https:\/\/www.ltv-sachsen.de\/wp-content\/uploads\/sites\/3\/2023\/08\/Kalender_750x500-480x337.jpg 480w, https:\/\/www.ltv-sachsen.de\/wp-content\/uploads\/sites\/3\/2023\/08\/Kalender_750x500.jpg 750w\" sizes=\"auto, (max-width: 300px) 100vw, 300px\" \/><\/strong><\/h2>\n<h2><\/h2>\n<p>&nbsp;<\/p>\n<p>[\/vc_column_text][\/vc_column][vc_column width=&#8220;1\/2&#8243;][vc_column_text css=&#8220;&#8220;]<\/p>\n<h2><\/h2>\n<p>&nbsp;<\/p>\n<h2><strong>Buchen Sie hier Ihr<\/strong><\/h2>\n<p><a class=\"button button--primary\" href=\"https:\/\/outlook.office365.com\/owa\/calendar\/Tourismus360Graddigital@ltv-sachsen.de\/bookings\/\" target=\"_blank\" rel=\"noopener\">kostenloses Beratungsangebot<\/a>[\/vc_column_text][\/vc_column][\/vc_row][vc_row][vc_column][vc_column_text css=&#8220;&#8220;]<\/p>\n<h2>Ansprechpartner Onlinebuchbarkeit<\/h2>\n<h3>Region Leipzig<\/h3>\n<p><strong>Leipzig Tourismus und Marketing GmbH<br \/>\n<\/strong>Tel: 0341 7104255<br \/>\n<a href=\"mailto:info@ltm-leipzig.de\" target=\"_blank\" rel=\"noopener\">info@ltm-leipzig.de<\/a><\/p>\n<h3>Vogtland<\/h3>\n<p><strong>Buchungsservice Vogtland<br \/>\n<\/strong>Verkehrsverbund Vogtland GmbH<br \/>\nTel: 03744 19449<br \/>\n<a href=\"mailto:Buchungsservice@VVVogtland.de\" target=\"_blank\" rel=\"noopener\">Buchungsservice@VVVogtland.de<\/a><\/p>\n<h3>Erzgebirge<\/h3>\n<p><strong>Tourismusverband Erzgebirge e.V.<\/strong><br \/>\nTel: 03733 1880014<br \/>\n<a href=\"mailto:info@erzgebirge-tourismus.de\" target=\"_blank\" rel=\"noopener\">info@erzgebirge-tourismus.de<\/a><\/p>\n<h3>Chemnitz.Zwickau.Region<\/h3>\n<p><strong>Tourismusverband Chemnitz Zwickau Region e. V.<\/strong><br \/>\nStefan Herold<br \/>\nTel: 0371 64614114<br \/>\n<a href=\"mailto:herold@chemnitz-zwickau-region.de\" target=\"_blank\" rel=\"noopener\">herold@chemnitz-zwickau-region.de<\/a><\/p>\n<h3>Oberlausitz<\/h3>\n<p><strong>Marketing-Gesellschaft Oberlausitz-Niederschlesien mbH<\/strong><br \/>\nTelefon: 03591 48770<br \/>\n<a title=\"buchen@oberlausitz.com\" href=\"mailto:buchen@oberlausitz.com\" target=\"_blank\" rel=\"noopener noreferrer\">buchen@oberlausitz.com<\/a><\/p>\n<h3>S\u00e4chsische Schweiz<\/h3>\n<p><strong>Buchungsservice S\u00e4chsische-Schweiz<br \/>\n<\/strong>Informations- und Buchungsstelle des<br \/>\nTourismusverbandes S\u00e4chsische Schweiz e.V.<br \/>\nTel: 03501 470147<br \/>\n<a href=\"mailto:info@saechsische-schweiz.de\" target=\"_blank\" rel=\"noopener\">info@saechsische-schweiz.de<\/a><\/p>\n<h3>Dresden Elbland<\/h3>\n<p><strong>Buchungsservice Sachsen<br \/>\n<\/strong>Tourismus Marketing Gesellschaft Sachsen mbH<br \/>\nTel: 0351 491700<br \/>\n<a href=\"mailto:info@sachsen-tour.de\" target=\"_blank\" rel=\"noopener\">info@sachsen-tour.de<\/a><\/p>\n<h3>Tourismus Marketing Gesellschaft Sachsen mbH<\/h3>\n<p><strong>Katrin Berg<\/strong><br \/>\nLeiterin Reservierung und digitaler Vertrieb<br \/>\nTelefon: 0351 4917011<br \/>\n<a href=\"mailto:berg.tmgs@sachsen-tour.de\">berg.tmgs@sachsen-tour.de<\/a>[\/vc_column_text][\/vc_column][\/vc_row]<\/p>\n<\/div>","protected":false},"excerpt":{"rendered":"<p>[vc_row ppi_row_padding=&#8220;ppi_remove_padding_top&#8220;][vc_column][vc_column_text css=&#8220;&#8220;] Kontakt &amp; Buchung \u2013 Team Tourismus 360Grad digital\u00a0 Ihre Ansprechpartner f\u00fcr digitale Themen im s\u00e4chsischen Tourismus: pers\u00f6nlich, erreichbar und auf Augenh\u00f6he. Unser Team von\u00a0Tourismus 360Grad digital\u00a0ist f\u00fcr Sie da: pers\u00f6nlich, unkompliziert und mit einem offenen Ohr f\u00fcr Ihre digitalen Fragen. Wir begleiten touristische Akteure in ganz Sachsen und unterst\u00fctzen sie dabei, digitale [&hellip;]<\/p>\n","protected":false},"author":8,"featured_media":0,"parent":24,"menu_order":0,"comment_status":"closed","ping_status":"closed","template":"","meta":{"_acf_changed":false,"inline_featured_image":false,"footnotes":""},"class_list":["post-180","page","type-page","status-publish","hentry"],"acf":[],"yoast_head":"<!-- This site is optimized with the Yoast SEO plugin v26.4 - https:\/\/yoast.com\/wordpress\/plugins\/seo\/ -->\n<title>Kontakt &amp; Buchung - 360 Grad digital<\/title>\n<meta name=\"description\" content=\"Wir stellen Ihnen hier das Team unserer Initiative und weitere Ansprechpartner zu Onlinebuchbarkeit und der IHK&#039;s in Sachsen vor.\" \/>\n<meta name=\"robots\" content=\"index, follow, max-snippet:-1, max-image-preview:large, max-video-preview:-1\" \/>\n<link rel=\"canonical\" href=\"https:\/\/www.ltv-sachsen.de\/360graddigital\/initiative-tourismus-360-grad-digital\/ansprechpartner\/\" \/>\n<meta property=\"og:locale\" content=\"de_DE\" \/>\n<meta property=\"og:type\" content=\"article\" \/>\n<meta property=\"og:title\" content=\"Kontakt &amp; Buchung - 360 Grad digital\" \/>\n<meta property=\"og:description\" content=\"Wir stellen Ihnen hier das Team unserer Initiative und weitere Ansprechpartner zu Onlinebuchbarkeit und der IHK&#039;s in Sachsen vor.\" \/>\n<meta property=\"og:url\" content=\"https:\/\/www.ltv-sachsen.de\/360graddigital\/initiative-tourismus-360-grad-digital\/ansprechpartner\/\" \/>\n<meta property=\"og:site_name\" content=\"360 Grad digital\" \/>\n<meta property=\"article:modified_time\" content=\"2025-12-17T09:44:37+00:00\" \/>\n<meta property=\"og:image\" content=\"https:\/\/www.ltv-sachsen.de\/wp-content\/uploads\/sites\/3\/2023\/08\/Kalender_750x500.jpg\" \/>\n\t<meta property=\"og:image:width\" content=\"750\" \/>\n\t<meta property=\"og:image:height\" content=\"526\" \/>\n\t<meta property=\"og:image:type\" content=\"image\/jpeg\" \/>\n<meta name=\"twitter:card\" content=\"summary_large_image\" \/>\n<meta name=\"twitter:label1\" content=\"Gesch\u00e4tzte Lesezeit\" \/>\n\t<meta name=\"twitter:data1\" content=\"2\u00a0Minuten\" \/>\n<script type=\"application\/ld+json\" class=\"yoast-schema-graph\">{\"@context\":\"https:\/\/schema.org\",\"@graph\":[{\"@type\":\"WebPage\",\"@id\":\"https:\/\/www.ltv-sachsen.de\/360graddigital\/initiative-tourismus-360-grad-digital\/ansprechpartner\/\",\"url\":\"https:\/\/www.ltv-sachsen.de\/360graddigital\/initiative-tourismus-360-grad-digital\/ansprechpartner\/\",\"name\":\"Kontakt &amp; Buchung - 360 Grad digital\",\"isPartOf\":{\"@id\":\"https:\/\/www.ltv-sachsen.de\/360graddigital\/#website\"},\"primaryImageOfPage\":{\"@id\":\"https:\/\/www.ltv-sachsen.de\/360graddigital\/initiative-tourismus-360-grad-digital\/ansprechpartner\/#primaryimage\"},\"image\":{\"@id\":\"https:\/\/www.ltv-sachsen.de\/360graddigital\/initiative-tourismus-360-grad-digital\/ansprechpartner\/#primaryimage\"},\"thumbnailUrl\":\"https:\/\/www.ltv-sachsen.de\/wp-content\/uploads\/sites\/3\/2023\/08\/Kalender_750x500-300x210.jpg\",\"datePublished\":\"2022-06-21T08:08:27+00:00\",\"dateModified\":\"2025-12-17T09:44:37+00:00\",\"description\":\"Wir stellen Ihnen hier das Team unserer Initiative und weitere Ansprechpartner zu Onlinebuchbarkeit und der IHK's in Sachsen vor.\",\"breadcrumb\":{\"@id\":\"https:\/\/www.ltv-sachsen.de\/360graddigital\/initiative-tourismus-360-grad-digital\/ansprechpartner\/#breadcrumb\"},\"inLanguage\":\"de\",\"potentialAction\":[{\"@type\":\"ReadAction\",\"target\":[\"https:\/\/www.ltv-sachsen.de\/360graddigital\/initiative-tourismus-360-grad-digital\/ansprechpartner\/\"]}]},{\"@type\":\"ImageObject\",\"inLanguage\":\"de\",\"@id\":\"https:\/\/www.ltv-sachsen.de\/360graddigital\/initiative-tourismus-360-grad-digital\/ansprechpartner\/#primaryimage\",\"url\":\"https:\/\/www.ltv-sachsen.de\/wp-content\/uploads\/sites\/3\/2023\/08\/Kalender_750x500-300x210.jpg\",\"contentUrl\":\"https:\/\/www.ltv-sachsen.de\/wp-content\/uploads\/sites\/3\/2023\/08\/Kalender_750x500-300x210.jpg\"},{\"@type\":\"BreadcrumbList\",\"@id\":\"https:\/\/www.ltv-sachsen.de\/360graddigital\/initiative-tourismus-360-grad-digital\/ansprechpartner\/#breadcrumb\",\"itemListElement\":[{\"@type\":\"ListItem\",\"position\":1,\"name\":\"Home\",\"item\":\"https:\/\/www.ltv-sachsen.de\/360graddigital\/\"},{\"@type\":\"ListItem\",\"position\":2,\"name\":\"Angebote \u2013 Digitale Unterst\u00fctzung f\u00fcr Touristiker\",\"item\":\"https:\/\/www.ltv-sachsen.de\/360graddigital\/initiative-tourismus-360-grad-digital\/\"},{\"@type\":\"ListItem\",\"position\":3,\"name\":\"Kontakt &amp; Buchung\"}]},{\"@type\":\"WebSite\",\"@id\":\"https:\/\/www.ltv-sachsen.de\/360graddigital\/#website\",\"url\":\"https:\/\/www.ltv-sachsen.de\/360graddigital\/\",\"name\":\"360 Grad digital\",\"description\":\"Eine weitere LTV Sachsen Websites Website\",\"potentialAction\":[{\"@type\":\"SearchAction\",\"target\":{\"@type\":\"EntryPoint\",\"urlTemplate\":\"https:\/\/www.ltv-sachsen.de\/360graddigital\/?s={search_term_string}\"},\"query-input\":{\"@type\":\"PropertyValueSpecification\",\"valueRequired\":true,\"valueName\":\"search_term_string\"}}],\"inLanguage\":\"de\"}]}<\/script>\n<!-- \/ Yoast SEO plugin. -->","yoast_head_json":{"title":"Kontakt &amp; Buchung - 360 Grad digital","description":"Wir stellen Ihnen hier das Team unserer Initiative und weitere Ansprechpartner zu Onlinebuchbarkeit und der IHK's in Sachsen vor.","robots":{"index":"index","follow":"follow","max-snippet":"max-snippet:-1","max-image-preview":"max-image-preview:large","max-video-preview":"max-video-preview:-1"},"canonical":"https:\/\/www.ltv-sachsen.de\/360graddigital\/initiative-tourismus-360-grad-digital\/ansprechpartner\/","og_locale":"de_DE","og_type":"article","og_title":"Kontakt &amp; Buchung - 360 Grad digital","og_description":"Wir stellen Ihnen hier das Team unserer Initiative und weitere Ansprechpartner zu Onlinebuchbarkeit und der IHK's in Sachsen vor.","og_url":"https:\/\/www.ltv-sachsen.de\/360graddigital\/initiative-tourismus-360-grad-digital\/ansprechpartner\/","og_site_name":"360 Grad digital","article_modified_time":"2025-12-17T09:44:37+00:00","og_image":[{"width":750,"height":526,"url":"https:\/\/www.ltv-sachsen.de\/wp-content\/uploads\/sites\/3\/2023\/08\/Kalender_750x500.jpg","type":"image\/jpeg"}],"twitter_card":"summary_large_image","twitter_misc":{"Gesch\u00e4tzte Lesezeit":"2\u00a0Minuten"},"schema":{"@context":"https:\/\/schema.org","@graph":[{"@type":"WebPage","@id":"https:\/\/www.ltv-sachsen.de\/360graddigital\/initiative-tourismus-360-grad-digital\/ansprechpartner\/","url":"https:\/\/www.ltv-sachsen.de\/360graddigital\/initiative-tourismus-360-grad-digital\/ansprechpartner\/","name":"Kontakt &amp; Buchung - 360 Grad digital","isPartOf":{"@id":"https:\/\/www.ltv-sachsen.de\/360graddigital\/#website"},"primaryImageOfPage":{"@id":"https:\/\/www.ltv-sachsen.de\/360graddigital\/initiative-tourismus-360-grad-digital\/ansprechpartner\/#primaryimage"},"image":{"@id":"https:\/\/www.ltv-sachsen.de\/360graddigital\/initiative-tourismus-360-grad-digital\/ansprechpartner\/#primaryimage"},"thumbnailUrl":"https:\/\/www.ltv-sachsen.de\/wp-content\/uploads\/sites\/3\/2023\/08\/Kalender_750x500-300x210.jpg","datePublished":"2022-06-21T08:08:27+00:00","dateModified":"2025-12-17T09:44:37+00:00","description":"Wir stellen Ihnen hier das Team unserer Initiative und weitere Ansprechpartner zu Onlinebuchbarkeit und der IHK's in Sachsen vor.","breadcrumb":{"@id":"https:\/\/www.ltv-sachsen.de\/360graddigital\/initiative-tourismus-360-grad-digital\/ansprechpartner\/#breadcrumb"},"inLanguage":"de","potentialAction":[{"@type":"ReadAction","target":["https:\/\/www.ltv-sachsen.de\/360graddigital\/initiative-tourismus-360-grad-digital\/ansprechpartner\/"]}]},{"@type":"ImageObject","inLanguage":"de","@id":"https:\/\/www.ltv-sachsen.de\/360graddigital\/initiative-tourismus-360-grad-digital\/ansprechpartner\/#primaryimage","url":"https:\/\/www.ltv-sachsen.de\/wp-content\/uploads\/sites\/3\/2023\/08\/Kalender_750x500-300x210.jpg","contentUrl":"https:\/\/www.ltv-sachsen.de\/wp-content\/uploads\/sites\/3\/2023\/08\/Kalender_750x500-300x210.jpg"},{"@type":"BreadcrumbList","@id":"https:\/\/www.ltv-sachsen.de\/360graddigital\/initiative-tourismus-360-grad-digital\/ansprechpartner\/#breadcrumb","itemListElement":[{"@type":"ListItem","position":1,"name":"Home","item":"https:\/\/www.ltv-sachsen.de\/360graddigital\/"},{"@type":"ListItem","position":2,"name":"Angebote \u2013 Digitale Unterst\u00fctzung f\u00fcr Touristiker","item":"https:\/\/www.ltv-sachsen.de\/360graddigital\/initiative-tourismus-360-grad-digital\/"},{"@type":"ListItem","position":3,"name":"Kontakt &amp; Buchung"}]},{"@type":"WebSite","@id":"https:\/\/www.ltv-sachsen.de\/360graddigital\/#website","url":"https:\/\/www.ltv-sachsen.de\/360graddigital\/","name":"360 Grad digital","description":"Eine weitere LTV Sachsen Websites Website","potentialAction":[{"@type":"SearchAction","target":{"@type":"EntryPoint","urlTemplate":"https:\/\/www.ltv-sachsen.de\/360graddigital\/?s={search_term_string}"},"query-input":{"@type":"PropertyValueSpecification","valueRequired":true,"valueName":"search_term_string"}}],"inLanguage":"de"}]}},"_links":{"self":[{"href":"https:\/\/www.ltv-sachsen.de\/360graddigital\/wp-json\/wp\/v2\/pages\/180","targetHints":{"allow":["GET"]}}],"collection":[{"href":"https:\/\/www.ltv-sachsen.de\/360graddigital\/wp-json\/wp\/v2\/pages"}],"about":[{"href":"https:\/\/www.ltv-sachsen.de\/360graddigital\/wp-json\/wp\/v2\/types\/page"}],"author":[{"embeddable":true,"href":"https:\/\/www.ltv-sachsen.de\/360graddigital\/wp-json\/wp\/v2\/users\/8"}],"replies":[{"embeddable":true,"href":"https:\/\/www.ltv-sachsen.de\/360graddigital\/wp-json\/wp\/v2\/comments?post=180"}],"version-history":[{"count":81,"href":"https:\/\/www.ltv-sachsen.de\/360graddigital\/wp-json\/wp\/v2\/pages\/180\/revisions"}],"predecessor-version":[{"id":2606,"href":"https:\/\/www.ltv-sachsen.de\/360graddigital\/wp-json\/wp\/v2\/pages\/180\/revisions\/2606"}],"up":[{"embeddable":true,"href":"https:\/\/www.ltv-sachsen.de\/360graddigital\/wp-json\/wp\/v2\/pages\/24"}],"wp:attachment":[{"href":"https:\/\/www.ltv-sachsen.de\/360graddigital\/wp-json\/wp\/v2\/media?parent=180"}],"curies":[{"name":"wp","href":"https:\/\/api.w.org\/{rel}","templated":true}]}}