{"id":1594,"date":"2024-02-16T10:04:33","date_gmt":"2024-02-16T09:04:33","guid":{"rendered":"https:\/\/www.ltv-sachsen.de\/360graddigital\/?page_id=1594"},"modified":"2025-12-15T14:19:13","modified_gmt":"2025-12-15T13:19:13","slug":"unternehmensuebersicht","status":"publish","type":"page","link":"https:\/\/www.ltv-sachsen.de\/360graddigital\/initiative-tourismus-360-grad-digital\/unternehmensuebersicht\/","title":{"rendered":"Projekt\u00fcbersicht (2022\u20132024)"},"content":{"rendered":"<div class=\"wpb-content-wrapper\"><p>[vc_row ppi_row_padding=&#8220;ppi_remove_padding_top,ppi_remove_padding_bottom&#8220;][vc_column][vc_column_text css=&#8220;&#8220;]<\/p>\n<h2><span class=\"TextRun SCXO184234189 BCX8\" lang=\"DE-DE\" xml:lang=\"DE-DE\" data-contrast=\"none\"><span class=\"NormalTextRun SCXO184234189 BCX8\">Wo waren wir unterwegs?<\/span><\/span><\/h2>\n<p><span data-contrast=\"none\">Wir begleiten touristische Akteure in ganz Sachsen dabei, ihre digitalen Themen voranzubringen: individuell, praxisnah und auf Augenh\u00f6he. In unserer \u00dcbersicht finden Sie eine Auswahl an Betrieben,\u00a0Touristinformationen, Kommunen sowie Kultur- und Freizeiteinrichtungen, die wir bereits unterst\u00fctzt haben.<\/span><\/p>\n<p><span data-contrast=\"none\">Jedes dieser Beispiele zeigt, wie vielf\u00e4ltig die digitalen Herausforderungen und Chancen im Tourismus sind: von Website-Optimierung und Online-Sichtbarkeit \u00fcber Social Media und digitale G\u00e4stekommunikation bis hin zu Barrierefreiheit und neuen Technologien wie KI.<\/span><\/p>\n<p><span data-contrast=\"none\">Die \u00dcbersicht w\u00e4chst kontinuierlich. Sie zeigt, wo wir unterwegs waren \u2013 und wie unterschiedlich digitale Wege im Tourismus aussehen k\u00f6nnen.<\/span><\/p>\n<p><span data-contrast=\"none\">Vielleicht ist Ihr Betrieb bald auch dabei.<\/span>[\/vc_column_text][\/vc_column][\/vc_row][vc_row][vc_column][vc_column_text]\r\n            <style>.wpgmza_table_category { display: none !important; }<\/style><style>.wpgmza_table_marker { display: none; }<\/style>\r\n            \r\n            \r\n            <a name='map1'><\/a>\r\n            <div class='wpgmza-marker-listing-category-filter' data-map-id='1' id='wpgmza_filter_1' style='text-align:left; margin-bottom:0px;'><span>Filter nach Kategorie<\/span><div style=\"overflow:auto; display:block; width:100%; height:auto; margin-top:10px;\"><div class=\"wpgmza_cat_checkbox_holder wpgmza_cat_checkbox_1\"><ul class=\"wpgmza_cat_ul wpgmza_cat_checkbox_item_holder\"><li class=\"wpgmza_cat_checkbox_item_holder wpgmza_cat_checkbox_item_holder_10\"><input type=\"checkbox\" value=\"10\" class=\"wpgmza_checkbox\" id=\"wpgmza_cat_checkbox_10\" name=\"wpgmza_cat_checkbox\" mid=\"1\"><label for=\"wpgmza_cat_checkbox_10\">Branche<\/label><ul class=\"wpgmza_cat_ul wpgmza_cat_checkbox_item_holder wpgmza_cat_ul_child\"><li class=\"wpgmza_cat_checkbox_item_holder wpgmza_cat_checkbox_item_holder_5\"><input type=\"checkbox\" value=\"5\" class=\"wpgmza_checkbox\" id=\"wpgmza_cat_checkbox_5\" name=\"wpgmza_cat_checkbox\" mid=\"1\"><label for=\"wpgmza_cat_checkbox_5\">Beherbergung<\/label><\/li><li class=\"wpgmza_cat_checkbox_item_holder wpgmza_cat_checkbox_item_holder_24\"><input type=\"checkbox\" value=\"24\" class=\"wpgmza_checkbox\" id=\"wpgmza_cat_checkbox_24\" name=\"wpgmza_cat_checkbox\" mid=\"1\"><label for=\"wpgmza_cat_checkbox_24\">Beh\u00f6rde<\/label><\/li><li class=\"wpgmza_cat_checkbox_item_holder wpgmza_cat_checkbox_item_holder_18\"><input type=\"checkbox\" value=\"18\" class=\"wpgmza_checkbox\" id=\"wpgmza_cat_checkbox_18\" name=\"wpgmza_cat_checkbox\" mid=\"1\"><label for=\"wpgmza_cat_checkbox_18\">DMO<\/label><\/li><li class=\"wpgmza_cat_checkbox_item_holder wpgmza_cat_checkbox_item_holder_11\"><input type=\"checkbox\" value=\"11\" class=\"wpgmza_checkbox\" id=\"wpgmza_cat_checkbox_11\" name=\"wpgmza_cat_checkbox\" mid=\"1\"><label for=\"wpgmza_cat_checkbox_11\">Freizeitattraktion<\/label><\/li><li class=\"wpgmza_cat_checkbox_item_holder wpgmza_cat_checkbox_item_holder_6\"><input type=\"checkbox\" value=\"6\" class=\"wpgmza_checkbox\" id=\"wpgmza_cat_checkbox_6\" name=\"wpgmza_cat_checkbox\" mid=\"1\"><label for=\"wpgmza_cat_checkbox_6\">Freizeiteinrichtung<\/label><\/li><li class=\"wpgmza_cat_checkbox_item_holder wpgmza_cat_checkbox_item_holder_7\"><input type=\"checkbox\" value=\"7\" class=\"wpgmza_checkbox\" id=\"wpgmza_cat_checkbox_7\" name=\"wpgmza_cat_checkbox\" mid=\"1\"><label for=\"wpgmza_cat_checkbox_7\">Gastronomie<\/label><\/li><li class=\"wpgmza_cat_checkbox_item_holder wpgmza_cat_checkbox_item_holder_22\"><input type=\"checkbox\" value=\"22\" class=\"wpgmza_checkbox\" id=\"wpgmza_cat_checkbox_22\" name=\"wpgmza_cat_checkbox\" mid=\"1\"><label for=\"wpgmza_cat_checkbox_22\">Gemeindeverwaltung<\/label><\/li><li class=\"wpgmza_cat_checkbox_item_holder wpgmza_cat_checkbox_item_holder_23\"><input type=\"checkbox\" value=\"23\" class=\"wpgmza_checkbox\" id=\"wpgmza_cat_checkbox_23\" name=\"wpgmza_cat_checkbox\" mid=\"1\"><label for=\"wpgmza_cat_checkbox_23\">Museum<\/label><\/li><li class=\"wpgmza_cat_checkbox_item_holder wpgmza_cat_checkbox_item_holder_19\"><input type=\"checkbox\" value=\"19\" class=\"wpgmza_checkbox\" id=\"wpgmza_cat_checkbox_19\" name=\"wpgmza_cat_checkbox\" mid=\"1\"><label for=\"wpgmza_cat_checkbox_19\">Nationalpark<\/label><\/li><li class=\"wpgmza_cat_checkbox_item_holder wpgmza_cat_checkbox_item_holder_9\"><input type=\"checkbox\" value=\"9\" class=\"wpgmza_checkbox\" id=\"wpgmza_cat_checkbox_9\" name=\"wpgmza_cat_checkbox\" mid=\"1\"><label for=\"wpgmza_cat_checkbox_9\">\u00d6ffentl. Verwaltung<\/label><\/li><li class=\"wpgmza_cat_checkbox_item_holder wpgmza_cat_checkbox_item_holder_8\"><input type=\"checkbox\" value=\"8\" class=\"wpgmza_checkbox\" id=\"wpgmza_cat_checkbox_8\" name=\"wpgmza_cat_checkbox\" mid=\"1\"><label for=\"wpgmza_cat_checkbox_8\">Pension<\/label><\/li><li class=\"wpgmza_cat_checkbox_item_holder wpgmza_cat_checkbox_item_holder_13\"><input type=\"checkbox\" value=\"13\" class=\"wpgmza_checkbox\" id=\"wpgmza_cat_checkbox_13\" name=\"wpgmza_cat_checkbox\" mid=\"1\"><label for=\"wpgmza_cat_checkbox_13\">Reiseanbieter<\/label><\/li><li class=\"wpgmza_cat_checkbox_item_holder wpgmza_cat_checkbox_item_holder_21\"><input type=\"checkbox\" value=\"21\" class=\"wpgmza_checkbox\" id=\"wpgmza_cat_checkbox_21\" name=\"wpgmza_cat_checkbox\" mid=\"1\"><label for=\"wpgmza_cat_checkbox_21\">Tagungshotel<\/label><\/li><li class=\"wpgmza_cat_checkbox_item_holder wpgmza_cat_checkbox_item_holder_14\"><input type=\"checkbox\" value=\"14\" class=\"wpgmza_checkbox\" id=\"wpgmza_cat_checkbox_14\" name=\"wpgmza_cat_checkbox\" mid=\"1\"><label for=\"wpgmza_cat_checkbox_14\">Tourenanbieter<\/label><\/li><li class=\"wpgmza_cat_checkbox_item_holder wpgmza_cat_checkbox_item_holder_25\"><input type=\"checkbox\" value=\"25\" class=\"wpgmza_checkbox\" id=\"wpgmza_cat_checkbox_25\" name=\"wpgmza_cat_checkbox\" mid=\"1\"><label for=\"wpgmza_cat_checkbox_25\">Tourismusverband<\/label><\/li><li class=\"wpgmza_cat_checkbox_item_holder wpgmza_cat_checkbox_item_holder_4\"><input type=\"checkbox\" value=\"4\" class=\"wpgmza_checkbox\" id=\"wpgmza_cat_checkbox_4\" name=\"wpgmza_cat_checkbox\" mid=\"1\"><label for=\"wpgmza_cat_checkbox_4\">Touristinformation<\/label><\/li><li class=\"wpgmza_cat_checkbox_item_holder wpgmza_cat_checkbox_item_holder_20\"><input type=\"checkbox\" value=\"20\" class=\"wpgmza_checkbox\" id=\"wpgmza_cat_checkbox_20\" name=\"wpgmza_cat_checkbox\" mid=\"1\"><label for=\"wpgmza_cat_checkbox_20\">Verein<\/label><\/li><li class=\"wpgmza_cat_checkbox_item_holder wpgmza_cat_checkbox_item_holder_26\"><input type=\"checkbox\" value=\"26\" class=\"wpgmza_checkbox\" id=\"wpgmza_cat_checkbox_26\" name=\"wpgmza_cat_checkbox\" mid=\"1\"><label for=\"wpgmza_cat_checkbox_26\">ZweckVerband<\/label><\/li><\/ul><\/li><li class=\"wpgmza_cat_checkbox_item_holder wpgmza_cat_checkbox_item_holder_1\"><input type=\"checkbox\" value=\"1\" class=\"wpgmza_checkbox\" id=\"wpgmza_cat_checkbox_1\" name=\"wpgmza_cat_checkbox\" mid=\"1\"><label for=\"wpgmza_cat_checkbox_1\">Jahr<\/label><ul class=\"wpgmza_cat_ul wpgmza_cat_checkbox_item_holder wpgmza_cat_ul_child\"><li class=\"wpgmza_cat_checkbox_item_holder wpgmza_cat_checkbox_item_holder_2\"><input type=\"checkbox\" value=\"2\" class=\"wpgmza_checkbox\" id=\"wpgmza_cat_checkbox_2\" name=\"wpgmza_cat_checkbox\" mid=\"1\"><label for=\"wpgmza_cat_checkbox_2\">2022<\/label><\/li><li class=\"wpgmza_cat_checkbox_item_holder wpgmza_cat_checkbox_item_holder_3\"><input type=\"checkbox\" value=\"3\" class=\"wpgmza_checkbox\" id=\"wpgmza_cat_checkbox_3\" name=\"wpgmza_cat_checkbox\" mid=\"1\"><label for=\"wpgmza_cat_checkbox_3\">2023<\/label><\/li><li class=\"wpgmza_cat_checkbox_item_holder wpgmza_cat_checkbox_item_holder_28\"><input type=\"checkbox\" value=\"28\" class=\"wpgmza_checkbox\" id=\"wpgmza_cat_checkbox_28\" name=\"wpgmza_cat_checkbox\" mid=\"1\"><label for=\"wpgmza_cat_checkbox_28\">2024<\/label><\/li><li class=\"wpgmza_cat_checkbox_item_holder wpgmza_cat_checkbox_item_holder_29\"><input type=\"checkbox\" value=\"29\" class=\"wpgmza_checkbox\" id=\"wpgmza_cat_checkbox_29\" name=\"wpgmza_cat_checkbox\" mid=\"1\"><label for=\"wpgmza_cat_checkbox_29\">2025<\/label><\/li><li class=\"wpgmza_cat_checkbox_item_holder wpgmza_cat_checkbox_item_holder_30\"><input type=\"checkbox\" value=\"30\" class=\"wpgmza_checkbox\" id=\"wpgmza_cat_checkbox_30\" name=\"wpgmza_cat_checkbox\" mid=\"1\"><label for=\"wpgmza_cat_checkbox_30\">2026<\/label><\/li><\/ul><\/li><\/ul><\/div><\/div><\/div>\r\n            \r\n            \r\n            \r\n            <div class=\"wpgmza_map \"  id=\"wpgmza_map_1\" style=\"display:block; overflow:auto; width:100%; height:700px; margin-left:auto !important; margin-right:auto !important; align:center;\" data-settings='{\"id\":\"1\",\"map_title\":\"Karte\",\"map_width\":\"100\",\"map_height\":\"700\",\"map_start_lat\":\"50.08579013615923\",\"map_start_lng\":\"12.744657462647115\",\"map_start_location\":\"45.950464398418106,-109.81550500000003\",\"map_start_zoom\":\"7\",\"default_marker\":\"\\\/\\\/www.ltv-sachsen.de\\\/wp-content\\\/uploads\\\/sites\\\/3\\\/2024\\\/01\\\/pin-dunkelgruen.png\",\"type\":\"0\",\"alignment\":\"4\",\"directions_enabled\":\"0\",\"styling_enabled\":\"0\",\"styling_json\":\"\",\"active\":\"0\",\"kml\":\"\",\"bicycle\":\"0\",\"traffic\":\"0\",\"dbox\":\"1\",\"dbox_width\":\"0\",\"listmarkers\":\"0\",\"listmarkers_advanced\":\"0\",\"filterbycat\":\"1\",\"ugm_enabled\":\"0\",\"ugm_category_enabled\":\"0\",\"fusion\":\"\",\"map_width_type\":\"%\",\"map_height_type\":\"px\",\"mass_marker_support\":\"0\",\"ugm_access\":\"0\",\"order_markers_by\":\"2\",\"order_markers_choice\":\"1\",\"show_user_location\":\"0\",\"default_to\":\"\",\"other_settings\":{\"map_type\":1,\"sl_stroke_color\":\"#ff0000\",\"sl_fill_color\":\"#ff0000\",\"sl_stroke_opacity\":\"1\",\"sl_fill_opacity\":\"0.5\",\"transport_layer\":false,\"action\":\"wpgmza_save_map\",\"redirect_to\":\"\\\/360graddigital\\\/wp-admin\\\/admin-post.php\",\"map_id\":\"1\",\"http_referer\":\"\\\/wanderundpilgerakademie\\\/wp-admin\\\/admin.php?page=wp-google-maps-menu&amp;amp;action=edit&amp;amp;map_id=1\",\"wpgmza_id\":\"1\",\"wpgmza_start_location\":\"50.08579013615923,12.744657462647115\",\"wpgmza_start_zoom\":\"7\",\"wpgmza_dbox_width_type\":\"%\",\"default_from\":\"\",\"directions_behaviour\":\"default\",\"force_google_directions_app\":false,\"directions_route_origin_icon\":\"\\\/\\\/www.ltv-sachsen.de\\\/wp-content\\\/uploads\\\/sites\\\/2\\\/2023\\\/09\\\/pin-green.png\",\"directions_origin_retina\":false,\"directions_route_destination_icon\":\"\\\/\\\/www.ltv-sachsen.de\\\/wp-content\\\/uploads\\\/sites\\\/2\\\/2023\\\/09\\\/pin-green.png\",\"directions_destination_retina\":false,\"directions_route_stroke_color\":\"#4f8df5\",\"directions_route_stroke_weight\":\"4\",\"directions_route_stroke_opacity\":\"0.8\",\"directions_fit_bounds_to_route\":false,\"store_locator_enabled\":false,\"store_locator_search_area\":\"radial\",\"wpgmza_store_locator_radius_style\":\"legacy\",\"wpgmza_store_locator_default_radius\":\"10\",\"store_locator_auto_area_max_zoom\":\"\",\"wpgmza_store_locator_restrict\":\"\",\"store_locator_distance\":false,\"wpgmza_store_locator_position\":false,\"store_locator_show_distance\":false,\"store_locator_category\":false,\"wpgmza_store_locator_use_their_location\":false,\"wpgmza_store_locator_bounce\":false,\"upload_default_sl_marker\":\"\",\"upload_default_sl_marker_retina\":false,\"wpgmza_sl_animation\":\"0\",\"wpgmza_store_locator_hide_before_search\":false,\"store_locator_query_string\":\"\",\"store_locator_location_placeholder\":\"\",\"store_locator_default_address\":\"\",\"store_locator_name_search\":false,\"store_locator_name_string\":\"\",\"store_locator_not_found_message\":\"\",\"retina\":false,\"wpgmza_map_align\":\"2\",\"upload_default_ul_marker\":\"\",\"upload_default_ul_marker_retina\":false,\"jump_to_nearest_marker_on_initialization\":false,\"automatically_pan_to_users_location\":false,\"override_users_location_zoom_level\":false,\"override_users_location_zoom_levels\":\"\",\"show_distance_from_location\":false,\"map_max_zoom\":\"21\",\"map_min_zoom\":\"0\",\"click_open_link\":false,\"fit_maps_bounds_to_markers\":false,\"fit_maps_bounds_to_markers_after_filtering\":false,\"hide_point_of_interest\":false,\"wpgmza_zoom_on_marker_click\":false,\"wpgmza_zoom_on_marker_click_slider\":\"\",\"close_infowindow_on_map_click\":false,\"disable_lightbox_images\":false,\"use_Raw_Jpeg_Coordinates\":false,\"disable_polygon_info_windows\":false,\"enable_advanced_custom_fields_integration\":false,\"enable_advanced_custom_fields_integration_type\":\"\",\"enable_toolset_woocommerce_integration\":false,\"enable_woo_product_integration\":false,\"only_load_markers_within_viewport\":false,\"iw_primary_color\":\"#000000\",\"iw_accent_color\":\"#000000\",\"iw_text_color\":\"#000000\",\"wpgmza_listmarkers_by\":\"0\",\"wpgmza_marker_listing_position\":false,\"zoom_level_on_marker_listing_override\":false,\"zoom_level_on_marker_listing_click\":\"\",\"marker_listing_disable_zoom\":false,\"datatable_no_result_message\":\"\",\"remove_search_box_datables\":false,\"dataTable_pagination_style\":\"prev-and-next-buttons-plus-page-numbers\",\"datatable_search_string\":\"\",\"datatable_result_start\":\"\",\"datatable_result_of\":\"\",\"datatable_result_to\":\"\",\"datatable_result_total\":\"\",\"datatable_result_show\":\"\",\"datatable_result_entries\":\"\",\"wpgmza_savemap\":\"Karte speichern \\u00bb\",\"shortcodeAttributes\":{\"id\":\"1\"},\"wpgmza_iw_type\":\"0\",\"enable_marker_labels\":false,\"zoom_level_mobile_override_enabled\":false,\"zoom_level_mobile_override\":\"\"}}' data-map-id='1' data-shortcode-attributes='{\"id\":\"1\"}'> <\/div>\r\n            \r\n               \r\n        [\/vc_column_text][vc_column_text]<em>F\u00fcr die Vollst\u00e4ndigkeit und Richtigkeit der Inhalte wird keine Gew\u00e4hr \u00fcbernommen.<\/em>[\/vc_column_text][\/vc_column][\/vc_row]<\/p>\n<\/div>","protected":false},"excerpt":{"rendered":"<p>[vc_row ppi_row_padding=&#8220;ppi_remove_padding_top,ppi_remove_padding_bottom&#8220;][vc_column][vc_column_text css=&#8220;&#8220;] Wo waren wir unterwegs? Wir begleiten touristische Akteure in ganz Sachsen dabei, ihre digitalen Themen voranzubringen: individuell, praxisnah und auf Augenh\u00f6he. In unserer \u00dcbersicht finden Sie eine Auswahl an Betrieben,\u00a0Touristinformationen, Kommunen sowie Kultur- und Freizeiteinrichtungen, die wir bereits unterst\u00fctzt haben. Jedes dieser Beispiele zeigt, wie vielf\u00e4ltig die digitalen Herausforderungen und Chancen im [&hellip;]<\/p>\n","protected":false},"author":148,"featured_media":0,"parent":24,"menu_order":0,"comment_status":"closed","ping_status":"closed","template":"","meta":{"_acf_changed":false,"inline_featured_image":false,"footnotes":""},"class_list":["post-1594","page","type-page","status-publish","hentry"],"acf":[],"yoast_head":"<!-- This site is optimized with the Yoast SEO plugin v26.4 - https:\/\/yoast.com\/wordpress\/plugins\/seo\/ -->\n<title>Projekt\u00fcbersicht der Initiative &quot;Tourismus 360Grad Digital&quot;<\/title>\n<meta name=\"description\" content=\"Mit dieser Projekt\u00fcbersicht erhalten Sie einen Darstellung \u00fcber die Unternehmen, die wir seit dem Jahr 2021 begleiten konnten.\" \/>\n<meta name=\"robots\" content=\"index, follow, max-snippet:-1, max-image-preview:large, max-video-preview:-1\" \/>\n<link rel=\"canonical\" href=\"https:\/\/www.ltv-sachsen.de\/360graddigital\/initiative-tourismus-360-grad-digital\/unternehmensuebersicht\/\" \/>\n<meta property=\"og:locale\" content=\"de_DE\" \/>\n<meta property=\"og:type\" content=\"article\" \/>\n<meta property=\"og:title\" content=\"Projekt\u00fcbersicht der Initiative &quot;Tourismus 360Grad Digital&quot;\" \/>\n<meta property=\"og:description\" content=\"Mit dieser Projekt\u00fcbersicht erhalten Sie einen Darstellung \u00fcber die Unternehmen, die wir seit dem Jahr 2021 begleiten konnten.\" \/>\n<meta property=\"og:url\" content=\"https:\/\/www.ltv-sachsen.de\/360graddigital\/initiative-tourismus-360-grad-digital\/unternehmensuebersicht\/\" \/>\n<meta property=\"og:site_name\" content=\"360 Grad digital\" \/>\n<meta property=\"article:modified_time\" content=\"2025-12-15T13:19:13+00:00\" \/>\n<meta name=\"twitter:card\" content=\"summary_large_image\" \/>\n<meta name=\"twitter:label1\" content=\"Gesch\u00e4tzte Lesezeit\" \/>\n\t<meta name=\"twitter:data1\" content=\"1\u00a0Minute\" \/>\n<script type=\"application\/ld+json\" class=\"yoast-schema-graph\">{\"@context\":\"https:\/\/schema.org\",\"@graph\":[{\"@type\":\"WebPage\",\"@id\":\"https:\/\/www.ltv-sachsen.de\/360graddigital\/initiative-tourismus-360-grad-digital\/unternehmensuebersicht\/\",\"url\":\"https:\/\/www.ltv-sachsen.de\/360graddigital\/initiative-tourismus-360-grad-digital\/unternehmensuebersicht\/\",\"name\":\"Projekt\u00fcbersicht der Initiative \\\"Tourismus 360Grad Digital\\\"\",\"isPartOf\":{\"@id\":\"https:\/\/www.ltv-sachsen.de\/360graddigital\/#website\"},\"datePublished\":\"2024-02-16T09:04:33+00:00\",\"dateModified\":\"2025-12-15T13:19:13+00:00\",\"description\":\"Mit dieser Projekt\u00fcbersicht erhalten Sie einen Darstellung \u00fcber die Unternehmen, die wir seit dem Jahr 2021 begleiten konnten.\",\"breadcrumb\":{\"@id\":\"https:\/\/www.ltv-sachsen.de\/360graddigital\/initiative-tourismus-360-grad-digital\/unternehmensuebersicht\/#breadcrumb\"},\"inLanguage\":\"de\",\"potentialAction\":[{\"@type\":\"ReadAction\",\"target\":[\"https:\/\/www.ltv-sachsen.de\/360graddigital\/initiative-tourismus-360-grad-digital\/unternehmensuebersicht\/\"]}]},{\"@type\":\"BreadcrumbList\",\"@id\":\"https:\/\/www.ltv-sachsen.de\/360graddigital\/initiative-tourismus-360-grad-digital\/unternehmensuebersicht\/#breadcrumb\",\"itemListElement\":[{\"@type\":\"ListItem\",\"position\":1,\"name\":\"Home\",\"item\":\"https:\/\/www.ltv-sachsen.de\/360graddigital\/\"},{\"@type\":\"ListItem\",\"position\":2,\"name\":\"Angebote \u2013 Digitale Unterst\u00fctzung f\u00fcr Touristiker\",\"item\":\"https:\/\/www.ltv-sachsen.de\/360graddigital\/initiative-tourismus-360-grad-digital\/\"},{\"@type\":\"ListItem\",\"position\":3,\"name\":\"Projekt\u00fcbersicht (2022\u20132024)\"}]},{\"@type\":\"WebSite\",\"@id\":\"https:\/\/www.ltv-sachsen.de\/360graddigital\/#website\",\"url\":\"https:\/\/www.ltv-sachsen.de\/360graddigital\/\",\"name\":\"360 Grad digital\",\"description\":\"Eine weitere LTV Sachsen Websites Website\",\"potentialAction\":[{\"@type\":\"SearchAction\",\"target\":{\"@type\":\"EntryPoint\",\"urlTemplate\":\"https:\/\/www.ltv-sachsen.de\/360graddigital\/?s={search_term_string}\"},\"query-input\":{\"@type\":\"PropertyValueSpecification\",\"valueRequired\":true,\"valueName\":\"search_term_string\"}}],\"inLanguage\":\"de\"}]}<\/script>\n<!-- \/ Yoast SEO plugin. -->","yoast_head_json":{"title":"Projekt\u00fcbersicht der Initiative \"Tourismus 360Grad Digital\"","description":"Mit dieser Projekt\u00fcbersicht erhalten Sie einen Darstellung \u00fcber die Unternehmen, die wir seit dem Jahr 2021 begleiten konnten.","robots":{"index":"index","follow":"follow","max-snippet":"max-snippet:-1","max-image-preview":"max-image-preview:large","max-video-preview":"max-video-preview:-1"},"canonical":"https:\/\/www.ltv-sachsen.de\/360graddigital\/initiative-tourismus-360-grad-digital\/unternehmensuebersicht\/","og_locale":"de_DE","og_type":"article","og_title":"Projekt\u00fcbersicht der Initiative \"Tourismus 360Grad Digital\"","og_description":"Mit dieser Projekt\u00fcbersicht erhalten Sie einen Darstellung \u00fcber die Unternehmen, die wir seit dem Jahr 2021 begleiten konnten.","og_url":"https:\/\/www.ltv-sachsen.de\/360graddigital\/initiative-tourismus-360-grad-digital\/unternehmensuebersicht\/","og_site_name":"360 Grad digital","article_modified_time":"2025-12-15T13:19:13+00:00","twitter_card":"summary_large_image","twitter_misc":{"Gesch\u00e4tzte Lesezeit":"1\u00a0Minute"},"schema":{"@context":"https:\/\/schema.org","@graph":[{"@type":"WebPage","@id":"https:\/\/www.ltv-sachsen.de\/360graddigital\/initiative-tourismus-360-grad-digital\/unternehmensuebersicht\/","url":"https:\/\/www.ltv-sachsen.de\/360graddigital\/initiative-tourismus-360-grad-digital\/unternehmensuebersicht\/","name":"Projekt\u00fcbersicht der Initiative \"Tourismus 360Grad Digital\"","isPartOf":{"@id":"https:\/\/www.ltv-sachsen.de\/360graddigital\/#website"},"datePublished":"2024-02-16T09:04:33+00:00","dateModified":"2025-12-15T13:19:13+00:00","description":"Mit dieser Projekt\u00fcbersicht erhalten Sie einen Darstellung \u00fcber die Unternehmen, die wir seit dem Jahr 2021 begleiten konnten.","breadcrumb":{"@id":"https:\/\/www.ltv-sachsen.de\/360graddigital\/initiative-tourismus-360-grad-digital\/unternehmensuebersicht\/#breadcrumb"},"inLanguage":"de","potentialAction":[{"@type":"ReadAction","target":["https:\/\/www.ltv-sachsen.de\/360graddigital\/initiative-tourismus-360-grad-digital\/unternehmensuebersicht\/"]}]},{"@type":"BreadcrumbList","@id":"https:\/\/www.ltv-sachsen.de\/360graddigital\/initiative-tourismus-360-grad-digital\/unternehmensuebersicht\/#breadcrumb","itemListElement":[{"@type":"ListItem","position":1,"name":"Home","item":"https:\/\/www.ltv-sachsen.de\/360graddigital\/"},{"@type":"ListItem","position":2,"name":"Angebote \u2013 Digitale Unterst\u00fctzung f\u00fcr Touristiker","item":"https:\/\/www.ltv-sachsen.de\/360graddigital\/initiative-tourismus-360-grad-digital\/"},{"@type":"ListItem","position":3,"name":"Projekt\u00fcbersicht (2022\u20132024)"}]},{"@type":"WebSite","@id":"https:\/\/www.ltv-sachsen.de\/360graddigital\/#website","url":"https:\/\/www.ltv-sachsen.de\/360graddigital\/","name":"360 Grad digital","description":"Eine weitere LTV Sachsen Websites Website","potentialAction":[{"@type":"SearchAction","target":{"@type":"EntryPoint","urlTemplate":"https:\/\/www.ltv-sachsen.de\/360graddigital\/?s={search_term_string}"},"query-input":{"@type":"PropertyValueSpecification","valueRequired":true,"valueName":"search_term_string"}}],"inLanguage":"de"}]}},"_links":{"self":[{"href":"https:\/\/www.ltv-sachsen.de\/360graddigital\/wp-json\/wp\/v2\/pages\/1594","targetHints":{"allow":["GET"]}}],"collection":[{"href":"https:\/\/www.ltv-sachsen.de\/360graddigital\/wp-json\/wp\/v2\/pages"}],"about":[{"href":"https:\/\/www.ltv-sachsen.de\/360graddigital\/wp-json\/wp\/v2\/types\/page"}],"author":[{"embeddable":true,"href":"https:\/\/www.ltv-sachsen.de\/360graddigital\/wp-json\/wp\/v2\/users\/148"}],"replies":[{"embeddable":true,"href":"https:\/\/www.ltv-sachsen.de\/360graddigital\/wp-json\/wp\/v2\/comments?post=1594"}],"version-history":[{"count":6,"href":"https:\/\/www.ltv-sachsen.de\/360graddigital\/wp-json\/wp\/v2\/pages\/1594\/revisions"}],"predecessor-version":[{"id":2559,"href":"https:\/\/www.ltv-sachsen.de\/360graddigital\/wp-json\/wp\/v2\/pages\/1594\/revisions\/2559"}],"up":[{"embeddable":true,"href":"https:\/\/www.ltv-sachsen.de\/360graddigital\/wp-json\/wp\/v2\/pages\/24"}],"wp:attachment":[{"href":"https:\/\/www.ltv-sachsen.de\/360graddigital\/wp-json\/wp\/v2\/media?parent=1594"}],"curies":[{"name":"wp","href":"https:\/\/api.w.org\/{rel}","templated":true}]}}